{"id":53993,"date":"2022-03-23T11:22:49","date_gmt":"2022-03-23T10:22:49","guid":{"rendered":"https:\/\/vss.sk\/produkt\/perforacja-blach\/"},"modified":"2025-01-20T10:32:46","modified_gmt":"2025-01-20T09:32:46","slug":"perforarea-tablei","status":"publish","type":"product","link":"https:\/\/vss.sk\/ro\/produkt\/perforarea-tablei\/","title":{"rendered":"Perforarea tablei"},"content":{"rendered":"\n<div class=\"wp-block-group is-style-default\"><div class=\"wp-block-group__inner-container is-layout-flow wp-block-group-is-layout-flow\">\n<div style=\"height:100px\" aria-hidden=\"true\" class=\"wp-block-spacer is-style-small-spacer\"><\/div>\n\n\n\n<h2 class=\"wp-block-heading is-style-h3\">REALIZ\u0102M PERFORA\u0162II CU O GAM\u0102 LARG\u0102 DE DIMENSIUNI \u015eI FORME:<\/h2>\n\n\n\n<div style=\"height:100px\" aria-hidden=\"true\" class=\"wp-block-spacer is-style-small-spacer\"><\/div>\n\n\n\n<div class=\"wp-block-columns is-layout-flex wp-container-core-columns-is-layout-9d6595d7 wp-block-columns-is-layout-flex\">\n<div class=\"wp-block-column is-layout-flow wp-block-column-is-layout-flow\">\n<div class=\"wp-block-columns is-layout-flex wp-container-core-columns-is-layout-9d6595d7 wp-block-columns-is-layout-flex\">\n<div class=\"wp-block-column is-layout-flow wp-block-column-is-layout-flow\"><div class=\"wp-block-image\">\n<figure class=\"aligncenter size-full\"><img loading=\"lazy\" decoding=\"async\" width=\"96\" height=\"96\" src=\"https:\/\/vss.sk\/wp-content\/uploads\/2022\/03\/SCS_perforacja_icon_1.png\" alt=\"\" class=\"wp-image-5206\"\/><\/figure>\n<\/div>\n\n\n<p class=\"has-text-align-center\">rotunde<\/p>\n<\/div>\n\n\n\n<div class=\"wp-block-column is-layout-flow wp-block-column-is-layout-flow\"><div class=\"wp-block-image\">\n<figure class=\"aligncenter size-full\"><img loading=\"lazy\" decoding=\"async\" width=\"150\" height=\"96\" src=\"https:\/\/vss.sk\/wp-content\/uploads\/2022\/03\/SCS_perforacja_icon_5.png\" alt=\"\" class=\"wp-image-5231\"\/><\/figure>\n<\/div>\n\n\n<p class=\"has-text-align-center\">alungite (tip \u201efasole\u201d)<\/p>\n<\/div>\n\n\n\n<div class=\"wp-block-column is-layout-flow wp-block-column-is-layout-flow\"><div class=\"wp-block-image\">\n<figure class=\"aligncenter size-full\"><img loading=\"lazy\" decoding=\"async\" width=\"150\" height=\"96\" src=\"https:\/\/vss.sk\/wp-content\/uploads\/2022\/03\/SCS_perforacja_icon_6.png\" alt=\"\" class=\"wp-image-5227\"\/><\/figure>\n<\/div>\n\n\n<p class=\"has-text-align-center\">dreptunghiulare<\/p>\n<\/div>\n<\/div>\n\n\n\n<div class=\"wp-block-columns is-layout-flex wp-container-core-columns-is-layout-9d6595d7 wp-block-columns-is-layout-flex\">\n<div class=\"wp-block-column is-layout-flow wp-block-column-is-layout-flow\"><div class=\"wp-block-image\">\n<figure class=\"aligncenter size-full\"><img loading=\"lazy\" decoding=\"async\" width=\"96\" height=\"96\" src=\"https:\/\/vss.sk\/wp-content\/uploads\/2022\/03\/SCS_perforacja_icon_2.png\" alt=\"\" class=\"wp-image-5214\"\/><\/figure>\n<\/div>\n\n\n<p class=\"has-text-align-center\">hexagonale<\/p>\n<\/div>\n\n\n\n<div class=\"wp-block-column is-layout-flow wp-block-column-is-layout-flow\"><div class=\"wp-block-image\">\n<figure class=\"aligncenter size-full\"><img loading=\"lazy\" decoding=\"async\" width=\"96\" height=\"96\" src=\"https:\/\/vss.sk\/wp-content\/uploads\/2022\/03\/SCS_perforacja_icon_3.png\" alt=\"\" class=\"wp-image-5218\"\/><\/figure>\n<\/div>\n\n\n<p class=\"has-text-align-center\">stelate<\/p>\n<\/div>\n\n\n\n<div class=\"wp-block-column is-layout-flow wp-block-column-is-layout-flow\"><div class=\"wp-block-image\">\n<figure class=\"aligncenter size-full\"><img loading=\"lazy\" decoding=\"async\" width=\"96\" height=\"96\" src=\"https:\/\/vss.sk\/wp-content\/uploads\/2022\/03\/SCS_perforacja_icon_4.png\" alt=\"\" class=\"wp-image-5223\"\/><\/figure>\n<\/div>\n\n\n<p class=\"has-text-align-center\">neregulate<\/p>\n<\/div>\n<\/div>\n<\/div>\n<\/div>\n\n\n\n<p><\/p>\n\n\n\n<ul class=\"wp-block-list\">\n<li class=\"has-small-font-size\">\u00cen plus, oferim perforarea materialului de la client. Detaliile sunt convenite individual \u00eempreun\u0103 cu departamentul comercial.<\/li>\n<\/ul>\n<\/div><\/div>\n","protected":false},"featured_media":29115,"menu_order":55,"template":"","product_category":[1262,1266],"warranty":[],"product_serie":[],"class_list":["post-53993","product","type-product","status-publish","has-post-thumbnail","hentry","product_category-centrul-de-servicii-pentru-otel","product_category-perforarea-foilor"],"acf":[],"yoast_head":"<!-- This site is optimized with the Yoast SEO plugin v27.3 - https:\/\/yoast.com\/product\/yoast-seo-wordpress\/ -->\n<title>Perforarea tablei - Stalowe Centrum Serwisowe (VSS)<\/title>\n<meta name=\"description\" content=\"Blachy perforowane s\u0105 szeroko stosowane w celu osi\u0105gni\u0119cia po\u017c\u0105danego efektu stylistycznego w architekturze zewn\u0119trznej oraz wewn\u0119trznej. Perforacja blach doskonale sprawdza si\u0119 w systemach wentylowanych \u015bcian os\u0142onowych, b\u0105d\u017a stosowana jest w celu pod\u015bwietlenia elewacji od wewn\u0105trz.\" \/>\n<meta name=\"robots\" content=\"index, follow, max-snippet:-1, max-image-preview:large, max-video-preview:-1\" \/>\n<link rel=\"canonical\" href=\"https:\/\/vss.sk\/ro\/produkt\/perforarea-tablei\/\" \/>\n<meta property=\"og:locale\" content=\"ro_RO\" \/>\n<meta property=\"og:type\" content=\"article\" \/>\n<meta property=\"og:title\" content=\"Perforarea tablei - Stalowe Centrum Serwisowe (VSS)\" \/>\n<meta property=\"og:description\" content=\"Blachy perforowane s\u0105 szeroko stosowane w celu osi\u0105gni\u0119cia po\u017c\u0105danego efektu stylistycznego w architekturze zewn\u0119trznej oraz wewn\u0119trznej. Perforacja blach doskonale sprawdza si\u0119 w systemach wentylowanych \u015bcian os\u0142onowych, b\u0105d\u017a stosowana jest w celu pod\u015bwietlenia elewacji od wewn\u0105trz.\" \/>\n<meta property=\"og:url\" content=\"https:\/\/vss.sk\/ro\/produkt\/perforarea-tablei\/\" \/>\n<meta property=\"og:site_name\" content=\"VSS\" \/>\n<meta property=\"article:modified_time\" content=\"2025-01-20T09:32:46+00:00\" \/>\n<meta property=\"og:image\" content=\"https:\/\/vss.sk\/wp-content\/uploads\/2022\/03\/perforacja.png\" \/>\n\t<meta property=\"og:image:width\" content=\"820\" \/>\n\t<meta property=\"og:image:height\" content=\"547\" \/>\n\t<meta property=\"og:image:type\" content=\"image\/png\" \/>\n<meta name=\"twitter:card\" content=\"summary_large_image\" \/>\n<meta name=\"twitter:label1\" content=\"Est. reading time\" \/>\n\t<meta name=\"twitter:data1\" content=\"2 minute\" \/>\n<script type=\"application\/ld+json\" class=\"yoast-schema-graph\">{\"@context\":\"https:\\\/\\\/schema.org\",\"@graph\":[{\"@type\":\"WebPage\",\"@id\":\"https:\\\/\\\/vss.sk\\\/ro\\\/produkt\\\/perforarea-tablei\\\/\",\"url\":\"https:\\\/\\\/vss.sk\\\/ro\\\/produkt\\\/perforarea-tablei\\\/\",\"name\":\"Perforarea tablei - Stalowe Centrum Serwisowe (VSS)\",\"isPartOf\":{\"@id\":\"https:\\\/\\\/vss.sk\\\/#website\"},\"primaryImageOfPage\":{\"@id\":\"https:\\\/\\\/vss.sk\\\/ro\\\/produkt\\\/perforarea-tablei\\\/#primaryimage\"},\"image\":{\"@id\":\"https:\\\/\\\/vss.sk\\\/ro\\\/produkt\\\/perforarea-tablei\\\/#primaryimage\"},\"thumbnailUrl\":\"https:\\\/\\\/vss.sk\\\/wp-content\\\/uploads\\\/2022\\\/03\\\/perforacja.png\",\"datePublished\":\"2022-03-23T10:22:49+00:00\",\"dateModified\":\"2025-01-20T09:32:46+00:00\",\"description\":\"Blachy perforowane s\u0105 szeroko stosowane w celu osi\u0105gni\u0119cia po\u017c\u0105danego efektu stylistycznego w architekturze zewn\u0119trznej oraz wewn\u0119trznej. Perforacja blach doskonale sprawdza si\u0119 w systemach wentylowanych \u015bcian os\u0142onowych, b\u0105d\u017a stosowana jest w celu pod\u015bwietlenia elewacji od wewn\u0105trz.\",\"breadcrumb\":{\"@id\":\"https:\\\/\\\/vss.sk\\\/ro\\\/produkt\\\/perforarea-tablei\\\/#breadcrumb\"},\"inLanguage\":\"ro-RO\",\"potentialAction\":[{\"@type\":\"ReadAction\",\"target\":[\"https:\\\/\\\/vss.sk\\\/ro\\\/produkt\\\/perforarea-tablei\\\/\"]}]},{\"@type\":\"ImageObject\",\"inLanguage\":\"ro-RO\",\"@id\":\"https:\\\/\\\/vss.sk\\\/ro\\\/produkt\\\/perforarea-tablei\\\/#primaryimage\",\"url\":\"https:\\\/\\\/vss.sk\\\/wp-content\\\/uploads\\\/2022\\\/03\\\/perforacja.png\",\"contentUrl\":\"https:\\\/\\\/vss.sk\\\/wp-content\\\/uploads\\\/2022\\\/03\\\/perforacja.png\",\"width\":820,\"height\":547},{\"@type\":\"BreadcrumbList\",\"@id\":\"https:\\\/\\\/vss.sk\\\/ro\\\/produkt\\\/perforarea-tablei\\\/#breadcrumb\",\"itemListElement\":[{\"@type\":\"ListItem\",\"position\":1,\"name\":\"Home\",\"item\":\"https:\\\/\\\/vss.sk\\\/ro\\\/\"},{\"@type\":\"ListItem\",\"position\":2,\"name\":\"Perforarea tablei\"}]},{\"@type\":\"WebSite\",\"@id\":\"https:\\\/\\\/vss.sk\\\/#website\",\"url\":\"https:\\\/\\\/vss.sk\\\/\",\"name\":\"VSS\",\"description\":\"Centrul Steel Service\",\"potentialAction\":[{\"@type\":\"SearchAction\",\"target\":{\"@type\":\"EntryPoint\",\"urlTemplate\":\"https:\\\/\\\/vss.sk\\\/?s={search_term_string}\"},\"query-input\":{\"@type\":\"PropertyValueSpecification\",\"valueRequired\":true,\"valueName\":\"search_term_string\"}}],\"inLanguage\":\"ro-RO\"}]}<\/script>\n<!-- \/ Yoast SEO plugin. -->","yoast_head_json":{"title":"Perforarea tablei - Stalowe Centrum Serwisowe (VSS)","description":"Blachy perforowane s\u0105 szeroko stosowane w celu osi\u0105gni\u0119cia po\u017c\u0105danego efektu stylistycznego w architekturze zewn\u0119trznej oraz wewn\u0119trznej. Perforacja blach doskonale sprawdza si\u0119 w systemach wentylowanych \u015bcian os\u0142onowych, b\u0105d\u017a stosowana jest w celu pod\u015bwietlenia elewacji od wewn\u0105trz.","robots":{"index":"index","follow":"follow","max-snippet":"max-snippet:-1","max-image-preview":"max-image-preview:large","max-video-preview":"max-video-preview:-1"},"canonical":"https:\/\/vss.sk\/ro\/produkt\/perforarea-tablei\/","og_locale":"ro_RO","og_type":"article","og_title":"Perforarea tablei - Stalowe Centrum Serwisowe (VSS)","og_description":"Blachy perforowane s\u0105 szeroko stosowane w celu osi\u0105gni\u0119cia po\u017c\u0105danego efektu stylistycznego w architekturze zewn\u0119trznej oraz wewn\u0119trznej. Perforacja blach doskonale sprawdza si\u0119 w systemach wentylowanych \u015bcian os\u0142onowych, b\u0105d\u017a stosowana jest w celu pod\u015bwietlenia elewacji od wewn\u0105trz.","og_url":"https:\/\/vss.sk\/ro\/produkt\/perforarea-tablei\/","og_site_name":"VSS","article_modified_time":"2025-01-20T09:32:46+00:00","og_image":[{"width":820,"height":547,"url":"https:\/\/vss.sk\/wp-content\/uploads\/2022\/03\/perforacja.png","type":"image\/png"}],"twitter_card":"summary_large_image","twitter_misc":{"Est. reading time":"2 minute"},"schema":{"@context":"https:\/\/schema.org","@graph":[{"@type":"WebPage","@id":"https:\/\/vss.sk\/ro\/produkt\/perforarea-tablei\/","url":"https:\/\/vss.sk\/ro\/produkt\/perforarea-tablei\/","name":"Perforarea tablei - Stalowe Centrum Serwisowe (VSS)","isPartOf":{"@id":"https:\/\/vss.sk\/#website"},"primaryImageOfPage":{"@id":"https:\/\/vss.sk\/ro\/produkt\/perforarea-tablei\/#primaryimage"},"image":{"@id":"https:\/\/vss.sk\/ro\/produkt\/perforarea-tablei\/#primaryimage"},"thumbnailUrl":"https:\/\/vss.sk\/wp-content\/uploads\/2022\/03\/perforacja.png","datePublished":"2022-03-23T10:22:49+00:00","dateModified":"2025-01-20T09:32:46+00:00","description":"Blachy perforowane s\u0105 szeroko stosowane w celu osi\u0105gni\u0119cia po\u017c\u0105danego efektu stylistycznego w architekturze zewn\u0119trznej oraz wewn\u0119trznej. Perforacja blach doskonale sprawdza si\u0119 w systemach wentylowanych \u015bcian os\u0142onowych, b\u0105d\u017a stosowana jest w celu pod\u015bwietlenia elewacji od wewn\u0105trz.","breadcrumb":{"@id":"https:\/\/vss.sk\/ro\/produkt\/perforarea-tablei\/#breadcrumb"},"inLanguage":"ro-RO","potentialAction":[{"@type":"ReadAction","target":["https:\/\/vss.sk\/ro\/produkt\/perforarea-tablei\/"]}]},{"@type":"ImageObject","inLanguage":"ro-RO","@id":"https:\/\/vss.sk\/ro\/produkt\/perforarea-tablei\/#primaryimage","url":"https:\/\/vss.sk\/wp-content\/uploads\/2022\/03\/perforacja.png","contentUrl":"https:\/\/vss.sk\/wp-content\/uploads\/2022\/03\/perforacja.png","width":820,"height":547},{"@type":"BreadcrumbList","@id":"https:\/\/vss.sk\/ro\/produkt\/perforarea-tablei\/#breadcrumb","itemListElement":[{"@type":"ListItem","position":1,"name":"Home","item":"https:\/\/vss.sk\/ro\/"},{"@type":"ListItem","position":2,"name":"Perforarea tablei"}]},{"@type":"WebSite","@id":"https:\/\/vss.sk\/#website","url":"https:\/\/vss.sk\/","name":"VSS","description":"Centrul Steel Service","potentialAction":[{"@type":"SearchAction","target":{"@type":"EntryPoint","urlTemplate":"https:\/\/vss.sk\/?s={search_term_string}"},"query-input":{"@type":"PropertyValueSpecification","valueRequired":true,"valueName":"search_term_string"}}],"inLanguage":"ro-RO"}]}},"_links":{"self":[{"href":"https:\/\/vss.sk\/ro\/wp-json\/wp\/v2\/product\/53993","targetHints":{"allow":["GET"]}}],"collection":[{"href":"https:\/\/vss.sk\/ro\/wp-json\/wp\/v2\/product"}],"about":[{"href":"https:\/\/vss.sk\/ro\/wp-json\/wp\/v2\/types\/product"}],"wp:featuredmedia":[{"embeddable":true,"href":"https:\/\/vss.sk\/ro\/wp-json\/wp\/v2\/media\/29115"}],"wp:attachment":[{"href":"https:\/\/vss.sk\/ro\/wp-json\/wp\/v2\/media?parent=53993"}],"wp:term":[{"taxonomy":"product_category","embeddable":true,"href":"https:\/\/vss.sk\/ro\/wp-json\/wp\/v2\/product_category?post=53993"},{"taxonomy":"warranty","embeddable":true,"href":"https:\/\/vss.sk\/ro\/wp-json\/wp\/v2\/warranty?post=53993"},{"taxonomy":"product_serie","embeddable":true,"href":"https:\/\/vss.sk\/ro\/wp-json\/wp\/v2\/product_serie?post=53993"}],"curies":[{"name":"wp","href":"https:\/\/api.w.org\/{rel}","templated":true}]}}