{"id":53927,"date":"2022-03-23T10:33:34","date_gmt":"2022-03-23T09:33:34","guid":{"rendered":"https:\/\/vss.sk\/produkt\/zabezpieczenie-i-pakowanie\/"},"modified":"2025-01-20T10:43:05","modified_gmt":"2025-01-20T09:43:05","slug":"protectie-si-ambalare","status":"publish","type":"product","link":"https:\/\/vss.sk\/ro\/produkt\/protectie-si-ambalare\/","title":{"rendered":"Protec\u0163ie \u015fi ambalare"},"content":{"rendered":"\n<div class=\"wp-block-group\"><div class=\"wp-block-group__inner-container is-layout-flow wp-block-group-is-layout-flow\">\n<h2 class=\"wp-block-heading is-style-h3 has-large-font-size\">PROTEC\u0162IE &#8211; TIPURI DE FOLIE<\/h2>\n\n\n\n<p>Pentru a proteja tabla, aceasta poate fi acoperit\u0103, la cerere, cu o folie de protec\u0163ie la cererea clientului. Ca standard, folosim o folie a c\u0103rei compozi\u0163ie este selectat\u0103 pentru un anumit tip de strat de acoperire al tablei: tipul \u015fi grosimea stratului adeziv \u015fi a foliei au fost stabilite \u00een a\u015fa fel \u00eenc\u00e2t s\u0103 asigure o aderen\u0163\u0103 adecvat\u0103 \u015fi s\u0103 nu deterioreze stratul de acoperire \u00een momentul \u00eendep\u0103rt\u0103rii.<\/p>\n\n\n\n<h2 class=\"wp-block-heading is-style-h3 has-medium-font-size\">Oferim folii de protec\u0163ie cu diver\u015fi parametri care pot fi selecta\u0163i individual, \u0163in\u00e2nd cont de:<\/h2>\n\n\n\n<div style=\"height:100px\" aria-hidden=\"true\" class=\"wp-block-spacer is-style-small-spacer\"><\/div>\n\n\n\n<div class=\"wp-block-columns is-layout-flex wp-container-core-columns-is-layout-9d6595d7 wp-block-columns-is-layout-flex\">\n<div class=\"wp-block-column is-layout-flow wp-block-column-is-layout-flow\"><div class=\"wp-block-image\">\n<figure class=\"aligncenter size-full is-resized\"><img decoding=\"async\" src=\"https:\/\/vss.sk\/wp-content\/uploads\/2022\/03\/Asset-73new.svg\" alt=\"\" class=\"wp-image-54209\" style=\"aspect-ratio:1;object-fit:contain;width:80px;height:auto\"\/><\/figure>\n<\/div>\n\n\n<p class=\"has-text-align-center\"><strong>Adeziv<\/strong><\/p>\n\n\n\n<ul class=\"wp-block-list\">\n<li>acrilic, pe baz\u0103 de ap\u0103 \u2013 ecologic, lavabil cu ap\u0103,<\/li>\n\n\n\n<li>acrilic, pe baz\u0103 de solvent \u2013 nu se dizolv\u0103 \u00een ap\u0103, este utilizat pentru straturi de acoperire mate<\/li>\n\n\n\n<li>cauciuc, pe baz\u0103 de solvent \u2013 nu se dizolv\u0103 \u00een ap\u0103, utilizat pentru straturi de acoperire din poliester<\/li>\n<\/ul>\n<\/div>\n\n\n\n<div class=\"wp-block-column is-layout-flow wp-block-column-is-layout-flow\"><div class=\"wp-block-image\">\n<figure class=\"aligncenter size-full is-resized\"><img decoding=\"async\" src=\"https:\/\/vss.sk\/wp-content\/uploads\/2022\/03\/przepuszczalnosc-icon.svg\" alt=\"\" class=\"wp-image-54249\" style=\"object-fit:contain;width:80px;height:80px\"\/><\/figure>\n<\/div>\n\n\n<p class=\"has-text-align-center\"><strong>Folii opace \u015fi transparente<\/strong><\/p>\n\n\n\n<p class=\"has-text-align-center\">folii de acoperire \u015fi transparente.<\/p>\n<\/div>\n\n\n\n<div class=\"wp-block-column is-layout-flow wp-block-column-is-layout-flow\"><div class=\"wp-block-image\">\n<figure class=\"aligncenter size-full is-resized\"><img decoding=\"async\" src=\"https:\/\/vss.sk\/wp-content\/uploads\/2022\/03\/odpornosc-uv-icon.svg\" alt=\"\" class=\"wp-image-54241\" style=\"object-fit:contain;width:80px;height:80px\"\/><\/figure>\n<\/div>\n\n\n<p class=\"has-text-align-center\"><strong>Rezisten\u0163a la radia\u0163iile UV<\/strong><\/p>\n\n\n\n<p class=\"has-text-align-center\">de la 1 la 12 luni.<\/p>\n<\/div>\n<\/div>\n\n\n\n<div class=\"wp-block-columns is-layout-flex wp-container-core-columns-is-layout-9d6595d7 wp-block-columns-is-layout-flex\">\n<div class=\"wp-block-column is-layout-flow wp-block-column-is-layout-flow\"><div class=\"wp-block-image\">\n<figure class=\"aligncenter size-full is-resized\"><img decoding=\"async\" src=\"https:\/\/vss.sk\/wp-content\/uploads\/2022\/03\/grubosc-folii-icon.svg\" alt=\"\" class=\"wp-image-54257\" style=\"aspect-ratio:1;object-fit:contain;width:80px;height:auto\"\/><\/figure>\n<\/div>\n\n\n<p class=\"has-text-align-center\"><strong>Grosimea foliei<\/strong><\/p>\n\n\n\n<p class=\"has-text-align-center\">35 \u03bcm \u2013 100 \u03bcm.<\/p>\n\n\n\n<p class=\"has-text-align-center\"><strong>Tipul foliei<\/strong><\/p>\n\n\n\n<p class=\"has-text-align-center\">MAT\/LUCIOS.<\/p>\n<\/div>\n\n\n\n<div class=\"wp-block-column is-layout-flow wp-block-column-is-layout-flow\"><div class=\"wp-block-image\">\n<figure class=\"aligncenter size-full is-resized\"><img decoding=\"async\" src=\"https:\/\/vss.sk\/wp-content\/uploads\/2022\/03\/kondensacja-icon.svg\" alt=\"\" class=\"wp-image-54265\" style=\"object-fit:contain;width:80px;height:80px\"\/><\/figure>\n<\/div>\n\n\n<p class=\"has-text-align-center\"><strong>Condensul vaporilor de ap\u0103<\/strong><\/p>\n\n\n\n<p class=\"has-text-align-center\">trat de acoperire anticondens.<\/p>\n<\/div>\n\n\n\n<div class=\"wp-block-column is-layout-flow wp-block-column-is-layout-flow\"><div class=\"wp-block-image\">\n<figure class=\"aligncenter size-full is-resized\"><img decoding=\"async\" src=\"https:\/\/vss.sk\/wp-content\/uploads\/2022\/03\/zastosowanie-icon.svg\" alt=\"\" class=\"wp-image-54273\" style=\"object-fit:contain;width:80px;height:80px\"\/><\/figure>\n<\/div>\n\n\n<p class=\"has-text-align-center\"><strong>Domeniu de utilizare<\/strong><\/p>\n\n\n\n<p class=\"has-text-align-center\">folii universale, dedicate tipului de acoperire \u015fi utiliz\u0103rii speciale, cum ar fi t\u0103ierea cu laser<\/p>\n<\/div>\n<\/div>\n<\/div><\/div>\n","protected":false},"featured_media":53928,"menu_order":71,"template":"","product_category":[1262],"warranty":[],"product_serie":[],"class_list":["post-53927","product","type-product","status-publish","has-post-thumbnail","hentry","product_category-centrul-de-servicii-pentru-otel"],"acf":[],"yoast_head":"<!-- This site is optimized with the Yoast SEO plugin v27.3 - https:\/\/yoast.com\/product\/yoast-seo-wordpress\/ -->\n<title>Protec\u0163ie \u015fi ambalare - VSS<\/title>\n<meta name=\"robots\" content=\"index, follow, max-snippet:-1, max-image-preview:large, max-video-preview:-1\" \/>\n<link rel=\"canonical\" href=\"https:\/\/vss.sk\/ro\/produkt\/protectie-si-ambalare\/\" \/>\n<meta property=\"og:locale\" content=\"ro_RO\" \/>\n<meta property=\"og:type\" content=\"article\" \/>\n<meta property=\"og:title\" content=\"Protec\u0163ie \u015fi ambalare - VSS\" \/>\n<meta property=\"og:description\" content=\"PROTEC\u0162IE &#8211; TIPURI DE FOLIE Pentru a proteja tabla, aceasta poate fi acoperit\u0103, la cerere, cu o folie de protec\u0163ie la cererea clientului. Ca standard, folosim o folie a c\u0103rei compozi\u0163ie este selectat\u0103 pentru un anumit tip de strat de acoperire al tablei: tipul \u015fi grosimea stratului adeziv \u015fi a foliei au fost stabilite \u00een [&hellip;]\" \/>\n<meta property=\"og:url\" content=\"https:\/\/vss.sk\/ro\/produkt\/protectie-si-ambalare\/\" \/>\n<meta property=\"og:site_name\" content=\"VSS\" \/>\n<meta property=\"article:modified_time\" content=\"2025-01-20T09:43:05+00:00\" \/>\n<meta property=\"og:image\" content=\"https:\/\/vss.sk\/wp-content\/uploads\/2022\/03\/bezpieczne-pakowanie-2.webp\" \/>\n\t<meta property=\"og:image:width\" content=\"820\" \/>\n\t<meta property=\"og:image:height\" content=\"547\" \/>\n\t<meta property=\"og:image:type\" content=\"image\/webp\" \/>\n<meta name=\"twitter:card\" content=\"summary_large_image\" \/>\n<meta name=\"twitter:label1\" content=\"Est. reading time\" \/>\n\t<meta name=\"twitter:data1\" content=\"3 minute\" \/>\n<script type=\"application\/ld+json\" class=\"yoast-schema-graph\">{\"@context\":\"https:\\\/\\\/schema.org\",\"@graph\":[{\"@type\":\"WebPage\",\"@id\":\"https:\\\/\\\/vss.sk\\\/ro\\\/produkt\\\/protectie-si-ambalare\\\/\",\"url\":\"https:\\\/\\\/vss.sk\\\/ro\\\/produkt\\\/protectie-si-ambalare\\\/\",\"name\":\"Protec\u0163ie \u015fi ambalare - VSS\",\"isPartOf\":{\"@id\":\"https:\\\/\\\/vss.sk\\\/#website\"},\"primaryImageOfPage\":{\"@id\":\"https:\\\/\\\/vss.sk\\\/ro\\\/produkt\\\/protectie-si-ambalare\\\/#primaryimage\"},\"image\":{\"@id\":\"https:\\\/\\\/vss.sk\\\/ro\\\/produkt\\\/protectie-si-ambalare\\\/#primaryimage\"},\"thumbnailUrl\":\"https:\\\/\\\/vss.sk\\\/wp-content\\\/uploads\\\/2022\\\/03\\\/bezpieczne-pakowanie-2.webp\",\"datePublished\":\"2022-03-23T09:33:34+00:00\",\"dateModified\":\"2025-01-20T09:43:05+00:00\",\"breadcrumb\":{\"@id\":\"https:\\\/\\\/vss.sk\\\/ro\\\/produkt\\\/protectie-si-ambalare\\\/#breadcrumb\"},\"inLanguage\":\"ro-RO\",\"potentialAction\":[{\"@type\":\"ReadAction\",\"target\":[\"https:\\\/\\\/vss.sk\\\/ro\\\/produkt\\\/protectie-si-ambalare\\\/\"]}]},{\"@type\":\"ImageObject\",\"inLanguage\":\"ro-RO\",\"@id\":\"https:\\\/\\\/vss.sk\\\/ro\\\/produkt\\\/protectie-si-ambalare\\\/#primaryimage\",\"url\":\"https:\\\/\\\/vss.sk\\\/wp-content\\\/uploads\\\/2022\\\/03\\\/bezpieczne-pakowanie-2.webp\",\"contentUrl\":\"https:\\\/\\\/vss.sk\\\/wp-content\\\/uploads\\\/2022\\\/03\\\/bezpieczne-pakowanie-2.webp\",\"width\":820,\"height\":547},{\"@type\":\"BreadcrumbList\",\"@id\":\"https:\\\/\\\/vss.sk\\\/ro\\\/produkt\\\/protectie-si-ambalare\\\/#breadcrumb\",\"itemListElement\":[{\"@type\":\"ListItem\",\"position\":1,\"name\":\"Home\",\"item\":\"https:\\\/\\\/vss.sk\\\/ro\\\/\"},{\"@type\":\"ListItem\",\"position\":2,\"name\":\"Protec\u0163ie \u015fi ambalare\"}]},{\"@type\":\"WebSite\",\"@id\":\"https:\\\/\\\/vss.sk\\\/#website\",\"url\":\"https:\\\/\\\/vss.sk\\\/\",\"name\":\"VSS\",\"description\":\"Centrul Steel Service\",\"potentialAction\":[{\"@type\":\"SearchAction\",\"target\":{\"@type\":\"EntryPoint\",\"urlTemplate\":\"https:\\\/\\\/vss.sk\\\/?s={search_term_string}\"},\"query-input\":{\"@type\":\"PropertyValueSpecification\",\"valueRequired\":true,\"valueName\":\"search_term_string\"}}],\"inLanguage\":\"ro-RO\"}]}<\/script>\n<!-- \/ Yoast SEO plugin. -->","yoast_head_json":{"title":"Protec\u0163ie \u015fi ambalare - VSS","robots":{"index":"index","follow":"follow","max-snippet":"max-snippet:-1","max-image-preview":"max-image-preview:large","max-video-preview":"max-video-preview:-1"},"canonical":"https:\/\/vss.sk\/ro\/produkt\/protectie-si-ambalare\/","og_locale":"ro_RO","og_type":"article","og_title":"Protec\u0163ie \u015fi ambalare - VSS","og_description":"PROTEC\u0162IE &#8211; TIPURI DE FOLIE Pentru a proteja tabla, aceasta poate fi acoperit\u0103, la cerere, cu o folie de protec\u0163ie la cererea clientului. Ca standard, folosim o folie a c\u0103rei compozi\u0163ie este selectat\u0103 pentru un anumit tip de strat de acoperire al tablei: tipul \u015fi grosimea stratului adeziv \u015fi a foliei au fost stabilite \u00een [&hellip;]","og_url":"https:\/\/vss.sk\/ro\/produkt\/protectie-si-ambalare\/","og_site_name":"VSS","article_modified_time":"2025-01-20T09:43:05+00:00","og_image":[{"width":820,"height":547,"url":"https:\/\/vss.sk\/wp-content\/uploads\/2022\/03\/bezpieczne-pakowanie-2.webp","type":"image\/webp"}],"twitter_card":"summary_large_image","twitter_misc":{"Est. reading time":"3 minute"},"schema":{"@context":"https:\/\/schema.org","@graph":[{"@type":"WebPage","@id":"https:\/\/vss.sk\/ro\/produkt\/protectie-si-ambalare\/","url":"https:\/\/vss.sk\/ro\/produkt\/protectie-si-ambalare\/","name":"Protec\u0163ie \u015fi ambalare - VSS","isPartOf":{"@id":"https:\/\/vss.sk\/#website"},"primaryImageOfPage":{"@id":"https:\/\/vss.sk\/ro\/produkt\/protectie-si-ambalare\/#primaryimage"},"image":{"@id":"https:\/\/vss.sk\/ro\/produkt\/protectie-si-ambalare\/#primaryimage"},"thumbnailUrl":"https:\/\/vss.sk\/wp-content\/uploads\/2022\/03\/bezpieczne-pakowanie-2.webp","datePublished":"2022-03-23T09:33:34+00:00","dateModified":"2025-01-20T09:43:05+00:00","breadcrumb":{"@id":"https:\/\/vss.sk\/ro\/produkt\/protectie-si-ambalare\/#breadcrumb"},"inLanguage":"ro-RO","potentialAction":[{"@type":"ReadAction","target":["https:\/\/vss.sk\/ro\/produkt\/protectie-si-ambalare\/"]}]},{"@type":"ImageObject","inLanguage":"ro-RO","@id":"https:\/\/vss.sk\/ro\/produkt\/protectie-si-ambalare\/#primaryimage","url":"https:\/\/vss.sk\/wp-content\/uploads\/2022\/03\/bezpieczne-pakowanie-2.webp","contentUrl":"https:\/\/vss.sk\/wp-content\/uploads\/2022\/03\/bezpieczne-pakowanie-2.webp","width":820,"height":547},{"@type":"BreadcrumbList","@id":"https:\/\/vss.sk\/ro\/produkt\/protectie-si-ambalare\/#breadcrumb","itemListElement":[{"@type":"ListItem","position":1,"name":"Home","item":"https:\/\/vss.sk\/ro\/"},{"@type":"ListItem","position":2,"name":"Protec\u0163ie \u015fi ambalare"}]},{"@type":"WebSite","@id":"https:\/\/vss.sk\/#website","url":"https:\/\/vss.sk\/","name":"VSS","description":"Centrul Steel Service","potentialAction":[{"@type":"SearchAction","target":{"@type":"EntryPoint","urlTemplate":"https:\/\/vss.sk\/?s={search_term_string}"},"query-input":{"@type":"PropertyValueSpecification","valueRequired":true,"valueName":"search_term_string"}}],"inLanguage":"ro-RO"}]}},"_links":{"self":[{"href":"https:\/\/vss.sk\/ro\/wp-json\/wp\/v2\/product\/53927","targetHints":{"allow":["GET"]}}],"collection":[{"href":"https:\/\/vss.sk\/ro\/wp-json\/wp\/v2\/product"}],"about":[{"href":"https:\/\/vss.sk\/ro\/wp-json\/wp\/v2\/types\/product"}],"wp:featuredmedia":[{"embeddable":true,"href":"https:\/\/vss.sk\/ro\/wp-json\/wp\/v2\/media\/53928"}],"wp:attachment":[{"href":"https:\/\/vss.sk\/ro\/wp-json\/wp\/v2\/media?parent=53927"}],"wp:term":[{"taxonomy":"product_category","embeddable":true,"href":"https:\/\/vss.sk\/ro\/wp-json\/wp\/v2\/product_category?post=53927"},{"taxonomy":"warranty","embeddable":true,"href":"https:\/\/vss.sk\/ro\/wp-json\/wp\/v2\/warranty?post=53927"},{"taxonomy":"product_serie","embeddable":true,"href":"https:\/\/vss.sk\/ro\/wp-json\/wp\/v2\/product_serie?post=53927"}],"curies":[{"name":"wp","href":"https:\/\/api.w.org\/{rel}","templated":true}]}}