{"id":53881,"date":"2024-06-28T09:53:47","date_gmt":"2024-06-28T07:53:47","guid":{"rendered":"https:\/\/vss.sk\/produkt\/kregi-przewijanie\/"},"modified":"2025-12-11T08:58:08","modified_gmt":"2025-12-11T07:58:08","slug":"rebobinare","status":"publish","type":"product","link":"https:\/\/vss.sk\/ro\/produkt\/rebobinare\/","title":{"rendered":"Rebobinare"},"content":{"rendered":"\n<div class=\"wp-block-group is-style-default has-medium-font-size\"><div class=\"wp-block-group__inner-container is-layout-flow wp-block-group-is-layout-flow\">\n<h2 class=\"wp-block-heading is-style-h2 has-large-font-size\">F\u00e2\u015fii a\u015fezate orizontal<\/h2>\n<\/div><\/div>\n\n\n\n<div class=\"wp-block-group\"><div class=\"wp-block-group__inner-container is-layout-constrained wp-block-group-is-layout-constrained\">\n<div class=\"wp-block-group is-style-narrower-group has-gray-background-color has-background\"><div class=\"wp-block-group__inner-container is-layout-flow wp-block-group-is-layout-flow\">\n<figure class=\"wp-block-gallery aligncenter has-nested-images columns-default is-cropped wp-block-gallery-1 is-layout-flex wp-block-gallery-is-layout-flex\">\n<figure class=\"wp-block-image size-full\"><a href=\"https:\/\/vss.sk\/wp-content\/uploads\/2024\/06\/tasmy-ulozenie-png-820x724-ro-1.png\"><img loading=\"lazy\" decoding=\"async\" width=\"820\" height=\"724\" data-id=\"53892\" src=\"https:\/\/vss.sk\/wp-content\/uploads\/2024\/06\/tasmy-ulozenie-png-820x724-ro-1.png\" alt=\"\" class=\"wp-image-53892\" srcset=\"https:\/\/vss.sk\/wp-content\/uploads\/2024\/06\/tasmy-ulozenie-png-820x724-ro-1.png 820w, https:\/\/vss.sk\/wp-content\/uploads\/2024\/06\/tasmy-ulozenie-png-820x724-ro-1-768x678.png 768w\" sizes=\"auto, (max-width: 820px) 100vw, 820px\" \/><\/a><\/figure>\n<\/figure>\n<\/div><\/div>\n<\/div><\/div>\n\n\n\n<div class=\"wp-block-group is-style-default\"><div class=\"wp-block-group__inner-container is-layout-flow wp-block-group-is-layout-flow\">\n<div class=\"wp-block-columns is-layout-flex wp-container-core-columns-is-layout-9d6595d7 wp-block-columns-is-layout-flex\">\n<div class=\"wp-block-column is-layout-flow wp-block-column-is-layout-flow\"><div class=\"wp-block-image\">\n<figure class=\"aligncenter size-full is-resized\"><img loading=\"lazy\" decoding=\"async\" width=\"1000\" height=\"1000\" src=\"https:\/\/vss.sk\/wp-content\/uploads\/2024\/07\/2a1ja-2-img-1.png\" alt=\"\" class=\"wp-image-51703\" style=\"width:400px\" srcset=\"https:\/\/vss.sk\/wp-content\/uploads\/2024\/07\/2a1ja-2-img-1.png 1000w, https:\/\/vss.sk\/wp-content\/uploads\/2024\/07\/2a1ja-2-img-1-820x820.png 820w, https:\/\/vss.sk\/wp-content\/uploads\/2024\/07\/2a1ja-2-img-1-150x150.png 150w, https:\/\/vss.sk\/wp-content\/uploads\/2024\/07\/2a1ja-2-img-1-768x768.png 768w\" sizes=\"auto, (max-width: 1000px) 100vw, 1000px\" \/><\/figure>\n<\/div>\n\n\n<h3 class=\"wp-block-heading has-text-align-center\">2A1IA<\/h3>\n\n\n\n<p class=\"has-text-align-center\">F\u00e2\u015fie aliniat\u0103 orizontal cu benzi \u00een jurul circumferin\u021bei \u0219i radial.<\/p>\n<\/div>\n\n\n\n<div class=\"wp-block-column is-layout-flow wp-block-column-is-layout-flow\"><div class=\"wp-block-image\">\n<figure class=\"aligncenter size-full is-resized\"><img loading=\"lazy\" decoding=\"async\" width=\"1000\" height=\"1000\" src=\"https:\/\/vss.sk\/wp-content\/uploads\/2024\/07\/2a1ja-img.png\" alt=\"\" class=\"wp-image-51685\" style=\"width:400px\" srcset=\"https:\/\/vss.sk\/wp-content\/uploads\/2024\/07\/2a1ja-img.png 1000w, https:\/\/vss.sk\/wp-content\/uploads\/2024\/07\/2a1ja-img-820x820.png 820w, https:\/\/vss.sk\/wp-content\/uploads\/2024\/07\/2a1ja-img-150x150.png 150w, https:\/\/vss.sk\/wp-content\/uploads\/2024\/07\/2a1ja-img-768x768.png 768w\" sizes=\"auto, (max-width: 1000px) 100vw, 1000px\" \/><\/figure>\n<\/div>\n\n\n<h3 class=\"wp-block-heading has-text-align-center\">2A1JA<\/h3>\n\n\n\n<p class=\"has-text-align-center\">F\u00e2\u015fie aliniat\u0103 orizontal pe un palet legat\u0103 \u00een jurul perimetrului \u0219i radial.<\/p>\n<\/div>\n\n\n\n<div class=\"wp-block-column is-layout-flow wp-block-column-is-layout-flow\"><div class=\"wp-block-image\">\n<figure class=\"aligncenter size-full is-resized\"><img loading=\"lazy\" decoding=\"async\" width=\"1000\" height=\"905\" src=\"https:\/\/vss.sk\/wp-content\/uploads\/2024\/07\/2i1ja-img.png\" alt=\"\" class=\"wp-image-51691\" style=\"width:400px\" srcset=\"https:\/\/vss.sk\/wp-content\/uploads\/2024\/07\/2i1ja-img.png 1000w, https:\/\/vss.sk\/wp-content\/uploads\/2024\/07\/2i1ja-img-820x742.png 820w, https:\/\/vss.sk\/wp-content\/uploads\/2024\/07\/2i1ja-img-768x695.png 768w\" sizes=\"auto, (max-width: 1000px) 100vw, 1000px\" \/><\/figure>\n<\/div>\n\n\n<h3 class=\"wp-block-heading has-text-align-center\">2I1JA<\/h3>\n\n\n\n<p class=\"has-text-align-center\">F\u00e2\u015fie a\u015fezat\u0103 orizontal pe<br>un palet, legat\u0103 \u00een jurul perimetrului \u0219i radial. Protejat cu folie stretch.<\/p>\n<\/div>\n<\/div>\n<\/div><\/div>\n\n\n\n<div style=\"height:100px\" aria-hidden=\"true\" class=\"wp-block-spacer is-style-small-spacer\"><\/div>\n\n\n\n<div class=\"wp-block-group is-style-default has-medium-font-size\"><div class=\"wp-block-group__inner-container is-layout-flow wp-block-group-is-layout-flow\">\n<h2 class=\"wp-block-heading is-style-h2 has-large-font-size\">F\u00e2\u015fii a\u015fezate orizontal<\/h2>\n<\/div><\/div>\n\n\n\n<div class=\"wp-block-group\"><div class=\"wp-block-group__inner-container is-layout-constrained wp-block-group-is-layout-constrained\">\n<div class=\"wp-block-group is-style-narrower-group has-gray-background-color has-background\"><div class=\"wp-block-group__inner-container is-layout-flow wp-block-group-is-layout-flow\">\n<figure class=\"wp-block-gallery aligncenter has-nested-images columns-default is-cropped wp-block-gallery-2 is-layout-flex wp-block-gallery-is-layout-flex\">\n<figure class=\"wp-block-image size-full\"><a href=\"https:\/\/vss.sk\/wp-content\/uploads\/2024\/06\/tasmy-w-ulozeniu-poziomym-img-820x710-ro.png\"><img loading=\"lazy\" decoding=\"async\" width=\"820\" height=\"710\" data-id=\"53900\" src=\"https:\/\/vss.sk\/wp-content\/uploads\/2024\/06\/tasmy-w-ulozeniu-poziomym-img-820x710-ro.png\" alt=\"\" class=\"wp-image-53900\" srcset=\"https:\/\/vss.sk\/wp-content\/uploads\/2024\/06\/tasmy-w-ulozeniu-poziomym-img-820x710-ro.png 820w, https:\/\/vss.sk\/wp-content\/uploads\/2024\/06\/tasmy-w-ulozeniu-poziomym-img-820x710-ro-768x665.png 768w\" sizes=\"auto, (max-width: 820px) 100vw, 820px\" \/><\/a><\/figure>\n<\/figure>\n<\/div><\/div>\n<\/div><\/div>\n\n\n\n<div class=\"wp-block-group is-style-default\"><div class=\"wp-block-group__inner-container is-layout-flow wp-block-group-is-layout-flow\">\n<div style=\"height:100px\" aria-hidden=\"true\" class=\"wp-block-spacer is-style-small-spacer\"><\/div>\n\n\n\n<div class=\"wp-block-columns is-layout-flex wp-container-core-columns-is-layout-9d6595d7 wp-block-columns-is-layout-flex\">\n<div class=\"wp-block-column is-layout-flow wp-block-column-is-layout-flow\"><div class=\"wp-block-image\">\n<figure class=\"aligncenter size-full is-resized\"><img loading=\"lazy\" decoding=\"async\" width=\"1000\" height=\"841\" src=\"https:\/\/vss.sk\/wp-content\/uploads\/2024\/07\/3a1ja-final-img.png\" alt=\"\" class=\"wp-image-51739\" style=\"width:400px\" srcset=\"https:\/\/vss.sk\/wp-content\/uploads\/2024\/07\/3a1ja-final-img.png 1000w, https:\/\/vss.sk\/wp-content\/uploads\/2024\/07\/3a1ja-final-img-820x690.png 820w, https:\/\/vss.sk\/wp-content\/uploads\/2024\/07\/3a1ja-final-img-768x646.png 768w\" sizes=\"auto, (max-width: 1000px) 100vw, 1000px\" \/><\/figure>\n<\/div>\n\n\n<h3 class=\"wp-block-heading has-text-align-center\">3A1JA<\/h3>\n\n\n\n<p class=\"has-text-align-center\">F\u00e2\u015fii a\u015fezate orizontal cu benzi fixate \u00een jurul perimetrului \u0219i radial.<\/p>\n<\/div>\n\n\n\n<div class=\"wp-block-column is-layout-flow wp-block-column-is-layout-flow\"><div class=\"wp-block-image\">\n<figure class=\"aligncenter size-full is-resized\"><img loading=\"lazy\" decoding=\"async\" width=\"1000\" height=\"841\" src=\"https:\/\/vss.sk\/wp-content\/uploads\/2024\/07\/3i1ja-final-img.png\" alt=\"\" class=\"wp-image-51745\" style=\"width:400px\" srcset=\"https:\/\/vss.sk\/wp-content\/uploads\/2024\/07\/3i1ja-final-img.png 1000w, https:\/\/vss.sk\/wp-content\/uploads\/2024\/07\/3i1ja-final-img-820x690.png 820w, https:\/\/vss.sk\/wp-content\/uploads\/2024\/07\/3i1ja-final-img-768x646.png 768w\" sizes=\"auto, (max-width: 1000px) 100vw, 1000px\" \/><\/figure>\n<\/div>\n\n\n<h3 class=\"wp-block-heading has-text-align-center\">3I1JA<\/h3>\n\n\n\n<p class=\"has-text-align-center\">F\u00e2\u015fii a\u015fezate orizontal pe un palet cu benzi legate \u00een jurul perimetrului \u0219i radial. Protejat de folie stretch.<\/p>\n<\/div>\n\n\n\n<div class=\"wp-block-column is-layout-flow wp-block-column-is-layout-flow\"><div class=\"wp-block-image\">\n<figure class=\"aligncenter size-full is-resized\"><img loading=\"lazy\" decoding=\"async\" width=\"1000\" height=\"841\" src=\"https:\/\/vss.sk\/wp-content\/uploads\/2024\/07\/3a1ji-final-img.png\" alt=\"\" class=\"wp-image-51751\" style=\"width:400px\" srcset=\"https:\/\/vss.sk\/wp-content\/uploads\/2024\/07\/3a1ji-final-img.png 1000w, https:\/\/vss.sk\/wp-content\/uploads\/2024\/07\/3a1ji-final-img-820x690.png 820w, https:\/\/vss.sk\/wp-content\/uploads\/2024\/07\/3a1ji-final-img-768x646.png 768w\" sizes=\"auto, (max-width: 1000px) 100vw, 1000px\" \/><\/figure>\n<\/div>\n\n\n<h3 class=\"wp-block-heading has-text-align-center\">3A1JI<\/h3>\n\n\n\n<p class=\"has-text-align-center\">F\u00e2\u015fie a\u015fezat\u0103 orizontal pe un palet legat \u00een jurul perimetrului \u0219i radial. Separate prin profile de separare.<\/p>\n<\/div>\n\n\n\n<div class=\"wp-block-column is-layout-flow wp-block-column-is-layout-flow\"><div class=\"wp-block-image\">\n<figure class=\"aligncenter size-full is-resized\"><img loading=\"lazy\" decoding=\"async\" width=\"1000\" height=\"905\" src=\"https:\/\/vss.sk\/wp-content\/uploads\/2024\/07\/3i1ji-img-1.png\" alt=\"\" class=\"wp-image-51757\" style=\"width:400px\" srcset=\"https:\/\/vss.sk\/wp-content\/uploads\/2024\/07\/3i1ji-img-1.png 1000w, https:\/\/vss.sk\/wp-content\/uploads\/2024\/07\/3i1ji-img-1-820x742.png 820w, https:\/\/vss.sk\/wp-content\/uploads\/2024\/07\/3i1ji-img-1-768x695.png 768w\" sizes=\"auto, (max-width: 1000px) 100vw, 1000px\" \/><\/figure>\n<\/div>\n\n\n<h3 class=\"wp-block-heading has-text-align-center\">3I1JI<\/h3>\n\n\n\n<p class=\"has-text-align-center\">F\u00e2\u015fie a\u015fezat\u0103 orizontal pe un palet legat \u00een jurul perimetrului \u0219i radial. Separate prin profile de separare.<\/p>\n<\/div>\n<\/div>\n<\/div><\/div>\n\n\n\n<div style=\"height:100px\" aria-hidden=\"true\" class=\"wp-block-spacer is-style-smaller-spacer\"><\/div>\n\n\n\n<div class=\"wp-block-group\"><div class=\"wp-block-group__inner-container is-layout-constrained wp-block-group-is-layout-constrained\">\n<h2 class=\"wp-block-heading is-style-h3 has-large-font-size\">Coduri de ambalare \u2013 legend\u0103<\/h2>\n\n\n<div class=\"wp-block-image\">\n<figure class=\"aligncenter size-full\"><img loading=\"lazy\" decoding=\"async\" width=\"852\" height=\"1024\" src=\"https:\/\/vss.sk\/wp-content\/uploads\/2024\/06\/legenda-img-852x1024-ro.png\" alt=\"\" class=\"wp-image-53786\" srcset=\"https:\/\/vss.sk\/wp-content\/uploads\/2024\/06\/legenda-img-852x1024-ro.png 852w, https:\/\/vss.sk\/wp-content\/uploads\/2024\/06\/legenda-img-852x1024-ro-799x960.png 799w, https:\/\/vss.sk\/wp-content\/uploads\/2024\/06\/legenda-img-852x1024-ro-768x923.png 768w\" sizes=\"auto, (max-width: 852px) 100vw, 852px\" \/><\/figure>\n<\/div><\/div><\/div>\n\n\n\n<div style=\"height:100px\" aria-hidden=\"true\" class=\"wp-block-spacer is-style-smaller-spacer\"><\/div>\n","protected":false},"featured_media":53882,"menu_order":4,"template":"","product_category":[1262,1265],"warranty":[],"product_serie":[],"class_list":["post-53881","product","type-product","status-publish","has-post-thumbnail","hentry","product_category-centrul-de-servicii-pentru-otel","product_category-cercuri"],"acf":[],"yoast_head":"<!-- This site is optimized with the Yoast SEO plugin v27.3 - https:\/\/yoast.com\/product\/yoast-seo-wordpress\/ -->\n<title>Rebobinare - Stalowe Centrum Serwisowe VSS<\/title>\n<meta name=\"description\" content=\"Wykonujemy us\u0142ugi przewijania kr\u0119g\u00f3w o masie do 25 t. Zapewniamy szybki proces przewijania i niskie wagi wyj\u015bciowe kr\u0119g\u00f3w. Ta\u015bmy mo\u017cemy pokry\u0107 pow\u0142ok\u0105 antykondensacyjn\u0105 lub foli\u0105 ochronn\u0105. Przetworzony materia\u0142 jest profesjonalnie zabezpieczany i pakowany.\" \/>\n<meta name=\"robots\" content=\"index, follow, max-snippet:-1, max-image-preview:large, max-video-preview:-1\" \/>\n<link rel=\"canonical\" href=\"https:\/\/vss.sk\/ro\/produkt\/rebobinare\/\" \/>\n<meta property=\"og:locale\" content=\"ro_RO\" \/>\n<meta property=\"og:type\" content=\"article\" \/>\n<meta property=\"og:title\" content=\"Rebobinare - Stalowe Centrum Serwisowe VSS\" \/>\n<meta property=\"og:description\" content=\"Wykonujemy us\u0142ugi przewijania kr\u0119g\u00f3w o masie do 25 t. Zapewniamy szybki proces przewijania i niskie wagi wyj\u015bciowe kr\u0119g\u00f3w. Ta\u015bmy mo\u017cemy pokry\u0107 pow\u0142ok\u0105 antykondensacyjn\u0105 lub foli\u0105 ochronn\u0105. Przetworzony materia\u0142 jest profesjonalnie zabezpieczany i pakowany.\" \/>\n<meta property=\"og:url\" content=\"https:\/\/vss.sk\/ro\/produkt\/rebobinare\/\" \/>\n<meta property=\"og:site_name\" content=\"VSS\" \/>\n<meta property=\"article:modified_time\" content=\"2025-12-11T07:58:08+00:00\" \/>\n<meta property=\"og:image\" content=\"https:\/\/vss.sk\/wp-content\/uploads\/2024\/06\/przewijanie-img-min.png\" \/>\n\t<meta property=\"og:image:width\" content=\"820\" \/>\n\t<meta property=\"og:image:height\" content=\"547\" \/>\n\t<meta property=\"og:image:type\" content=\"image\/png\" \/>\n<meta name=\"twitter:card\" content=\"summary_large_image\" \/>\n<meta name=\"twitter:label1\" content=\"Est. reading time\" \/>\n\t<meta name=\"twitter:data1\" content=\"3 minute\" \/>\n<script type=\"application\/ld+json\" class=\"yoast-schema-graph\">{\"@context\":\"https:\\\/\\\/schema.org\",\"@graph\":[{\"@type\":\"WebPage\",\"@id\":\"https:\\\/\\\/vss.sk\\\/ro\\\/produkt\\\/rebobinare\\\/\",\"url\":\"https:\\\/\\\/vss.sk\\\/ro\\\/produkt\\\/rebobinare\\\/\",\"name\":\"Rebobinare - Stalowe Centrum Serwisowe VSS\",\"isPartOf\":{\"@id\":\"https:\\\/\\\/vss.sk\\\/#website\"},\"primaryImageOfPage\":{\"@id\":\"https:\\\/\\\/vss.sk\\\/ro\\\/produkt\\\/rebobinare\\\/#primaryimage\"},\"image\":{\"@id\":\"https:\\\/\\\/vss.sk\\\/ro\\\/produkt\\\/rebobinare\\\/#primaryimage\"},\"thumbnailUrl\":\"https:\\\/\\\/vss.sk\\\/wp-content\\\/uploads\\\/2024\\\/06\\\/przewijanie-img-min.png\",\"datePublished\":\"2024-06-28T07:53:47+00:00\",\"dateModified\":\"2025-12-11T07:58:08+00:00\",\"description\":\"Wykonujemy us\u0142ugi przewijania kr\u0119g\u00f3w o masie do 25 t. Zapewniamy szybki proces przewijania i niskie wagi wyj\u015bciowe kr\u0119g\u00f3w. Ta\u015bmy mo\u017cemy pokry\u0107 pow\u0142ok\u0105 antykondensacyjn\u0105 lub foli\u0105 ochronn\u0105. Przetworzony materia\u0142 jest profesjonalnie zabezpieczany i pakowany.\",\"breadcrumb\":{\"@id\":\"https:\\\/\\\/vss.sk\\\/ro\\\/produkt\\\/rebobinare\\\/#breadcrumb\"},\"inLanguage\":\"ro-RO\",\"potentialAction\":[{\"@type\":\"ReadAction\",\"target\":[\"https:\\\/\\\/vss.sk\\\/ro\\\/produkt\\\/rebobinare\\\/\"]}]},{\"@type\":\"ImageObject\",\"inLanguage\":\"ro-RO\",\"@id\":\"https:\\\/\\\/vss.sk\\\/ro\\\/produkt\\\/rebobinare\\\/#primaryimage\",\"url\":\"https:\\\/\\\/vss.sk\\\/wp-content\\\/uploads\\\/2024\\\/06\\\/przewijanie-img-min.png\",\"contentUrl\":\"https:\\\/\\\/vss.sk\\\/wp-content\\\/uploads\\\/2024\\\/06\\\/przewijanie-img-min.png\",\"width\":820,\"height\":547},{\"@type\":\"BreadcrumbList\",\"@id\":\"https:\\\/\\\/vss.sk\\\/ro\\\/produkt\\\/rebobinare\\\/#breadcrumb\",\"itemListElement\":[{\"@type\":\"ListItem\",\"position\":1,\"name\":\"Home\",\"item\":\"https:\\\/\\\/vss.sk\\\/ro\\\/\"},{\"@type\":\"ListItem\",\"position\":2,\"name\":\"Rebobinare\"}]},{\"@type\":\"WebSite\",\"@id\":\"https:\\\/\\\/vss.sk\\\/#website\",\"url\":\"https:\\\/\\\/vss.sk\\\/\",\"name\":\"VSS\",\"description\":\"Centrul Steel Service\",\"potentialAction\":[{\"@type\":\"SearchAction\",\"target\":{\"@type\":\"EntryPoint\",\"urlTemplate\":\"https:\\\/\\\/vss.sk\\\/?s={search_term_string}\"},\"query-input\":{\"@type\":\"PropertyValueSpecification\",\"valueRequired\":true,\"valueName\":\"search_term_string\"}}],\"inLanguage\":\"ro-RO\"}]}<\/script>\n<!-- \/ Yoast SEO plugin. -->","yoast_head_json":{"title":"Rebobinare - Stalowe Centrum Serwisowe VSS","description":"Wykonujemy us\u0142ugi przewijania kr\u0119g\u00f3w o masie do 25 t. Zapewniamy szybki proces przewijania i niskie wagi wyj\u015bciowe kr\u0119g\u00f3w. Ta\u015bmy mo\u017cemy pokry\u0107 pow\u0142ok\u0105 antykondensacyjn\u0105 lub foli\u0105 ochronn\u0105. Przetworzony materia\u0142 jest profesjonalnie zabezpieczany i pakowany.","robots":{"index":"index","follow":"follow","max-snippet":"max-snippet:-1","max-image-preview":"max-image-preview:large","max-video-preview":"max-video-preview:-1"},"canonical":"https:\/\/vss.sk\/ro\/produkt\/rebobinare\/","og_locale":"ro_RO","og_type":"article","og_title":"Rebobinare - Stalowe Centrum Serwisowe VSS","og_description":"Wykonujemy us\u0142ugi przewijania kr\u0119g\u00f3w o masie do 25 t. Zapewniamy szybki proces przewijania i niskie wagi wyj\u015bciowe kr\u0119g\u00f3w. Ta\u015bmy mo\u017cemy pokry\u0107 pow\u0142ok\u0105 antykondensacyjn\u0105 lub foli\u0105 ochronn\u0105. Przetworzony materia\u0142 jest profesjonalnie zabezpieczany i pakowany.","og_url":"https:\/\/vss.sk\/ro\/produkt\/rebobinare\/","og_site_name":"VSS","article_modified_time":"2025-12-11T07:58:08+00:00","og_image":[{"width":820,"height":547,"url":"https:\/\/vss.sk\/wp-content\/uploads\/2024\/06\/przewijanie-img-min.png","type":"image\/png"}],"twitter_card":"summary_large_image","twitter_misc":{"Est. reading time":"3 minute"},"schema":{"@context":"https:\/\/schema.org","@graph":[{"@type":"WebPage","@id":"https:\/\/vss.sk\/ro\/produkt\/rebobinare\/","url":"https:\/\/vss.sk\/ro\/produkt\/rebobinare\/","name":"Rebobinare - Stalowe Centrum Serwisowe VSS","isPartOf":{"@id":"https:\/\/vss.sk\/#website"},"primaryImageOfPage":{"@id":"https:\/\/vss.sk\/ro\/produkt\/rebobinare\/#primaryimage"},"image":{"@id":"https:\/\/vss.sk\/ro\/produkt\/rebobinare\/#primaryimage"},"thumbnailUrl":"https:\/\/vss.sk\/wp-content\/uploads\/2024\/06\/przewijanie-img-min.png","datePublished":"2024-06-28T07:53:47+00:00","dateModified":"2025-12-11T07:58:08+00:00","description":"Wykonujemy us\u0142ugi przewijania kr\u0119g\u00f3w o masie do 25 t. Zapewniamy szybki proces przewijania i niskie wagi wyj\u015bciowe kr\u0119g\u00f3w. Ta\u015bmy mo\u017cemy pokry\u0107 pow\u0142ok\u0105 antykondensacyjn\u0105 lub foli\u0105 ochronn\u0105. Przetworzony materia\u0142 jest profesjonalnie zabezpieczany i pakowany.","breadcrumb":{"@id":"https:\/\/vss.sk\/ro\/produkt\/rebobinare\/#breadcrumb"},"inLanguage":"ro-RO","potentialAction":[{"@type":"ReadAction","target":["https:\/\/vss.sk\/ro\/produkt\/rebobinare\/"]}]},{"@type":"ImageObject","inLanguage":"ro-RO","@id":"https:\/\/vss.sk\/ro\/produkt\/rebobinare\/#primaryimage","url":"https:\/\/vss.sk\/wp-content\/uploads\/2024\/06\/przewijanie-img-min.png","contentUrl":"https:\/\/vss.sk\/wp-content\/uploads\/2024\/06\/przewijanie-img-min.png","width":820,"height":547},{"@type":"BreadcrumbList","@id":"https:\/\/vss.sk\/ro\/produkt\/rebobinare\/#breadcrumb","itemListElement":[{"@type":"ListItem","position":1,"name":"Home","item":"https:\/\/vss.sk\/ro\/"},{"@type":"ListItem","position":2,"name":"Rebobinare"}]},{"@type":"WebSite","@id":"https:\/\/vss.sk\/#website","url":"https:\/\/vss.sk\/","name":"VSS","description":"Centrul Steel Service","potentialAction":[{"@type":"SearchAction","target":{"@type":"EntryPoint","urlTemplate":"https:\/\/vss.sk\/?s={search_term_string}"},"query-input":{"@type":"PropertyValueSpecification","valueRequired":true,"valueName":"search_term_string"}}],"inLanguage":"ro-RO"}]}},"_links":{"self":[{"href":"https:\/\/vss.sk\/ro\/wp-json\/wp\/v2\/product\/53881","targetHints":{"allow":["GET"]}}],"collection":[{"href":"https:\/\/vss.sk\/ro\/wp-json\/wp\/v2\/product"}],"about":[{"href":"https:\/\/vss.sk\/ro\/wp-json\/wp\/v2\/types\/product"}],"wp:featuredmedia":[{"embeddable":true,"href":"https:\/\/vss.sk\/ro\/wp-json\/wp\/v2\/media\/53882"}],"wp:attachment":[{"href":"https:\/\/vss.sk\/ro\/wp-json\/wp\/v2\/media?parent=53881"}],"wp:term":[{"taxonomy":"product_category","embeddable":true,"href":"https:\/\/vss.sk\/ro\/wp-json\/wp\/v2\/product_category?post=53881"},{"taxonomy":"warranty","embeddable":true,"href":"https:\/\/vss.sk\/ro\/wp-json\/wp\/v2\/warranty?post=53881"},{"taxonomy":"product_serie","embeddable":true,"href":"https:\/\/vss.sk\/ro\/wp-json\/wp\/v2\/product_serie?post=53881"}],"curies":[{"name":"wp","href":"https:\/\/api.w.org\/{rel}","templated":true}]}}