{"id":54015,"date":"2022-01-12T14:52:23","date_gmt":"2022-01-12T13:52:23","guid":{"rendered":"https:\/\/vss.sk\/strona-glowna-2\/"},"modified":"2025-02-21T13:42:50","modified_gmt":"2025-02-21T12:42:50","slug":"pagina-de-start","status":"publish","type":"page","link":"https:\/\/vss.sk\/ro\/","title":{"rendered":"Pagina de start"},"content":{"rendered":"\n<div class=\"wp-block-group is-style-narrow-group\"><div class=\"wp-block-group__inner-container is-layout-flow wp-block-group-is-layout-flow\">\n<div class=\"wp-block-group is-style-with-b2-background\"><div class=\"wp-block-group__inner-container is-layout-flow wp-block-group-is-layout-flow\">\r\n<div class=\"section__data\" data-section=\"BINE A\u021aI VENIT \u00ceN LUMEA VSS\"><\/div>\n\n\n<div style=\"height:100px\" aria-hidden=\"true\" class=\"wp-block-spacer is-style-small-spacer\"><\/div>\n\n\n\n<p class=\"has-text-align-center noMarginBottom has-red-color has-text-color\"><strong>SELECTA\u021aI MARCA CARE V\u0102 INTERESEAZ\u0102 PENTRU A MERGE LA PAGINA DEDICAT\u0102.<\/strong><\/p>\n\n\n\n<h2 class=\"wp-block-heading has-text-align-center noMarginTop noMarginBottom is-style-h1\">BINE A\u021aI VENIT \u00ceN LUMEA VSS<\/h2>\n\n\n\n<div style=\"height:100px\" aria-hidden=\"true\" class=\"wp-block-spacer is-style-small-spacer\"><\/div>\n<\/div><\/div>\n<\/div><\/div>\n\n\n\n<div class=\"wp-block-group is-style-narrower-group\"><div class=\"wp-block-group__inner-container is-layout-constrained wp-block-group-is-layout-constrained\">\n<p class=\"has-text-align-center\" style=\"font-size:22px\">La uzina <strong>VSS<\/strong>, producem sistemul fotovoltaic integrat <strong>SOLROOF<\/strong>, sistemele de jgheaburi <strong>INGURI<\/strong> \u0219i panourile sandwich. De asemenea, la unitatea de produc\u021bie a fost lansat un <strong>centru de servicii pentru o\u021bel<\/strong> pentru clien\u021bii care caut\u0103 un material cu propriet\u0103\u021bi \u0219i niveluri de prelucrare specifice.<\/p>\n<\/div><\/div>\n\n\n\n<div style=\"height:100px\" aria-hidden=\"true\" class=\"wp-block-spacer is-style-smaller-spacer\"><\/div>\n\n\n\n<div class=\"wp-block-group\"><div class=\"wp-block-group__inner-container is-layout-flow wp-block-group-is-layout-flow\">\r\n<div class=\"section__data\" data-section=\"OFERT\u0102\"><\/div>\n\n\n<div class=\"wp-block-columns is-style-grid is-layout-flex wp-container-core-columns-is-layout-9d6595d7 wp-block-columns-is-layout-flex\">\n<div class=\"wp-block-column is-layout-flow wp-block-column-is-layout-flow\">\n<div class=\"wp-block-cover is-style-content-from-bottom\"><span aria-hidden=\"true\" class=\"wp-block-cover__background has-black-background-color has-background-dim\"><\/span><img loading=\"lazy\" decoding=\"async\" width=\"526\" height=\"534\" class=\"wp-block-cover__image-background wp-image-52302\" alt=\"\" src=\"https:\/\/vss.sk\/wp-content\/uploads\/2024\/10\/rozkroje-block-img-1.png\" data-object-fit=\"cover\"\/><div class=\"wp-block-cover__inner-container is-layout-flow wp-block-cover-is-layout-flow\">\n<h2 class=\"wp-block-heading is-style-h3 has-white-color has-text-color\">T\u0103iere longitudinal\u0103<\/h2>\n\n\n\n<p class=\"has-white-color has-text-color\">Furniz\u0103m table din o\u0163el, utilizate la fabricarea unei game largi de produse. Dispunem de linii de t\u0103iere \u00een foi \u015fi bobine.<\/p>\n\n\n\n<div class=\"wp-block-group\"><div class=\"wp-block-group__inner-container is-layout-flow wp-block-group-is-layout-flow\">\n<a href=\"https:\/\/vss.sk\/ro\/produkt\/taiere-longitudinala\/\"  class=\"button button--red \">AFLA\u021aI MAI MULTE<\/a><\/div><\/div>\n<\/div><\/div>\n<\/div>\n\n\n\n<div class=\"wp-block-column is-layout-flow wp-block-column-is-layout-flow\">\n<div class=\"wp-block-cover is-style-content-from-bottom\"><span aria-hidden=\"true\" class=\"wp-block-cover__background has-black-background-color has-background-dim\"><\/span><img loading=\"lazy\" decoding=\"async\" width=\"526\" height=\"534\" class=\"wp-block-cover__image-background wp-image-52308\" alt=\"\" src=\"https:\/\/vss.sk\/wp-content\/uploads\/2024\/10\/kregi-block-img-1.png\" data-object-fit=\"cover\"\/><div class=\"wp-block-cover__inner-container is-layout-flow wp-block-cover-is-layout-flow\">\n<h2 class=\"wp-block-heading is-style-h3\">Rebobinare<\/h2>\n\n\n\n<p>Oferim servicii de rebobinare pentru role cu o greutate de p\u00e2n\u0103 la 25 t.Asigur\u0103m un proces rapid de rebobinare \u015fi toleran\u0163e reduse.<\/p>\n\n\n\n<div class=\"wp-block-group\"><div class=\"wp-block-group__inner-container is-layout-flow wp-block-group-is-layout-flow\">\n<a href=\"https:\/\/vss.sk\/ro\/produkt\/rebobinare\/\"  class=\"button button--red \">AFLA\u021aI MAI MULTE<\/a><\/div><\/div>\n<\/div><\/div>\n<\/div>\n\n\n\n<div class=\"wp-block-column is-layout-flow wp-block-column-is-layout-flow\">\n<div class=\"wp-block-cover is-style-content-from-bottom\"><span aria-hidden=\"true\" class=\"wp-block-cover__background has-black-background-color has-background-dim\"><\/span><img loading=\"lazy\" decoding=\"async\" width=\"526\" height=\"534\" class=\"wp-block-cover__image-background wp-image-52314\" alt=\"\" src=\"https:\/\/vss.sk\/wp-content\/uploads\/2024\/10\/formatki-block-img-1.png\" data-object-fit=\"cover\"\/><div class=\"wp-block-cover__inner-container is-layout-flow wp-block-cover-is-layout-flow\">\n<h2 class=\"wp-block-heading is-style-h3\">T\u0103iere transversal\u0103 trapezoidal\u0103\/romboidal\u0103<\/h2>\n\n\n\n<p>Oferim t\u0103iere transversal\u0103 \u00een foi standard \u015fi non-standard, precum \u015fi<br>t\u0103iere oblic\u0103 \u00een formate trapezoidale \u015fi romboidale.<\/p>\n\n\n\n<div class=\"wp-block-group\"><div class=\"wp-block-group__inner-container is-layout-flow wp-block-group-is-layout-flow\">\n<a href=\"https:\/\/vss.sk\/ro\/produkt\/taiere-transversala-trapezoidala-romboidala\/\"  class=\"button button--red \">AFLA\u021aI MAI MULTE<\/a><\/div><\/div>\n<\/div><\/div>\n<\/div>\n<\/div>\n\n\n\n<div class=\"wp-block-columns is-style-grid is-layout-flex wp-container-core-columns-is-layout-9d6595d7 wp-block-columns-is-layout-flex\">\n<div class=\"wp-block-column is-layout-flow wp-block-column-is-layout-flow\">\n<div class=\"wp-block-cover is-style-content-from-bottom\"><span aria-hidden=\"true\" class=\"wp-block-cover__background has-black-background-color has-background-dim\"><\/span><img loading=\"lazy\" decoding=\"async\" width=\"526\" height=\"534\" class=\"wp-block-cover__image-background wp-image-52295\" alt=\"\" src=\"https:\/\/vss.sk\/wp-content\/uploads\/2024\/10\/Zabezpieczenie-i-pakowanie-block-img.png\" style=\"object-position:52% 73%\" data-object-fit=\"cover\" data-object-position=\"52% 73%\"\/><div class=\"wp-block-cover__inner-container is-layout-flow wp-block-cover-is-layout-flow\">\n<h2 class=\"wp-block-heading is-style-h3\">Protec\u0163ie \u015fi ambalare<\/h2>\n\n\n\n<p>Materialul prelucrat este ambalat \u00een mod corespunz\u0103tor. Bobinele t\u0103iate pe lungime sunt \u00eempachetate pe vertical\u0103 \u201eeye to sky\u201d pe un palet \u015fi fixate corespunz\u0103tor pentru depozitare \u015fi transport.<\/p>\n\n\n\n<div class=\"wp-block-group\"><div class=\"wp-block-group__inner-container is-layout-flow wp-block-group-is-layout-flow\">\n<a href=\"https:\/\/vss.sk\/ro\/produkt\/protectie-si-ambalare\/\"  class=\"button button--red \">AFLA\u021aI MAI MULTE<\/a><\/div><\/div>\n<\/div><\/div>\n<\/div>\n\n\n\n<div class=\"wp-block-column is-vertically-aligned-center is-layout-flow wp-block-column-is-layout-flow\" style=\"flex-basis:66.2%\">\n<div class=\"wp-block-cover is-style-content-from-bottom\"><span aria-hidden=\"true\" class=\"wp-block-cover__background has-black-background-color has-background-dim\"><\/span><img loading=\"lazy\" decoding=\"async\" width=\"1500\" height=\"1001\" class=\"wp-block-cover__image-background wp-image-5193\" alt=\"\" src=\"https:\/\/vss.sk\/wp-content\/uploads\/2022\/03\/SCS_perforacja_blach.jpg\" style=\"object-position:67% 26%\" data-object-fit=\"cover\" data-object-position=\"67% 26%\" srcset=\"https:\/\/vss.sk\/wp-content\/uploads\/2022\/03\/SCS_perforacja_blach.jpg 1500w, https:\/\/vss.sk\/wp-content\/uploads\/2022\/03\/SCS_perforacja_blach-820x547.jpg 820w, https:\/\/vss.sk\/wp-content\/uploads\/2022\/03\/SCS_perforacja_blach-1024x683.jpg 1024w, https:\/\/vss.sk\/wp-content\/uploads\/2022\/03\/SCS_perforacja_blach-768x513.jpg 768w\" sizes=\"auto, (max-width: 1500px) 100vw, 1500px\" \/><div class=\"wp-block-cover__inner-container is-layout-flow wp-block-cover-is-layout-flow\">\n<h2 class=\"wp-block-heading is-style-h3\">Perforarea tablei<\/h2>\n\n\n\n<p>Tabla perforat\u0103 se utilizeaz\u0103 pe scar\u0103 larg\u0103 pentru a ob\u0163ine efectul stilistic<br>dorit \u00een arhitectura exterioar\u0103 \u015fi interioar\u0103. Perforarea tablelor este perfect\u0103<br>pentru sistemele de pere\u0163i de protec\u0163ie ventila\u0163i sau pentru iluminarea fa\u0163adei din<br>interior.<\/p>\n\n\n\n<div class=\"wp-block-group\"><div class=\"wp-block-group__inner-container is-layout-flow wp-block-group-is-layout-flow\">\n<a href=\"https:\/\/vss.sk\/ro\/produkt\/perforarea-tablei\/\"  class=\"button button--red \">AFLA\u021aI MAI MULTE<\/a><\/div><\/div>\n<\/div><\/div>\n<\/div>\n<\/div>\n<\/div><\/div>\n\n\n\n<div class=\"wp-block-group has-white-background-color has-background\"><div class=\"wp-block-group__inner-container is-layout-flow wp-block-group-is-layout-flow\">\r\n<div class=\"section__data\" data-section=\"OFERT\u0102 COMPLET\u0102\"><\/div>\n\n\n<div style=\"height:100px\" aria-hidden=\"true\" class=\"wp-block-spacer is-style-small-spacer\"><\/div>\n\n\n\n<h2 class=\"wp-block-heading is-style-h2\">OFERT\u0102 COMPLET\u0102<\/h2>\n\n\n\n<p>Consulta\u021bi categoriile noastre individuale de produse.<\/p>\n\n\n\n<div class=\"caegorylist\">\n    <a href=\"https:\/\/solroof.eu\/ro\/\" class=\"categorylist__item categorylist__item--solroof\">\n        <figure><img decoding=\"async\" src=\"https:\/\/vss.sk\/wp-content\/uploads\/2023\/02\/volt-2.svg\" alt=\"\"><\/figure>\n\n        <p class=\"categorylist__itemTitle\">\n            <span>Acoperi\u0219 fotovoltaic din o\u021bel 2\u00een1<\/span>\n            <strong>SOLROOF<\/strong>\n        <\/p>\n    <\/a>\n    <a href=\"https:\/\/bp2.eu\/ro\/oferta\/acoperisuri-rezidentiale\/?type=tigla-metalica-modulara\" class=\"categorylist__item categorylist__item--red\">\n        <figure><img decoding=\"async\" src=\"https:\/\/vss.sk\/wp-content\/uploads\/2022\/08\/modular-series-1.svg\" alt=\"\"><\/figure>\n\n        <p class=\"categorylist__itemTitle\">\n            <span>\u021aigle metalice<\/span>\n            <strong>MODULAR SERIES<\/strong>\n        <\/p>\n    <\/a>\n    <a href=\"https:\/\/bp2.eu\/ro\/oferta\/acoperisuri-rezidentiale\/?type=tigla-metalica-compacta\" class=\"categorylist__item categorylist__item--red\">\n        <figure><img decoding=\"async\" src=\"https:\/\/vss.sk\/wp-content\/uploads\/2022\/08\/compact-series-1.svg\" alt=\"\"><\/figure>\n\n        <p class=\"categorylist__itemTitle\">\n            <span>\u021aigle metalice<\/span>\n            <strong>COMPACT SERIES<\/strong>\n        <\/p>\n    <\/a>\n    <a href=\"https:\/\/bp2.eu\/ro\/oferta\/acoperisuri-rezidentiale\/?type=tigla-metalica-clasica-taiata-la-dimensiune\" class=\"categorylist__item categorylist__item--red\">\n        <figure><img decoding=\"async\" src=\"https:\/\/vss.sk\/wp-content\/uploads\/2022\/08\/classic-series-1.svg\" alt=\"\"><\/figure>\n\n        <p class=\"categorylist__itemTitle\">\n            <span>\u021aigle metalice<\/span>\n            <strong>CLASSIC SERIES<\/strong>\n        <\/p>\n    <\/a>\n    <a href=\"https:\/\/bp2.eu\/ro\/oferta\/acoperisuri-rezidentiale\/?type=tigle-metalice-de-acoperis-retro\" class=\"categorylist__item categorylist__item--red\">\n        <figure><img decoding=\"async\" src=\"https:\/\/vss.sk\/wp-content\/uploads\/2022\/08\/blachodachowki-retro.svg\" alt=\"\"><\/figure>\n\n        <p class=\"categorylist__itemTitle\">\n            <span>\u021aigle metalice<\/span>\n            <strong>RETRO<\/strong>\n        <\/p>\n    <\/a>\n    <a href=\"https:\/\/bp2.eu\/ro\/oferta\/acoperisuri-rezidentiale\/?type=panel-series\" class=\"categorylist__item categorylist__item--red\">\n        <figure><img decoding=\"async\" src=\"https:\/\/vss.sk\/wp-content\/uploads\/2022\/08\/panel-series-1.svg\" alt=\"\"><\/figure>\n\n        <p class=\"categorylist__itemTitle\">\n            <span>Panouri pentru acoperis<\/span>\n            <strong>PANEL SERIES<\/strong>\n        <\/p>\n    <\/a>\n    <a href=\"https:\/\/bp2.eu\/ro\/oferta\/acoperisuri-rezidentiale\/?type=sistem-jgheaburi-din-otel-inguri\" class=\"categorylist__item categorylist__item--red\">\n        <figure><img decoding=\"async\" src=\"https:\/\/vss.sk\/wp-content\/uploads\/2022\/08\/inguri-1.svg\" alt=\"\"><\/figure>\n\n        <p class=\"categorylist__itemTitle\">\n            <span>Sistemul de drenaj<\/span>\n            <strong>INGURI<\/strong>\n        <\/p>\n    <\/a>\n    <a href=\"https:\/\/bp2.eu\/ro\/oferta\/acoperisuri-rezidentiale\/?type=table-trapezoidale\" class=\"categorylist__item categorylist__item--red\">\n        <figure><img decoding=\"async\" src=\"https:\/\/vss.sk\/wp-content\/uploads\/2022\/08\/blachy-trapezowe.svg\" alt=\"\"><\/figure>\n\n        <p class=\"categorylist__itemTitle\">\n            <span><\/span>\n            <strong>Table trapezoidale<\/strong>\n        <\/p>\n    <\/a>\n    <a href=\"https:\/\/bp2.eu\/ro\/oferta\/acoperisuri-rezidentiale\/?type=table-plane\" class=\"categorylist__item categorylist__item--red\">\n        <figure><img decoding=\"async\" src=\"https:\/\/vss.sk\/wp-content\/uploads\/2022\/08\/blachy-plaskie.svg\" alt=\"\"><\/figure>\n\n        <p class=\"categorylist__itemTitle\">\n            <span><\/span>\n            <strong>Tabl\u0103 plan\u0103<\/strong>\n        <\/p>\n    <\/a>\n    <a href=\"https:\/\/bp2.eu\/ro\/oferta\/acoperisuri-rezidentiale\/?type=prelucrari-din-tabla\" class=\"categorylist__item categorylist__item--red\">\n        <figure><img decoding=\"async\" src=\"https:\/\/vss.sk\/wp-content\/uploads\/2022\/08\/obrobki-blacharskie.svg\" alt=\"\"><\/figure>\n\n        <p class=\"categorylist__itemTitle\">\n            <span><\/span>\n            <strong>Accesorii din tabl\u0103<\/strong>\n        <\/p>\n    <\/a>\n    <a href=\"https:\/\/bp2.eu\/ro\/oferta\/acoperisuri-rezidentiale\/?type=accesorii\" class=\"categorylist__item categorylist__item--red\">\n        <figure><img decoding=\"async\" src=\"https:\/\/vss.sk\/wp-content\/uploads\/2022\/08\/akcesoria-dachowe.svg\" alt=\"\"><\/figure>\n\n        <p class=\"categorylist__itemTitle\">\n            <span><\/span>\n            <strong>Accesorii<\/strong>\n        <\/p>\n    <\/a>\n    <a href=\"https:\/\/bp2.eu\/ro\/oferta\/acoperisuri-comerciale\/?type=panouri-sandwich-corepir\" class=\"categorylist__item categorylist__item--red\">\n        <figure><img decoding=\"async\" src=\"https:\/\/vss.sk\/wp-content\/uploads\/2022\/09\/plyty-warstwowe-dachowe-1.svg\" alt=\"\"><\/figure>\n\n        <p class=\"categorylist__itemTitle\">\n            <span>Panouri sandwich<\/span>\n            <strong>CorePIR<\/strong>\n        <\/p>\n    <\/a>\n    <a href=\"https:\/\/bp2.eu\/ro\/oferta\/acoperisuri-comerciale\/?type=panouri-sandwich-corewool\" class=\"categorylist__item categorylist__item--red\">\n        <figure><img decoding=\"async\" src=\"https:\/\/vss.sk\/wp-content\/uploads\/2022\/09\/plyty-warstwowe-scienne-1.svg\" alt=\"\"><\/figure>\n\n        <p class=\"categorylist__itemTitle\">\n            <span>Panouri sandwich<\/span>\n            <strong>CoreWOOL<\/strong>\n        <\/p>\n    <\/a>\n    <a href=\"https:\/\/bp2.eu\/ro\/oferta\/acoperisuri-comerciale\/?type=sisteme-pentru-fatade\" class=\"categorylist__item categorylist__item--red\">\n        <figure><img decoding=\"async\" src=\"https:\/\/vss.sk\/wp-content\/uploads\/2022\/08\/skrin-linea-sinus.svg\" alt=\"\"><\/figure>\n\n        <p class=\"categorylist__itemTitle\">\n            <span>Placarea fa\u021badelor<\/span>\n            <strong>SKRIN, LINEA, SINUS<\/strong>\n        <\/p>\n    <\/a>\n    <a href=\"https:\/\/bp2.eu\/ro\/oferta\/acoperisuri-comerciale\/?type=casete-pentru-fatada-si-prosystherm\" class=\"categorylist__item categorylist__item--red\">\n        <figure><img decoding=\"async\" src=\"https:\/\/vss.sk\/wp-content\/uploads\/2022\/08\/kasety-scienne-i-prosystem.svg\" alt=\"\"><\/figure>\n\n        <p class=\"categorylist__itemTitle\">\n            <span><\/span>\n            <strong>Casete de fa\u021bade &#038; PROSYSTHERM<\/strong>\n        <\/p>\n    <\/a>\n    <a href=\"https:\/\/vss.sk\/ro\/produkt\/rebobinare\/\" class=\"categorylist__item categorylist__item--red\">\n        <figure><img decoding=\"async\" src=\"https:\/\/vss.sk\/wp-content\/uploads\/2024\/10\/przewijanie-icon-1.svg\" alt=\"\"><\/figure>\n\n        <p class=\"categorylist__itemTitle\">\n            <span><\/span>\n            <strong>Rebobinare<\/strong>\n        <\/p>\n    <\/a>\n    <a href=\"https:\/\/vss.sk\/ro\/produkt\/taiere-longitudinala\/\" class=\"categorylist__item categorylist__item--red\">\n        <figure><img decoding=\"async\" src=\"https:\/\/vss.sk\/wp-content\/uploads\/2024\/10\/rozkroje-icon-1.svg\" alt=\"\"><\/figure>\n\n        <p class=\"categorylist__itemTitle\">\n            <span><\/span>\n            <strong>T\u0103iere longitudinal\u0103<\/strong>\n        <\/p>\n    <\/a>\n    <a href=\"https:\/\/vss.sk\/ro\/produkt\/taiere-transversala-trapezoidala-romboidala\/\" class=\"categorylist__item categorylist__item--red\">\n        <figure><img decoding=\"async\" src=\"https:\/\/vss.sk\/wp-content\/uploads\/2022\/08\/formatki.svg\" alt=\"\"><\/figure>\n\n        <p class=\"categorylist__itemTitle\">\n            <span><\/span>\n            <strong>Formate<\/strong>\n        <\/p>\n    <\/a>\n    <a href=\"https:\/\/vss.sk\/ro\/produkt\/perforarea-tablei\/\" class=\"categorylist__item categorylist__item--red\">\n        <figure><img decoding=\"async\" src=\"https:\/\/vss.sk\/wp-content\/uploads\/2022\/08\/perforacja.svg\" alt=\"\"><\/figure>\n\n        <p class=\"categorylist__itemTitle\">\n            <span><\/span>\n            <strong>Perforarea tablei<\/strong>\n        <\/p>\n    <\/a>\n<\/div><\/div><\/div>\n\n\n\n<div style=\"height:100px\" aria-hidden=\"true\" class=\"wp-block-spacer is-style-medium-spacer\"><\/div>\n\n\n\r\n<div class=\"section__data\" data-section=\"Nout\u0103\u021bi\"><\/div>","protected":false},"excerpt":{"rendered":"<p>SELECTA\u021aI MARCA CARE V\u0102 INTERESEAZ\u0102 PENTRU A MERGE LA PAGINA DEDICAT\u0102. BINE A\u021aI VENIT \u00ceN LUMEA VSS La uzina VSS, producem sistemul fotovoltaic integrat SOLROOF, sistemele de jgheaburi INGURI \u0219i panourile sandwich. De asemenea, la unitatea de produc\u021bie a fost lansat un centru de servicii pentru o\u021bel pentru clien\u021bii care caut\u0103 un material cu propriet\u0103\u021bi [&hellip;]<\/p>\n","protected":false},"author":1,"featured_media":0,"parent":0,"menu_order":44,"comment_status":"closed","ping_status":"closed","template":"templates\/home.php","meta":{"_acf_changed":false,"inline_featured_image":false,"footnotes":""},"class_list":["post-54015","page","type-page","status-publish","hentry"],"acf":[],"yoast_head":"<!-- This site is optimized with the Yoast SEO plugin v27.3 - https:\/\/yoast.com\/product\/yoast-seo-wordpress\/ -->\n<title>Pagina de start - VSS<\/title>\n<meta name=\"robots\" content=\"index, follow, max-snippet:-1, max-image-preview:large, max-video-preview:-1\" \/>\n<link rel=\"canonical\" href=\"https:\/\/vss.sk\/ro\/\" \/>\n<meta property=\"og:locale\" content=\"ro_RO\" \/>\n<meta property=\"og:type\" content=\"article\" \/>\n<meta property=\"og:title\" content=\"Pagina de start - VSS\" \/>\n<meta property=\"og:description\" content=\"SELECTA\u021aI MARCA CARE V\u0102 INTERESEAZ\u0102 PENTRU A MERGE LA PAGINA DEDICAT\u0102. BINE A\u021aI VENIT \u00ceN LUMEA VSS La uzina VSS, producem sistemul fotovoltaic integrat SOLROOF, sistemele de jgheaburi INGURI \u0219i panourile sandwich. De asemenea, la unitatea de produc\u021bie a fost lansat un centru de servicii pentru o\u021bel pentru clien\u021bii care caut\u0103 un material cu propriet\u0103\u021bi [&hellip;]\" \/>\n<meta property=\"og:url\" content=\"https:\/\/vss.sk\/ro\/\" \/>\n<meta property=\"og:site_name\" content=\"VSS\" \/>\n<meta property=\"article:modified_time\" content=\"2025-02-21T12:42:50+00:00\" \/>\n<meta property=\"og:image\" content=\"https:\/\/vss.sk\/wp-content\/uploads\/2024\/10\/rozkroje-block-img-1.png\" \/>\n\t<meta property=\"og:image:width\" content=\"526\" \/>\n\t<meta property=\"og:image:height\" content=\"534\" \/>\n\t<meta property=\"og:image:type\" content=\"image\/png\" \/>\n<meta name=\"twitter:card\" content=\"summary_large_image\" \/>\n<meta name=\"twitter:label1\" content=\"Est. reading time\" \/>\n\t<meta name=\"twitter:data1\" content=\"3 minute\" \/>\n<script type=\"application\/ld+json\" class=\"yoast-schema-graph\">{\"@context\":\"https:\\\/\\\/schema.org\",\"@graph\":[{\"@type\":\"WebPage\",\"@id\":\"https:\\\/\\\/vss.sk\\\/ro\\\/\",\"url\":\"https:\\\/\\\/vss.sk\\\/ro\\\/\",\"name\":\"Pagina de start - VSS\",\"isPartOf\":{\"@id\":\"https:\\\/\\\/vss.sk\\\/#website\"},\"primaryImageOfPage\":{\"@id\":\"https:\\\/\\\/vss.sk\\\/ro\\\/#primaryimage\"},\"image\":{\"@id\":\"https:\\\/\\\/vss.sk\\\/ro\\\/#primaryimage\"},\"thumbnailUrl\":\"https:\\\/\\\/vss.sk\\\/wp-content\\\/uploads\\\/2024\\\/10\\\/rozkroje-block-img-1.png\",\"datePublished\":\"2022-01-12T13:52:23+00:00\",\"dateModified\":\"2025-02-21T12:42:50+00:00\",\"breadcrumb\":{\"@id\":\"https:\\\/\\\/vss.sk\\\/ro\\\/#breadcrumb\"},\"inLanguage\":\"ro-RO\",\"potentialAction\":[{\"@type\":\"ReadAction\",\"target\":[\"https:\\\/\\\/vss.sk\\\/ro\\\/\"]}]},{\"@type\":\"ImageObject\",\"inLanguage\":\"ro-RO\",\"@id\":\"https:\\\/\\\/vss.sk\\\/ro\\\/#primaryimage\",\"url\":\"https:\\\/\\\/vss.sk\\\/wp-content\\\/uploads\\\/2024\\\/10\\\/rozkroje-block-img-1.png\",\"contentUrl\":\"https:\\\/\\\/vss.sk\\\/wp-content\\\/uploads\\\/2024\\\/10\\\/rozkroje-block-img-1.png\"},{\"@type\":\"BreadcrumbList\",\"@id\":\"https:\\\/\\\/vss.sk\\\/ro\\\/#breadcrumb\",\"itemListElement\":[{\"@type\":\"ListItem\",\"position\":1,\"name\":\"Home\",\"item\":\"https:\\\/\\\/vss.sk\\\/ro\\\/\"},{\"@type\":\"ListItem\",\"position\":2,\"name\":\"Pagina de start\"}]},{\"@type\":\"WebSite\",\"@id\":\"https:\\\/\\\/vss.sk\\\/#website\",\"url\":\"https:\\\/\\\/vss.sk\\\/\",\"name\":\"VSS\",\"description\":\"Centrul Steel Service\",\"potentialAction\":[{\"@type\":\"SearchAction\",\"target\":{\"@type\":\"EntryPoint\",\"urlTemplate\":\"https:\\\/\\\/vss.sk\\\/?s={search_term_string}\"},\"query-input\":{\"@type\":\"PropertyValueSpecification\",\"valueRequired\":true,\"valueName\":\"search_term_string\"}}],\"inLanguage\":\"ro-RO\"}]}<\/script>\n<!-- \/ Yoast SEO plugin. -->","yoast_head_json":{"title":"Pagina de start - VSS","robots":{"index":"index","follow":"follow","max-snippet":"max-snippet:-1","max-image-preview":"max-image-preview:large","max-video-preview":"max-video-preview:-1"},"canonical":"https:\/\/vss.sk\/ro\/","og_locale":"ro_RO","og_type":"article","og_title":"Pagina de start - VSS","og_description":"SELECTA\u021aI MARCA CARE V\u0102 INTERESEAZ\u0102 PENTRU A MERGE LA PAGINA DEDICAT\u0102. BINE A\u021aI VENIT \u00ceN LUMEA VSS La uzina VSS, producem sistemul fotovoltaic integrat SOLROOF, sistemele de jgheaburi INGURI \u0219i panourile sandwich. De asemenea, la unitatea de produc\u021bie a fost lansat un centru de servicii pentru o\u021bel pentru clien\u021bii care caut\u0103 un material cu propriet\u0103\u021bi [&hellip;]","og_url":"https:\/\/vss.sk\/ro\/","og_site_name":"VSS","article_modified_time":"2025-02-21T12:42:50+00:00","og_image":[{"width":526,"height":534,"url":"https:\/\/vss.sk\/wp-content\/uploads\/2024\/10\/rozkroje-block-img-1.png","type":"image\/png"}],"twitter_card":"summary_large_image","twitter_misc":{"Est. reading time":"3 minute"},"schema":{"@context":"https:\/\/schema.org","@graph":[{"@type":"WebPage","@id":"https:\/\/vss.sk\/ro\/","url":"https:\/\/vss.sk\/ro\/","name":"Pagina de start - VSS","isPartOf":{"@id":"https:\/\/vss.sk\/#website"},"primaryImageOfPage":{"@id":"https:\/\/vss.sk\/ro\/#primaryimage"},"image":{"@id":"https:\/\/vss.sk\/ro\/#primaryimage"},"thumbnailUrl":"https:\/\/vss.sk\/wp-content\/uploads\/2024\/10\/rozkroje-block-img-1.png","datePublished":"2022-01-12T13:52:23+00:00","dateModified":"2025-02-21T12:42:50+00:00","breadcrumb":{"@id":"https:\/\/vss.sk\/ro\/#breadcrumb"},"inLanguage":"ro-RO","potentialAction":[{"@type":"ReadAction","target":["https:\/\/vss.sk\/ro\/"]}]},{"@type":"ImageObject","inLanguage":"ro-RO","@id":"https:\/\/vss.sk\/ro\/#primaryimage","url":"https:\/\/vss.sk\/wp-content\/uploads\/2024\/10\/rozkroje-block-img-1.png","contentUrl":"https:\/\/vss.sk\/wp-content\/uploads\/2024\/10\/rozkroje-block-img-1.png"},{"@type":"BreadcrumbList","@id":"https:\/\/vss.sk\/ro\/#breadcrumb","itemListElement":[{"@type":"ListItem","position":1,"name":"Home","item":"https:\/\/vss.sk\/ro\/"},{"@type":"ListItem","position":2,"name":"Pagina de start"}]},{"@type":"WebSite","@id":"https:\/\/vss.sk\/#website","url":"https:\/\/vss.sk\/","name":"VSS","description":"Centrul Steel Service","potentialAction":[{"@type":"SearchAction","target":{"@type":"EntryPoint","urlTemplate":"https:\/\/vss.sk\/?s={search_term_string}"},"query-input":{"@type":"PropertyValueSpecification","valueRequired":true,"valueName":"search_term_string"}}],"inLanguage":"ro-RO"}]}},"_links":{"self":[{"href":"https:\/\/vss.sk\/ro\/wp-json\/wp\/v2\/pages\/54015","targetHints":{"allow":["GET"]}}],"collection":[{"href":"https:\/\/vss.sk\/ro\/wp-json\/wp\/v2\/pages"}],"about":[{"href":"https:\/\/vss.sk\/ro\/wp-json\/wp\/v2\/types\/page"}],"author":[{"embeddable":true,"href":"https:\/\/vss.sk\/ro\/wp-json\/wp\/v2\/users\/1"}],"replies":[{"embeddable":true,"href":"https:\/\/vss.sk\/ro\/wp-json\/wp\/v2\/comments?post=54015"}],"version-history":[{"count":4,"href":"https:\/\/vss.sk\/ro\/wp-json\/wp\/v2\/pages\/54015\/revisions"}],"predecessor-version":[{"id":57799,"href":"https:\/\/vss.sk\/ro\/wp-json\/wp\/v2\/pages\/54015\/revisions\/57799"}],"wp:attachment":[{"href":"https:\/\/vss.sk\/ro\/wp-json\/wp\/v2\/media?parent=54015"}],"curies":[{"name":"wp","href":"https:\/\/api.w.org\/{rel}","templated":true}]}}