{"id":53951,"date":"2024-10-10T11:58:29","date_gmt":"2024-10-10T09:58:29","guid":{"rendered":"https:\/\/vss.sk\/rodzaje-materialu\/"},"modified":"2025-02-17T12:54:55","modified_gmt":"2025-02-17T11:54:55","slug":"tipuri-de-materiale","status":"publish","type":"page","link":"https:\/\/vss.sk\/ro\/tipuri-de-materiale\/","title":{"rendered":"Pelicule, culori \u0219I garan\u021bii"},"content":{"rendered":"\n<div class=\"wp-block-group is-style-with-b2-background\"><div class=\"wp-block-group__inner-container is-layout-flow wp-block-group-is-layout-flow\">\n<div style=\"height:100px\" aria-hidden=\"true\" class=\"wp-block-spacer is-style-small-spacer\"><\/div>\n\n\n\n<p class=\"has-text-align-center noMarginBottom has-red-color has-text-color\"><strong>Sunt lucruri care trebuie s\u0103 fie rezistente<\/strong><\/p>\n\n\n\n<h1 class=\"wp-block-heading has-text-align-center is-style-h1 noMarginTop noMarginBottom\"><strong><strong>PELICULE, CULORI \u0218I GARAN\u021aII<\/strong><\/strong><\/h1>\n\n\n\n<div style=\"height:100px\" aria-hidden=\"true\" class=\"wp-block-spacer is-style-small-spacer\"><\/div>\n<\/div><\/div>\n\n\n\n<div class=\"wp-block-group is-style-narrower-group\"><div class=\"wp-block-group__inner-container is-layout-flow wp-block-group-is-layout-flow\">\n<p class=\"has-text-align-center\" style=\"font-size:22px\">Sunt mai mul\u021bi factori care influen\u021beaz\u0103 calitatea unui acoperi\u0219. Acesta trebuie s\u0103 fie durabil, capabil s\u0103 reziste la condi\u021bii meteo, s\u0103 reziste bine la perioadele calde \u0219i reci ale anului \u0219i, \u00een plus, trebuie s\u0103 fie pl\u0103cut din punct de vedere estetic.\u00a0<strong>Vopselele, \u0219i mai ales propriet\u0103\u021bile lor de protec\u021bie, joac\u0103 un rol imens \u00een succesul final al acoperi\u0219ului.<\/strong><\/p>\n<\/div><\/div>\n\n\n\n<div class=\"wp-block-group\"><div class=\"wp-block-group__inner-container is-layout-flow wp-block-group-is-layout-flow\">\r\n<div class=\"section__data\" data-section=\"XCarb\u00ae ArcelorMittal\"><\/div>\n\n\n<h2 class=\"wp-block-heading\">XCarb\u00ae ArcelorMittal<\/h2>\n\n\n\n    <div class=\"variants__wrapper\">\n                        <div class=\"variants__slidesWrapper\">\n            <div class=\"variants__slides sliderGroup\">\n                                                        <div class=\"variants__slide sliderGroup__elem\">\n                        <div class=\"variants__slideInner\">\n                            <div class=\"variants__colorsWrapper\">\n                                                            <\/div>\n                            <div class=\"variants__contentWrapper\">\n                                <figure class=\"variants__image\"><img decoding=\"async\" src=\"https:\/\/vss.sk\/wp-content\/uploads\/2022\/03\/Projekt-bez-nazwy-1.png\" alt=\"XCarb\u00ae ArcelorMittal\"><\/figure>\n                                <div class=\"variants__content\">\n                                    <p data-renderer-start-pos=\"83\"><strong data-renderer-mark=\"true\">O\u021belul XCarb\u00ae<\/strong> provine din procese de produc\u021bie mai durabile, care <strong data-renderer-mark=\"true\">reduc emisiile de CO2<\/strong> prin utilizarea tehnologiilor moderne, precum reciclarea, reducerea consumului de energie \u0219i implementarea surselor de energie regenerabil\u0103. <strong data-renderer-mark=\"true\">XCarb\u00ae ofer\u0103 un o\u021bel cu un profil sustenabil,<\/strong> ideal pentru companiile care doresc s\u0103 \u00ee\u0219i reduc\u0103 amprenta de carbon.<\/p>\n<p data-renderer-start-pos=\"446\">O\u021belul XCarb\u00ae cu emisii reduse este produs \u00een cuptoare electrice cu arc, folosind materiale <strong data-renderer-mark=\"true\">\u00een propor\u021bie de 75% reciclate<\/strong> \u0219i exclusiv energie electric\u0103 regenerabil\u0103. Amprenta de carbon \u00een cazul utiliz\u0103rii o\u021belului XCarb\u00ae cu emisii reduse este <strong data-renderer-mark=\"true\">cu aproximativ 62% mai mic\u0103<\/strong> dec\u00e2t \u00een cazul solu\u021biilor standard \u00een care tabl\u0103 este acoperit\u0103 cu straturi organice.<\/p>\n<p data-renderer-start-pos=\"805\">\u00cen ciuda reducerii emisiilor de CO2, o\u021belul \u00ee\u0219i p\u0103streaz\u0103 <strong data-renderer-mark=\"true\">excelentele propriet\u0103\u021bi mecanice \u0219i de rezisten\u021b\u0103<\/strong>, comparabile cu produsele tradi\u021bionale din o\u021bel.<\/p>\n<div style=\"display: flex; align-items: center; padding-top: 10px;\">\n<p><img loading=\"lazy\" decoding=\"async\" class=\"alignnone wp-image-98599 \" src=\"https:\/\/bp2.eu\/wp-content\/uploads\/2025\/05\/green-steel.png\" alt=\"\" width=\"106\" height=\"105\" \/><\/p>\n<div><strong> Amprent\u0103 estimat\u0103 de CO2 pentru un acoperi\u0219 de 150 m\u00b2<br \/>\n<\/strong><em> \u2013 Pentru o\u021belul XCarb\u00ae cu emisii reduse: 712,5 kg CO2 echiv.<br \/>\n\u2013 Pentru tablele clasice cu acoperiri organice: 1879,5 kg CO2 echiv.<br \/>\n<\/em><\/div>\n<\/div>\n<div>\n<div><a class=\"button button--black uppercase\" href=\"https:\/\/vss.sk\/wp-content\/uploads\/2025\/01\/xcarb-ro.pdf\" target=\"_self\">VEZI TABELUL<\/a><\/div>\n<\/div>\n                                                                    <\/div>\n                            <\/div>\n                        <\/div>\n\n                    <\/div>\n                            <\/div>\n        <\/div>\n            <\/div>\n\n\n\n<div style=\"height:100px\" aria-hidden=\"true\" class=\"wp-block-spacer is-style-small-spacer\"><\/div>\n<\/div><\/div>\n\n\n\n<div class=\"wp-block-group has-gray-background-color has-background\"><div class=\"wp-block-group__inner-container is-layout-flow wp-block-group-is-layout-flow\">\n<div class=\"wp-block-columns is-layout-flex wp-container-core-columns-is-layout-9d6595d7 wp-block-columns-is-layout-flex\">\n<div class=\"wp-block-column is-layout-flow wp-block-column-is-layout-flow\">\r\n<div class=\"section__data\" data-section=\"Foi laminate la cald\"><\/div>\n\n\n<div style=\"height:100px\" aria-hidden=\"true\" class=\"wp-block-spacer is-style-smaller-spacer\"><\/div>\n\n\n\n<h2 class=\"wp-block-heading\"><strong>Foi laminate la cald<\/strong><\/h2>\n\n\n\n    <div class=\"variants__wrapper\">\n                        <div class=\"variants__slidesWrapper\">\n            <div class=\"variants__slides sliderGroup\">\n                                                        <div class=\"variants__slide sliderGroup__elem\">\n                        <div class=\"variants__slideInner\">\n                            <div class=\"variants__colorsWrapper\">\n                                                            <\/div>\n                            <div class=\"variants__contentWrapper\">\n                                <figure class=\"variants__image\"><img decoding=\"async\" src=\"https:\/\/vss.sk\/wp-content\/uploads\/2024\/10\/rodzaje_materialu_vss-1_kopia.jpg\" alt=\"Table laminate la cald\"><\/figure>\n                                <div class=\"variants__content\">\n                                    <p data-pm-slice=\"1 1 []\">Tablele laminate la cald sunt produse prin procesul de laminare la temperaturi peste temperatura de recristalizare a o\u021belului. Acestea se caracterizeaz\u0103 printr-o bun\u0103 rezisten\u021b\u0103 \u0219i plasticitate, precum \u0219i prin propriet\u0103\u021bi bune de sudare. Sunt adecvate pentru aplica\u021bii structurale \u00een industria ma\u0219inilor \u0219i utilajelor, energetic\u0103 \u0219i auto. Sunt durabile \u0219i u\u0219or de prelucrat.<\/p>\n<p><a class=\"button button--black uppercase\" href=\"https:\/\/vss.sk\/wp-content\/uploads\/2025\/01\/vss-blachy-goracowalcowane-ro.pdf\" target=\"_self\">VEZI TABELUL<\/a><\/p>\n                                                                    <\/div>\n                            <\/div>\n                        <\/div>\n\n                    <\/div>\n                            <\/div>\n        <\/div>\n            <\/div>\n<\/div>\n\n\n\n<div class=\"wp-block-column is-layout-flow wp-block-column-is-layout-flow\">\r\n<div class=\"section__data\" data-section=\"Foi laminate la rece\"><\/div>\n\n\n<div style=\"height:100px\" aria-hidden=\"true\" class=\"wp-block-spacer is-style-smaller-spacer\"><\/div>\n\n\n\n<h2 class=\"wp-block-heading\"><strong>Foi laminate la rece<\/strong><\/h2>\n\n\n\n    <div class=\"variants__wrapper\">\n                        <div class=\"variants__slidesWrapper\">\n            <div class=\"variants__slides sliderGroup\">\n                                                        <div class=\"variants__slide sliderGroup__elem\">\n                        <div class=\"variants__slideInner\">\n                            <div class=\"variants__colorsWrapper\">\n                                                            <\/div>\n                            <div class=\"variants__contentWrapper\">\n                                <figure class=\"variants__image\"><img decoding=\"async\" src=\"https:\/\/vss.sk\/wp-content\/uploads\/2024\/10\/rodzaje_materialu_vss-2_kopia.jpg\" alt=\"Table laminate la rece\"><\/figure>\n                                <div class=\"variants__content\">\n                                    <p data-pm-slice=\"1 1 []\">Tablele laminate la rece sunt produse printr-un proces de laminare la rece, ceea ce duce la un material cu precizie dimensional\u0103 ridicat\u0103 \u0219i o suprafa\u021b\u0103 neted\u0103. Procesul are loc sub temperatura de recristalizare a o\u021belului. Tablele laminate la rece au propriet\u0103\u021bi de rezisten\u021b\u0103 mai mari \u0219i un punct de curgere \u00eembun\u0103t\u0103\u021bit. Se caracterizeaz\u0103 printr-o duritate mai mare \u0219i o rezisten\u021b\u0103 la trac\u021biune superioar\u0103 fa\u021b\u0103 de tablele laminate la cald. \u00cen acela\u0219i timp, au o suprafa\u021b\u0103 mult mai neted\u0103. Aceste caracteristici fac ca tablele laminate la rece s\u0103 fie ideale pentru aplica\u021bii de precizie, precum produc\u021bia de piese auto, electrocasnice \u0219i utilizarea \u00een industria electrotehnic\u0103.<\/p>\n<p><a class=\"button button--black uppercase\" href=\"https:\/\/vss.sk\/wp-content\/uploads\/2025\/01\/vss-blachy-zimnowalcowane-ro.pdf\" target=\"_self\">VEZI TABELUL<\/a><\/p>\n                                                                    <\/div>\n                            <\/div>\n                        <\/div>\n\n                    <\/div>\n                            <\/div>\n        <\/div>\n            <\/div>\n<\/div>\n<\/div>\n<\/div><\/div>\n\n\n\n<div style=\"height:100px\" aria-hidden=\"true\" class=\"wp-block-spacer is-style-smaller-spacer\"><\/div>\n\n\n\n<div class=\"wp-block-group has-gray-background-color has-background\"><div class=\"wp-block-group__inner-container is-layout-flow wp-block-group-is-layout-flow\">\n<div class=\"wp-block-columns is-layout-flex wp-container-core-columns-is-layout-9d6595d7 wp-block-columns-is-layout-flex\">\n<div class=\"wp-block-column is-layout-flow wp-block-column-is-layout-flow\">\r\n<div class=\"section__data\" data-section=\"\"><\/div>\n\n\n<div style=\"height:100px\" aria-hidden=\"true\" class=\"wp-block-spacer is-style-smaller-spacer\"><\/div>\n\n\n\n<h2 class=\"wp-block-heading\"><strong>Foi galvanizate electrolic<\/strong><\/h2>\n\n\n\n    <div class=\"variants__wrapper\">\n                        <div class=\"variants__slidesWrapper\">\n            <div class=\"variants__slides sliderGroup\">\n                                                        <div class=\"variants__slide sliderGroup__elem\">\n                        <div class=\"variants__slideInner\">\n                            <div class=\"variants__colorsWrapper\">\n                                                            <\/div>\n                            <div class=\"variants__contentWrapper\">\n                                <figure class=\"variants__image\"><img decoding=\"async\" src=\"https:\/\/vss.sk\/wp-content\/uploads\/2024\/10\/rodzaje_materialu_vss-4_kopia.jpg\" alt=\"Table galvanizate electrolitic\"><\/figure>\n                                <div class=\"variants__content\">\n                                    <p data-pm-slice=\"1 1 []\">Tablele galvanizate electrolitic sunt acoperite cu un strat de zinc printr-un proces electrochimic. Acest proces asigur\u0103 aplicarea uniform\u0103 a unui strat sub\u021bire de zinc pe una sau ambele p\u0103r\u021bi ale o\u021belului. Tablele galvanizate electrolitic au o suprafa\u021b\u0103 neted\u0103 \u0219i uniform\u0103, f\u0103c\u00e2ndu-le o alegere excelent\u0103 pentru aplica\u021bii care necesit\u0103 un finisaj estetic \u0219i o prelucrare precis\u0103. Aceast\u0103 acoperire ofer\u0103 o aderen\u021b\u0103 excelent\u0103 pentru straturile de vopsea sau folie. Sunt utilizate \u00een industria auto, a produselor electrocasnice \u0219i \u00een produc\u021bia de elemente care necesit\u0103 vopsire sau acoperire.<\/p>\n<p><a class=\"button button--black uppercase\" href=\"https:\/\/vss.sk\/wp-content\/uploads\/2025\/01\/vss-blachy-cynkowane-elektrolitycznie-ro.pdf\" target=\"_self\">VEZI TABELUL<\/a><\/p>\n                                                                    <\/div>\n                            <\/div>\n                        <\/div>\n\n                    <\/div>\n                            <\/div>\n        <\/div>\n            <\/div>\n<\/div>\n\n\n\n<div class=\"wp-block-column is-layout-flow wp-block-column-is-layout-flow\">\r\n<div class=\"section__data\" data-section=\"Foi galvanizate la cald\"><\/div>\n\n\n<div style=\"height:100px\" aria-hidden=\"true\" class=\"wp-block-spacer is-style-smaller-spacer\"><\/div>\n\n\n\n<h2 class=\"wp-block-heading\"><strong>Foi galvanizate la cald<\/strong><\/h2>\n\n\n\n    <div class=\"variants__wrapper\">\n                        <div class=\"variants__slidesWrapper\">\n            <div class=\"variants__slides sliderGroup\">\n                                                        <div class=\"variants__slide sliderGroup__elem\">\n                        <div class=\"variants__slideInner\">\n                            <div class=\"variants__colorsWrapper\">\n                                                            <\/div>\n                            <div class=\"variants__contentWrapper\">\n                                <figure class=\"variants__image\"><img decoding=\"async\" src=\"https:\/\/vss.sk\/wp-content\/uploads\/2024\/10\/rodzaje_materialu_vss-3_kopia.jpg\" alt=\"Table galvanizate prin imersie la cald\"><\/figure>\n                                <div class=\"variants__content\">\n                                    <p data-pm-slice=\"1 1 []\">Tablele galvanizate prin imersie la cald sunt formate la rece, cur\u0103\u021bate \u0219i acoperite cu un strat de zinc topit printr-un proces de imersie. Se caracterizeaz\u0103 printr-o rezisten\u021b\u0103 excelent\u0103 la coroziune, ceea ce le face ideale pentru utilizarea \u00een exterior \u0219i \u00een medii cu umiditate ridicat\u0103. Prezint\u0103 o rezisten\u021b\u0103 sporit\u0103 la zg\u00e2rieturi \u0219i la diferi\u021bi factori atmosferici. Sunt utilizate pe scar\u0103 larg\u0103 \u00een construc\u021bii, industria auto \u0219i construc\u021bia de ma\u0219ini \u0219i utilaje.<\/p>\n<p><a class=\"button button--black uppercase\" href=\"https:\/\/vss.sk\/wp-content\/uploads\/2025\/01\/vss-blachy-cynkowane-ogniowo-ro.pdf\" target=\"_self\">VEZI TABELUL<\/a><\/p>\n                                                                    <\/div>\n                            <\/div>\n                        <\/div>\n\n                    <\/div>\n                            <\/div>\n        <\/div>\n            <\/div>\n<\/div>\n<\/div>\n<\/div><\/div>\n\n\n\n<div class=\"wp-block-group\"><div class=\"wp-block-group__inner-container is-layout-flow wp-block-group-is-layout-flow\">\r\n<div class=\"section__data\" data-section=\"Foi AUTOMOTIVE\"><\/div>\n\n\n<h2 class=\"wp-block-heading\"><strong>Foi AUTOMOTIVE<\/strong><\/h2>\n\n\n\n    <div class=\"variants__wrapper\">\n                        <div class=\"variants__slidesWrapper\">\n            <div class=\"variants__slides sliderGroup\">\n                                                        <div class=\"variants__slide sliderGroup__elem\">\n                        <div class=\"variants__slideInner\">\n                            <div class=\"variants__colorsWrapper\">\n                                                            <\/div>\n                            <div class=\"variants__contentWrapper\">\n                                <figure class=\"variants__image\"><img decoding=\"async\" src=\"https:\/\/vss.sk\/wp-content\/uploads\/2024\/10\/rodzaje_materialu_vss-5_kopia.jpg\" alt=\"Table AUTOMOTIVE\"><\/figure>\n                                <div class=\"variants__content\">\n                                    <p data-pm-slice=\"1 1 []\"><strong>Tablele AUTOMOTIVE<\/strong> sunt proiectate special pentru a \u00eendeplini cerin\u021bele industriei auto. Au propriet\u0103\u021bi mecanice \u0219i tehnologice specifice, care permit produc\u021bia de componente cu rezisten\u021b\u0103 ridicat\u0103 \u0219i greutate redus\u0103. <strong>Tablele AUTOMOTIVE<\/strong> se caracterizeaz\u0103 printr-o durabilitate ridicat\u0103, o bun\u0103 plasticitate \u0219i rezisten\u021b\u0103 la coroziune. Datorit\u0103 acestor propriet\u0103\u021bi, sunt utilizate pe scar\u0103 larg\u0103 \u00een produc\u021bia de caroserii auto, componente structurale ale vehiculelor \u0219i sisteme de siguran\u021b\u0103.<\/p>\n<p><a class=\"button button--black uppercase\" href=\"https:\/\/vss.sk\/wp-content\/uploads\/2025\/01\/vss-blachy-automotive-ro.pdf\" target=\"_self\">VEZI TABELUL<\/a><\/p>\n                                                                    <\/div>\n                            <\/div>\n                        <\/div>\n\n                    <\/div>\n                            <\/div>\n        <\/div>\n            <\/div>\n\n\n\n<div style=\"height:100px\" aria-hidden=\"true\" class=\"wp-block-spacer is-style-small-spacer\"><\/div>\n<\/div><\/div>\n\n\n\n<div class=\"wp-block-group\"><div class=\"wp-block-group__inner-container is-layout-flow wp-block-group-is-layout-flow\">\r\n<div class=\"section__data\" data-section=\"Foi galvanizate \u0219i Magnelis\u00ae\"><\/div>\n\n\n<h2 class=\"wp-block-heading\"><strong>Foi galvanizate \u0219i Magnelis\u00ae<\/strong><\/h2>\n\n\n\n    <div class=\"variants__wrapper\">\n                        <div class=\"variants__slidesWrapper\">\n            <div class=\"variants__slides sliderGroup\">\n                                                        <div class=\"variants__slide sliderGroup__elem\">\n                        <div class=\"variants__slideInner\">\n                            <div class=\"variants__colorsWrapper\">\n                                                            <\/div>\n                            <div class=\"variants__contentWrapper\">\n                                <figure class=\"variants__image\"><img decoding=\"async\" src=\"https:\/\/vss.sk\/wp-content\/uploads\/2024\/10\/rodzaje_materialu_vss-6_kopia.jpg\" alt=\"Table Zinc-Aluminiu-Magneziu\"><\/figure>\n                                <div class=\"variants__content\">\n                                    <p data-pm-slice=\"1 1 []\">Tablele Zinc-Aluminiu-Magneziu sunt table de o\u021bel acoperite cu un strat metalic format dintr-un aliaj de zinc, aluminiu \u0219i magneziu, care ofer\u0103 o protec\u021bie anticoroziv\u0103 semnificativ mai bun\u0103 dec\u00e2t acoperirile tradi\u021bionale de zinc. Se caracterizeaz\u0103 printr-o distribu\u021bie uniform\u0103 \u0219i o rezisten\u021b\u0103 excelent\u0103 la suprafa\u021b\u0103 \u0219i pe margini \u00een condi\u021bii de mediu dificile. Tablele Zinc-Aluminiu-Magneziu ofer\u0103 o rezisten\u021b\u0103 excep\u021bional\u0103 la coroziune \u00een orice mediu, inclusiv \u00een zone industriale \u0219i de coast\u0103. Datorit\u0103 propriet\u0103\u021bilor lor, sunt ideale pentru aplica\u021bii \u00een construc\u021bii, industrie energetic\u0103 \u0219i produc\u021bia de infrastructur\u0103 extern\u0103. Cel mai cunoscut reprezentant al acestui grup de table este <strong>Magnelis\u00ae<\/strong>.<\/p>\n<p><a class=\"button button--black uppercase\" href=\"https:\/\/vss.sk\/wp-content\/uploads\/2025\/01\/vss-magnelis-ro.pdf\" target=\"_self\">VEZI TABELUL<\/a><\/p>\n                                                                    <\/div>\n                            <\/div>\n                        <\/div>\n\n                    <\/div>\n                            <\/div>\n        <\/div>\n            <\/div>\n\n\n\n<div style=\"height:100px\" aria-hidden=\"true\" class=\"wp-block-spacer is-style-small-spacer\"><\/div>\n<\/div><\/div>\n","protected":false},"excerpt":{"rendered":"<p>Sunt lucruri care trebuie s\u0103 fie rezistente PELICULE, CULORI \u0218I GARAN\u021aII Sunt mai mul\u021bi factori care influen\u021beaz\u0103 calitatea unui acoperi\u0219. Acesta trebuie s\u0103 fie durabil, capabil s\u0103 reziste la condi\u021bii meteo, s\u0103 reziste bine la perioadele calde \u0219i reci ale anului \u0219i, \u00een plus, trebuie s\u0103 fie pl\u0103cut din punct de vedere estetic.\u00a0Vopselele, \u0219i mai [&hellip;]<\/p>\n","protected":false},"author":6,"featured_media":0,"parent":0,"menu_order":9,"comment_status":"closed","ping_status":"closed","template":"","meta":{"_acf_changed":false,"inline_featured_image":false,"footnotes":""},"class_list":["post-53951","page","type-page","status-publish","hentry"],"acf":[],"yoast_head":"<!-- This site is optimized with the Yoast SEO plugin v27.3 - https:\/\/yoast.com\/product\/yoast-seo-wordpress\/ -->\n<title>Pelicule, culori \u0219I garan\u021bii - VSS<\/title>\n<meta name=\"robots\" content=\"index, follow, max-snippet:-1, max-image-preview:large, max-video-preview:-1\" \/>\n<link rel=\"canonical\" href=\"https:\/\/vss.sk\/ro\/tipuri-de-materiale\/\" \/>\n<meta property=\"og:locale\" content=\"ro_RO\" \/>\n<meta property=\"og:type\" content=\"article\" \/>\n<meta property=\"og:title\" content=\"Pelicule, culori \u0219I garan\u021bii - VSS\" \/>\n<meta property=\"og:description\" content=\"Sunt lucruri care trebuie s\u0103 fie rezistente PELICULE, CULORI \u0218I GARAN\u021aII Sunt mai mul\u021bi factori care influen\u021beaz\u0103 calitatea unui acoperi\u0219. Acesta trebuie s\u0103 fie durabil, capabil s\u0103 reziste la condi\u021bii meteo, s\u0103 reziste bine la perioadele calde \u0219i reci ale anului \u0219i, \u00een plus, trebuie s\u0103 fie pl\u0103cut din punct de vedere estetic.\u00a0Vopselele, \u0219i mai [&hellip;]\" \/>\n<meta property=\"og:url\" content=\"https:\/\/vss.sk\/ro\/tipuri-de-materiale\/\" \/>\n<meta property=\"og:site_name\" content=\"VSS\" \/>\n<meta property=\"article:modified_time\" content=\"2025-02-17T11:54:55+00:00\" \/>\n<meta name=\"twitter:card\" content=\"summary_large_image\" \/>\n<meta name=\"twitter:label1\" content=\"Est. reading time\" \/>\n\t<meta name=\"twitter:data1\" content=\"1 minut\" \/>\n<script type=\"application\/ld+json\" class=\"yoast-schema-graph\">{\"@context\":\"https:\\\/\\\/schema.org\",\"@graph\":[{\"@type\":\"WebPage\",\"@id\":\"https:\\\/\\\/vss.sk\\\/ro\\\/tipuri-de-materiale\\\/\",\"url\":\"https:\\\/\\\/vss.sk\\\/ro\\\/tipuri-de-materiale\\\/\",\"name\":\"Pelicule, culori \u0219I garan\u021bii - VSS\",\"isPartOf\":{\"@id\":\"https:\\\/\\\/vss.sk\\\/#website\"},\"datePublished\":\"2024-10-10T09:58:29+00:00\",\"dateModified\":\"2025-02-17T11:54:55+00:00\",\"breadcrumb\":{\"@id\":\"https:\\\/\\\/vss.sk\\\/ro\\\/tipuri-de-materiale\\\/#breadcrumb\"},\"inLanguage\":\"ro-RO\",\"potentialAction\":[{\"@type\":\"ReadAction\",\"target\":[\"https:\\\/\\\/vss.sk\\\/ro\\\/tipuri-de-materiale\\\/\"]}]},{\"@type\":\"BreadcrumbList\",\"@id\":\"https:\\\/\\\/vss.sk\\\/ro\\\/tipuri-de-materiale\\\/#breadcrumb\",\"itemListElement\":[{\"@type\":\"ListItem\",\"position\":1,\"name\":\"Home\",\"item\":\"https:\\\/\\\/vss.sk\\\/ro\\\/\"},{\"@type\":\"ListItem\",\"position\":2,\"name\":\"Pelicule, culori \u0219I garan\u021bii\"}]},{\"@type\":\"WebSite\",\"@id\":\"https:\\\/\\\/vss.sk\\\/#website\",\"url\":\"https:\\\/\\\/vss.sk\\\/\",\"name\":\"VSS\",\"description\":\"Centrul Steel Service\",\"potentialAction\":[{\"@type\":\"SearchAction\",\"target\":{\"@type\":\"EntryPoint\",\"urlTemplate\":\"https:\\\/\\\/vss.sk\\\/?s={search_term_string}\"},\"query-input\":{\"@type\":\"PropertyValueSpecification\",\"valueRequired\":true,\"valueName\":\"search_term_string\"}}],\"inLanguage\":\"ro-RO\"}]}<\/script>\n<!-- \/ Yoast SEO plugin. -->","yoast_head_json":{"title":"Pelicule, culori \u0219I garan\u021bii - VSS","robots":{"index":"index","follow":"follow","max-snippet":"max-snippet:-1","max-image-preview":"max-image-preview:large","max-video-preview":"max-video-preview:-1"},"canonical":"https:\/\/vss.sk\/ro\/tipuri-de-materiale\/","og_locale":"ro_RO","og_type":"article","og_title":"Pelicule, culori \u0219I garan\u021bii - VSS","og_description":"Sunt lucruri care trebuie s\u0103 fie rezistente PELICULE, CULORI \u0218I GARAN\u021aII Sunt mai mul\u021bi factori care influen\u021beaz\u0103 calitatea unui acoperi\u0219. Acesta trebuie s\u0103 fie durabil, capabil s\u0103 reziste la condi\u021bii meteo, s\u0103 reziste bine la perioadele calde \u0219i reci ale anului \u0219i, \u00een plus, trebuie s\u0103 fie pl\u0103cut din punct de vedere estetic.\u00a0Vopselele, \u0219i mai [&hellip;]","og_url":"https:\/\/vss.sk\/ro\/tipuri-de-materiale\/","og_site_name":"VSS","article_modified_time":"2025-02-17T11:54:55+00:00","twitter_card":"summary_large_image","twitter_misc":{"Est. reading time":"1 minut"},"schema":{"@context":"https:\/\/schema.org","@graph":[{"@type":"WebPage","@id":"https:\/\/vss.sk\/ro\/tipuri-de-materiale\/","url":"https:\/\/vss.sk\/ro\/tipuri-de-materiale\/","name":"Pelicule, culori \u0219I garan\u021bii - VSS","isPartOf":{"@id":"https:\/\/vss.sk\/#website"},"datePublished":"2024-10-10T09:58:29+00:00","dateModified":"2025-02-17T11:54:55+00:00","breadcrumb":{"@id":"https:\/\/vss.sk\/ro\/tipuri-de-materiale\/#breadcrumb"},"inLanguage":"ro-RO","potentialAction":[{"@type":"ReadAction","target":["https:\/\/vss.sk\/ro\/tipuri-de-materiale\/"]}]},{"@type":"BreadcrumbList","@id":"https:\/\/vss.sk\/ro\/tipuri-de-materiale\/#breadcrumb","itemListElement":[{"@type":"ListItem","position":1,"name":"Home","item":"https:\/\/vss.sk\/ro\/"},{"@type":"ListItem","position":2,"name":"Pelicule, culori \u0219I garan\u021bii"}]},{"@type":"WebSite","@id":"https:\/\/vss.sk\/#website","url":"https:\/\/vss.sk\/","name":"VSS","description":"Centrul Steel Service","potentialAction":[{"@type":"SearchAction","target":{"@type":"EntryPoint","urlTemplate":"https:\/\/vss.sk\/?s={search_term_string}"},"query-input":{"@type":"PropertyValueSpecification","valueRequired":true,"valueName":"search_term_string"}}],"inLanguage":"ro-RO"}]}},"_links":{"self":[{"href":"https:\/\/vss.sk\/ro\/wp-json\/wp\/v2\/pages\/53951","targetHints":{"allow":["GET"]}}],"collection":[{"href":"https:\/\/vss.sk\/ro\/wp-json\/wp\/v2\/pages"}],"about":[{"href":"https:\/\/vss.sk\/ro\/wp-json\/wp\/v2\/types\/page"}],"author":[{"embeddable":true,"href":"https:\/\/vss.sk\/ro\/wp-json\/wp\/v2\/users\/6"}],"replies":[{"embeddable":true,"href":"https:\/\/vss.sk\/ro\/wp-json\/wp\/v2\/comments?post=53951"}],"version-history":[{"count":1,"href":"https:\/\/vss.sk\/ro\/wp-json\/wp\/v2\/pages\/53951\/revisions"}],"predecessor-version":[{"id":53953,"href":"https:\/\/vss.sk\/ro\/wp-json\/wp\/v2\/pages\/53951\/revisions\/53953"}],"wp:attachment":[{"href":"https:\/\/vss.sk\/ro\/wp-json\/wp\/v2\/media?parent=53951"}],"curies":[{"name":"wp","href":"https:\/\/api.w.org\/{rel}","templated":true}]}}