{"id":49578,"date":"2022-01-05T14:14:44","date_gmt":"2022-01-05T13:14:44","guid":{"rendered":"https:\/\/vss.sk\/ponuka\/"},"modified":"2025-01-15T15:24:14","modified_gmt":"2025-01-15T14:24:14","slug":"oferta","status":"publish","type":"page","link":"https:\/\/vss.sk\/ro\/oferta\/","title":{"rendered":"Oferta"},"content":{"rendered":"\n<h1 class=\"wp-block-heading has-text-align-center is-style-h2\"><strong><strong>OFERTA NOASTR\u0102<\/strong><\/strong><\/h1>\n\n\n\n<div class=\"wp-block-group is-style-narrow-group\"><div class=\"wp-block-group__inner-container is-layout-flow wp-block-group-is-layout-flow\">\n<p class=\"has-text-align-center\">Suntem un produc\u0103tor de solu\u021bii complete pentru industria construc\u021biilor. Oferim o gam\u0103 \u00eentreag\u0103 de produse dedicate investi\u021biilor \u0219i construc\u021biilor familiale, \u0219i anume acoperi\u0219uri, tabl\u0103 de construc\u021bii, sisteme de fa\u021bade, panouri sandwich, casete de perete, sisteme de jgheaburi, precum \u0219i servicii specializate de prelucrare a o\u021belului \u00een cadrul Centrului de servicii pentru o\u021bel. Ne extindem constant gama de produse, adapt\u00e2ndu-ne la cerin\u021bele pie\u021bei \u0219i la evolu\u021biile tehnologice.<\/p>\n\n\n\n<div style=\"height:100px\" aria-hidden=\"true\" class=\"wp-block-spacer is-style-small-spacer\"><\/div>\n<\/div><\/div>\n\n\n\n<div class=\"wp-block-group\"><div class=\"wp-block-group__inner-container is-layout-flow wp-block-group-is-layout-flow\">\n<div class=\"wp-block-columns is-style-grid is-layout-flex wp-container-core-columns-is-layout-9d6595d7 wp-block-columns-is-layout-flex\">\n<div class=\"wp-block-column is-layout-flow wp-block-column-is-layout-flow\">\n<div class=\"wp-block-cover is-style-full-height\"><span aria-hidden=\"true\" class=\"wp-block-cover__background has-background-dim-0 has-background-dim\"><\/span><img loading=\"lazy\" decoding=\"async\" width=\"804\" height=\"538\" class=\"wp-block-cover__image-background wp-image-783\" alt=\"\" src=\"https:\/\/vss.sk\/wp-content\/uploads\/2022\/02\/bp2_oferta_1.png\" data-object-fit=\"cover\" srcset=\"https:\/\/vss.sk\/wp-content\/uploads\/2022\/02\/bp2_oferta_1.png 804w, https:\/\/vss.sk\/wp-content\/uploads\/2022\/02\/bp2_oferta_1-768x514.png 768w\" sizes=\"auto, (max-width: 804px) 100vw, 804px\" \/><div class=\"wp-block-cover__inner-container is-layout-flow wp-block-cover-is-layout-flow\">\n<p class=\"has-text-align-center has-large-font-size\"><\/p>\n<\/div><\/div>\n<\/div>\n\n\n\n<div class=\"wp-block-column is-layout-flow wp-block-column-is-layout-flow\">\n<div class=\"wp-block-cover is-light is-style-full-height\"><span aria-hidden=\"true\" class=\"wp-block-cover__background has-dark-gray-background-color has-background-dim-100 has-background-dim\"><\/span><div class=\"wp-block-cover__inner-container is-layout-flow wp-block-cover-is-layout-flow\">\n<h3 class=\"header-with-icon \">\n<span class=\"header-with-icon__icon\"><img decoding=\"async\" src=\"https:\/\/vss.sk\/wp-content\/uploads\/2022\/01\/home-icon.png\" alt=\"Construc\u021bii Reziden\u021biale\"><\/span>\n<span class=\"header-with-icon__content\">Construc\u021bii Reziden\u021biale<\/span>\n<\/h3>\n\n\n<ul class=\"links-list links-list--multiple \">\n                    <li class=\"links-list__item\">\n            <a href=\"https:\/\/bp2.eu\/ro\/oferta\/acoperisuri-rezidentiale\/?type=tigla-metalica-modulara\">\n                <span class=\"links-list__smallTitle\">\u021aigle metalice<\/span>                <span class=\"links-list__title\">MODULAR SERIES<\/span>            <\/a>\n        <\/li>\n                    <li class=\"links-list__item\">\n            <a href=\"https:\/\/bp2.eu\/ro\/oferta\/acoperisuri-rezidentiale\/?type=sistem-jgheaburi-din-otel-inguri\">\n                <span class=\"links-list__smallTitle\">Sistemul de drenaj<\/span>                <span class=\"links-list__title\">INGURI<\/span>            <\/a>\n        <\/li>\n                    <li class=\"links-list__item\">\n            <a href=\"https:\/\/bp2.eu\/ro\/oferta\/acoperisuri-rezidentiale\/?type=tigla-metalica-compacta\">\n                <span class=\"links-list__smallTitle\">\u021aigle metalice<\/span>                <span class=\"links-list__title\">Compact SERIES<\/span>            <\/a>\n        <\/li>\n                    <li class=\"links-list__item\">\n            <a href=\"https:\/\/bp2.eu\/ro\/oferta\/acoperisuri-rezidentiale\/?type=table-trapezoidale\">\n                                <span class=\"links-list__title\">Table trapezoidale<\/span>            <\/a>\n        <\/li>\n                    <li class=\"links-list__item\">\n            <a href=\"https:\/\/bp2.eu\/ro\/oferta\/acoperisuri-rezidentiale\/?type=tigla-metalica-clasica-taiata-la-dimensiune\">\n                <span class=\"links-list__smallTitle\">\u021aigle metalice<\/span>                <span class=\"links-list__title\">CLASSIC SERIES<\/span>            <\/a>\n        <\/li>\n                    <li class=\"links-list__item\">\n            <a href=\"https:\/\/bp2.eu\/ro\/oferta\/acoperisuri-rezidentiale\/?type=table-plane\">\n                                <span class=\"links-list__title\">Tabl\u0103 plan\u0103<\/span>            <\/a>\n        <\/li>\n                    <li class=\"links-list__item\">\n            <a href=\"https:\/\/bp2.eu\/ro\/oferta\/acoperisuri-rezidentiale\/?type=panel-series\">\n                <span class=\"links-list__smallTitle\">Panouri pentru acoperi\u0219<\/span>                <span class=\"links-list__title\">PANEL SERIES<\/span>            <\/a>\n        <\/li>\n                    <li class=\"links-list__item\">\n            <a href=\"https:\/\/bp2.eu\/ro\/oferta\/acoperisuri-rezidentiale\/?type=prelucrari-din-tabla\">\n                                <span class=\"links-list__title\">Accesorii din tabl\u0103<\/span>            <\/a>\n        <\/li>\n                    <li class=\"links-list__item\">\n            <a href=\"https:\/\/bp2.eu\/ro\/oferta\/acoperisuri-rezidentiale\/?type=accesorii\">\n                                <span class=\"links-list__title\">Accesorii<\/span>            <\/a>\n        <\/li>\n    <\/ul><\/div><\/div>\n<\/div>\n<\/div>\n\n\n\n<div class=\"wp-block-columns is-style-mobile-reverse is-style-grid fade-in is-layout-flex wp-container-core-columns-is-layout-9d6595d7 wp-block-columns-is-layout-flex\">\n<div class=\"wp-block-column is-layout-flow wp-block-column-is-layout-flow\">\n<div class=\"wp-block-cover is-light is-style-full-height\"><span aria-hidden=\"true\" class=\"wp-block-cover__background has-dark-gray-background-color has-background-dim-100 has-background-dim\"><\/span><div class=\"wp-block-cover__inner-container is-layout-flow wp-block-cover-is-layout-flow\">\n<h3 class=\"header-with-icon \">\n<span class=\"header-with-icon__icon\"><img decoding=\"async\" src=\"https:\/\/vss.sk\/wp-content\/uploads\/2022\/02\/noun_mall_3821276.png\" alt=\"CONSTRUC\u021aII REZIDEN\u021aIALE\"><\/span>\n<span class=\"header-with-icon__content\">CONSTRUC\u021aII REZIDEN\u021aIALE<\/span>\n<\/h3>\n\n\n<ul class=\"links-list links-list--multiple \">\n                    <li class=\"links-list__item\">\n            <a href=\"https:\/\/bp2.eu\/ro\/produkt\/casete-de-fatada-skrin\/\">\n                <span class=\"links-list__smallTitle\">Placarea fa\u021badelor<\/span>                <span class=\"links-list__title\">SKRIN<\/span>            <\/a>\n        <\/li>\n                    <li class=\"links-list__item\">\n            <a href=\"https:\/\/bp2.eu\/ro\/oferta\/acoperisuri-comerciale\/?type=panouri-sandwich-corepir\">\n                <span class=\"links-list__smallTitle\">Panouri sandwich<\/span>                <span class=\"links-list__title\">CorePIR<\/span>            <\/a>\n        <\/li>\n                    <li class=\"links-list__item\">\n            <a href=\"https:\/\/bp2.eu\/ro\/produkt\/panele-elewacyjne-linea\/\">\n                <span class=\"links-list__smallTitle\">Panouri de fa\u0163ad\u0103<\/span>                <span class=\"links-list__title\">LINEA<\/span>            <\/a>\n        <\/li>\n                    <li class=\"links-list__item\">\n            <a href=\"https:\/\/bp2.eu\/ro\/oferta\/acoperisuri-comerciale\/?type=panouri-sandwich-corewool\">\n                <span class=\"links-list__smallTitle\">Panouri sandwich<\/span>                <span class=\"links-list__title\">CoreWOOL<\/span>            <\/a>\n        <\/li>\n                    <li class=\"links-list__item\">\n            <a href=\"https:\/\/bp2.eu\/ro\/oferta\/acoperisuri-comerciale\/?type=casete-pentru-fatada-si-prosystherm\">\n                <span class=\"links-list__smallTitle\">Casete<\/span>                <span class=\"links-list__title\">de fa\u021bade &#038; PROSYSTHERM<\/span>            <\/a>\n        <\/li>\n                    <li class=\"links-list__item\">\n            <a href=\"#\">\n                                <span class=\"links-list__title\">Profile structurale Z \u0219i C<\/span>            <\/a>\n        <\/li>\n                    <li class=\"links-list__item\">\n            <a href=\"https:\/\/bp2.eu\/ro\/oferta\/acoperisuri-comerciale\/?type=table-trapezoidale-2\">\n                <span class=\"links-list__smallTitle\">Pentru acoperi\u0219uri \u0219i fa\u021bade<\/span>                <span class=\"links-list__title\">Table trapezoidale<\/span>            <\/a>\n        <\/li>\n    <\/ul><\/div><\/div>\n<\/div>\n\n\n\n<div class=\"wp-block-column is-layout-flow wp-block-column-is-layout-flow\">\n<div class=\"wp-block-cover is-light is-style-full-height\"><span aria-hidden=\"true\" class=\"wp-block-cover__background has-background-dim-0 has-background-dim\"><\/span><img loading=\"lazy\" decoding=\"async\" width=\"804\" height=\"487\" class=\"wp-block-cover__image-background wp-image-789\" alt=\"\" src=\"https:\/\/vss.sk\/wp-content\/uploads\/2022\/02\/bp2_oferta_2.png\" data-object-fit=\"cover\" srcset=\"https:\/\/vss.sk\/wp-content\/uploads\/2022\/02\/bp2_oferta_2.png 804w, https:\/\/vss.sk\/wp-content\/uploads\/2022\/02\/bp2_oferta_2-768x465.png 768w\" sizes=\"auto, (max-width: 804px) 100vw, 804px\" \/><div class=\"wp-block-cover__inner-container is-layout-flow wp-block-cover-is-layout-flow\">\n<p class=\"has-text-align-center has-large-font-size\"><\/p>\n<\/div><\/div>\n<\/div>\n<\/div>\n\n\n\n<div class=\"wp-block-columns is-style-grid is-layout-flex wp-container-core-columns-is-layout-9d6595d7 wp-block-columns-is-layout-flex\">\n<div class=\"wp-block-column is-layout-flow wp-block-column-is-layout-flow\">\n<div class=\"wp-block-cover is-style-full-height\"><span aria-hidden=\"true\" class=\"wp-block-cover__background has-background-dim-0 has-background-dim\"><\/span><img loading=\"lazy\" decoding=\"async\" width=\"804\" height=\"393\" class=\"wp-block-cover__image-background wp-image-805\" alt=\"\" src=\"https:\/\/vss.sk\/wp-content\/uploads\/2022\/02\/bp2_oferta_3.png\" data-object-fit=\"cover\" srcset=\"https:\/\/vss.sk\/wp-content\/uploads\/2022\/02\/bp2_oferta_3.png 804w, https:\/\/vss.sk\/wp-content\/uploads\/2022\/02\/bp2_oferta_3-768x375.png 768w\" sizes=\"auto, (max-width: 804px) 100vw, 804px\" \/><div class=\"wp-block-cover__inner-container is-layout-flow wp-block-cover-is-layout-flow\">\n<p class=\"has-text-align-center has-large-font-size\"><\/p>\n<\/div><\/div>\n<\/div>\n\n\n\n<div class=\"wp-block-column is-layout-flow wp-block-column-is-layout-flow\">\n<div class=\"wp-block-cover is-light is-style-full-height\"><span aria-hidden=\"true\" class=\"wp-block-cover__background has-dark-gray-background-color has-background-dim-100 has-background-dim\"><\/span><div class=\"wp-block-cover__inner-container is-layout-flow wp-block-cover-is-layout-flow\">\n<h3 class=\"header-with-icon \">\n<span class=\"header-with-icon__icon\"><img decoding=\"async\" src=\"https:\/\/vss.sk\/wp-content\/uploads\/2022\/02\/Path-99.png\" alt=\"VSS steel service centre\"><\/span>\n<span class=\"header-with-icon__content\">VSS steel service centre<\/span>\n<\/h3>\n\n\n<ul class=\"links-list links-list--multiple \">\n                    <li class=\"links-list__item\">\n            <a href=\"https:\/\/vss.sk\/ro\/oferta\/centrul-de-servicii-pentru-otel\/?type=taieri\">\n                                <span class=\"links-list__title\">T\u0103ieri<\/span>            <\/a>\n        <\/li>\n                    <li class=\"links-list__item\">\n            <a href=\"https:\/\/vss.sk\/ro\/oferta\/centrul-de-servicii-pentru-otel\/?type=formate\">\n                                <span class=\"links-list__title\">Formate<\/span>            <\/a>\n        <\/li>\n                    <li class=\"links-list__item\">\n            <a href=\"https:\/\/vss.sk\/ro\/oferta\/centrul-de-servicii-pentru-otel\/?type=perforarea-foilor\">\n                                <span class=\"links-list__title\">Perforarea<\/span>            <\/a>\n        <\/li>\n    <\/ul><\/div><\/div>\n<\/div>\n<\/div>\n\n\n\n<div style=\"height:100px\" aria-hidden=\"true\" class=\"wp-block-spacer is-style-small-spacer\"><\/div>\n<\/div><\/div>\n","protected":false},"excerpt":{"rendered":"<p>OFERTA NOASTR\u0102 Suntem un produc\u0103tor de solu\u021bii complete pentru industria construc\u021biilor. Oferim o gam\u0103 \u00eentreag\u0103 de produse dedicate investi\u021biilor \u0219i construc\u021biilor familiale, \u0219i anume acoperi\u0219uri, tabl\u0103 de construc\u021bii, sisteme de fa\u021bade, panouri sandwich, casete de perete, sisteme de jgheaburi, precum \u0219i servicii specializate de prelucrare a o\u021belului \u00een cadrul Centrului de servicii pentru o\u021bel. Ne [&hellip;]<\/p>\n","protected":false},"author":1,"featured_media":0,"parent":0,"menu_order":52,"comment_status":"closed","ping_status":"closed","template":"templates\/offer.php","meta":{"_acf_changed":false,"inline_featured_image":false,"footnotes":""},"class_list":["post-49578","page","type-page","status-publish","hentry"],"acf":[],"yoast_head":"<!-- This site is optimized with the Yoast SEO plugin v27.3 - https:\/\/yoast.com\/product\/yoast-seo-wordpress\/ -->\n<title>Oferta - VSS<\/title>\n<meta name=\"robots\" content=\"index, follow, max-snippet:-1, max-image-preview:large, max-video-preview:-1\" \/>\n<link rel=\"canonical\" href=\"https:\/\/vss.sk\/ro\/oferta\/\" \/>\n<meta property=\"og:locale\" content=\"ro_RO\" \/>\n<meta property=\"og:type\" content=\"article\" \/>\n<meta property=\"og:title\" content=\"Oferta - VSS\" \/>\n<meta property=\"og:description\" content=\"OFERTA NOASTR\u0102 Suntem un produc\u0103tor de solu\u021bii complete pentru industria construc\u021biilor. Oferim o gam\u0103 \u00eentreag\u0103 de produse dedicate investi\u021biilor \u0219i construc\u021biilor familiale, \u0219i anume acoperi\u0219uri, tabl\u0103 de construc\u021bii, sisteme de fa\u021bade, panouri sandwich, casete de perete, sisteme de jgheaburi, precum \u0219i servicii specializate de prelucrare a o\u021belului \u00een cadrul Centrului de servicii pentru o\u021bel. Ne [&hellip;]\" \/>\n<meta property=\"og:url\" content=\"https:\/\/vss.sk\/ro\/oferta\/\" \/>\n<meta property=\"og:site_name\" content=\"VSS\" \/>\n<meta property=\"article:modified_time\" content=\"2025-01-15T14:24:14+00:00\" \/>\n<meta property=\"og:image\" content=\"https:\/\/vss.sk\/wp-content\/uploads\/2022\/02\/bp2_oferta_1.png\" \/>\n\t<meta property=\"og:image:width\" content=\"804\" \/>\n\t<meta property=\"og:image:height\" content=\"538\" \/>\n\t<meta property=\"og:image:type\" content=\"image\/png\" \/>\n<meta name=\"twitter:card\" content=\"summary_large_image\" \/>\n<meta name=\"twitter:label1\" content=\"Est. reading time\" \/>\n\t<meta name=\"twitter:data1\" content=\"2 minute\" \/>\n<script type=\"application\/ld+json\" class=\"yoast-schema-graph\">{\"@context\":\"https:\\\/\\\/schema.org\",\"@graph\":[{\"@type\":\"WebPage\",\"@id\":\"https:\\\/\\\/vss.sk\\\/ro\\\/oferta\\\/\",\"url\":\"https:\\\/\\\/vss.sk\\\/ro\\\/oferta\\\/\",\"name\":\"Oferta - VSS\",\"isPartOf\":{\"@id\":\"https:\\\/\\\/vss.sk\\\/#website\"},\"primaryImageOfPage\":{\"@id\":\"https:\\\/\\\/vss.sk\\\/ro\\\/oferta\\\/#primaryimage\"},\"image\":{\"@id\":\"https:\\\/\\\/vss.sk\\\/ro\\\/oferta\\\/#primaryimage\"},\"thumbnailUrl\":\"https:\\\/\\\/vss.sk\\\/wp-content\\\/uploads\\\/2022\\\/02\\\/bp2_oferta_1.png\",\"datePublished\":\"2022-01-05T13:14:44+00:00\",\"dateModified\":\"2025-01-15T14:24:14+00:00\",\"breadcrumb\":{\"@id\":\"https:\\\/\\\/vss.sk\\\/ro\\\/oferta\\\/#breadcrumb\"},\"inLanguage\":\"ro-RO\",\"potentialAction\":[{\"@type\":\"ReadAction\",\"target\":[\"https:\\\/\\\/vss.sk\\\/ro\\\/oferta\\\/\"]}]},{\"@type\":\"ImageObject\",\"inLanguage\":\"ro-RO\",\"@id\":\"https:\\\/\\\/vss.sk\\\/ro\\\/oferta\\\/#primaryimage\",\"url\":\"https:\\\/\\\/vss.sk\\\/wp-content\\\/uploads\\\/2022\\\/02\\\/bp2_oferta_1.png\",\"contentUrl\":\"https:\\\/\\\/vss.sk\\\/wp-content\\\/uploads\\\/2022\\\/02\\\/bp2_oferta_1.png\"},{\"@type\":\"BreadcrumbList\",\"@id\":\"https:\\\/\\\/vss.sk\\\/ro\\\/oferta\\\/#breadcrumb\",\"itemListElement\":[{\"@type\":\"ListItem\",\"position\":1,\"name\":\"Home\",\"item\":\"https:\\\/\\\/vss.sk\\\/ro\\\/\"},{\"@type\":\"ListItem\",\"position\":2,\"name\":\"Oferta\"}]},{\"@type\":\"WebSite\",\"@id\":\"https:\\\/\\\/vss.sk\\\/#website\",\"url\":\"https:\\\/\\\/vss.sk\\\/\",\"name\":\"VSS\",\"description\":\"Centrul Steel Service\",\"potentialAction\":[{\"@type\":\"SearchAction\",\"target\":{\"@type\":\"EntryPoint\",\"urlTemplate\":\"https:\\\/\\\/vss.sk\\\/?s={search_term_string}\"},\"query-input\":{\"@type\":\"PropertyValueSpecification\",\"valueRequired\":true,\"valueName\":\"search_term_string\"}}],\"inLanguage\":\"ro-RO\"}]}<\/script>\n<!-- \/ Yoast SEO plugin. -->","yoast_head_json":{"title":"Oferta - VSS","robots":{"index":"index","follow":"follow","max-snippet":"max-snippet:-1","max-image-preview":"max-image-preview:large","max-video-preview":"max-video-preview:-1"},"canonical":"https:\/\/vss.sk\/ro\/oferta\/","og_locale":"ro_RO","og_type":"article","og_title":"Oferta - VSS","og_description":"OFERTA NOASTR\u0102 Suntem un produc\u0103tor de solu\u021bii complete pentru industria construc\u021biilor. Oferim o gam\u0103 \u00eentreag\u0103 de produse dedicate investi\u021biilor \u0219i construc\u021biilor familiale, \u0219i anume acoperi\u0219uri, tabl\u0103 de construc\u021bii, sisteme de fa\u021bade, panouri sandwich, casete de perete, sisteme de jgheaburi, precum \u0219i servicii specializate de prelucrare a o\u021belului \u00een cadrul Centrului de servicii pentru o\u021bel. Ne [&hellip;]","og_url":"https:\/\/vss.sk\/ro\/oferta\/","og_site_name":"VSS","article_modified_time":"2025-01-15T14:24:14+00:00","og_image":[{"width":804,"height":538,"url":"https:\/\/vss.sk\/wp-content\/uploads\/2022\/02\/bp2_oferta_1.png","type":"image\/png"}],"twitter_card":"summary_large_image","twitter_misc":{"Est. reading time":"2 minute"},"schema":{"@context":"https:\/\/schema.org","@graph":[{"@type":"WebPage","@id":"https:\/\/vss.sk\/ro\/oferta\/","url":"https:\/\/vss.sk\/ro\/oferta\/","name":"Oferta - VSS","isPartOf":{"@id":"https:\/\/vss.sk\/#website"},"primaryImageOfPage":{"@id":"https:\/\/vss.sk\/ro\/oferta\/#primaryimage"},"image":{"@id":"https:\/\/vss.sk\/ro\/oferta\/#primaryimage"},"thumbnailUrl":"https:\/\/vss.sk\/wp-content\/uploads\/2022\/02\/bp2_oferta_1.png","datePublished":"2022-01-05T13:14:44+00:00","dateModified":"2025-01-15T14:24:14+00:00","breadcrumb":{"@id":"https:\/\/vss.sk\/ro\/oferta\/#breadcrumb"},"inLanguage":"ro-RO","potentialAction":[{"@type":"ReadAction","target":["https:\/\/vss.sk\/ro\/oferta\/"]}]},{"@type":"ImageObject","inLanguage":"ro-RO","@id":"https:\/\/vss.sk\/ro\/oferta\/#primaryimage","url":"https:\/\/vss.sk\/wp-content\/uploads\/2022\/02\/bp2_oferta_1.png","contentUrl":"https:\/\/vss.sk\/wp-content\/uploads\/2022\/02\/bp2_oferta_1.png"},{"@type":"BreadcrumbList","@id":"https:\/\/vss.sk\/ro\/oferta\/#breadcrumb","itemListElement":[{"@type":"ListItem","position":1,"name":"Home","item":"https:\/\/vss.sk\/ro\/"},{"@type":"ListItem","position":2,"name":"Oferta"}]},{"@type":"WebSite","@id":"https:\/\/vss.sk\/#website","url":"https:\/\/vss.sk\/","name":"VSS","description":"Centrul Steel Service","potentialAction":[{"@type":"SearchAction","target":{"@type":"EntryPoint","urlTemplate":"https:\/\/vss.sk\/?s={search_term_string}"},"query-input":{"@type":"PropertyValueSpecification","valueRequired":true,"valueName":"search_term_string"}}],"inLanguage":"ro-RO"}]}},"_links":{"self":[{"href":"https:\/\/vss.sk\/ro\/wp-json\/wp\/v2\/pages\/49578","targetHints":{"allow":["GET"]}}],"collection":[{"href":"https:\/\/vss.sk\/ro\/wp-json\/wp\/v2\/pages"}],"about":[{"href":"https:\/\/vss.sk\/ro\/wp-json\/wp\/v2\/types\/page"}],"author":[{"embeddable":true,"href":"https:\/\/vss.sk\/ro\/wp-json\/wp\/v2\/users\/1"}],"replies":[{"embeddable":true,"href":"https:\/\/vss.sk\/ro\/wp-json\/wp\/v2\/comments?post=49578"}],"version-history":[{"count":4,"href":"https:\/\/vss.sk\/ro\/wp-json\/wp\/v2\/pages\/49578\/revisions"}],"predecessor-version":[{"id":54095,"href":"https:\/\/vss.sk\/ro\/wp-json\/wp\/v2\/pages\/49578\/revisions\/54095"}],"wp:attachment":[{"href":"https:\/\/vss.sk\/ro\/wp-json\/wp\/v2\/media?parent=49578"}],"curies":[{"name":"wp","href":"https:\/\/api.w.org\/{rel}","templated":true}]}}