{"id":5153,"date":"2022-03-23T10:33:34","date_gmt":"2022-03-23T09:33:34","guid":{"rendered":"http:\/\/vss.sk\/?post_type=product&#038;p=5153"},"modified":"2024-08-21T10:53:20","modified_gmt":"2024-08-21T08:53:20","slug":"zabezpieczenie-i-pakowanie","status":"publish","type":"product","link":"https:\/\/vss.sk\/pl\/produkt\/zabezpieczenie-i-pakowanie\/","title":{"rendered":"Zabezpieczenie i pakowanie"},"content":{"rendered":"\n<div class=\"wp-block-group\"><div class=\"wp-block-group__inner-container is-layout-flow wp-block-group-is-layout-flow\">\n<h2 class=\"wp-block-heading is-style-h3 has-large-font-size\">ZABEZPIECZENIE \u2013 RODZAJE FOLII<\/h2>\n\n\n\n<p>W celu zabezpieczenia blachy na \u017cyczenie klienta jest ona powlekana foli\u0105 ochronn\u0105. Standardowo stosujemy foli\u0119 o sk\u0142adzie indywidualnie dobranym w rezultacie test\u00f3w dla danej pow\u0142oki blachy: rodzaj i grubo\u015b\u0107 warstwy kleju oraz folii zosta\u0142y tak okre\u015blone, aby zapewni\u0107 odpowiedni\u0105 przyczepno\u015b\u0107, a przy \u015bci\u0105ganiu nie naruszy\u0107 pow\u0142oki. <\/p>\n\n\n\n<h2 class=\"wp-block-heading is-style-h3 has-medium-font-size\">Oferujemy folie o zr\u00f3\u017cnicowanych parametrach, kt\u00f3re mo\u017cemy indywidualnie dobra\u0107, uwzgl\u0119dniaj\u0105c:<\/h2>\n\n\n\n<div style=\"height:100px\" aria-hidden=\"true\" class=\"wp-block-spacer is-style-small-spacer\"><\/div>\n\n\n\n<div class=\"wp-block-columns is-layout-flex wp-container-core-columns-is-layout-9d6595d7 wp-block-columns-is-layout-flex\">\n<div class=\"wp-block-column is-layout-flow wp-block-column-is-layout-flow\"><div class=\"wp-block-image\">\n<figure class=\"aligncenter size-full is-resized\"><img decoding=\"async\" src=\"https:\/\/vss.sk\/wp-content\/uploads\/2024\/06\/Asset-73new.svg\" alt=\"\" class=\"wp-image-51240\" style=\"object-fit:contain;width:80px;height:80px\"\/><\/figure>\n<\/div>\n\n\n<p class=\"has-text-align-center\"><strong>Klej<\/strong><\/p>\n\n\n\n<ul class=\"wp-block-list\">\n<li>akrylowy, wodny &#8211; ekologiczny, zmywalny wod\u0105,<\/li>\n\n\n\n<li>akrylowy, rozpuszczalnikowy &#8211; nie rozpuszcza si\u0119 w wodzie, stosuje si\u0119 do pow\u0142ok matowych,<\/li>\n\n\n\n<li>kauczukowy, rozpuszczalnikowy &#8211; nie rozpuszcza si\u0119 w wodzie, stosuje si\u0119 do pow\u0142ok poliesterowych.<\/li>\n<\/ul>\n<\/div>\n\n\n\n<div class=\"wp-block-column is-layout-flow wp-block-column-is-layout-flow\"><div class=\"wp-block-image\">\n<figure class=\"aligncenter size-full is-resized\"><img decoding=\"async\" src=\"https:\/\/vss.sk\/wp-content\/uploads\/2024\/06\/przepuszczalnosc-icon.svg\" alt=\"\" class=\"wp-image-51247\" style=\"object-fit:contain;width:80px;height:80px\"\/><\/figure>\n<\/div>\n\n\n<p class=\"has-text-align-center\"><strong>Przepuszczalno\u015b\u0107 \u015bwiat\u0142a<\/strong><\/p>\n\n\n\n<p class=\"has-text-align-center\">folie kryj\u0105ce i transparentne.<\/p>\n<\/div>\n\n\n\n<div class=\"wp-block-column is-layout-flow wp-block-column-is-layout-flow\"><div class=\"wp-block-image\">\n<figure class=\"aligncenter size-full is-resized\"><img decoding=\"async\" src=\"https:\/\/vss.sk\/wp-content\/uploads\/2024\/06\/odpornosc-uv-icon.svg\" alt=\"\" class=\"wp-image-51253\" style=\"object-fit:contain;width:80px;height:80px\"\/><\/figure>\n<\/div>\n\n\n<p class=\"has-text-align-center\"><strong>Odporno\u015b\u0107 na promieniowanie UV<\/strong><\/p>\n\n\n\n<p class=\"has-text-align-center\">od 1 do 12 miesi\u0119cy.<\/p>\n<\/div>\n<\/div>\n\n\n\n<div class=\"wp-block-columns is-layout-flex wp-container-core-columns-is-layout-9d6595d7 wp-block-columns-is-layout-flex\">\n<div class=\"wp-block-column is-layout-flow wp-block-column-is-layout-flow\"><div class=\"wp-block-image\">\n<figure class=\"aligncenter size-full is-resized\"><img decoding=\"async\" src=\"https:\/\/vss.sk\/wp-content\/uploads\/2024\/06\/grubosc-folii-icon.svg\" alt=\"\" class=\"wp-image-51259\" style=\"object-fit:contain;width:80px;height:80px\"\/><\/figure>\n<\/div>\n\n\n<p class=\"has-text-align-center\"><strong>Grubo\u015b\u0107 folii<\/strong><\/p>\n\n\n\n<p class=\"has-text-align-center\">35 \u03bcm \u2013 100 \u03bcm.<\/p>\n\n\n\n<p class=\"has-text-align-center\"><strong>Rodzaj folii<\/strong><\/p>\n\n\n\n<p class=\"has-text-align-center\">MAT\/PO\u0141YSK.<\/p>\n<\/div>\n\n\n\n<div class=\"wp-block-column is-layout-flow wp-block-column-is-layout-flow\"><div class=\"wp-block-image\">\n<figure class=\"aligncenter size-full is-resized\"><img decoding=\"async\" src=\"https:\/\/vss.sk\/wp-content\/uploads\/2024\/06\/kondensacja-icon.svg\" alt=\"\" class=\"wp-image-51266\" style=\"object-fit:contain;width:80px;height:80px\"\/><\/figure>\n<\/div>\n\n\n<p class=\"has-text-align-center\"><strong>Kondensacj\u0119 pary wodnej<\/strong><\/p>\n\n\n\n<p class=\"has-text-align-center\">pow\u0142oka antyskropleniowa.<\/p>\n<\/div>\n\n\n\n<div class=\"wp-block-column is-layout-flow wp-block-column-is-layout-flow\"><div class=\"wp-block-image\">\n<figure class=\"aligncenter size-full is-resized\"><img decoding=\"async\" src=\"https:\/\/vss.sk\/wp-content\/uploads\/2024\/06\/zastosowanie-icon.svg\" alt=\"\" class=\"wp-image-51272\" style=\"object-fit:contain;width:80px;height:80px\"\/><\/figure>\n<\/div>\n\n\n<p class=\"has-text-align-center\"><strong>Zastosowanie<\/strong><\/p>\n\n\n\n<p class=\"has-text-align-center\">folie uniwersalne, dedykowane dla rodzaju pow\u0142oki oraz specjalnego zastosowania, np. zabezpieczenie foli\u0105 fiber pod ci\u0119cie laserem.<\/p>\n<\/div>\n<\/div>\n<\/div><\/div>\n","protected":false},"featured_media":51561,"menu_order":10,"template":"","product_category":[56],"warranty":[],"product_serie":[],"class_list":["post-5153","product","type-product","status-publish","has-post-thumbnail","hentry","product_category-stalowe-centrum-serwisowe"],"acf":[],"yoast_head":"<!-- This site is optimized with the Yoast SEO plugin v27.3 - https:\/\/yoast.com\/product\/yoast-seo-wordpress\/ -->\n<title>Zabezpieczenie i pakowanie - VSS<\/title>\n<meta name=\"robots\" content=\"index, follow, max-snippet:-1, max-image-preview:large, max-video-preview:-1\" \/>\n<link rel=\"canonical\" href=\"https:\/\/vss.sk\/pl\/produkt\/zabezpieczenie-i-pakowanie\/\" \/>\n<meta property=\"og:locale\" content=\"pl_PL\" \/>\n<meta property=\"og:type\" content=\"article\" \/>\n<meta property=\"og:title\" content=\"Zabezpieczenie i pakowanie - VSS\" \/>\n<meta property=\"og:description\" content=\"ZABEZPIECZENIE \u2013 RODZAJE FOLII W celu zabezpieczenia blachy na \u017cyczenie klienta jest ona powlekana foli\u0105 ochronn\u0105. Standardowo stosujemy foli\u0119 o sk\u0142adzie indywidualnie dobranym w rezultacie test\u00f3w dla danej pow\u0142oki blachy: rodzaj i grubo\u015b\u0107 warstwy kleju oraz folii zosta\u0142y tak okre\u015blone, aby zapewni\u0107 odpowiedni\u0105 przyczepno\u015b\u0107, a przy \u015bci\u0105ganiu nie naruszy\u0107 pow\u0142oki. Oferujemy folie o zr\u00f3\u017cnicowanych parametrach, [&hellip;]\" \/>\n<meta property=\"og:url\" content=\"https:\/\/vss.sk\/pl\/produkt\/zabezpieczenie-i-pakowanie\/\" \/>\n<meta property=\"og:site_name\" content=\"VSS\" \/>\n<meta property=\"article:modified_time\" content=\"2024-08-21T08:53:20+00:00\" \/>\n<meta property=\"og:image\" content=\"https:\/\/vss.sk\/wp-content\/uploads\/2022\/03\/bezpieczne-pakowanie-2.webp\" \/>\n\t<meta property=\"og:image:width\" content=\"820\" \/>\n\t<meta property=\"og:image:height\" content=\"547\" \/>\n\t<meta property=\"og:image:type\" content=\"image\/webp\" \/>\n<meta name=\"twitter:card\" content=\"summary_large_image\" \/>\n<meta name=\"twitter:label1\" content=\"Est. reading time\" \/>\n\t<meta name=\"twitter:data1\" content=\"3 minuty\" \/>\n<script type=\"application\/ld+json\" class=\"yoast-schema-graph\">{\"@context\":\"https:\\\/\\\/schema.org\",\"@graph\":[{\"@type\":\"WebPage\",\"@id\":\"https:\\\/\\\/vss.sk\\\/pl\\\/produkt\\\/zabezpieczenie-i-pakowanie\\\/\",\"url\":\"https:\\\/\\\/vss.sk\\\/pl\\\/produkt\\\/zabezpieczenie-i-pakowanie\\\/\",\"name\":\"Zabezpieczenie i pakowanie - VSS\",\"isPartOf\":{\"@id\":\"https:\\\/\\\/vss.sk\\\/#website\"},\"primaryImageOfPage\":{\"@id\":\"https:\\\/\\\/vss.sk\\\/pl\\\/produkt\\\/zabezpieczenie-i-pakowanie\\\/#primaryimage\"},\"image\":{\"@id\":\"https:\\\/\\\/vss.sk\\\/pl\\\/produkt\\\/zabezpieczenie-i-pakowanie\\\/#primaryimage\"},\"thumbnailUrl\":\"https:\\\/\\\/vss.sk\\\/wp-content\\\/uploads\\\/2022\\\/03\\\/bezpieczne-pakowanie-2.webp\",\"datePublished\":\"2022-03-23T09:33:34+00:00\",\"dateModified\":\"2024-08-21T08:53:20+00:00\",\"breadcrumb\":{\"@id\":\"https:\\\/\\\/vss.sk\\\/pl\\\/produkt\\\/zabezpieczenie-i-pakowanie\\\/#breadcrumb\"},\"inLanguage\":\"pl-PL\",\"potentialAction\":[{\"@type\":\"ReadAction\",\"target\":[\"https:\\\/\\\/vss.sk\\\/pl\\\/produkt\\\/zabezpieczenie-i-pakowanie\\\/\"]}]},{\"@type\":\"ImageObject\",\"inLanguage\":\"pl-PL\",\"@id\":\"https:\\\/\\\/vss.sk\\\/pl\\\/produkt\\\/zabezpieczenie-i-pakowanie\\\/#primaryimage\",\"url\":\"https:\\\/\\\/vss.sk\\\/wp-content\\\/uploads\\\/2022\\\/03\\\/bezpieczne-pakowanie-2.webp\",\"contentUrl\":\"https:\\\/\\\/vss.sk\\\/wp-content\\\/uploads\\\/2022\\\/03\\\/bezpieczne-pakowanie-2.webp\",\"width\":820,\"height\":547},{\"@type\":\"BreadcrumbList\",\"@id\":\"https:\\\/\\\/vss.sk\\\/pl\\\/produkt\\\/zabezpieczenie-i-pakowanie\\\/#breadcrumb\",\"itemListElement\":[{\"@type\":\"ListItem\",\"position\":1,\"name\":\"Home\",\"item\":\"https:\\\/\\\/vss.sk\\\/pl\\\/\"},{\"@type\":\"ListItem\",\"position\":2,\"name\":\"Zabezpieczenie i pakowanie\"}]},{\"@type\":\"WebSite\",\"@id\":\"https:\\\/\\\/vss.sk\\\/#website\",\"url\":\"https:\\\/\\\/vss.sk\\\/\",\"name\":\"VSS\",\"description\":\"Stalowe Centrum Serwisowe\",\"potentialAction\":[{\"@type\":\"SearchAction\",\"target\":{\"@type\":\"EntryPoint\",\"urlTemplate\":\"https:\\\/\\\/vss.sk\\\/?s={search_term_string}\"},\"query-input\":{\"@type\":\"PropertyValueSpecification\",\"valueRequired\":true,\"valueName\":\"search_term_string\"}}],\"inLanguage\":\"pl-PL\"}]}<\/script>\n<!-- \/ Yoast SEO plugin. -->","yoast_head_json":{"title":"Zabezpieczenie i pakowanie - VSS","robots":{"index":"index","follow":"follow","max-snippet":"max-snippet:-1","max-image-preview":"max-image-preview:large","max-video-preview":"max-video-preview:-1"},"canonical":"https:\/\/vss.sk\/pl\/produkt\/zabezpieczenie-i-pakowanie\/","og_locale":"pl_PL","og_type":"article","og_title":"Zabezpieczenie i pakowanie - VSS","og_description":"ZABEZPIECZENIE \u2013 RODZAJE FOLII W celu zabezpieczenia blachy na \u017cyczenie klienta jest ona powlekana foli\u0105 ochronn\u0105. Standardowo stosujemy foli\u0119 o sk\u0142adzie indywidualnie dobranym w rezultacie test\u00f3w dla danej pow\u0142oki blachy: rodzaj i grubo\u015b\u0107 warstwy kleju oraz folii zosta\u0142y tak okre\u015blone, aby zapewni\u0107 odpowiedni\u0105 przyczepno\u015b\u0107, a przy \u015bci\u0105ganiu nie naruszy\u0107 pow\u0142oki. Oferujemy folie o zr\u00f3\u017cnicowanych parametrach, [&hellip;]","og_url":"https:\/\/vss.sk\/pl\/produkt\/zabezpieczenie-i-pakowanie\/","og_site_name":"VSS","article_modified_time":"2024-08-21T08:53:20+00:00","og_image":[{"width":820,"height":547,"url":"https:\/\/vss.sk\/wp-content\/uploads\/2022\/03\/bezpieczne-pakowanie-2.webp","type":"image\/webp"}],"twitter_card":"summary_large_image","twitter_misc":{"Est. reading time":"3 minuty"},"schema":{"@context":"https:\/\/schema.org","@graph":[{"@type":"WebPage","@id":"https:\/\/vss.sk\/pl\/produkt\/zabezpieczenie-i-pakowanie\/","url":"https:\/\/vss.sk\/pl\/produkt\/zabezpieczenie-i-pakowanie\/","name":"Zabezpieczenie i pakowanie - VSS","isPartOf":{"@id":"https:\/\/vss.sk\/#website"},"primaryImageOfPage":{"@id":"https:\/\/vss.sk\/pl\/produkt\/zabezpieczenie-i-pakowanie\/#primaryimage"},"image":{"@id":"https:\/\/vss.sk\/pl\/produkt\/zabezpieczenie-i-pakowanie\/#primaryimage"},"thumbnailUrl":"https:\/\/vss.sk\/wp-content\/uploads\/2022\/03\/bezpieczne-pakowanie-2.webp","datePublished":"2022-03-23T09:33:34+00:00","dateModified":"2024-08-21T08:53:20+00:00","breadcrumb":{"@id":"https:\/\/vss.sk\/pl\/produkt\/zabezpieczenie-i-pakowanie\/#breadcrumb"},"inLanguage":"pl-PL","potentialAction":[{"@type":"ReadAction","target":["https:\/\/vss.sk\/pl\/produkt\/zabezpieczenie-i-pakowanie\/"]}]},{"@type":"ImageObject","inLanguage":"pl-PL","@id":"https:\/\/vss.sk\/pl\/produkt\/zabezpieczenie-i-pakowanie\/#primaryimage","url":"https:\/\/vss.sk\/wp-content\/uploads\/2022\/03\/bezpieczne-pakowanie-2.webp","contentUrl":"https:\/\/vss.sk\/wp-content\/uploads\/2022\/03\/bezpieczne-pakowanie-2.webp","width":820,"height":547},{"@type":"BreadcrumbList","@id":"https:\/\/vss.sk\/pl\/produkt\/zabezpieczenie-i-pakowanie\/#breadcrumb","itemListElement":[{"@type":"ListItem","position":1,"name":"Home","item":"https:\/\/vss.sk\/pl\/"},{"@type":"ListItem","position":2,"name":"Zabezpieczenie i pakowanie"}]},{"@type":"WebSite","@id":"https:\/\/vss.sk\/#website","url":"https:\/\/vss.sk\/","name":"VSS","description":"Stalowe Centrum Serwisowe","potentialAction":[{"@type":"SearchAction","target":{"@type":"EntryPoint","urlTemplate":"https:\/\/vss.sk\/?s={search_term_string}"},"query-input":{"@type":"PropertyValueSpecification","valueRequired":true,"valueName":"search_term_string"}}],"inLanguage":"pl-PL"}]}},"_links":{"self":[{"href":"https:\/\/vss.sk\/pl\/wp-json\/wp\/v2\/product\/5153","targetHints":{"allow":["GET"]}}],"collection":[{"href":"https:\/\/vss.sk\/pl\/wp-json\/wp\/v2\/product"}],"about":[{"href":"https:\/\/vss.sk\/pl\/wp-json\/wp\/v2\/types\/product"}],"wp:featuredmedia":[{"embeddable":true,"href":"https:\/\/vss.sk\/pl\/wp-json\/wp\/v2\/media\/51561"}],"wp:attachment":[{"href":"https:\/\/vss.sk\/pl\/wp-json\/wp\/v2\/media?parent=5153"}],"wp:term":[{"taxonomy":"product_category","embeddable":true,"href":"https:\/\/vss.sk\/pl\/wp-json\/wp\/v2\/product_category?post=5153"},{"taxonomy":"warranty","embeddable":true,"href":"https:\/\/vss.sk\/pl\/wp-json\/wp\/v2\/warranty?post=5153"},{"taxonomy":"product_serie","embeddable":true,"href":"https:\/\/vss.sk\/pl\/wp-json\/wp\/v2\/product_serie?post=5153"}],"curies":[{"name":"wp","href":"https:\/\/api.w.org\/{rel}","templated":true}]}}