{"id":51148,"date":"2024-06-27T15:15:19","date_gmt":"2024-06-27T13:15:19","guid":{"rendered":"https:\/\/vss.sk\/produkt\/formatki-i-blachy-plaskie-copy\/"},"modified":"2025-12-18T09:55:51","modified_gmt":"2025-12-18T08:55:51","slug":"rozkroje-ciecie-wzdluzne","status":"publish","type":"product","link":"https:\/\/vss.sk\/pl\/produkt\/rozkroje-ciecie-wzdluzne\/","title":{"rendered":"Rozkroje &#8211; ci\u0119cie wzd\u0142u\u017cne"},"content":{"rendered":"\n<div class=\"wp-block-group is-style-default\"><div class=\"wp-block-group__inner-container is-layout-flow wp-block-group-is-layout-flow\">\n<h2 class=\"wp-block-heading is-style-h3 has-large-font-size\">TA\u015aMY W U\u0141O\u017bENIU PIONOWYM NA LEGARACH<\/h2>\n<\/div><\/div>\n\n\n\n<div class=\"wp-block-group\"><div class=\"wp-block-group__inner-container is-layout-constrained wp-block-group-is-layout-constrained\">\n<div class=\"wp-block-group is-style-narrower-group has-gray-background-color has-background\"><div class=\"wp-block-group__inner-container is-layout-flow wp-block-group-is-layout-flow\">\n<div style=\"height:100px\" aria-hidden=\"true\" class=\"wp-block-spacer is-style-small-spacer\"><\/div>\n\n\n\n<figure class=\"wp-block-gallery aligncenter has-nested-images columns-default is-cropped wp-block-gallery-1 is-layout-flex wp-block-gallery-is-layout-flex\">\n<figure class=\"wp-block-image size-medium\"><a href=\"https:\/\/vss.sk\/wp-content\/uploads\/2024\/07\/tasmy-pionowo-legary.png\"><img loading=\"lazy\" decoding=\"async\" width=\"820\" height=\"649\" data-id=\"51763\" src=\"https:\/\/vss.sk\/wp-content\/uploads\/2024\/07\/tasmy-pionowo-legary-820x649.png\" alt=\"\" class=\"wp-image-51763\" srcset=\"https:\/\/vss.sk\/wp-content\/uploads\/2024\/07\/tasmy-pionowo-legary-820x649.png 820w, https:\/\/vss.sk\/wp-content\/uploads\/2024\/07\/tasmy-pionowo-legary-768x607.png 768w, https:\/\/vss.sk\/wp-content\/uploads\/2024\/07\/tasmy-pionowo-legary.png 1000w\" sizes=\"auto, (max-width: 820px) 100vw, 820px\" \/><\/a><\/figure>\n<\/figure>\n\n\n\n<div style=\"height:100px\" aria-hidden=\"true\" class=\"wp-block-spacer is-style-smaller-spacer\"><\/div>\n<\/div><\/div>\n\n\n\n<div class=\"wp-block-group is-style-narrow-group\"><div class=\"wp-block-group__inner-container is-layout-flow wp-block-group-is-layout-flow\">\n<div style=\"height:100px\" aria-hidden=\"true\" class=\"wp-block-spacer is-style-small-spacer\"><\/div>\n\n\n\n<div class=\"wp-block-columns is-layout-flex wp-container-core-columns-is-layout-9d6595d7 wp-block-columns-is-layout-flex\">\n<div class=\"wp-block-column is-layout-flow wp-block-column-is-layout-flow\"><div class=\"wp-block-image\">\n<figure class=\"aligncenter size-full is-resized\"><img loading=\"lazy\" decoding=\"async\" width=\"1000\" height=\"953\" src=\"https:\/\/vss.sk\/wp-content\/uploads\/2024\/07\/3a1ka-img.png\" alt=\"\" class=\"wp-image-51769\" style=\"width:250px\" srcset=\"https:\/\/vss.sk\/wp-content\/uploads\/2024\/07\/3a1ka-img.png 1000w, https:\/\/vss.sk\/wp-content\/uploads\/2024\/07\/3a1ka-img-820x781.png 820w, https:\/\/vss.sk\/wp-content\/uploads\/2024\/07\/3a1ka-img-768x732.png 768w\" sizes=\"auto, (max-width: 1000px) 100vw, 1000px\" \/><\/figure>\n<\/div>\n\n\n<h3 class=\"wp-block-heading has-text-align-center\">3A1KA<\/h3>\n\n\n\n<p class=\"has-text-align-center\">Ta\u015bma w orientacji pionowej na legarach spi\u0119ta ta\u015bm\u0105 po obwodzie i ta\u015bmami promieniowymi.<\/p>\n<\/div>\n\n\n\n<div class=\"wp-block-column is-layout-flow wp-block-column-is-layout-flow\"><div class=\"wp-block-image\">\n<figure class=\"aligncenter size-full is-resized\"><img loading=\"lazy\" decoding=\"async\" width=\"1000\" height=\"980\" src=\"https:\/\/vss.sk\/wp-content\/uploads\/2024\/07\/3a1ki-img.png\" alt=\"\" class=\"wp-image-51775\" style=\"width:250px\" srcset=\"https:\/\/vss.sk\/wp-content\/uploads\/2024\/07\/3a1ki-img.png 1000w, https:\/\/vss.sk\/wp-content\/uploads\/2024\/07\/3a1ki-img-820x804.png 820w, https:\/\/vss.sk\/wp-content\/uploads\/2024\/07\/3a1ki-img-768x753.png 768w\" sizes=\"auto, (max-width: 1000px) 100vw, 1000px\" \/><\/figure>\n<\/div>\n\n\n<h3 class=\"wp-block-heading has-text-align-center\">3A1KI<\/h3>\n\n\n\n<p class=\"has-text-align-center\">Ta\u015bmy w orientacji pionowej na legarach spi\u0119te ta\u015bm\u0105 po obwodzie i ta\u015bmami promieniowymi rozdzielone listwami separur\u0105cymi.<\/p>\n<\/div>\n\n\n\n<div class=\"wp-block-column is-layout-flow wp-block-column-is-layout-flow\"><div class=\"wp-block-image\">\n<figure class=\"aligncenter size-full is-resized\"><img loading=\"lazy\" decoding=\"async\" width=\"1000\" height=\"980\" src=\"https:\/\/vss.sk\/wp-content\/uploads\/2024\/07\/3ijki-img.png\" alt=\"\" class=\"wp-image-51781\" style=\"width:250px\" srcset=\"https:\/\/vss.sk\/wp-content\/uploads\/2024\/07\/3ijki-img.png 1000w, https:\/\/vss.sk\/wp-content\/uploads\/2024\/07\/3ijki-img-820x804.png 820w, https:\/\/vss.sk\/wp-content\/uploads\/2024\/07\/3ijki-img-768x753.png 768w\" sizes=\"auto, (max-width: 1000px) 100vw, 1000px\" \/><\/figure>\n<\/div>\n\n\n<h3 class=\"wp-block-heading has-text-align-center\">3I1KI<\/h3>\n\n\n\n<p class=\"has-text-align-center\">Ta\u015bmy w orientacji pionowej na legarach spi\u0119te ta\u015bm\u0105 po obwodzie i ta\u015bmami promieniowymi rozdzielone listwami separur\u0105cymi. Zabezpieczona foli\u0105 stretch.<\/p>\n<\/div>\n<\/div>\n<\/div><\/div>\n<\/div><\/div>\n\n\n\n<div class=\"wp-block-group is-style-default\"><div class=\"wp-block-group__inner-container is-layout-flow wp-block-group-is-layout-flow\">\n<h2 class=\"wp-block-heading is-style-h3 has-large-font-size\">TA\u015aMY W U\u0141O\u017bENIU PIONOWYM NA PALECIE<\/h2>\n<\/div><\/div>\n\n\n\n<div class=\"wp-block-group\"><div class=\"wp-block-group__inner-container is-layout-constrained wp-block-group-is-layout-constrained\">\n<div class=\"wp-block-group is-style-narrower-group has-gray-background-color has-background\"><div class=\"wp-block-group__inner-container is-layout-flow wp-block-group-is-layout-flow\">\n<div style=\"height:100px\" aria-hidden=\"true\" class=\"wp-block-spacer is-style-small-spacer\"><\/div>\n\n\n\n<figure class=\"wp-block-gallery aligncenter has-nested-images columns-default is-cropped wp-block-gallery-2 is-layout-flex wp-block-gallery-is-layout-flex\">\n<figure class=\"wp-block-image size-medium\"><a href=\"https:\/\/vss.sk\/wp-content\/uploads\/2024\/07\/tasmy-pionowe-paleta.png\"><img loading=\"lazy\" decoding=\"async\" width=\"820\" height=\"621\" data-id=\"51787\" src=\"https:\/\/vss.sk\/wp-content\/uploads\/2024\/07\/tasmy-pionowe-paleta-820x621.png\" alt=\"\" class=\"wp-image-51787\" srcset=\"https:\/\/vss.sk\/wp-content\/uploads\/2024\/07\/tasmy-pionowe-paleta-820x621.png 820w, https:\/\/vss.sk\/wp-content\/uploads\/2024\/07\/tasmy-pionowe-paleta-768x581.png 768w, https:\/\/vss.sk\/wp-content\/uploads\/2024\/07\/tasmy-pionowe-paleta.png 1000w\" sizes=\"auto, (max-width: 820px) 100vw, 820px\" \/><\/a><\/figure>\n<\/figure>\n\n\n\n<div style=\"height:100px\" aria-hidden=\"true\" class=\"wp-block-spacer is-style-smaller-spacer\"><\/div>\n<\/div><\/div>\n\n\n\n<div class=\"wp-block-group is-style-narrow-group\"><div class=\"wp-block-group__inner-container is-layout-flow wp-block-group-is-layout-flow\">\n<div style=\"height:100px\" aria-hidden=\"true\" class=\"wp-block-spacer is-style-small-spacer\"><\/div>\n\n\n\n<div class=\"wp-block-columns is-layout-flex wp-container-core-columns-is-layout-9d6595d7 wp-block-columns-is-layout-flex\">\n<div class=\"wp-block-column is-layout-flow wp-block-column-is-layout-flow\"><div class=\"wp-block-image\">\n<figure class=\"aligncenter size-full is-resized\"><img loading=\"lazy\" decoding=\"async\" width=\"1000\" height=\"1107\" src=\"https:\/\/vss.sk\/wp-content\/uploads\/2024\/07\/2a1la-img.png\" alt=\"\" class=\"wp-image-51793\" style=\"width:250px\" srcset=\"https:\/\/vss.sk\/wp-content\/uploads\/2024\/07\/2a1la-img.png 1000w, https:\/\/vss.sk\/wp-content\/uploads\/2024\/07\/2a1la-img-820x908.png 820w, https:\/\/vss.sk\/wp-content\/uploads\/2024\/07\/2a1la-img-925x1024.png 925w, https:\/\/vss.sk\/wp-content\/uploads\/2024\/07\/2a1la-img-768x850.png 768w\" sizes=\"auto, (max-width: 1000px) 100vw, 1000px\" \/><\/figure>\n<\/div>\n\n\n<h3 class=\"wp-block-heading has-text-align-center\">2A1LA<\/h3>\n\n\n\n<p class=\"has-text-align-center\">Ta\u015bma w orientacji pionowej na palecie spi\u0119ta ta\u015bm\u0105 po obwodzie i ta\u015bmami promieniowymi.<\/p>\n<\/div>\n\n\n\n<div class=\"wp-block-column is-layout-flow wp-block-column-is-layout-flow\"><div class=\"wp-block-image\">\n<figure class=\"aligncenter size-full is-resized\"><img loading=\"lazy\" decoding=\"async\" width=\"1000\" height=\"1040\" src=\"https:\/\/vss.sk\/wp-content\/uploads\/2024\/07\/3a1li-img.png\" alt=\"\" class=\"wp-image-51799\" style=\"width:250px\" srcset=\"https:\/\/vss.sk\/wp-content\/uploads\/2024\/07\/3a1li-img.png 1000w, https:\/\/vss.sk\/wp-content\/uploads\/2024\/07\/3a1li-img-820x853.png 820w, https:\/\/vss.sk\/wp-content\/uploads\/2024\/07\/3a1li-img-985x1024.png 985w, https:\/\/vss.sk\/wp-content\/uploads\/2024\/07\/3a1li-img-768x799.png 768w\" sizes=\"auto, (max-width: 1000px) 100vw, 1000px\" \/><\/figure>\n<\/div>\n\n\n<h3 class=\"wp-block-heading has-text-align-center\">3A1LI<\/h3>\n\n\n\n<p class=\"has-text-align-center\">Ta\u015bmy w orientacji pionowej na palecie spi\u0119ta ta\u015bmami po obwodzie i ta\u015bmami promieniowymi z drewnianymi listwami separuj\u0105cymi.<\/p>\n<\/div>\n\n\n\n<div class=\"wp-block-column is-layout-flow wp-block-column-is-layout-flow\"><div class=\"wp-block-image\">\n<figure class=\"aligncenter size-full is-resized\"><img loading=\"lazy\" decoding=\"async\" width=\"1000\" height=\"1040\" src=\"https:\/\/vss.sk\/wp-content\/uploads\/2024\/07\/3i1li-img.png\" alt=\"\" class=\"wp-image-51805\" style=\"width:250px\" srcset=\"https:\/\/vss.sk\/wp-content\/uploads\/2024\/07\/3i1li-img.png 1000w, https:\/\/vss.sk\/wp-content\/uploads\/2024\/07\/3i1li-img-820x853.png 820w, https:\/\/vss.sk\/wp-content\/uploads\/2024\/07\/3i1li-img-985x1024.png 985w, https:\/\/vss.sk\/wp-content\/uploads\/2024\/07\/3i1li-img-768x799.png 768w\" sizes=\"auto, (max-width: 1000px) 100vw, 1000px\" \/><\/figure>\n<\/div>\n\n\n<h3 class=\"wp-block-heading has-text-align-center\">3I1LI<\/h3>\n\n\n\n<p class=\"has-text-align-center\">Ta\u015bmy w orientacji pionowej na palecie spi\u0119ta ta\u015bmami po obwodzie i ta\u015bmami promieniowymi z drewnianymi listwami separuj\u0105cymi. Zabezpieczona foli\u0105 stretch.<\/p>\n<\/div>\n<\/div>\n<\/div><\/div>\n<\/div><\/div>\n\n\n\n<div class=\"wp-block-group is-style-narrow-group\"><div class=\"wp-block-group__inner-container is-layout-constrained wp-block-group-is-layout-constrained\">\n<h2 class=\"wp-block-heading is-style-h3 has-large-font-size\">Kody pakowania &#8211; legenda<\/h2>\n\n\n<div class=\"wp-block-image\">\n<figure class=\"aligncenter size-large\"><img loading=\"lazy\" decoding=\"async\" width=\"852\" height=\"1024\" src=\"https:\/\/vss.sk\/wp-content\/uploads\/2024\/07\/legenda-img-852x1024.png\" alt=\"\" class=\"wp-image-51811\" srcset=\"https:\/\/vss.sk\/wp-content\/uploads\/2024\/07\/legenda-img-852x1024.png 852w, https:\/\/vss.sk\/wp-content\/uploads\/2024\/07\/legenda-img-799x960.png 799w, https:\/\/vss.sk\/wp-content\/uploads\/2024\/07\/legenda-img-768x923.png 768w, https:\/\/vss.sk\/wp-content\/uploads\/2024\/07\/legenda-img-1278x1536.png 1278w, https:\/\/vss.sk\/wp-content\/uploads\/2024\/07\/legenda-img-1705x2048.png 1705w, https:\/\/vss.sk\/wp-content\/uploads\/2024\/07\/legenda-img.png 2000w\" sizes=\"auto, (max-width: 852px) 100vw, 852px\" \/><\/figure>\n<\/div><\/div><\/div>\n","protected":false},"featured_media":51215,"menu_order":2,"template":"","product_category":[56,101],"warranty":[],"product_serie":[],"class_list":["post-51148","product","type-product","status-publish","has-post-thumbnail","hentry","product_category-stalowe-centrum-serwisowe","product_category-rozkroje"],"acf":[],"yoast_head":"<!-- This site is optimized with the Yoast SEO plugin v27.3 - https:\/\/yoast.com\/product\/yoast-seo-wordpress\/ -->\n<title>Rozkroje - ci\u0119cie wzd\u0142u\u017cne - Stalowe Centrum Serwisowe (VSS)<\/title>\n<meta name=\"description\" content=\"Dostarczamy nisko i wysokoprzetworzony materia\u0142 stalowy stosowany w produkcji szerokiej gamy wyrob\u00f3w. Dysponujemy liniami do ci\u0119cia i rozkroju blach oraz kr\u0119g\u00f3w. Zapewniamy mo\u017cliwo\u015b\u0107 pokrycia materia\u0142u pow\u0142ok\u0105 antykondensacyjn\u0105 lub foli\u0105 ochronn\u0105 o ustalanych indywidualnie parametrach i w\u0142a\u015bciwo\u015bciach.\" \/>\n<meta name=\"robots\" content=\"index, follow, max-snippet:-1, max-image-preview:large, max-video-preview:-1\" \/>\n<link rel=\"canonical\" href=\"https:\/\/vss.sk\/pl\/produkt\/rozkroje-ciecie-wzdluzne\/\" \/>\n<meta property=\"og:locale\" content=\"pl_PL\" \/>\n<meta property=\"og:type\" content=\"article\" \/>\n<meta property=\"og:title\" content=\"Rozkroje - ci\u0119cie wzd\u0142u\u017cne - Stalowe Centrum Serwisowe (VSS)\" \/>\n<meta property=\"og:description\" content=\"Dostarczamy nisko i wysokoprzetworzony materia\u0142 stalowy stosowany w produkcji szerokiej gamy wyrob\u00f3w. Dysponujemy liniami do ci\u0119cia i rozkroju blach oraz kr\u0119g\u00f3w. Zapewniamy mo\u017cliwo\u015b\u0107 pokrycia materia\u0142u pow\u0142ok\u0105 antykondensacyjn\u0105 lub foli\u0105 ochronn\u0105 o ustalanych indywidualnie parametrach i w\u0142a\u015bciwo\u015bciach.\" \/>\n<meta property=\"og:url\" content=\"https:\/\/vss.sk\/pl\/produkt\/rozkroje-ciecie-wzdluzne\/\" \/>\n<meta property=\"og:site_name\" content=\"VSS\" \/>\n<meta property=\"article:modified_time\" content=\"2025-12-18T08:55:51+00:00\" \/>\n<meta property=\"og:image\" content=\"https:\/\/vss.sk\/wp-content\/uploads\/2024\/06\/rozkroje-img-1-f.png\" \/>\n\t<meta property=\"og:image:width\" content=\"820\" \/>\n\t<meta property=\"og:image:height\" content=\"547\" \/>\n\t<meta property=\"og:image:type\" content=\"image\/png\" \/>\n<meta name=\"twitter:card\" content=\"summary_large_image\" \/>\n<meta name=\"twitter:label1\" content=\"Est. reading time\" \/>\n\t<meta name=\"twitter:data1\" content=\"3 minuty\" \/>\n<script type=\"application\/ld+json\" class=\"yoast-schema-graph\">{\"@context\":\"https:\\\/\\\/schema.org\",\"@graph\":[{\"@type\":\"WebPage\",\"@id\":\"https:\\\/\\\/vss.sk\\\/pl\\\/produkt\\\/rozkroje-ciecie-wzdluzne\\\/\",\"url\":\"https:\\\/\\\/vss.sk\\\/pl\\\/produkt\\\/rozkroje-ciecie-wzdluzne\\\/\",\"name\":\"Rozkroje - ci\u0119cie wzd\u0142u\u017cne - Stalowe Centrum Serwisowe (VSS)\",\"isPartOf\":{\"@id\":\"https:\\\/\\\/vss.sk\\\/#website\"},\"primaryImageOfPage\":{\"@id\":\"https:\\\/\\\/vss.sk\\\/pl\\\/produkt\\\/rozkroje-ciecie-wzdluzne\\\/#primaryimage\"},\"image\":{\"@id\":\"https:\\\/\\\/vss.sk\\\/pl\\\/produkt\\\/rozkroje-ciecie-wzdluzne\\\/#primaryimage\"},\"thumbnailUrl\":\"https:\\\/\\\/vss.sk\\\/wp-content\\\/uploads\\\/2024\\\/06\\\/rozkroje-img-1-f.png\",\"datePublished\":\"2024-06-27T13:15:19+00:00\",\"dateModified\":\"2025-12-18T08:55:51+00:00\",\"description\":\"Dostarczamy nisko i wysokoprzetworzony materia\u0142 stalowy stosowany w produkcji szerokiej gamy wyrob\u00f3w. Dysponujemy liniami do ci\u0119cia i rozkroju blach oraz kr\u0119g\u00f3w. Zapewniamy mo\u017cliwo\u015b\u0107 pokrycia materia\u0142u pow\u0142ok\u0105 antykondensacyjn\u0105 lub foli\u0105 ochronn\u0105 o ustalanych indywidualnie parametrach i w\u0142a\u015bciwo\u015bciach.\",\"breadcrumb\":{\"@id\":\"https:\\\/\\\/vss.sk\\\/pl\\\/produkt\\\/rozkroje-ciecie-wzdluzne\\\/#breadcrumb\"},\"inLanguage\":\"pl-PL\",\"potentialAction\":[{\"@type\":\"ReadAction\",\"target\":[\"https:\\\/\\\/vss.sk\\\/pl\\\/produkt\\\/rozkroje-ciecie-wzdluzne\\\/\"]}]},{\"@type\":\"ImageObject\",\"inLanguage\":\"pl-PL\",\"@id\":\"https:\\\/\\\/vss.sk\\\/pl\\\/produkt\\\/rozkroje-ciecie-wzdluzne\\\/#primaryimage\",\"url\":\"https:\\\/\\\/vss.sk\\\/wp-content\\\/uploads\\\/2024\\\/06\\\/rozkroje-img-1-f.png\",\"contentUrl\":\"https:\\\/\\\/vss.sk\\\/wp-content\\\/uploads\\\/2024\\\/06\\\/rozkroje-img-1-f.png\",\"width\":820,\"height\":547},{\"@type\":\"BreadcrumbList\",\"@id\":\"https:\\\/\\\/vss.sk\\\/pl\\\/produkt\\\/rozkroje-ciecie-wzdluzne\\\/#breadcrumb\",\"itemListElement\":[{\"@type\":\"ListItem\",\"position\":1,\"name\":\"Home\",\"item\":\"https:\\\/\\\/vss.sk\\\/pl\\\/\"},{\"@type\":\"ListItem\",\"position\":2,\"name\":\"Rozkroje &#8211; ci\u0119cie wzd\u0142u\u017cne\"}]},{\"@type\":\"WebSite\",\"@id\":\"https:\\\/\\\/vss.sk\\\/#website\",\"url\":\"https:\\\/\\\/vss.sk\\\/\",\"name\":\"VSS\",\"description\":\"Stalowe Centrum Serwisowe\",\"potentialAction\":[{\"@type\":\"SearchAction\",\"target\":{\"@type\":\"EntryPoint\",\"urlTemplate\":\"https:\\\/\\\/vss.sk\\\/?s={search_term_string}\"},\"query-input\":{\"@type\":\"PropertyValueSpecification\",\"valueRequired\":true,\"valueName\":\"search_term_string\"}}],\"inLanguage\":\"pl-PL\"}]}<\/script>\n<!-- \/ Yoast SEO plugin. -->","yoast_head_json":{"title":"Rozkroje - ci\u0119cie wzd\u0142u\u017cne - Stalowe Centrum Serwisowe (VSS)","description":"Dostarczamy nisko i wysokoprzetworzony materia\u0142 stalowy stosowany w produkcji szerokiej gamy wyrob\u00f3w. Dysponujemy liniami do ci\u0119cia i rozkroju blach oraz kr\u0119g\u00f3w. Zapewniamy mo\u017cliwo\u015b\u0107 pokrycia materia\u0142u pow\u0142ok\u0105 antykondensacyjn\u0105 lub foli\u0105 ochronn\u0105 o ustalanych indywidualnie parametrach i w\u0142a\u015bciwo\u015bciach.","robots":{"index":"index","follow":"follow","max-snippet":"max-snippet:-1","max-image-preview":"max-image-preview:large","max-video-preview":"max-video-preview:-1"},"canonical":"https:\/\/vss.sk\/pl\/produkt\/rozkroje-ciecie-wzdluzne\/","og_locale":"pl_PL","og_type":"article","og_title":"Rozkroje - ci\u0119cie wzd\u0142u\u017cne - Stalowe Centrum Serwisowe (VSS)","og_description":"Dostarczamy nisko i wysokoprzetworzony materia\u0142 stalowy stosowany w produkcji szerokiej gamy wyrob\u00f3w. Dysponujemy liniami do ci\u0119cia i rozkroju blach oraz kr\u0119g\u00f3w. Zapewniamy mo\u017cliwo\u015b\u0107 pokrycia materia\u0142u pow\u0142ok\u0105 antykondensacyjn\u0105 lub foli\u0105 ochronn\u0105 o ustalanych indywidualnie parametrach i w\u0142a\u015bciwo\u015bciach.","og_url":"https:\/\/vss.sk\/pl\/produkt\/rozkroje-ciecie-wzdluzne\/","og_site_name":"VSS","article_modified_time":"2025-12-18T08:55:51+00:00","og_image":[{"width":820,"height":547,"url":"https:\/\/vss.sk\/wp-content\/uploads\/2024\/06\/rozkroje-img-1-f.png","type":"image\/png"}],"twitter_card":"summary_large_image","twitter_misc":{"Est. reading time":"3 minuty"},"schema":{"@context":"https:\/\/schema.org","@graph":[{"@type":"WebPage","@id":"https:\/\/vss.sk\/pl\/produkt\/rozkroje-ciecie-wzdluzne\/","url":"https:\/\/vss.sk\/pl\/produkt\/rozkroje-ciecie-wzdluzne\/","name":"Rozkroje - ci\u0119cie wzd\u0142u\u017cne - Stalowe Centrum Serwisowe (VSS)","isPartOf":{"@id":"https:\/\/vss.sk\/#website"},"primaryImageOfPage":{"@id":"https:\/\/vss.sk\/pl\/produkt\/rozkroje-ciecie-wzdluzne\/#primaryimage"},"image":{"@id":"https:\/\/vss.sk\/pl\/produkt\/rozkroje-ciecie-wzdluzne\/#primaryimage"},"thumbnailUrl":"https:\/\/vss.sk\/wp-content\/uploads\/2024\/06\/rozkroje-img-1-f.png","datePublished":"2024-06-27T13:15:19+00:00","dateModified":"2025-12-18T08:55:51+00:00","description":"Dostarczamy nisko i wysokoprzetworzony materia\u0142 stalowy stosowany w produkcji szerokiej gamy wyrob\u00f3w. Dysponujemy liniami do ci\u0119cia i rozkroju blach oraz kr\u0119g\u00f3w. Zapewniamy mo\u017cliwo\u015b\u0107 pokrycia materia\u0142u pow\u0142ok\u0105 antykondensacyjn\u0105 lub foli\u0105 ochronn\u0105 o ustalanych indywidualnie parametrach i w\u0142a\u015bciwo\u015bciach.","breadcrumb":{"@id":"https:\/\/vss.sk\/pl\/produkt\/rozkroje-ciecie-wzdluzne\/#breadcrumb"},"inLanguage":"pl-PL","potentialAction":[{"@type":"ReadAction","target":["https:\/\/vss.sk\/pl\/produkt\/rozkroje-ciecie-wzdluzne\/"]}]},{"@type":"ImageObject","inLanguage":"pl-PL","@id":"https:\/\/vss.sk\/pl\/produkt\/rozkroje-ciecie-wzdluzne\/#primaryimage","url":"https:\/\/vss.sk\/wp-content\/uploads\/2024\/06\/rozkroje-img-1-f.png","contentUrl":"https:\/\/vss.sk\/wp-content\/uploads\/2024\/06\/rozkroje-img-1-f.png","width":820,"height":547},{"@type":"BreadcrumbList","@id":"https:\/\/vss.sk\/pl\/produkt\/rozkroje-ciecie-wzdluzne\/#breadcrumb","itemListElement":[{"@type":"ListItem","position":1,"name":"Home","item":"https:\/\/vss.sk\/pl\/"},{"@type":"ListItem","position":2,"name":"Rozkroje &#8211; ci\u0119cie wzd\u0142u\u017cne"}]},{"@type":"WebSite","@id":"https:\/\/vss.sk\/#website","url":"https:\/\/vss.sk\/","name":"VSS","description":"Stalowe Centrum Serwisowe","potentialAction":[{"@type":"SearchAction","target":{"@type":"EntryPoint","urlTemplate":"https:\/\/vss.sk\/?s={search_term_string}"},"query-input":{"@type":"PropertyValueSpecification","valueRequired":true,"valueName":"search_term_string"}}],"inLanguage":"pl-PL"}]}},"_links":{"self":[{"href":"https:\/\/vss.sk\/pl\/wp-json\/wp\/v2\/product\/51148","targetHints":{"allow":["GET"]}}],"collection":[{"href":"https:\/\/vss.sk\/pl\/wp-json\/wp\/v2\/product"}],"about":[{"href":"https:\/\/vss.sk\/pl\/wp-json\/wp\/v2\/types\/product"}],"wp:featuredmedia":[{"embeddable":true,"href":"https:\/\/vss.sk\/pl\/wp-json\/wp\/v2\/media\/51215"}],"wp:attachment":[{"href":"https:\/\/vss.sk\/pl\/wp-json\/wp\/v2\/media?parent=51148"}],"wp:term":[{"taxonomy":"product_category","embeddable":true,"href":"https:\/\/vss.sk\/pl\/wp-json\/wp\/v2\/product_category?post=51148"},{"taxonomy":"warranty","embeddable":true,"href":"https:\/\/vss.sk\/pl\/wp-json\/wp\/v2\/warranty?post=51148"},{"taxonomy":"product_serie","embeddable":true,"href":"https:\/\/vss.sk\/pl\/wp-json\/wp\/v2\/product_serie?post=51148"}],"curies":[{"name":"wp","href":"https:\/\/api.w.org\/{rel}","templated":true}]}}