{"id":53277,"date":"2022-03-23T10:33:34","date_gmt":"2022-03-23T09:33:34","guid":{"rendered":"https:\/\/vss.sk\/produkt\/zabezpieczenie-i-pakowanie\/"},"modified":"2024-12-19T10:04:17","modified_gmt":"2024-12-19T09:04:17","slug":"vedelem-es-csomagolas","status":"publish","type":"product","link":"https:\/\/vss.sk\/hu\/termek\/vedelem-es-csomagolas\/","title":{"rendered":"V\u00c9DELEM \u00c9S CSOMAGOL\u00c1S"},"content":{"rendered":"\n<div class=\"wp-block-group\"><div class=\"wp-block-group__inner-container is-layout-flow wp-block-group-is-layout-flow\">\n<h2 class=\"wp-block-heading is-style-h3 has-large-font-size\"><strong>V\u00e9delem &#8211; f\u00f3lia t\u00edpusai<\/strong><\/h2>\n\n\n\n<p>A lemezek v\u00e9delme \u00e9rdek\u00e9ben az \u00fcgyf\u00e9l k\u00e9r\u00e9s\u00e9re v\u00e9d\u0151f\u00f3li\u00e1val l\u00e1tjuk el. N\u00e1lunk alap, hogy olyan f\u00f3li\u00e1t haszn\u00e1lunk, melynek ragaszt\u00f3 r\u00e9teg\u00e9nek \u00f6sszet\u00e9tele az adott lemezbevonathoz passzol a vizsg\u00e1latoknak megfelel\u0151en: a ragaszt\u00f3r\u00e9teg \u00e9s a f\u00f3lia t\u00edpus\u00e1t \u00e9s vastags\u00e1g\u00e1t \u00fagy hat\u00e1roztuk meg, hogy maxim\u00e1lisan megfelel\u0151 tapad\u00e1sa legyen, \u00e9s hogy nem k\u00e1ros\u00edtsa a bevonatot az elt\u00e1vol\u00edt\u00e1skor.<\/p>\n\n\n\n<h2 class=\"wp-block-heading is-style-h3 has-medium-font-size\">K\u00fcl\u00f6nb\u00f6z\u0151 param\u00e9terekkel rendelkez\u0151 f\u00f3li\u00e1kat k\u00edn\u00e1lunk, amelyeket egyedileg lehet kiv\u00e1lasztani, figyelembe v\u00e9ve:<\/h2>\n\n\n\n<div style=\"height:100px\" aria-hidden=\"true\" class=\"wp-block-spacer is-style-small-spacer\"><\/div>\n\n\n\n<div class=\"wp-block-columns is-layout-flex wp-container-core-columns-is-layout-9d6595d7 wp-block-columns-is-layout-flex\">\n<div class=\"wp-block-column is-layout-flow wp-block-column-is-layout-flow\"><div class=\"wp-block-image\">\n<figure class=\"aligncenter size-full is-resized\"><img decoding=\"async\" src=\"https:\/\/vss.sk\/wp-content\/uploads\/2024\/06\/Asset-73new.svg\" alt=\"\" class=\"wp-image-51240\" style=\"object-fit:contain;width:80px;height:80px\"\/><\/figure>\n<\/div>\n\n\n<p class=\"has-text-align-center\"><strong><strong><strong>Ragaszt\u00f3<\/strong><\/strong><\/strong><\/p>\n\n\n\n<ul class=\"wp-block-list\">\n<li>akril, v\u00edzb\u00e1zis\u00fa &#8211; \u00f6kol\u00f3giai, v\u00edzzel lemoshat\u00f3,<\/li>\n\n\n\n<li>akril, old\u00f3szer alap\u00fa &#8211; nem old\u00f3dik v\u00edzben, matt bevonatokhoz haszn\u00e1ljuk<\/li>\n\n\n\n<li>gumi, old\u00f3szer alap\u00fa &#8211; nem old\u00f3dik v\u00edzben, poli\u00e9szter bevonatokhoz haszn\u00e1ljuk.<\/li>\n<\/ul>\n<\/div>\n\n\n\n<div class=\"wp-block-column is-layout-flow wp-block-column-is-layout-flow\"><div class=\"wp-block-image\">\n<figure class=\"aligncenter size-full is-resized\"><img decoding=\"async\" src=\"https:\/\/vss.sk\/wp-content\/uploads\/2024\/06\/przepuszczalnosc-icon.svg\" alt=\"\" class=\"wp-image-51247\" style=\"object-fit:contain;width:80px;height:80px\"\/><\/figure>\n<\/div>\n\n\n<p class=\"has-text-align-center\"><strong><strong><strong>F\u00e9ny\u00e1tereszt\u0151 k\u00e9pess\u00e9g<\/strong><\/strong><\/strong><\/p>\n\n\n\n<p class=\"has-text-align-center\">fed\u0151 \u00e9s \u00e1tl\u00e1tsz\u00f3 f\u00f3li\u00e1k.<\/p>\n<\/div>\n\n\n\n<div class=\"wp-block-column is-layout-flow wp-block-column-is-layout-flow\"><div class=\"wp-block-image\">\n<figure class=\"aligncenter size-full is-resized\"><img decoding=\"async\" src=\"https:\/\/vss.sk\/wp-content\/uploads\/2024\/06\/odpornosc-uv-icon.svg\" alt=\"\" class=\"wp-image-51253\" style=\"object-fit:contain;width:80px;height:80px\"\/><\/figure>\n<\/div>\n\n\n<p class=\"has-text-align-center\"><strong><strong><strong>UV sugaraknak ellen\u00e1ll<\/strong><\/strong><\/strong><\/p>\n\n\n\n<p class=\"has-text-align-center\">1 h\u00f3napt\u00f3l 12 h\u00f3napig.<\/p>\n<\/div>\n<\/div>\n\n\n\n<div class=\"wp-block-columns is-layout-flex wp-container-core-columns-is-layout-9d6595d7 wp-block-columns-is-layout-flex\">\n<div class=\"wp-block-column is-layout-flow wp-block-column-is-layout-flow\"><div class=\"wp-block-image\">\n<figure class=\"aligncenter size-full is-resized\"><img decoding=\"async\" src=\"https:\/\/vss.sk\/wp-content\/uploads\/2024\/06\/grubosc-folii-icon.svg\" alt=\"\" class=\"wp-image-51259\" style=\"object-fit:contain;width:80px;height:80px\"\/><\/figure>\n<\/div>\n\n\n<p class=\"has-text-align-center\"><strong><strong><strong>A f\u00f3lia vastags\u00e1ga<\/strong><\/strong><\/strong><\/p>\n\n\n\n<p class=\"has-text-align-center\">35 \u03bcm \u2013 100 \u03bcm.<\/p>\n\n\n\n<p class=\"has-text-align-center\"><strong><strong><strong>F\u00f3lia t\u00edpusa<\/strong><\/strong><\/strong><\/p>\n\n\n\n<p class=\"has-text-align-center\">MATT\/GLOSS<\/p>\n<\/div>\n\n\n\n<div class=\"wp-block-column is-layout-flow wp-block-column-is-layout-flow\"><div class=\"wp-block-image\">\n<figure class=\"aligncenter size-full is-resized\"><img decoding=\"async\" src=\"https:\/\/vss.sk\/wp-content\/uploads\/2024\/06\/kondensacja-icon.svg\" alt=\"\" class=\"wp-image-51266\" style=\"object-fit:contain;width:80px;height:80px\"\/><\/figure>\n<\/div>\n\n\n<p class=\"has-text-align-center\"><strong><strong><strong>P\u00e1ra kondenz\u00e1ci\u00f3ja<\/strong><\/strong><\/strong><\/p>\n\n\n\n<p class=\"has-text-align-center\">p\u00e1ramentes\u00edt\u0151 bevonat.<\/p>\n<\/div>\n\n\n\n<div class=\"wp-block-column is-layout-flow wp-block-column-is-layout-flow\"><div class=\"wp-block-image\">\n<figure class=\"aligncenter size-full is-resized\"><img decoding=\"async\" src=\"https:\/\/vss.sk\/wp-content\/uploads\/2024\/06\/zastosowanie-icon.svg\" alt=\"\" class=\"wp-image-51272\" style=\"object-fit:contain;width:80px;height:80px\"\/><\/figure>\n<\/div>\n\n\n<p class=\"has-text-align-center\"><strong><strong><strong>Alkalmaz\u00e1s<\/strong><\/strong><\/strong><\/p>\n\n\n\n<p class=\"has-text-align-center\">univerz\u00e1lis f\u00f3li\u00e1k, a bevonat t\u00edpus\u00e1hoz \u00e9s speci\u00e1lis alkalmaz\u00e1sokhoz, p\u00e9ld\u00e1ul l\u00e9zerv\u00e1g\u00e1shoz (Fiber).<\/p>\n<\/div>\n<\/div>\n<\/div><\/div>\n","protected":false},"featured_media":51564,"menu_order":68,"template":"","product_category":[559],"warranty":[],"product_serie":[],"class_list":["post-53277","product","type-product","status-publish","has-post-thumbnail","hentry","product_category-acelszolgaltatasi-kozpontot"],"acf":[],"yoast_head":"<!-- This site is optimized with the Yoast SEO plugin v27.3 - https:\/\/yoast.com\/product\/yoast-seo-wordpress\/ -->\n<title>V\u00c9DELEM \u00c9S CSOMAGOL\u00c1S - VSS<\/title>\n<meta name=\"robots\" content=\"index, follow, max-snippet:-1, max-image-preview:large, max-video-preview:-1\" \/>\n<link rel=\"canonical\" href=\"https:\/\/vss.sk\/hu\/termek\/vedelem-es-csomagolas\/\" \/>\n<meta property=\"og:locale\" content=\"hu_HU\" \/>\n<meta property=\"og:type\" content=\"article\" \/>\n<meta property=\"og:title\" content=\"V\u00c9DELEM \u00c9S CSOMAGOL\u00c1S - VSS\" \/>\n<meta property=\"og:description\" content=\"V\u00e9delem &#8211; f\u00f3lia t\u00edpusai A lemezek v\u00e9delme \u00e9rdek\u00e9ben az \u00fcgyf\u00e9l k\u00e9r\u00e9s\u00e9re v\u00e9d\u0151f\u00f3li\u00e1val l\u00e1tjuk el. N\u00e1lunk alap, hogy olyan f\u00f3li\u00e1t haszn\u00e1lunk, melynek ragaszt\u00f3 r\u00e9teg\u00e9nek \u00f6sszet\u00e9tele az adott lemezbevonathoz passzol a vizsg\u00e1latoknak megfelel\u0151en: a ragaszt\u00f3r\u00e9teg \u00e9s a f\u00f3lia t\u00edpus\u00e1t \u00e9s vastags\u00e1g\u00e1t \u00fagy hat\u00e1roztuk meg, hogy maxim\u00e1lisan megfelel\u0151 tapad\u00e1sa legyen, \u00e9s hogy nem k\u00e1ros\u00edtsa a bevonatot az elt\u00e1vol\u00edt\u00e1skor. [&hellip;]\" \/>\n<meta property=\"og:url\" content=\"https:\/\/vss.sk\/hu\/termek\/vedelem-es-csomagolas\/\" \/>\n<meta property=\"og:site_name\" content=\"VSS\" \/>\n<meta property=\"article:modified_time\" content=\"2024-12-19T09:04:17+00:00\" \/>\n<meta property=\"og:image\" content=\"https:\/\/vss.sk\/wp-content\/uploads\/2022\/03\/bezpieczne-pakowanie-2.webp\" \/>\n\t<meta property=\"og:image:width\" content=\"820\" \/>\n\t<meta property=\"og:image:height\" content=\"547\" \/>\n\t<meta property=\"og:image:type\" content=\"image\/webp\" \/>\n<meta name=\"twitter:card\" content=\"summary_large_image\" \/>\n<meta name=\"twitter:label1\" content=\"Est. reading time\" \/>\n\t<meta name=\"twitter:data1\" content=\"3 perc\" \/>\n<script type=\"application\/ld+json\" class=\"yoast-schema-graph\">{\"@context\":\"https:\\\/\\\/schema.org\",\"@graph\":[{\"@type\":\"WebPage\",\"@id\":\"https:\\\/\\\/vss.sk\\\/hu\\\/termek\\\/vedelem-es-csomagolas\\\/\",\"url\":\"https:\\\/\\\/vss.sk\\\/hu\\\/termek\\\/vedelem-es-csomagolas\\\/\",\"name\":\"V\u00c9DELEM \u00c9S CSOMAGOL\u00c1S - VSS\",\"isPartOf\":{\"@id\":\"https:\\\/\\\/vss.sk\\\/#website\"},\"primaryImageOfPage\":{\"@id\":\"https:\\\/\\\/vss.sk\\\/hu\\\/termek\\\/vedelem-es-csomagolas\\\/#primaryimage\"},\"image\":{\"@id\":\"https:\\\/\\\/vss.sk\\\/hu\\\/termek\\\/vedelem-es-csomagolas\\\/#primaryimage\"},\"thumbnailUrl\":\"https:\\\/\\\/vss.sk\\\/wp-content\\\/uploads\\\/2022\\\/03\\\/bezpieczne-pakowanie-2.webp\",\"datePublished\":\"2022-03-23T09:33:34+00:00\",\"dateModified\":\"2024-12-19T09:04:17+00:00\",\"breadcrumb\":{\"@id\":\"https:\\\/\\\/vss.sk\\\/hu\\\/termek\\\/vedelem-es-csomagolas\\\/#breadcrumb\"},\"inLanguage\":\"hu\",\"potentialAction\":[{\"@type\":\"ReadAction\",\"target\":[\"https:\\\/\\\/vss.sk\\\/hu\\\/termek\\\/vedelem-es-csomagolas\\\/\"]}]},{\"@type\":\"ImageObject\",\"inLanguage\":\"hu\",\"@id\":\"https:\\\/\\\/vss.sk\\\/hu\\\/termek\\\/vedelem-es-csomagolas\\\/#primaryimage\",\"url\":\"https:\\\/\\\/vss.sk\\\/wp-content\\\/uploads\\\/2022\\\/03\\\/bezpieczne-pakowanie-2.webp\",\"contentUrl\":\"https:\\\/\\\/vss.sk\\\/wp-content\\\/uploads\\\/2022\\\/03\\\/bezpieczne-pakowanie-2.webp\",\"width\":820,\"height\":547},{\"@type\":\"BreadcrumbList\",\"@id\":\"https:\\\/\\\/vss.sk\\\/hu\\\/termek\\\/vedelem-es-csomagolas\\\/#breadcrumb\",\"itemListElement\":[{\"@type\":\"ListItem\",\"position\":1,\"name\":\"Home\",\"item\":\"https:\\\/\\\/vss.sk\\\/hu\\\/\"},{\"@type\":\"ListItem\",\"position\":2,\"name\":\"V\u00c9DELEM \u00c9S CSOMAGOL\u00c1S\"}]},{\"@type\":\"WebSite\",\"@id\":\"https:\\\/\\\/vss.sk\\\/#website\",\"url\":\"https:\\\/\\\/vss.sk\\\/\",\"name\":\"VSS\",\"description\":\"Ac\u00e9lipari Szolg\u00e1ltat\u00f3k\u00f6zpont\",\"potentialAction\":[{\"@type\":\"SearchAction\",\"target\":{\"@type\":\"EntryPoint\",\"urlTemplate\":\"https:\\\/\\\/vss.sk\\\/?s={search_term_string}\"},\"query-input\":{\"@type\":\"PropertyValueSpecification\",\"valueRequired\":true,\"valueName\":\"search_term_string\"}}],\"inLanguage\":\"hu\"}]}<\/script>\n<!-- \/ Yoast SEO plugin. -->","yoast_head_json":{"title":"V\u00c9DELEM \u00c9S CSOMAGOL\u00c1S - VSS","robots":{"index":"index","follow":"follow","max-snippet":"max-snippet:-1","max-image-preview":"max-image-preview:large","max-video-preview":"max-video-preview:-1"},"canonical":"https:\/\/vss.sk\/hu\/termek\/vedelem-es-csomagolas\/","og_locale":"hu_HU","og_type":"article","og_title":"V\u00c9DELEM \u00c9S CSOMAGOL\u00c1S - VSS","og_description":"V\u00e9delem &#8211; f\u00f3lia t\u00edpusai A lemezek v\u00e9delme \u00e9rdek\u00e9ben az \u00fcgyf\u00e9l k\u00e9r\u00e9s\u00e9re v\u00e9d\u0151f\u00f3li\u00e1val l\u00e1tjuk el. N\u00e1lunk alap, hogy olyan f\u00f3li\u00e1t haszn\u00e1lunk, melynek ragaszt\u00f3 r\u00e9teg\u00e9nek \u00f6sszet\u00e9tele az adott lemezbevonathoz passzol a vizsg\u00e1latoknak megfelel\u0151en: a ragaszt\u00f3r\u00e9teg \u00e9s a f\u00f3lia t\u00edpus\u00e1t \u00e9s vastags\u00e1g\u00e1t \u00fagy hat\u00e1roztuk meg, hogy maxim\u00e1lisan megfelel\u0151 tapad\u00e1sa legyen, \u00e9s hogy nem k\u00e1ros\u00edtsa a bevonatot az elt\u00e1vol\u00edt\u00e1skor. [&hellip;]","og_url":"https:\/\/vss.sk\/hu\/termek\/vedelem-es-csomagolas\/","og_site_name":"VSS","article_modified_time":"2024-12-19T09:04:17+00:00","og_image":[{"width":820,"height":547,"url":"https:\/\/vss.sk\/wp-content\/uploads\/2022\/03\/bezpieczne-pakowanie-2.webp","type":"image\/webp"}],"twitter_card":"summary_large_image","twitter_misc":{"Est. reading time":"3 perc"},"schema":{"@context":"https:\/\/schema.org","@graph":[{"@type":"WebPage","@id":"https:\/\/vss.sk\/hu\/termek\/vedelem-es-csomagolas\/","url":"https:\/\/vss.sk\/hu\/termek\/vedelem-es-csomagolas\/","name":"V\u00c9DELEM \u00c9S CSOMAGOL\u00c1S - VSS","isPartOf":{"@id":"https:\/\/vss.sk\/#website"},"primaryImageOfPage":{"@id":"https:\/\/vss.sk\/hu\/termek\/vedelem-es-csomagolas\/#primaryimage"},"image":{"@id":"https:\/\/vss.sk\/hu\/termek\/vedelem-es-csomagolas\/#primaryimage"},"thumbnailUrl":"https:\/\/vss.sk\/wp-content\/uploads\/2022\/03\/bezpieczne-pakowanie-2.webp","datePublished":"2022-03-23T09:33:34+00:00","dateModified":"2024-12-19T09:04:17+00:00","breadcrumb":{"@id":"https:\/\/vss.sk\/hu\/termek\/vedelem-es-csomagolas\/#breadcrumb"},"inLanguage":"hu","potentialAction":[{"@type":"ReadAction","target":["https:\/\/vss.sk\/hu\/termek\/vedelem-es-csomagolas\/"]}]},{"@type":"ImageObject","inLanguage":"hu","@id":"https:\/\/vss.sk\/hu\/termek\/vedelem-es-csomagolas\/#primaryimage","url":"https:\/\/vss.sk\/wp-content\/uploads\/2022\/03\/bezpieczne-pakowanie-2.webp","contentUrl":"https:\/\/vss.sk\/wp-content\/uploads\/2022\/03\/bezpieczne-pakowanie-2.webp","width":820,"height":547},{"@type":"BreadcrumbList","@id":"https:\/\/vss.sk\/hu\/termek\/vedelem-es-csomagolas\/#breadcrumb","itemListElement":[{"@type":"ListItem","position":1,"name":"Home","item":"https:\/\/vss.sk\/hu\/"},{"@type":"ListItem","position":2,"name":"V\u00c9DELEM \u00c9S CSOMAGOL\u00c1S"}]},{"@type":"WebSite","@id":"https:\/\/vss.sk\/#website","url":"https:\/\/vss.sk\/","name":"VSS","description":"Ac\u00e9lipari Szolg\u00e1ltat\u00f3k\u00f6zpont","potentialAction":[{"@type":"SearchAction","target":{"@type":"EntryPoint","urlTemplate":"https:\/\/vss.sk\/?s={search_term_string}"},"query-input":{"@type":"PropertyValueSpecification","valueRequired":true,"valueName":"search_term_string"}}],"inLanguage":"hu"}]}},"_links":{"self":[{"href":"https:\/\/vss.sk\/hu\/wp-json\/wp\/v2\/product\/53277","targetHints":{"allow":["GET"]}}],"collection":[{"href":"https:\/\/vss.sk\/hu\/wp-json\/wp\/v2\/product"}],"about":[{"href":"https:\/\/vss.sk\/hu\/wp-json\/wp\/v2\/types\/product"}],"wp:featuredmedia":[{"embeddable":true,"href":"https:\/\/vss.sk\/hu\/wp-json\/wp\/v2\/media\/51564"}],"wp:attachment":[{"href":"https:\/\/vss.sk\/hu\/wp-json\/wp\/v2\/media?parent=53277"}],"wp:term":[{"taxonomy":"product_category","embeddable":true,"href":"https:\/\/vss.sk\/hu\/wp-json\/wp\/v2\/product_category?post=53277"},{"taxonomy":"warranty","embeddable":true,"href":"https:\/\/vss.sk\/hu\/wp-json\/wp\/v2\/warranty?post=53277"},{"taxonomy":"product_serie","embeddable":true,"href":"https:\/\/vss.sk\/hu\/wp-json\/wp\/v2\/product_serie?post=53277"}],"curies":[{"name":"wp","href":"https:\/\/api.w.org\/{rel}","templated":true}]}}