{"id":53122,"date":"2024-06-28T09:53:47","date_gmt":"2024-06-28T07:53:47","guid":{"rendered":"https:\/\/vss.sk\/produkt\/kregi-przewijanie\/"},"modified":"2025-12-11T08:55:01","modified_gmt":"2025-12-11T07:55:01","slug":"tekercseles","status":"publish","type":"product","link":"https:\/\/vss.sk\/hu\/termek\/tekercseles\/","title":{"rendered":"Tekercsel\u00e9s"},"content":{"rendered":"\n<div class=\"wp-block-group is-style-default has-medium-font-size\"><div class=\"wp-block-group__inner-container is-layout-flow wp-block-group-is-layout-flow\">\n<h2 class=\"wp-block-heading is-style-h2 has-large-font-size\">V\u00edzszintesen elhelzeyett szalagok<\/h2>\n<\/div><\/div>\n\n\n\n<div class=\"wp-block-group\"><div class=\"wp-block-group__inner-container is-layout-constrained wp-block-group-is-layout-constrained\">\n<div class=\"wp-block-group is-style-narrower-group has-gray-background-color has-background\"><div class=\"wp-block-group__inner-container is-layout-flow wp-block-group-is-layout-flow\">\n<figure class=\"wp-block-gallery aligncenter has-nested-images columns-default is-cropped wp-block-gallery-1 is-layout-flex wp-block-gallery-is-layout-flex\">\n<figure class=\"wp-block-image size-full\"><a href=\"https:\/\/vss.sk\/wp-content\/uploads\/2024\/06\/tasmy-ulozenie-poziomo-HU.png\"><img loading=\"lazy\" decoding=\"async\" width=\"820\" height=\"724\" data-id=\"53124\" src=\"https:\/\/vss.sk\/wp-content\/uploads\/2024\/06\/tasmy-ulozenie-poziomo-HU.png\" alt=\"\" class=\"wp-image-53124\" srcset=\"https:\/\/vss.sk\/wp-content\/uploads\/2024\/06\/tasmy-ulozenie-poziomo-HU.png 820w, https:\/\/vss.sk\/wp-content\/uploads\/2024\/06\/tasmy-ulozenie-poziomo-HU-768x678.png 768w\" sizes=\"auto, (max-width: 820px) 100vw, 820px\" \/><\/a><\/figure>\n<\/figure>\n<\/div><\/div>\n<\/div><\/div>\n\n\n\n<div class=\"wp-block-group is-style-default\"><div class=\"wp-block-group__inner-container is-layout-flow wp-block-group-is-layout-flow\">\n<div class=\"wp-block-columns is-layout-flex wp-container-core-columns-is-layout-9d6595d7 wp-block-columns-is-layout-flex\">\n<div class=\"wp-block-column is-layout-flow wp-block-column-is-layout-flow\"><div class=\"wp-block-image\">\n<figure class=\"aligncenter size-full is-resized\"><img loading=\"lazy\" decoding=\"async\" width=\"1000\" height=\"1000\" src=\"https:\/\/vss.sk\/wp-content\/uploads\/2024\/07\/2a1ja-2-img-1.png\" alt=\"\" class=\"wp-image-51703\" style=\"width:400px\" srcset=\"https:\/\/vss.sk\/wp-content\/uploads\/2024\/07\/2a1ja-2-img-1.png 1000w, https:\/\/vss.sk\/wp-content\/uploads\/2024\/07\/2a1ja-2-img-1-820x820.png 820w, https:\/\/vss.sk\/wp-content\/uploads\/2024\/07\/2a1ja-2-img-1-150x150.png 150w, https:\/\/vss.sk\/wp-content\/uploads\/2024\/07\/2a1ja-2-img-1-768x768.png 768w\" sizes=\"auto, (max-width: 1000px) 100vw, 1000px\" \/><\/figure>\n<\/div>\n\n\n<h3 class=\"wp-block-heading has-text-align-center\">2A1IA<\/h3>\n\n\n\n<p class=\"has-text-align-center\">V\u00edzszintesen lefektetett szalag, a ker\u00fclet k\u00f6r\u00fcl \u00e9s sug\u00e1rir\u00e1nyban szalagokkal \u00f6sszek\u00f6tve.<\/p>\n<\/div>\n\n\n\n<div class=\"wp-block-column is-layout-flow wp-block-column-is-layout-flow\"><div class=\"wp-block-image\">\n<figure class=\"aligncenter size-full is-resized\"><img loading=\"lazy\" decoding=\"async\" width=\"1000\" height=\"1000\" src=\"https:\/\/vss.sk\/wp-content\/uploads\/2024\/07\/2a1ja-img.png\" alt=\"\" class=\"wp-image-51685\" style=\"width:400px\" srcset=\"https:\/\/vss.sk\/wp-content\/uploads\/2024\/07\/2a1ja-img.png 1000w, https:\/\/vss.sk\/wp-content\/uploads\/2024\/07\/2a1ja-img-820x820.png 820w, https:\/\/vss.sk\/wp-content\/uploads\/2024\/07\/2a1ja-img-150x150.png 150w, https:\/\/vss.sk\/wp-content\/uploads\/2024\/07\/2a1ja-img-768x768.png 768w\" sizes=\"auto, (max-width: 1000px) 100vw, 1000px\" \/><\/figure>\n<\/div>\n\n\n<h3 class=\"wp-block-heading has-text-align-center\">2A1JA<\/h3>\n\n\n\n<p class=\"has-text-align-center\">Raklapon, v\u00edzszintesesn lefektetett szalag, a ker\u00fclet k\u00f6r\u00fcl \u00e9s sug\u00e1rir\u00e1nyban p\u00e1ntokkal \u00f6sszek\u00f6tve.<\/p>\n<\/div>\n\n\n\n<div class=\"wp-block-column is-layout-flow wp-block-column-is-layout-flow\"><div class=\"wp-block-image\">\n<figure class=\"aligncenter size-full is-resized\"><img loading=\"lazy\" decoding=\"async\" width=\"1000\" height=\"905\" src=\"https:\/\/vss.sk\/wp-content\/uploads\/2024\/07\/2i1ja-img.png\" alt=\"\" class=\"wp-image-51691\" style=\"width:400px\" srcset=\"https:\/\/vss.sk\/wp-content\/uploads\/2024\/07\/2i1ja-img.png 1000w, https:\/\/vss.sk\/wp-content\/uploads\/2024\/07\/2i1ja-img-820x742.png 820w, https:\/\/vss.sk\/wp-content\/uploads\/2024\/07\/2i1ja-img-768x695.png 768w\" sizes=\"auto, (max-width: 1000px) 100vw, 1000px\" \/><\/figure>\n<\/div>\n\n\n<h3 class=\"wp-block-heading has-text-align-center\">2I1JA<\/h3>\n\n\n\n<p class=\"has-text-align-center\">Raklapon, v\u00edzszintesen lefektetett szalag, a ker\u00fclet k\u00f6r\u00fcl \u00e9s sug\u00e1rir\u00e1nyban p\u00e1ntokkal \u00f6sszek\u00f6tve. Streccs f\u00f3li\u00e1val v\u00e9dve.<\/p>\n<\/div>\n<\/div>\n<\/div><\/div>\n\n\n\n<div style=\"height:100px\" aria-hidden=\"true\" class=\"wp-block-spacer is-style-small-spacer\"><\/div>\n\n\n\n<div class=\"wp-block-group is-style-default has-medium-font-size\"><div class=\"wp-block-group__inner-container is-layout-flow wp-block-group-is-layout-flow\">\n<h2 class=\"wp-block-heading is-style-h2 has-large-font-size\">V\u00edzszintes szalagok<\/h2>\n<\/div><\/div>\n\n\n\n<div class=\"wp-block-group\"><div class=\"wp-block-group__inner-container is-layout-constrained wp-block-group-is-layout-constrained\">\n<div class=\"wp-block-group is-style-narrower-group has-gray-background-color has-background\"><div class=\"wp-block-group__inner-container is-layout-flow wp-block-group-is-layout-flow\">\n<figure class=\"wp-block-gallery aligncenter has-nested-images columns-default is-cropped wp-block-gallery-2 is-layout-flex wp-block-gallery-is-layout-flex\">\n<figure class=\"wp-block-image size-full\"><a href=\"https:\/\/vss.sk\/wp-content\/uploads\/2024\/06\/tasmy-w-ulozeniu-poziomym-img-HU.png\"><img loading=\"lazy\" decoding=\"async\" width=\"820\" height=\"710\" data-id=\"53131\" src=\"https:\/\/vss.sk\/wp-content\/uploads\/2024\/06\/tasmy-w-ulozeniu-poziomym-img-HU.png\" alt=\"\" class=\"wp-image-53131\" srcset=\"https:\/\/vss.sk\/wp-content\/uploads\/2024\/06\/tasmy-w-ulozeniu-poziomym-img-HU.png 820w, https:\/\/vss.sk\/wp-content\/uploads\/2024\/06\/tasmy-w-ulozeniu-poziomym-img-HU-768x665.png 768w\" sizes=\"auto, (max-width: 820px) 100vw, 820px\" \/><\/a><\/figure>\n<\/figure>\n<\/div><\/div>\n<\/div><\/div>\n\n\n\n<div class=\"wp-block-group is-style-default\"><div class=\"wp-block-group__inner-container is-layout-flow wp-block-group-is-layout-flow\">\n<div style=\"height:100px\" aria-hidden=\"true\" class=\"wp-block-spacer is-style-small-spacer\"><\/div>\n\n\n\n<div class=\"wp-block-columns is-layout-flex wp-container-core-columns-is-layout-9d6595d7 wp-block-columns-is-layout-flex\">\n<div class=\"wp-block-column is-layout-flow wp-block-column-is-layout-flow\"><div class=\"wp-block-image\">\n<figure class=\"aligncenter size-full is-resized\"><img loading=\"lazy\" decoding=\"async\" width=\"1000\" height=\"841\" src=\"https:\/\/vss.sk\/wp-content\/uploads\/2024\/07\/3a1ja-final-img.png\" alt=\"\" class=\"wp-image-51739\" style=\"width:400px\" srcset=\"https:\/\/vss.sk\/wp-content\/uploads\/2024\/07\/3a1ja-final-img.png 1000w, https:\/\/vss.sk\/wp-content\/uploads\/2024\/07\/3a1ja-final-img-820x690.png 820w, https:\/\/vss.sk\/wp-content\/uploads\/2024\/07\/3a1ja-final-img-768x646.png 768w\" sizes=\"auto, (max-width: 1000px) 100vw, 1000px\" \/><\/figure>\n<\/div>\n\n\n<h3 class=\"wp-block-heading has-text-align-center\">3A1JA<\/h3>\n\n\n\n<p class=\"has-text-align-center\">V\u00edzszintesen lefektetett szalagok, a ker\u00fclet k\u00f6r\u00fcl \u00e9s radi\u00e1lisan p\u00e1ntokkal \u00f6sszek\u00f6tve.<\/p>\n<\/div>\n\n\n\n<div class=\"wp-block-column is-layout-flow wp-block-column-is-layout-flow\"><div class=\"wp-block-image\">\n<figure class=\"aligncenter size-full is-resized\"><img loading=\"lazy\" decoding=\"async\" width=\"1000\" height=\"841\" src=\"https:\/\/vss.sk\/wp-content\/uploads\/2024\/07\/3i1ja-final-img.png\" alt=\"\" class=\"wp-image-51745\" style=\"width:400px\" srcset=\"https:\/\/vss.sk\/wp-content\/uploads\/2024\/07\/3i1ja-final-img.png 1000w, https:\/\/vss.sk\/wp-content\/uploads\/2024\/07\/3i1ja-final-img-820x690.png 820w, https:\/\/vss.sk\/wp-content\/uploads\/2024\/07\/3i1ja-final-img-768x646.png 768w\" sizes=\"auto, (max-width: 1000px) 100vw, 1000px\" \/><\/figure>\n<\/div>\n\n\n<h3 class=\"wp-block-heading has-text-align-center\">3I1JA<\/h3>\n\n\n\n<p class=\"has-text-align-center\">Raklapon v\u00edzszintesen lefektetett szalagok, a ker\u00fclet k\u00f6r\u00fcl \u00e9s radi\u00e1lisan p\u00e1ntokkal \u00f6sszek\u00f6tve. Sztreccs f\u00f3li\u00e1val v\u00e9dve.<\/p>\n<\/div>\n\n\n\n<div class=\"wp-block-column is-layout-flow wp-block-column-is-layout-flow\"><div class=\"wp-block-image\">\n<figure class=\"aligncenter size-full is-resized\"><img loading=\"lazy\" decoding=\"async\" width=\"1000\" height=\"841\" src=\"https:\/\/vss.sk\/wp-content\/uploads\/2024\/07\/3a1ji-final-img.png\" alt=\"\" class=\"wp-image-51751\" style=\"width:400px\" srcset=\"https:\/\/vss.sk\/wp-content\/uploads\/2024\/07\/3a1ji-final-img.png 1000w, https:\/\/vss.sk\/wp-content\/uploads\/2024\/07\/3a1ji-final-img-820x690.png 820w, https:\/\/vss.sk\/wp-content\/uploads\/2024\/07\/3a1ji-final-img-768x646.png 768w\" sizes=\"auto, (max-width: 1000px) 100vw, 1000px\" \/><\/figure>\n<\/div>\n\n\n<h3 class=\"wp-block-heading has-text-align-center\">3A1JI<\/h3>\n\n\n\n<p class=\"has-text-align-center\">Raklapon v\u00edzszintesen lefektetett szalag, a ker\u00fclet k\u00f6r\u00fcl \u00e9s radi\u00e1lisan p\u00e1ntokkal \u00f6sszek\u00f6tve. Elv\u00e1laszt\u00f3 l\u00e9cekkel..<\/p>\n<\/div>\n\n\n\n<div class=\"wp-block-column is-layout-flow wp-block-column-is-layout-flow\"><div class=\"wp-block-image\">\n<figure class=\"aligncenter size-full is-resized\"><img loading=\"lazy\" decoding=\"async\" width=\"1000\" height=\"905\" src=\"https:\/\/vss.sk\/wp-content\/uploads\/2024\/07\/3i1ji-img-1.png\" alt=\"\" class=\"wp-image-51757\" style=\"width:400px\" srcset=\"https:\/\/vss.sk\/wp-content\/uploads\/2024\/07\/3i1ji-img-1.png 1000w, https:\/\/vss.sk\/wp-content\/uploads\/2024\/07\/3i1ji-img-1-820x742.png 820w, https:\/\/vss.sk\/wp-content\/uploads\/2024\/07\/3i1ji-img-1-768x695.png 768w\" sizes=\"auto, (max-width: 1000px) 100vw, 1000px\" \/><\/figure>\n<\/div>\n\n\n<h3 class=\"wp-block-heading has-text-align-center\">3I1JI<\/h3>\n\n\n\n<p class=\"has-text-align-center\">Raklapon v\u00edzszintesen lefektetett szalag, a ker\u00fclet k\u00f6r\u00fcl \u00e9s radi\u00e1lisan p\u00e1ntokkal \u00f6sszek\u00f6tve. Elv\u00e1laszt\u00f3 l\u00e9cekkel.<\/p>\n<\/div>\n<\/div>\n<\/div><\/div>\n\n\n\n<div style=\"height:100px\" aria-hidden=\"true\" class=\"wp-block-spacer is-style-smaller-spacer\"><\/div>\n\n\n\n<div class=\"wp-block-group\"><div class=\"wp-block-group__inner-container is-layout-constrained wp-block-group-is-layout-constrained\">\n<h2 class=\"wp-block-heading is-style-h3 has-large-font-size\">Csomagol\u00e1si k\u00f3dok &#8211; magyar\u00e1zat<\/h2>\n\n\n<div class=\"wp-block-image\">\n<figure class=\"aligncenter size-full\"><img loading=\"lazy\" decoding=\"async\" width=\"852\" height=\"1024\" src=\"https:\/\/vss.sk\/wp-content\/uploads\/2024\/06\/kody-pakowania-hu-1.png\" alt=\"\" class=\"wp-image-53115\" srcset=\"https:\/\/vss.sk\/wp-content\/uploads\/2024\/06\/kody-pakowania-hu-1.png 852w, https:\/\/vss.sk\/wp-content\/uploads\/2024\/06\/kody-pakowania-hu-1-799x960.png 799w, https:\/\/vss.sk\/wp-content\/uploads\/2024\/06\/kody-pakowania-hu-1-768x923.png 768w\" sizes=\"auto, (max-width: 852px) 100vw, 852px\" \/><\/figure>\n<\/div><\/div><\/div>\n\n\n\n<div style=\"height:100px\" aria-hidden=\"true\" class=\"wp-block-spacer is-style-smaller-spacer\"><\/div>\n","protected":false},"featured_media":51231,"menu_order":4,"template":"","product_category":[559,1245],"warranty":[],"product_serie":[],"class_list":["post-53122","product","type-product","status-publish","has-post-thumbnail","hentry","product_category-acelszolgaltatasi-kozpontot","product_category-tekercseles"],"acf":[],"yoast_head":"<!-- This site is optimized with the Yoast SEO plugin v27.3 - https:\/\/yoast.com\/product\/yoast-seo-wordpress\/ -->\n<title>Tekercsel\u00e9s - Stalowe Centrum Serwisowe VSS<\/title>\n<meta name=\"description\" content=\"Wykonujemy us\u0142ugi przewijania kr\u0119g\u00f3w o masie do 25 t. Zapewniamy szybki proces przewijania i niskie wagi wyj\u015bciowe kr\u0119g\u00f3w. Ta\u015bmy mo\u017cemy pokry\u0107 pow\u0142ok\u0105 antykondensacyjn\u0105 lub foli\u0105 ochronn\u0105. Przetworzony materia\u0142 jest profesjonalnie zabezpieczany i pakowany.\" \/>\n<meta name=\"robots\" content=\"index, follow, max-snippet:-1, max-image-preview:large, max-video-preview:-1\" \/>\n<link rel=\"canonical\" href=\"https:\/\/vss.sk\/hu\/termek\/tekercseles\/\" \/>\n<meta property=\"og:locale\" content=\"hu_HU\" \/>\n<meta property=\"og:type\" content=\"article\" \/>\n<meta property=\"og:title\" content=\"Tekercsel\u00e9s - Stalowe Centrum Serwisowe VSS\" \/>\n<meta property=\"og:description\" content=\"Wykonujemy us\u0142ugi przewijania kr\u0119g\u00f3w o masie do 25 t. Zapewniamy szybki proces przewijania i niskie wagi wyj\u015bciowe kr\u0119g\u00f3w. Ta\u015bmy mo\u017cemy pokry\u0107 pow\u0142ok\u0105 antykondensacyjn\u0105 lub foli\u0105 ochronn\u0105. Przetworzony materia\u0142 jest profesjonalnie zabezpieczany i pakowany.\" \/>\n<meta property=\"og:url\" content=\"https:\/\/vss.sk\/hu\/termek\/tekercseles\/\" \/>\n<meta property=\"og:site_name\" content=\"VSS\" \/>\n<meta property=\"article:modified_time\" content=\"2025-12-11T07:55:01+00:00\" \/>\n<meta property=\"og:image\" content=\"https:\/\/vss.sk\/wp-content\/uploads\/2024\/06\/przewijanie-img-min.png\" \/>\n\t<meta property=\"og:image:width\" content=\"820\" \/>\n\t<meta property=\"og:image:height\" content=\"547\" \/>\n\t<meta property=\"og:image:type\" content=\"image\/png\" \/>\n<meta name=\"twitter:card\" content=\"summary_large_image\" \/>\n<meta name=\"twitter:label1\" content=\"Est. reading time\" \/>\n\t<meta name=\"twitter:data1\" content=\"3 perc\" \/>\n<script type=\"application\/ld+json\" class=\"yoast-schema-graph\">{\"@context\":\"https:\\\/\\\/schema.org\",\"@graph\":[{\"@type\":\"WebPage\",\"@id\":\"https:\\\/\\\/vss.sk\\\/hu\\\/termek\\\/tekercseles\\\/\",\"url\":\"https:\\\/\\\/vss.sk\\\/hu\\\/termek\\\/tekercseles\\\/\",\"name\":\"Tekercsel\u00e9s - Stalowe Centrum Serwisowe VSS\",\"isPartOf\":{\"@id\":\"https:\\\/\\\/vss.sk\\\/#website\"},\"primaryImageOfPage\":{\"@id\":\"https:\\\/\\\/vss.sk\\\/hu\\\/termek\\\/tekercseles\\\/#primaryimage\"},\"image\":{\"@id\":\"https:\\\/\\\/vss.sk\\\/hu\\\/termek\\\/tekercseles\\\/#primaryimage\"},\"thumbnailUrl\":\"https:\\\/\\\/vss.sk\\\/wp-content\\\/uploads\\\/2024\\\/06\\\/przewijanie-img-min.png\",\"datePublished\":\"2024-06-28T07:53:47+00:00\",\"dateModified\":\"2025-12-11T07:55:01+00:00\",\"description\":\"Wykonujemy us\u0142ugi przewijania kr\u0119g\u00f3w o masie do 25 t. Zapewniamy szybki proces przewijania i niskie wagi wyj\u015bciowe kr\u0119g\u00f3w. Ta\u015bmy mo\u017cemy pokry\u0107 pow\u0142ok\u0105 antykondensacyjn\u0105 lub foli\u0105 ochronn\u0105. Przetworzony materia\u0142 jest profesjonalnie zabezpieczany i pakowany.\",\"breadcrumb\":{\"@id\":\"https:\\\/\\\/vss.sk\\\/hu\\\/termek\\\/tekercseles\\\/#breadcrumb\"},\"inLanguage\":\"hu\",\"potentialAction\":[{\"@type\":\"ReadAction\",\"target\":[\"https:\\\/\\\/vss.sk\\\/hu\\\/termek\\\/tekercseles\\\/\"]}]},{\"@type\":\"ImageObject\",\"inLanguage\":\"hu\",\"@id\":\"https:\\\/\\\/vss.sk\\\/hu\\\/termek\\\/tekercseles\\\/#primaryimage\",\"url\":\"https:\\\/\\\/vss.sk\\\/wp-content\\\/uploads\\\/2024\\\/06\\\/przewijanie-img-min.png\",\"contentUrl\":\"https:\\\/\\\/vss.sk\\\/wp-content\\\/uploads\\\/2024\\\/06\\\/przewijanie-img-min.png\",\"width\":820,\"height\":547},{\"@type\":\"BreadcrumbList\",\"@id\":\"https:\\\/\\\/vss.sk\\\/hu\\\/termek\\\/tekercseles\\\/#breadcrumb\",\"itemListElement\":[{\"@type\":\"ListItem\",\"position\":1,\"name\":\"Home\",\"item\":\"https:\\\/\\\/vss.sk\\\/hu\\\/\"},{\"@type\":\"ListItem\",\"position\":2,\"name\":\"Tekercsel\u00e9s\"}]},{\"@type\":\"WebSite\",\"@id\":\"https:\\\/\\\/vss.sk\\\/#website\",\"url\":\"https:\\\/\\\/vss.sk\\\/\",\"name\":\"VSS\",\"description\":\"Ac\u00e9lipari Szolg\u00e1ltat\u00f3k\u00f6zpont\",\"potentialAction\":[{\"@type\":\"SearchAction\",\"target\":{\"@type\":\"EntryPoint\",\"urlTemplate\":\"https:\\\/\\\/vss.sk\\\/?s={search_term_string}\"},\"query-input\":{\"@type\":\"PropertyValueSpecification\",\"valueRequired\":true,\"valueName\":\"search_term_string\"}}],\"inLanguage\":\"hu\"}]}<\/script>\n<!-- \/ Yoast SEO plugin. -->","yoast_head_json":{"title":"Tekercsel\u00e9s - Stalowe Centrum Serwisowe VSS","description":"Wykonujemy us\u0142ugi przewijania kr\u0119g\u00f3w o masie do 25 t. Zapewniamy szybki proces przewijania i niskie wagi wyj\u015bciowe kr\u0119g\u00f3w. Ta\u015bmy mo\u017cemy pokry\u0107 pow\u0142ok\u0105 antykondensacyjn\u0105 lub foli\u0105 ochronn\u0105. Przetworzony materia\u0142 jest profesjonalnie zabezpieczany i pakowany.","robots":{"index":"index","follow":"follow","max-snippet":"max-snippet:-1","max-image-preview":"max-image-preview:large","max-video-preview":"max-video-preview:-1"},"canonical":"https:\/\/vss.sk\/hu\/termek\/tekercseles\/","og_locale":"hu_HU","og_type":"article","og_title":"Tekercsel\u00e9s - Stalowe Centrum Serwisowe VSS","og_description":"Wykonujemy us\u0142ugi przewijania kr\u0119g\u00f3w o masie do 25 t. Zapewniamy szybki proces przewijania i niskie wagi wyj\u015bciowe kr\u0119g\u00f3w. Ta\u015bmy mo\u017cemy pokry\u0107 pow\u0142ok\u0105 antykondensacyjn\u0105 lub foli\u0105 ochronn\u0105. Przetworzony materia\u0142 jest profesjonalnie zabezpieczany i pakowany.","og_url":"https:\/\/vss.sk\/hu\/termek\/tekercseles\/","og_site_name":"VSS","article_modified_time":"2025-12-11T07:55:01+00:00","og_image":[{"width":820,"height":547,"url":"https:\/\/vss.sk\/wp-content\/uploads\/2024\/06\/przewijanie-img-min.png","type":"image\/png"}],"twitter_card":"summary_large_image","twitter_misc":{"Est. reading time":"3 perc"},"schema":{"@context":"https:\/\/schema.org","@graph":[{"@type":"WebPage","@id":"https:\/\/vss.sk\/hu\/termek\/tekercseles\/","url":"https:\/\/vss.sk\/hu\/termek\/tekercseles\/","name":"Tekercsel\u00e9s - Stalowe Centrum Serwisowe VSS","isPartOf":{"@id":"https:\/\/vss.sk\/#website"},"primaryImageOfPage":{"@id":"https:\/\/vss.sk\/hu\/termek\/tekercseles\/#primaryimage"},"image":{"@id":"https:\/\/vss.sk\/hu\/termek\/tekercseles\/#primaryimage"},"thumbnailUrl":"https:\/\/vss.sk\/wp-content\/uploads\/2024\/06\/przewijanie-img-min.png","datePublished":"2024-06-28T07:53:47+00:00","dateModified":"2025-12-11T07:55:01+00:00","description":"Wykonujemy us\u0142ugi przewijania kr\u0119g\u00f3w o masie do 25 t. Zapewniamy szybki proces przewijania i niskie wagi wyj\u015bciowe kr\u0119g\u00f3w. Ta\u015bmy mo\u017cemy pokry\u0107 pow\u0142ok\u0105 antykondensacyjn\u0105 lub foli\u0105 ochronn\u0105. Przetworzony materia\u0142 jest profesjonalnie zabezpieczany i pakowany.","breadcrumb":{"@id":"https:\/\/vss.sk\/hu\/termek\/tekercseles\/#breadcrumb"},"inLanguage":"hu","potentialAction":[{"@type":"ReadAction","target":["https:\/\/vss.sk\/hu\/termek\/tekercseles\/"]}]},{"@type":"ImageObject","inLanguage":"hu","@id":"https:\/\/vss.sk\/hu\/termek\/tekercseles\/#primaryimage","url":"https:\/\/vss.sk\/wp-content\/uploads\/2024\/06\/przewijanie-img-min.png","contentUrl":"https:\/\/vss.sk\/wp-content\/uploads\/2024\/06\/przewijanie-img-min.png","width":820,"height":547},{"@type":"BreadcrumbList","@id":"https:\/\/vss.sk\/hu\/termek\/tekercseles\/#breadcrumb","itemListElement":[{"@type":"ListItem","position":1,"name":"Home","item":"https:\/\/vss.sk\/hu\/"},{"@type":"ListItem","position":2,"name":"Tekercsel\u00e9s"}]},{"@type":"WebSite","@id":"https:\/\/vss.sk\/#website","url":"https:\/\/vss.sk\/","name":"VSS","description":"Ac\u00e9lipari Szolg\u00e1ltat\u00f3k\u00f6zpont","potentialAction":[{"@type":"SearchAction","target":{"@type":"EntryPoint","urlTemplate":"https:\/\/vss.sk\/?s={search_term_string}"},"query-input":{"@type":"PropertyValueSpecification","valueRequired":true,"valueName":"search_term_string"}}],"inLanguage":"hu"}]}},"_links":{"self":[{"href":"https:\/\/vss.sk\/hu\/wp-json\/wp\/v2\/product\/53122","targetHints":{"allow":["GET"]}}],"collection":[{"href":"https:\/\/vss.sk\/hu\/wp-json\/wp\/v2\/product"}],"about":[{"href":"https:\/\/vss.sk\/hu\/wp-json\/wp\/v2\/types\/product"}],"wp:featuredmedia":[{"embeddable":true,"href":"https:\/\/vss.sk\/hu\/wp-json\/wp\/v2\/media\/51231"}],"wp:attachment":[{"href":"https:\/\/vss.sk\/hu\/wp-json\/wp\/v2\/media?parent=53122"}],"wp:term":[{"taxonomy":"product_category","embeddable":true,"href":"https:\/\/vss.sk\/hu\/wp-json\/wp\/v2\/product_category?post=53122"},{"taxonomy":"warranty","embeddable":true,"href":"https:\/\/vss.sk\/hu\/wp-json\/wp\/v2\/warranty?post=53122"},{"taxonomy":"product_serie","embeddable":true,"href":"https:\/\/vss.sk\/hu\/wp-json\/wp\/v2\/product_serie?post=53122"}],"curies":[{"name":"wp","href":"https:\/\/api.w.org\/{rel}","templated":true}]}}