{"id":53031,"date":"2024-06-27T15:15:19","date_gmt":"2024-06-27T13:15:19","guid":{"rendered":"https:\/\/vss.sk\/produkt\/rozkroje-ciecie-wzdluzne\/"},"modified":"2025-12-18T09:54:43","modified_gmt":"2025-12-18T08:54:43","slug":"hosszanti-vagas","status":"publish","type":"product","link":"https:\/\/vss.sk\/hu\/termek\/hosszanti-vagas\/","title":{"rendered":"Hosszanti v\u00e1g\u00e1s"},"content":{"rendered":"\n<div class=\"wp-block-group is-style-default\"><div class=\"wp-block-group__inner-container is-layout-flow wp-block-group-is-layout-flow\">\n<h2 class=\"wp-block-heading is-style-h3 has-large-font-size\">F\u00fcgg\u0151leges szalagok gerend\u00e1kon<\/h2>\n<\/div><\/div>\n\n\n\n<div class=\"wp-block-group\"><div class=\"wp-block-group__inner-container is-layout-constrained wp-block-group-is-layout-constrained\">\n<div class=\"wp-block-group is-style-narrower-group has-gray-background-color has-background\"><div class=\"wp-block-group__inner-container is-layout-flow wp-block-group-is-layout-flow\">\n<div style=\"height:100px\" aria-hidden=\"true\" class=\"wp-block-spacer is-style-small-spacer\"><\/div>\n\n\n\n<figure class=\"wp-block-gallery aligncenter has-nested-images columns-default is-cropped wp-block-gallery-1 is-layout-flex wp-block-gallery-is-layout-flex\">\n<figure class=\"wp-block-image size-full\"><a href=\"https:\/\/vss.sk\/wp-content\/uploads\/2024\/06\/tasmy-pionowo-legary-hu.png\"><img loading=\"lazy\" decoding=\"async\" width=\"820\" height=\"649\" data-id=\"53033\" src=\"https:\/\/vss.sk\/wp-content\/uploads\/2024\/06\/tasmy-pionowo-legary-hu.png\" alt=\"\" class=\"wp-image-53033\" srcset=\"https:\/\/vss.sk\/wp-content\/uploads\/2024\/06\/tasmy-pionowo-legary-hu.png 820w, https:\/\/vss.sk\/wp-content\/uploads\/2024\/06\/tasmy-pionowo-legary-hu-768x608.png 768w\" sizes=\"auto, (max-width: 820px) 100vw, 820px\" \/><\/a><\/figure>\n<\/figure>\n\n\n\n<div style=\"height:100px\" aria-hidden=\"true\" class=\"wp-block-spacer is-style-smaller-spacer\"><\/div>\n<\/div><\/div>\n\n\n\n<div class=\"wp-block-group is-style-narrow-group\"><div class=\"wp-block-group__inner-container is-layout-flow wp-block-group-is-layout-flow\">\n<div style=\"height:100px\" aria-hidden=\"true\" class=\"wp-block-spacer is-style-small-spacer\"><\/div>\n\n\n\n<div class=\"wp-block-columns is-layout-flex wp-container-core-columns-is-layout-9d6595d7 wp-block-columns-is-layout-flex\">\n<div class=\"wp-block-column is-layout-flow wp-block-column-is-layout-flow\"><div class=\"wp-block-image\">\n<figure class=\"aligncenter size-full is-resized\"><img loading=\"lazy\" decoding=\"async\" width=\"1000\" height=\"953\" src=\"https:\/\/vss.sk\/wp-content\/uploads\/2024\/07\/3a1ka-img.png\" alt=\"\" class=\"wp-image-51769\" style=\"width:250px\" srcset=\"https:\/\/vss.sk\/wp-content\/uploads\/2024\/07\/3a1ka-img.png 1000w, https:\/\/vss.sk\/wp-content\/uploads\/2024\/07\/3a1ka-img-820x781.png 820w, https:\/\/vss.sk\/wp-content\/uploads\/2024\/07\/3a1ka-img-768x732.png 768w\" sizes=\"auto, (max-width: 1000px) 100vw, 1000px\" \/><\/figure>\n<\/div>\n\n\n<h3 class=\"wp-block-heading has-text-align-center\">3A1KA<\/h3>\n\n\n\n<p class=\"has-text-align-center\">Szalag f\u00fcgg\u0151legesen, gerend\u00e1kon, a ker\u00fclet k\u00f6r\u00fcl \u00e9s radi\u00e1lisan p\u00e1ntokkal \u00f6sszek\u00f6tve.<\/p>\n<\/div>\n\n\n\n<div class=\"wp-block-column is-layout-flow wp-block-column-is-layout-flow\"><div class=\"wp-block-image\">\n<figure class=\"aligncenter size-full is-resized\"><img loading=\"lazy\" decoding=\"async\" width=\"1000\" height=\"980\" src=\"https:\/\/vss.sk\/wp-content\/uploads\/2024\/07\/3a1ki-img.png\" alt=\"\" class=\"wp-image-51775\" style=\"width:250px\" srcset=\"https:\/\/vss.sk\/wp-content\/uploads\/2024\/07\/3a1ki-img.png 1000w, https:\/\/vss.sk\/wp-content\/uploads\/2024\/07\/3a1ki-img-820x804.png 820w, https:\/\/vss.sk\/wp-content\/uploads\/2024\/07\/3a1ki-img-768x753.png 768w\" sizes=\"auto, (max-width: 1000px) 100vw, 1000px\" \/><\/figure>\n<\/div>\n\n\n<h3 class=\"wp-block-heading has-text-align-center\">3A1KI<\/h3>\n\n\n\n<p class=\"has-text-align-center\">Szalagok f\u00fcgg\u0151legesen, gerend\u00e1kon, a ker\u00fclet k\u00f6r\u00fcl \u00e9s radi\u00e1lisan p\u00e1ntokkal \u00f6sszek\u00f6tve,elv\u00e1laszt\u00f3 l\u00e9cekkel.<\/p>\n<\/div>\n\n\n\n<div class=\"wp-block-column is-layout-flow wp-block-column-is-layout-flow\"><div class=\"wp-block-image\">\n<figure class=\"aligncenter size-full is-resized\"><img loading=\"lazy\" decoding=\"async\" width=\"1000\" height=\"980\" src=\"https:\/\/vss.sk\/wp-content\/uploads\/2024\/07\/3ijki-img.png\" alt=\"\" class=\"wp-image-51781\" style=\"width:250px\" srcset=\"https:\/\/vss.sk\/wp-content\/uploads\/2024\/07\/3ijki-img.png 1000w, https:\/\/vss.sk\/wp-content\/uploads\/2024\/07\/3ijki-img-820x804.png 820w, https:\/\/vss.sk\/wp-content\/uploads\/2024\/07\/3ijki-img-768x753.png 768w\" sizes=\"auto, (max-width: 1000px) 100vw, 1000px\" \/><\/figure>\n<\/div>\n\n\n<h3 class=\"wp-block-heading has-text-align-center\">3I1KI<\/h3>\n\n\n\n<p class=\"has-text-align-center\">Szalagok f\u00fcgg\u0151legesen, gerend\u00e1kon, a ker\u00fclet k\u00f6r\u00fcl \u00e9s radi\u00e1lisan p\u00e1ntokkal \u00f6sszek\u00f6tve, elv\u00e1laszt\u00f3 l\u00e9cekkel. Sztreccs f\u00f3li\u00e1val v\u00e9dve.<\/p>\n<\/div>\n<\/div>\n<\/div><\/div>\n<\/div><\/div>\n\n\n\n<div class=\"wp-block-group is-style-default\"><div class=\"wp-block-group__inner-container is-layout-flow wp-block-group-is-layout-flow\">\n<h2 class=\"wp-block-heading is-style-h3 has-large-font-size\">F\u00fcgg\u0151leges szalagok , raklapon<\/h2>\n<\/div><\/div>\n\n\n\n<div class=\"wp-block-group\"><div class=\"wp-block-group__inner-container is-layout-constrained wp-block-group-is-layout-constrained\">\n<div class=\"wp-block-group is-style-narrower-group has-gray-background-color has-background\"><div class=\"wp-block-group__inner-container is-layout-flow wp-block-group-is-layout-flow\">\n<div style=\"height:100px\" aria-hidden=\"true\" class=\"wp-block-spacer is-style-small-spacer\"><\/div>\n\n\n\n<figure class=\"wp-block-gallery aligncenter has-nested-images columns-default is-cropped wp-block-gallery-2 is-layout-flex wp-block-gallery-is-layout-flex\">\n<figure class=\"wp-block-image size-full\"><a href=\"https:\/\/vss.sk\/wp-content\/uploads\/2024\/06\/tasmy-pionowe-paleta-HU.png\"><img loading=\"lazy\" decoding=\"async\" width=\"800\" height=\"621\" data-id=\"53039\" src=\"https:\/\/vss.sk\/wp-content\/uploads\/2024\/06\/tasmy-pionowe-paleta-HU.png\" alt=\"\" class=\"wp-image-53039\" srcset=\"https:\/\/vss.sk\/wp-content\/uploads\/2024\/06\/tasmy-pionowe-paleta-HU.png 800w, https:\/\/vss.sk\/wp-content\/uploads\/2024\/06\/tasmy-pionowe-paleta-HU-768x596.png 768w\" sizes=\"auto, (max-width: 800px) 100vw, 800px\" \/><\/a><\/figure>\n<\/figure>\n\n\n\n<div style=\"height:100px\" aria-hidden=\"true\" class=\"wp-block-spacer is-style-smaller-spacer\"><\/div>\n<\/div><\/div>\n\n\n\n<div class=\"wp-block-group is-style-narrow-group\"><div class=\"wp-block-group__inner-container is-layout-flow wp-block-group-is-layout-flow\">\n<div style=\"height:100px\" aria-hidden=\"true\" class=\"wp-block-spacer is-style-small-spacer\"><\/div>\n\n\n\n<div class=\"wp-block-columns is-layout-flex wp-container-core-columns-is-layout-9d6595d7 wp-block-columns-is-layout-flex\">\n<div class=\"wp-block-column is-layout-flow wp-block-column-is-layout-flow\"><div class=\"wp-block-image\">\n<figure class=\"aligncenter size-full is-resized\"><img loading=\"lazy\" decoding=\"async\" width=\"1000\" height=\"1107\" src=\"https:\/\/vss.sk\/wp-content\/uploads\/2024\/07\/2a1la-img.png\" alt=\"\" class=\"wp-image-51793\" style=\"width:250px\" srcset=\"https:\/\/vss.sk\/wp-content\/uploads\/2024\/07\/2a1la-img.png 1000w, https:\/\/vss.sk\/wp-content\/uploads\/2024\/07\/2a1la-img-820x908.png 820w, https:\/\/vss.sk\/wp-content\/uploads\/2024\/07\/2a1la-img-925x1024.png 925w, https:\/\/vss.sk\/wp-content\/uploads\/2024\/07\/2a1la-img-768x850.png 768w\" sizes=\"auto, (max-width: 1000px) 100vw, 1000px\" \/><\/figure>\n<\/div>\n\n\n<h3 class=\"wp-block-heading has-text-align-center\">2A1LA<\/h3>\n\n\n\n<p class=\"has-text-align-center\">Szalag f\u00fcgg\u0151legesen, raklapon a ker\u00fclet k\u00f6r\u00fcl \u00e9s radi\u00e1lisan p\u00e1ntokkal \u00f6sszek\u00f6tve.<\/p>\n<\/div>\n\n\n\n<div class=\"wp-block-column is-layout-flow wp-block-column-is-layout-flow\"><div class=\"wp-block-image\">\n<figure class=\"aligncenter size-full is-resized\"><img loading=\"lazy\" decoding=\"async\" width=\"1000\" height=\"1040\" src=\"https:\/\/vss.sk\/wp-content\/uploads\/2024\/07\/3a1li-img.png\" alt=\"\" class=\"wp-image-51799\" style=\"width:250px\" srcset=\"https:\/\/vss.sk\/wp-content\/uploads\/2024\/07\/3a1li-img.png 1000w, https:\/\/vss.sk\/wp-content\/uploads\/2024\/07\/3a1li-img-820x853.png 820w, https:\/\/vss.sk\/wp-content\/uploads\/2024\/07\/3a1li-img-985x1024.png 985w, https:\/\/vss.sk\/wp-content\/uploads\/2024\/07\/3a1li-img-768x799.png 768w\" sizes=\"auto, (max-width: 1000px) 100vw, 1000px\" \/><\/figure>\n<\/div>\n\n\n<h3 class=\"wp-block-heading has-text-align-center\">3A1LI<\/h3>\n\n\n\n<p class=\"has-text-align-center\">Szalagok f\u00fcgg\u0151legesen, raklapon a ker\u00fclet k\u00f6r\u00fcl \u00e9s radi\u00e1lisan p\u00e1ntokkal \u00f6sszek\u00f6tve, az elv\u00e1laszt\u00f3 fal\u00e9cekkel.<\/p>\n<\/div>\n\n\n\n<div class=\"wp-block-column is-layout-flow wp-block-column-is-layout-flow\"><div class=\"wp-block-image\">\n<figure class=\"aligncenter size-full is-resized\"><img loading=\"lazy\" decoding=\"async\" width=\"1000\" height=\"1040\" src=\"https:\/\/vss.sk\/wp-content\/uploads\/2024\/07\/3i1li-img.png\" alt=\"\" class=\"wp-image-51805\" style=\"width:250px\" srcset=\"https:\/\/vss.sk\/wp-content\/uploads\/2024\/07\/3i1li-img.png 1000w, https:\/\/vss.sk\/wp-content\/uploads\/2024\/07\/3i1li-img-820x853.png 820w, https:\/\/vss.sk\/wp-content\/uploads\/2024\/07\/3i1li-img-985x1024.png 985w, https:\/\/vss.sk\/wp-content\/uploads\/2024\/07\/3i1li-img-768x799.png 768w\" sizes=\"auto, (max-width: 1000px) 100vw, 1000px\" \/><\/figure>\n<\/div>\n\n\n<h3 class=\"wp-block-heading has-text-align-center\">3I1LI<\/h3>\n\n\n\n<p class=\"has-text-align-center\">Szalagok f\u00fcgg\u0151legesen, raklapon, a ker\u00fclet k\u00f6r\u00fcl \u00e9s radi\u00e1lisan p\u00e1ntokkal \u00f6sszek\u00f6tve, elv\u00e1laszt\u00f3 fal\u00e9cekkel.<br>Sztreccs f\u00f3li\u00e1val v\u00e9dve.<\/p>\n<\/div>\n<\/div>\n<\/div><\/div>\n<\/div><\/div>\n\n\n\n<div class=\"wp-block-group is-style-narrow-group\"><div class=\"wp-block-group__inner-container is-layout-constrained wp-block-group-is-layout-constrained\">\n<h2 class=\"wp-block-heading is-style-h3 has-large-font-size\">Csomagol\u00e1si k\u00f3dok &#8211; magyar\u00e1zat<\/h2>\n\n\n<div class=\"wp-block-image\">\n<figure class=\"aligncenter size-full\"><img loading=\"lazy\" decoding=\"async\" width=\"852\" height=\"1024\" src=\"https:\/\/vss.sk\/wp-content\/uploads\/2024\/06\/kody-pakowania-hu.png\" alt=\"\" class=\"wp-image-53045\" srcset=\"https:\/\/vss.sk\/wp-content\/uploads\/2024\/06\/kody-pakowania-hu.png 852w, https:\/\/vss.sk\/wp-content\/uploads\/2024\/06\/kody-pakowania-hu-799x960.png 799w, https:\/\/vss.sk\/wp-content\/uploads\/2024\/06\/kody-pakowania-hu-768x923.png 768w\" sizes=\"auto, (max-width: 852px) 100vw, 852px\" \/><\/figure>\n<\/div><\/div><\/div>\n","protected":false},"featured_media":51218,"menu_order":2,"template":"","product_category":[559,570],"warranty":[],"product_serie":[],"class_list":["post-53031","product","type-product","status-publish","has-post-thumbnail","hentry","product_category-acelszolgaltatasi-kozpontot","product_category-hosszanti-vagas"],"acf":[],"yoast_head":"<!-- This site is optimized with the Yoast SEO plugin v27.3 - https:\/\/yoast.com\/product\/yoast-seo-wordpress\/ -->\n<title>Hosszanti v\u00e1g\u00e1s - Stalowe Centrum Serwisowe (VSS)<\/title>\n<meta name=\"description\" content=\"A term\u00e9kek sz\u00e9les sk\u00e1l\u00e1j\u00e1nak gy\u00e1rt\u00e1s\u00e1hoz haszn\u00e1lt alacsony \u00e9s magasan feldolgozott ac\u00e9lanyagokat sz\u00e1ll\u00edtunk. V\u00e1g\u00f3- \u00e9s has\u00edt\u00f3sorokkal rendelkez\u00fcnk lemezek \u00e9s tekercsek sz\u00e1m\u00e1ra. Lehet\u0151s\u00e9get biztos\u00edtunk az anyag bevon\u00e1s\u00e1ra kondenz\u00e1ci\u00f3g\u00e1tl\u00f3 bevonattal vagy v\u00e9d\u0151f\u00f3li\u00e1val, egyedileg meghat\u00e1rozott param\u00e9terekkel \u00e9s tulajdons\u00e1gokkal.\" \/>\n<meta name=\"robots\" content=\"index, follow, max-snippet:-1, max-image-preview:large, max-video-preview:-1\" \/>\n<link rel=\"canonical\" href=\"https:\/\/vss.sk\/hu\/termek\/hosszanti-vagas\/\" \/>\n<meta property=\"og:locale\" content=\"hu_HU\" \/>\n<meta property=\"og:type\" content=\"article\" \/>\n<meta property=\"og:title\" content=\"Hosszanti v\u00e1g\u00e1s - Stalowe Centrum Serwisowe (VSS)\" \/>\n<meta property=\"og:description\" content=\"A term\u00e9kek sz\u00e9les sk\u00e1l\u00e1j\u00e1nak gy\u00e1rt\u00e1s\u00e1hoz haszn\u00e1lt alacsony \u00e9s magasan feldolgozott ac\u00e9lanyagokat sz\u00e1ll\u00edtunk. V\u00e1g\u00f3- \u00e9s has\u00edt\u00f3sorokkal rendelkez\u00fcnk lemezek \u00e9s tekercsek sz\u00e1m\u00e1ra. Lehet\u0151s\u00e9get biztos\u00edtunk az anyag bevon\u00e1s\u00e1ra kondenz\u00e1ci\u00f3g\u00e1tl\u00f3 bevonattal vagy v\u00e9d\u0151f\u00f3li\u00e1val, egyedileg meghat\u00e1rozott param\u00e9terekkel \u00e9s tulajdons\u00e1gokkal.\" \/>\n<meta property=\"og:url\" content=\"https:\/\/vss.sk\/hu\/termek\/hosszanti-vagas\/\" \/>\n<meta property=\"og:site_name\" content=\"VSS\" \/>\n<meta property=\"article:modified_time\" content=\"2025-12-18T08:54:43+00:00\" \/>\n<meta property=\"og:image\" content=\"https:\/\/vss.sk\/wp-content\/uploads\/2024\/06\/rozkroje-img-1-f.png\" \/>\n\t<meta property=\"og:image:width\" content=\"820\" \/>\n\t<meta property=\"og:image:height\" content=\"547\" \/>\n\t<meta property=\"og:image:type\" content=\"image\/png\" \/>\n<meta name=\"twitter:card\" content=\"summary_large_image\" \/>\n<meta name=\"twitter:label1\" content=\"Est. reading time\" \/>\n\t<meta name=\"twitter:data1\" content=\"3 perc\" \/>\n<script type=\"application\/ld+json\" class=\"yoast-schema-graph\">{\"@context\":\"https:\\\/\\\/schema.org\",\"@graph\":[{\"@type\":\"WebPage\",\"@id\":\"https:\\\/\\\/vss.sk\\\/hu\\\/termek\\\/hosszanti-vagas\\\/\",\"url\":\"https:\\\/\\\/vss.sk\\\/hu\\\/termek\\\/hosszanti-vagas\\\/\",\"name\":\"Hosszanti v\u00e1g\u00e1s - Stalowe Centrum Serwisowe (VSS)\",\"isPartOf\":{\"@id\":\"https:\\\/\\\/vss.sk\\\/#website\"},\"primaryImageOfPage\":{\"@id\":\"https:\\\/\\\/vss.sk\\\/hu\\\/termek\\\/hosszanti-vagas\\\/#primaryimage\"},\"image\":{\"@id\":\"https:\\\/\\\/vss.sk\\\/hu\\\/termek\\\/hosszanti-vagas\\\/#primaryimage\"},\"thumbnailUrl\":\"https:\\\/\\\/vss.sk\\\/wp-content\\\/uploads\\\/2024\\\/06\\\/rozkroje-img-1-f.png\",\"datePublished\":\"2024-06-27T13:15:19+00:00\",\"dateModified\":\"2025-12-18T08:54:43+00:00\",\"description\":\"A term\u00e9kek sz\u00e9les sk\u00e1l\u00e1j\u00e1nak gy\u00e1rt\u00e1s\u00e1hoz haszn\u00e1lt alacsony \u00e9s magasan feldolgozott ac\u00e9lanyagokat sz\u00e1ll\u00edtunk. V\u00e1g\u00f3- \u00e9s has\u00edt\u00f3sorokkal rendelkez\u00fcnk lemezek \u00e9s tekercsek sz\u00e1m\u00e1ra. Lehet\u0151s\u00e9get biztos\u00edtunk az anyag bevon\u00e1s\u00e1ra kondenz\u00e1ci\u00f3g\u00e1tl\u00f3 bevonattal vagy v\u00e9d\u0151f\u00f3li\u00e1val, egyedileg meghat\u00e1rozott param\u00e9terekkel \u00e9s tulajdons\u00e1gokkal.\",\"breadcrumb\":{\"@id\":\"https:\\\/\\\/vss.sk\\\/hu\\\/termek\\\/hosszanti-vagas\\\/#breadcrumb\"},\"inLanguage\":\"hu\",\"potentialAction\":[{\"@type\":\"ReadAction\",\"target\":[\"https:\\\/\\\/vss.sk\\\/hu\\\/termek\\\/hosszanti-vagas\\\/\"]}]},{\"@type\":\"ImageObject\",\"inLanguage\":\"hu\",\"@id\":\"https:\\\/\\\/vss.sk\\\/hu\\\/termek\\\/hosszanti-vagas\\\/#primaryimage\",\"url\":\"https:\\\/\\\/vss.sk\\\/wp-content\\\/uploads\\\/2024\\\/06\\\/rozkroje-img-1-f.png\",\"contentUrl\":\"https:\\\/\\\/vss.sk\\\/wp-content\\\/uploads\\\/2024\\\/06\\\/rozkroje-img-1-f.png\",\"width\":820,\"height\":547},{\"@type\":\"BreadcrumbList\",\"@id\":\"https:\\\/\\\/vss.sk\\\/hu\\\/termek\\\/hosszanti-vagas\\\/#breadcrumb\",\"itemListElement\":[{\"@type\":\"ListItem\",\"position\":1,\"name\":\"Home\",\"item\":\"https:\\\/\\\/vss.sk\\\/hu\\\/\"},{\"@type\":\"ListItem\",\"position\":2,\"name\":\"Hosszanti v\u00e1g\u00e1s\"}]},{\"@type\":\"WebSite\",\"@id\":\"https:\\\/\\\/vss.sk\\\/#website\",\"url\":\"https:\\\/\\\/vss.sk\\\/\",\"name\":\"VSS\",\"description\":\"Ac\u00e9lipari Szolg\u00e1ltat\u00f3k\u00f6zpont\",\"potentialAction\":[{\"@type\":\"SearchAction\",\"target\":{\"@type\":\"EntryPoint\",\"urlTemplate\":\"https:\\\/\\\/vss.sk\\\/?s={search_term_string}\"},\"query-input\":{\"@type\":\"PropertyValueSpecification\",\"valueRequired\":true,\"valueName\":\"search_term_string\"}}],\"inLanguage\":\"hu\"}]}<\/script>\n<!-- \/ Yoast SEO plugin. -->","yoast_head_json":{"title":"Hosszanti v\u00e1g\u00e1s - Stalowe Centrum Serwisowe (VSS)","description":"A term\u00e9kek sz\u00e9les sk\u00e1l\u00e1j\u00e1nak gy\u00e1rt\u00e1s\u00e1hoz haszn\u00e1lt alacsony \u00e9s magasan feldolgozott ac\u00e9lanyagokat sz\u00e1ll\u00edtunk. V\u00e1g\u00f3- \u00e9s has\u00edt\u00f3sorokkal rendelkez\u00fcnk lemezek \u00e9s tekercsek sz\u00e1m\u00e1ra. Lehet\u0151s\u00e9get biztos\u00edtunk az anyag bevon\u00e1s\u00e1ra kondenz\u00e1ci\u00f3g\u00e1tl\u00f3 bevonattal vagy v\u00e9d\u0151f\u00f3li\u00e1val, egyedileg meghat\u00e1rozott param\u00e9terekkel \u00e9s tulajdons\u00e1gokkal.","robots":{"index":"index","follow":"follow","max-snippet":"max-snippet:-1","max-image-preview":"max-image-preview:large","max-video-preview":"max-video-preview:-1"},"canonical":"https:\/\/vss.sk\/hu\/termek\/hosszanti-vagas\/","og_locale":"hu_HU","og_type":"article","og_title":"Hosszanti v\u00e1g\u00e1s - Stalowe Centrum Serwisowe (VSS)","og_description":"A term\u00e9kek sz\u00e9les sk\u00e1l\u00e1j\u00e1nak gy\u00e1rt\u00e1s\u00e1hoz haszn\u00e1lt alacsony \u00e9s magasan feldolgozott ac\u00e9lanyagokat sz\u00e1ll\u00edtunk. V\u00e1g\u00f3- \u00e9s has\u00edt\u00f3sorokkal rendelkez\u00fcnk lemezek \u00e9s tekercsek sz\u00e1m\u00e1ra. Lehet\u0151s\u00e9get biztos\u00edtunk az anyag bevon\u00e1s\u00e1ra kondenz\u00e1ci\u00f3g\u00e1tl\u00f3 bevonattal vagy v\u00e9d\u0151f\u00f3li\u00e1val, egyedileg meghat\u00e1rozott param\u00e9terekkel \u00e9s tulajdons\u00e1gokkal.","og_url":"https:\/\/vss.sk\/hu\/termek\/hosszanti-vagas\/","og_site_name":"VSS","article_modified_time":"2025-12-18T08:54:43+00:00","og_image":[{"width":820,"height":547,"url":"https:\/\/vss.sk\/wp-content\/uploads\/2024\/06\/rozkroje-img-1-f.png","type":"image\/png"}],"twitter_card":"summary_large_image","twitter_misc":{"Est. reading time":"3 perc"},"schema":{"@context":"https:\/\/schema.org","@graph":[{"@type":"WebPage","@id":"https:\/\/vss.sk\/hu\/termek\/hosszanti-vagas\/","url":"https:\/\/vss.sk\/hu\/termek\/hosszanti-vagas\/","name":"Hosszanti v\u00e1g\u00e1s - Stalowe Centrum Serwisowe (VSS)","isPartOf":{"@id":"https:\/\/vss.sk\/#website"},"primaryImageOfPage":{"@id":"https:\/\/vss.sk\/hu\/termek\/hosszanti-vagas\/#primaryimage"},"image":{"@id":"https:\/\/vss.sk\/hu\/termek\/hosszanti-vagas\/#primaryimage"},"thumbnailUrl":"https:\/\/vss.sk\/wp-content\/uploads\/2024\/06\/rozkroje-img-1-f.png","datePublished":"2024-06-27T13:15:19+00:00","dateModified":"2025-12-18T08:54:43+00:00","description":"A term\u00e9kek sz\u00e9les sk\u00e1l\u00e1j\u00e1nak gy\u00e1rt\u00e1s\u00e1hoz haszn\u00e1lt alacsony \u00e9s magasan feldolgozott ac\u00e9lanyagokat sz\u00e1ll\u00edtunk. V\u00e1g\u00f3- \u00e9s has\u00edt\u00f3sorokkal rendelkez\u00fcnk lemezek \u00e9s tekercsek sz\u00e1m\u00e1ra. Lehet\u0151s\u00e9get biztos\u00edtunk az anyag bevon\u00e1s\u00e1ra kondenz\u00e1ci\u00f3g\u00e1tl\u00f3 bevonattal vagy v\u00e9d\u0151f\u00f3li\u00e1val, egyedileg meghat\u00e1rozott param\u00e9terekkel \u00e9s tulajdons\u00e1gokkal.","breadcrumb":{"@id":"https:\/\/vss.sk\/hu\/termek\/hosszanti-vagas\/#breadcrumb"},"inLanguage":"hu","potentialAction":[{"@type":"ReadAction","target":["https:\/\/vss.sk\/hu\/termek\/hosszanti-vagas\/"]}]},{"@type":"ImageObject","inLanguage":"hu","@id":"https:\/\/vss.sk\/hu\/termek\/hosszanti-vagas\/#primaryimage","url":"https:\/\/vss.sk\/wp-content\/uploads\/2024\/06\/rozkroje-img-1-f.png","contentUrl":"https:\/\/vss.sk\/wp-content\/uploads\/2024\/06\/rozkroje-img-1-f.png","width":820,"height":547},{"@type":"BreadcrumbList","@id":"https:\/\/vss.sk\/hu\/termek\/hosszanti-vagas\/#breadcrumb","itemListElement":[{"@type":"ListItem","position":1,"name":"Home","item":"https:\/\/vss.sk\/hu\/"},{"@type":"ListItem","position":2,"name":"Hosszanti v\u00e1g\u00e1s"}]},{"@type":"WebSite","@id":"https:\/\/vss.sk\/#website","url":"https:\/\/vss.sk\/","name":"VSS","description":"Ac\u00e9lipari Szolg\u00e1ltat\u00f3k\u00f6zpont","potentialAction":[{"@type":"SearchAction","target":{"@type":"EntryPoint","urlTemplate":"https:\/\/vss.sk\/?s={search_term_string}"},"query-input":{"@type":"PropertyValueSpecification","valueRequired":true,"valueName":"search_term_string"}}],"inLanguage":"hu"}]}},"_links":{"self":[{"href":"https:\/\/vss.sk\/hu\/wp-json\/wp\/v2\/product\/53031","targetHints":{"allow":["GET"]}}],"collection":[{"href":"https:\/\/vss.sk\/hu\/wp-json\/wp\/v2\/product"}],"about":[{"href":"https:\/\/vss.sk\/hu\/wp-json\/wp\/v2\/types\/product"}],"wp:featuredmedia":[{"embeddable":true,"href":"https:\/\/vss.sk\/hu\/wp-json\/wp\/v2\/media\/51218"}],"wp:attachment":[{"href":"https:\/\/vss.sk\/hu\/wp-json\/wp\/v2\/media?parent=53031"}],"wp:term":[{"taxonomy":"product_category","embeddable":true,"href":"https:\/\/vss.sk\/hu\/wp-json\/wp\/v2\/product_category?post=53031"},{"taxonomy":"warranty","embeddable":true,"href":"https:\/\/vss.sk\/hu\/wp-json\/wp\/v2\/warranty?post=53031"},{"taxonomy":"product_serie","embeddable":true,"href":"https:\/\/vss.sk\/hu\/wp-json\/wp\/v2\/product_serie?post=53031"}],"curies":[{"name":"wp","href":"https:\/\/api.w.org\/{rel}","templated":true}]}}