{"id":53361,"date":"2022-01-12T14:52:23","date_gmt":"2022-01-12T13:52:23","guid":{"rendered":"https:\/\/vss.sk\/strona-glowna-2\/"},"modified":"2025-02-21T09:28:48","modified_gmt":"2025-02-21T08:28:48","slug":"strona-glowna-2","status":"publish","type":"page","link":"https:\/\/vss.sk\/hu\/","title":{"rendered":"Strona g\u0142\u00f3wna"},"content":{"rendered":"\n<div class=\"wp-block-group is-style-narrow-group\"><div class=\"wp-block-group__inner-container is-layout-flow wp-block-group-is-layout-flow\">\n<div class=\"wp-block-group is-style-with-b2-background\"><div class=\"wp-block-group__inner-container is-layout-flow wp-block-group-is-layout-flow\">\r\n<div class=\"section__data\" data-section=\"\u00dcDV\u00d6Z\u00d6LJ\u00dcK A VSS VIL\u00c1G\u00c1BAN\"><\/div>\n\n\n<div style=\"height:100px\" aria-hidden=\"true\" class=\"wp-block-spacer is-style-small-spacer\"><\/div>\n\n\n\n<p class=\"has-text-align-center noMarginBottom has-red-color has-text-color\"><strong><strong><strong>V\u00c1LASSZA KI AZ \u00d6NT \u00c9RDEKL\u0150 M\u00c1RK\u00c1T, HOGY AZ ERRE A C\u00c9LRA SZOLG\u00c1L\u00d3 OLDALRA L\u00c9PJEN.<\/strong><\/strong><\/strong><\/p>\n\n\n\n<h2 class=\"wp-block-heading has-text-align-center noMarginTop noMarginBottom is-style-h1\">\u00dcDV\u00d6Z\u00d6LJ\u00dcK A VSS VIL\u00c1G\u00c1BAN<\/h2>\n\n\n\n<div style=\"height:100px\" aria-hidden=\"true\" class=\"wp-block-spacer is-style-small-spacer\"><\/div>\n<\/div><\/div>\n<\/div><\/div>\n\n\n\n<div class=\"wp-block-group is-style-narrower-group\"><div class=\"wp-block-group__inner-container is-layout-constrained wp-block-group-is-layout-constrained\">\n<p class=\"has-text-align-center\" style=\"font-size:22px\">Ac\u00e9lszolg\u00e1ltat\u00f3 k\u00f6zpont a k\u00fcl\u00f6nleges tulajdons\u00e1gokkal \u00e9s feldolgoz\u00e1si szintekkel rendelkez\u0151 anyagot keres\u0151 \u00fcgyfelek sz\u00e1m\u00e1ra. Itt gy\u00e1rtjuk az <strong>INGURI<\/strong> ereszcsatorna-rendszereket \u00e9s szendvicspaneleket is.<\/p>\n<\/div><\/div>\n\n\n\n<div style=\"height:100px\" aria-hidden=\"true\" class=\"wp-block-spacer is-style-smaller-spacer\"><\/div>\n\n\n\n<div class=\"wp-block-group\"><div class=\"wp-block-group__inner-container is-layout-flow wp-block-group-is-layout-flow\">\r\n<div class=\"section__data\" data-section=\"Aj\u00e1nlat\"><\/div>\n\n\n<div class=\"wp-block-columns is-style-grid is-layout-flex wp-container-core-columns-is-layout-9d6595d7 wp-block-columns-is-layout-flex\">\n<div class=\"wp-block-column is-layout-flow wp-block-column-is-layout-flow\">\n<div class=\"wp-block-cover is-style-content-from-bottom\"><span aria-hidden=\"true\" class=\"wp-block-cover__background has-black-background-color has-background-dim\"><\/span><img loading=\"lazy\" decoding=\"async\" width=\"526\" height=\"534\" class=\"wp-block-cover__image-background wp-image-52302\" alt=\"\" src=\"https:\/\/vss.sk\/wp-content\/uploads\/2024\/10\/rozkroje-block-img-1.png\" data-object-fit=\"cover\"\/><div class=\"wp-block-cover__inner-container is-layout-flow wp-block-cover-is-layout-flow\">\n<h2 class=\"wp-block-heading is-style-h3 has-white-color has-text-color\">Hosszanti v\u00e1g\u00e1s<\/h2>\n\n\n\n<p class=\"has-white-color has-text-color\">A term\u00e9kek sz\u00e9les sk\u00e1l\u00e1j\u00e1nak gy\u00e1rt\u00e1s\u00e1hoz haszn\u00e1lt alacsony \u00e9s magasan feldolgozott ac\u00e9lanyagokat sz\u00e1ll\u00edtunk.<\/p>\n\n\n\n<div class=\"wp-block-group\"><div class=\"wp-block-group__inner-container is-layout-flow wp-block-group-is-layout-flow\">\n<a href=\"https:\/\/vss.sk\/hu\/termek\/hosszanti-vagas\/\"  class=\"button button--red \">TUDJON MEG T\u00d6BBET<\/a><\/div><\/div>\n<\/div><\/div>\n<\/div>\n\n\n\n<div class=\"wp-block-column is-layout-flow wp-block-column-is-layout-flow\">\n<div class=\"wp-block-cover is-style-content-from-bottom\"><span aria-hidden=\"true\" class=\"wp-block-cover__background has-black-background-color has-background-dim\"><\/span><img loading=\"lazy\" decoding=\"async\" width=\"526\" height=\"534\" class=\"wp-block-cover__image-background wp-image-52308\" alt=\"\" src=\"https:\/\/vss.sk\/wp-content\/uploads\/2024\/10\/kregi-block-img-1.png\" data-object-fit=\"cover\"\/><div class=\"wp-block-cover__inner-container is-layout-flow wp-block-cover-is-layout-flow\">\n<h2 class=\"wp-block-heading is-style-h3\">Tekercsel\u00e9s<\/h2>\n\n\n\n<p>Tekercsel\u00e9si szolg\u00e1ltat\u00e1sokat ny\u00fajtunk ak\u00e1r 25 t s\u00faly\u00fa tekercsek eset\u00e9ben is. Gyors \u00e1tcs\u00e9v\u00e9l\u00e9si folyamatot \u00e9s alacsony kimeneti s\u00faly\u00fa tekercseket biztos\u00edtunk.<\/p>\n\n\n\n<div class=\"wp-block-group\"><div class=\"wp-block-group__inner-container is-layout-flow wp-block-group-is-layout-flow\">\n<a href=\"https:\/\/vss.sk\/hu\/termek\/tekercseles\/\"  class=\"button button--red \">TUDJON MEG T\u00d6BBET<\/a><\/div><\/div>\n<\/div><\/div>\n<\/div>\n\n\n\n<div class=\"wp-block-column is-layout-flow wp-block-column-is-layout-flow\">\n<div class=\"wp-block-cover is-style-content-from-bottom\"><span aria-hidden=\"true\" class=\"wp-block-cover__background has-black-background-color has-background-dim\"><\/span><img loading=\"lazy\" decoding=\"async\" width=\"526\" height=\"534\" class=\"wp-block-cover__image-background wp-image-52314\" alt=\"\" src=\"https:\/\/vss.sk\/wp-content\/uploads\/2024\/10\/formatki-block-img-1.png\" data-object-fit=\"cover\"\/><div class=\"wp-block-cover__inner-container is-layout-flow wp-block-cover-is-layout-flow\">\n<h2 class=\"wp-block-heading is-style-h3\"><strong>Form\u00e1ty \u2013 prierezov\u00e9 \/ trap\u00e9z \/ koso\u0161tvorec<\/strong><\/h2>\n\n\n\n<p>Pon\u00fakame prie\u010dne rezanie na plechy a form\u00e1ty, ako aj rezanie pod uhlom na trap\u00e9zov\u00e9 a koso\u0161tvorcov\u00e9 form\u00e1ty.<\/p>\n\n\n\n<div class=\"wp-block-group\"><div class=\"wp-block-group__inner-container is-layout-flow wp-block-group-is-layout-flow\">\n<a href=\"https:\/\/vss.sk\/pl\/oferta\/stalowe-centrum-serwisowe\/?type=formatki\"  class=\"button button--red \">TUDJON MEG T\u00d6BBET<\/a><\/div><\/div>\n<\/div><\/div>\n<\/div>\n<\/div>\n\n\n\n<div class=\"wp-block-columns is-style-grid is-layout-flex wp-container-core-columns-is-layout-9d6595d7 wp-block-columns-is-layout-flex\">\n<div class=\"wp-block-column is-layout-flow wp-block-column-is-layout-flow\">\n<div class=\"wp-block-cover is-style-content-from-bottom\"><span aria-hidden=\"true\" class=\"wp-block-cover__background has-black-background-color has-background-dim\"><\/span><img loading=\"lazy\" decoding=\"async\" width=\"526\" height=\"534\" class=\"wp-block-cover__image-background wp-image-52295\" alt=\"\" src=\"https:\/\/vss.sk\/wp-content\/uploads\/2024\/10\/Zabezpieczenie-i-pakowanie-block-img.png\" style=\"object-position:52% 73%\" data-object-fit=\"cover\" data-object-position=\"52% 73%\"\/><div class=\"wp-block-cover__inner-container is-layout-flow wp-block-cover-is-layout-flow\">\n<h2 class=\"wp-block-heading is-style-h3\"><br>V\u00e9delem \u00e9s csomagol\u00e1s<\/h2>\n\n\n\n<p>A feldolgozott anyagot szakszer\u0171en biztos\u00edtj\u00e1k \u00e9s t\u00e1rolj\u00e1k.<br>A hossz\u00e1ban lev\u00e1gott tekercseket f\u00fcgg\u0151legesen, \u201eSzemel f\u00f6l\u201d t\u00e1rolj\u00e1k<br>egy raklapon v\u00edzszintesen elhelyezve sz\u00e1nk\u00f3n a t\u00e1rol\u00e1shoz megfelel\u0151en<br>r\u00f6gz\u00edtik.<\/p>\n\n\n\n<div class=\"wp-block-group\"><div class=\"wp-block-group__inner-container is-layout-flow wp-block-group-is-layout-flow\">\n<a href=\"https:\/\/vss.sk\/hu\/termek\/vedelem-es-csomagolas\/\u2197\"  class=\"button button--red \">TUDJON MEG T\u00d6BBET<\/a><\/div><\/div>\n<\/div><\/div>\n<\/div>\n\n\n\n<div class=\"wp-block-column is-vertically-aligned-center is-layout-flow wp-block-column-is-layout-flow\" style=\"flex-basis:66.2%\">\n<div class=\"wp-block-cover is-style-content-from-bottom\"><span aria-hidden=\"true\" class=\"wp-block-cover__background has-black-background-color has-background-dim\"><\/span><img loading=\"lazy\" decoding=\"async\" width=\"1500\" height=\"1001\" class=\"wp-block-cover__image-background wp-image-5193\" alt=\"\" src=\"https:\/\/vss.sk\/wp-content\/uploads\/2022\/03\/SCS_perforacja_blach.jpg\" style=\"object-position:67% 26%\" data-object-fit=\"cover\" data-object-position=\"67% 26%\" srcset=\"https:\/\/vss.sk\/wp-content\/uploads\/2022\/03\/SCS_perforacja_blach.jpg 1500w, https:\/\/vss.sk\/wp-content\/uploads\/2022\/03\/SCS_perforacja_blach-820x547.jpg 820w, https:\/\/vss.sk\/wp-content\/uploads\/2022\/03\/SCS_perforacja_blach-1024x683.jpg 1024w, https:\/\/vss.sk\/wp-content\/uploads\/2022\/03\/SCS_perforacja_blach-768x513.jpg 768w\" sizes=\"auto, (max-width: 1500px) 100vw, 1500px\" \/><div class=\"wp-block-cover__inner-container is-layout-flow wp-block-cover-is-layout-flow\">\n<h2 class=\"wp-block-heading is-style-h3\"><br>Lap perfor\u00e1ci\u00f3<\/h2>\n\n\n\n<p>A perfor\u00e1lt lemezeket sz\u00e9les k\u00f6rben haszn\u00e1lj\u00e1k a k\u00edv\u00e1nt st\u00edlushat\u00e1s<br>el\u00e9r\u00e9s\u00e9hez a k\u00fcls\u0151 \u00e9s bels\u0151 \u00e9p\u00edt\u00e9szetben. A f\u00e9mlemez perfor\u00e1ci\u00f3<br>t\u00f6k\u00e9letes a szell\u0151z\u0151 f\u00fcgg\u00f6nyfalrendszerekhez, vagy a homlokzat bel\u00fclr\u0151l<br>t\u00f6rt\u00e9n\u0151 megvil\u00e1g\u00edt\u00e1s\u00e1hoz .<\/p>\n\n\n\n<div class=\"wp-block-group\"><div class=\"wp-block-group__inner-container is-layout-flow wp-block-group-is-layout-flow\">\n<a href=\"https:\/\/vss.sk\/hu\/termek\/lemez-perforacio\/\u2197\"  class=\"button button--red \">TUDJON MEG T\u00d6BBET<\/a><\/div><\/div>\n<\/div><\/div>\n<\/div>\n<\/div>\n<\/div><\/div>\n\n\n\n<div class=\"wp-block-group has-white-background-color has-background\"><div class=\"wp-block-group__inner-container is-layout-flow wp-block-group-is-layout-flow\">\r\n<div class=\"section__data\" data-section=\"TELJES AJ\u00c1NLAT\"><\/div>\n\n\n<div style=\"height:100px\" aria-hidden=\"true\" class=\"wp-block-spacer is-style-small-spacer\"><\/div>\n\n\n\n<h2 class=\"wp-block-heading is-style-h2\">TELJES AJ\u00c1NLAT<\/h2>\n\n\n\n<p>Tekintse meg az egyes term\u00e9kkateg\u00f3ri\u00e1kat.<\/p>\n\n\n\n<div class=\"caegorylist\">\n    <a href=\"https:\/\/solroof.eu\/hu\/\" class=\"categorylist__item categorylist__item--solroof\">\n        <figure><img decoding=\"async\" src=\"https:\/\/vss.sk\/wp-content\/uploads\/2023\/02\/volt-2.svg\" alt=\"\"><\/figure>\n\n        <p class=\"categorylist__itemTitle\">\n            <span>INTEGR\u00c1LT FOTOVOLTAIKUS TET\u0150<\/span>\n            <strong>SOLROOF<\/strong>\n        <\/p>\n    <\/a>\n    <a href=\"https:\/\/bp2.eu\/hu\/ajanlat\/lakoepuletek-epitese\/?type=modularis-cserepeslemezek\" class=\"categorylist__item categorylist__item--red\">\n        <figure><img decoding=\"async\" src=\"https:\/\/vss.sk\/wp-content\/uploads\/2022\/08\/modular-series-1.svg\" alt=\"\"><\/figure>\n\n        <p class=\"categorylist__itemTitle\">\n            <span>Modul\u00e1ris Cserepeslemezek<\/span>\n            <strong>MODULAR SERIES<\/strong>\n        <\/p>\n    <\/a>\n    <a href=\"https:\/\/bp2.eu\/hu\/ajanlat\/lakoepuletek-epitese\/?type=kompakt-tetocserepek\" class=\"categorylist__item categorylist__item--red\">\n        <figure><img decoding=\"async\" src=\"https:\/\/vss.sk\/wp-content\/uploads\/2022\/08\/compact-series-1.svg\" alt=\"\"><\/figure>\n\n        <p class=\"categorylist__itemTitle\">\n            <span>Kompakt tet\u0151cserepek<\/span>\n            <strong>COMPACT SERIES<\/strong>\n        <\/p>\n    <\/a>\n    <a href=\"https:\/\/bp2.eu\/hu\/ajanlat\/lakoepuletek-epitese\/?type=meretre-vagott-cserepeslemezek\" class=\"categorylist__item categorylist__item--red\">\n        <figure><img decoding=\"async\" src=\"https:\/\/vss.sk\/wp-content\/uploads\/2022\/08\/classic-series-1.svg\" alt=\"\"><\/figure>\n\n        <p class=\"categorylist__itemTitle\">\n            <span>M\u00e9retre v\u00e1gott cserepeslemezek<\/span>\n            <strong>CLASSIC SERIES<\/strong>\n        <\/p>\n    <\/a>\n    <a href=\"https:\/\/bp2.eu\/hu\/ajanlat\/lakoepuletek-epitese\/?type=retro-cserepeslemezek\" class=\"categorylist__item categorylist__item--red\">\n        <figure><img decoding=\"async\" src=\"https:\/\/vss.sk\/wp-content\/uploads\/2022\/08\/blachodachowki-retro.svg\" alt=\"\"><\/figure>\n\n        <p class=\"categorylist__itemTitle\">\n            <span>cserepeslemezek<\/span>\n            <strong>RETRO<\/strong>\n        <\/p>\n    <\/a>\n    <a href=\"https:\/\/bp2.eu\/hu\/ajanlat\/lakoepuletek-epitese\/?type=tetopanelek\" class=\"categorylist__item categorylist__item--red\">\n        <figure><img decoding=\"async\" src=\"https:\/\/vss.sk\/wp-content\/uploads\/2022\/08\/panel-series-1.svg\" alt=\"\"><\/figure>\n\n        <p class=\"categorylist__itemTitle\">\n            <span>Tet\u0151panelek<\/span>\n            <strong>PANEL SERIES<\/strong>\n        <\/p>\n    <\/a>\n    <a href=\"https:\/\/bp2.eu\/hu\/ajanlat\/lakoepuletek-epitese\/?type=ereszcsatorna-rendszerek\" class=\"categorylist__item categorylist__item--red\">\n        <figure><img decoding=\"async\" src=\"https:\/\/vss.sk\/wp-content\/uploads\/2022\/08\/inguri-1.svg\" alt=\"\"><\/figure>\n\n        <p class=\"categorylist__itemTitle\">\n            <span>Ereszcsatorna-rendszerek<\/span>\n            <strong>INGURI<\/strong>\n        <\/p>\n    <\/a>\n    <a href=\"https:\/\/bp2.eu\/hu\/ajanlat\/lakoepuletek-epitese\/?type=trapezlemezek-hu\" class=\"categorylist__item categorylist__item--red\">\n        <figure><img decoding=\"async\" src=\"https:\/\/vss.sk\/wp-content\/uploads\/2022\/08\/blachy-trapezowe.svg\" alt=\"\"><\/figure>\n\n        <p class=\"categorylist__itemTitle\">\n            <span><\/span>\n            <strong>Trap\u00e9zlemezek<\/strong>\n        <\/p>\n    <\/a>\n    <a href=\"https:\/\/bp2.eu\/hu\/ajanlat\/lakoepuletek-epitese\/?type=siklemezek\" class=\"categorylist__item categorylist__item--red\">\n        <figure><img decoding=\"async\" src=\"https:\/\/vss.sk\/wp-content\/uploads\/2022\/08\/blachy-plaskie.svg\" alt=\"\"><\/figure>\n\n        <p class=\"categorylist__itemTitle\">\n            <span><\/span>\n            <strong>S\u00edklemezek<\/strong>\n        <\/p>\n    <\/a>\n    <a href=\"https:\/\/bp2.eu\/hu\/ajanlat\/lakoepuletek-epitese\/?type=badogos-termekek\" class=\"categorylist__item categorylist__item--red\">\n        <figure><img decoding=\"async\" src=\"https:\/\/vss.sk\/wp-content\/uploads\/2022\/08\/obrobki-blacharskie.svg\" alt=\"\"><\/figure>\n\n        <p class=\"categorylist__itemTitle\">\n            <span><\/span>\n            <strong>B\u00e1dogos term\u00e9kek<\/strong>\n        <\/p>\n    <\/a>\n    <a href=\"https:\/\/bp2.eu\/hu\/ajanlat\/lakoepuletek-epitese\/?type=tartozekok\" class=\"categorylist__item categorylist__item--red\">\n        <figure><img decoding=\"async\" src=\"https:\/\/vss.sk\/wp-content\/uploads\/2022\/08\/akcesoria-dachowe.svg\" alt=\"\"><\/figure>\n\n        <p class=\"categorylist__itemTitle\">\n            <span><\/span>\n            <strong>Tartoz\u00e9kok<\/strong>\n        <\/p>\n    <\/a>\n    <a href=\"https:\/\/bp2.eu\/hu\/ajanlat\/ipari-letesitmenyek\/?type=szendvics-panelek-corepir,szendvics-panelek-corewool\" class=\"categorylist__item categorylist__item--red\">\n        <figure><img decoding=\"async\" src=\"https:\/\/vss.sk\/wp-content\/uploads\/2022\/09\/plyty-warstwowe-dachowe-1.svg\" alt=\"\"><\/figure>\n\n        <p class=\"categorylist__itemTitle\">\n            <span>Tet\u0151 Szendvics panelek<\/span>\n            <strong>CorePIR, CoreWOOL<\/strong>\n        <\/p>\n    <\/a>\n    <a href=\"https:\/\/bp2.eu\/hu\/ajanlat\/ipari-letesitmenyek\/?type=szendvics-panelek-corepir,szendvics-panelek-corewool\" class=\"categorylist__item categorylist__item--red\">\n        <figure><img decoding=\"async\" src=\"https:\/\/vss.sk\/wp-content\/uploads\/2022\/09\/plyty-warstwowe-scienne-1.svg\" alt=\"\"><\/figure>\n\n        <p class=\"categorylist__itemTitle\">\n            <span>Fal Szendvics panelek<\/span>\n            <strong>CorePIR, CoreWOOL<\/strong>\n        <\/p>\n    <\/a>\n    <a href=\"https:\/\/bp2.eu\/hu\/ajanlat\/ipari-letesitmenyek\/?type=kazettas-homlokzatburkolatok\" class=\"categorylist__item categorylist__item--red\">\n        <figure><img decoding=\"async\" src=\"https:\/\/vss.sk\/wp-content\/uploads\/2022\/08\/skrin-linea-sinus.svg\" alt=\"\"><\/figure>\n\n        <p class=\"categorylist__itemTitle\">\n            <span>Kazett\u00e1s homlokzatburkolatok<\/span>\n            <strong>SKRIN, LINEA, SINUS<\/strong>\n        <\/p>\n    <\/a>\n    <a href=\"https:\/\/bp2.eu\/hu\/ajanlat\/ipari-letesitmenyek\/?type=falkazetta-es-prosystherm\" class=\"categorylist__item categorylist__item--red\">\n        <figure><img decoding=\"async\" src=\"https:\/\/vss.sk\/wp-content\/uploads\/2022\/08\/kasety-scienne-i-prosystem.svg\" alt=\"\"><\/figure>\n\n        <p class=\"categorylist__itemTitle\">\n            <span><\/span>\n            <strong>Falkazetta \u00e9s PROSYSTHERM<\/strong>\n        <\/p>\n    <\/a>\n    <a href=\"https:\/\/vss.sk\/hu\/termek\/tekercseles\/\" class=\"categorylist__item categorylist__item--red\">\n        <figure><img decoding=\"async\" src=\"https:\/\/vss.sk\/wp-content\/uploads\/2024\/10\/przewijanie-icon-1.svg\" alt=\"\"><\/figure>\n\n        <p class=\"categorylist__itemTitle\">\n            <span><\/span>\n            <strong>Tekercsel\u00e9s<\/strong>\n        <\/p>\n    <\/a>\n    <a href=\"https:\/\/vss.sk\/hu\/termek\/hosszanti-vagas\/\" class=\"categorylist__item categorylist__item--red\">\n        <figure><img decoding=\"async\" src=\"https:\/\/vss.sk\/wp-content\/uploads\/2024\/10\/rozkroje-icon-1.svg\" alt=\"\"><\/figure>\n\n        <p class=\"categorylist__itemTitle\">\n            <span><\/span>\n            <strong>Hosszanti v\u00e1g\u00e1s<\/strong>\n        <\/p>\n    <\/a>\n    <a href=\"https:\/\/vss.sk\/hu\/termek\/keresztvagas-trapez-rombusz\/\" class=\"categorylist__item categorylist__item--red\">\n        <figure><img decoding=\"async\" src=\"https:\/\/vss.sk\/wp-content\/uploads\/2022\/08\/formatki.svg\" alt=\"\"><\/figure>\n\n        <p class=\"categorylist__itemTitle\">\n            <span><\/span>\n            <strong>Keresztv\u00e1g\u00e1s \/trap\u00e9z \/rombusz<\/strong>\n        <\/p>\n    <\/a>\n    <a href=\"https:\/\/vss.sk\/hu\/termek\/lemez-perforacio\/\" class=\"categorylist__item categorylist__item--red\">\n        <figure><img decoding=\"async\" src=\"https:\/\/vss.sk\/wp-content\/uploads\/2022\/08\/perforacja.svg\" alt=\"\"><\/figure>\n\n        <p class=\"categorylist__itemTitle\">\n            <span><\/span>\n            <strong>Lap perfor\u00e1ci\u00f3<\/strong>\n        <\/p>\n    <\/a>\n<\/div><\/div><\/div>\n\n\n\n<div style=\"height:100px\" aria-hidden=\"true\" class=\"wp-block-spacer is-style-medium-spacer\"><\/div>\n\n\n\r\n<div class=\"section__data\" data-section=\"H\u00edrek\"><\/div>","protected":false},"excerpt":{"rendered":"<p>V\u00c1LASSZA KI AZ \u00d6NT \u00c9RDEKL\u0150 M\u00c1RK\u00c1T, HOGY AZ ERRE A C\u00c9LRA SZOLG\u00c1L\u00d3 OLDALRA L\u00c9PJEN. \u00dcDV\u00d6Z\u00d6LJ\u00dcK A VSS VIL\u00c1G\u00c1BAN Ac\u00e9lszolg\u00e1ltat\u00f3 k\u00f6zpont a k\u00fcl\u00f6nleges tulajdons\u00e1gokkal \u00e9s feldolgoz\u00e1si szintekkel rendelkez\u0151 anyagot keres\u0151 \u00fcgyfelek sz\u00e1m\u00e1ra. Itt gy\u00e1rtjuk az INGURI ereszcsatorna-rendszereket \u00e9s szendvicspaneleket is. TELJES AJ\u00c1NLAT Tekintse meg az egyes term\u00e9kkateg\u00f3ri\u00e1kat.<\/p>\n","protected":false},"author":1,"featured_media":0,"parent":0,"menu_order":40,"comment_status":"closed","ping_status":"closed","template":"templates\/home.php","meta":{"_acf_changed":false,"inline_featured_image":false,"footnotes":""},"class_list":["post-53361","page","type-page","status-publish","hentry"],"acf":[],"yoast_head":"<!-- This site is optimized with the Yoast SEO plugin v27.3 - https:\/\/yoast.com\/product\/yoast-seo-wordpress\/ -->\n<title>Strona g\u0142\u00f3wna - VSS<\/title>\n<meta name=\"robots\" content=\"index, follow, max-snippet:-1, max-image-preview:large, max-video-preview:-1\" \/>\n<link rel=\"canonical\" href=\"https:\/\/vss.sk\/hu\/\" \/>\n<meta property=\"og:locale\" content=\"hu_HU\" \/>\n<meta property=\"og:type\" content=\"article\" \/>\n<meta property=\"og:title\" content=\"Strona g\u0142\u00f3wna - VSS\" \/>\n<meta property=\"og:description\" content=\"V\u00c1LASSZA KI AZ \u00d6NT \u00c9RDEKL\u0150 M\u00c1RK\u00c1T, HOGY AZ ERRE A C\u00c9LRA SZOLG\u00c1L\u00d3 OLDALRA L\u00c9PJEN. \u00dcDV\u00d6Z\u00d6LJ\u00dcK A VSS VIL\u00c1G\u00c1BAN Ac\u00e9lszolg\u00e1ltat\u00f3 k\u00f6zpont a k\u00fcl\u00f6nleges tulajdons\u00e1gokkal \u00e9s feldolgoz\u00e1si szintekkel rendelkez\u0151 anyagot keres\u0151 \u00fcgyfelek sz\u00e1m\u00e1ra. Itt gy\u00e1rtjuk az INGURI ereszcsatorna-rendszereket \u00e9s szendvicspaneleket is. TELJES AJ\u00c1NLAT Tekintse meg az egyes term\u00e9kkateg\u00f3ri\u00e1kat.\" \/>\n<meta property=\"og:url\" content=\"https:\/\/vss.sk\/hu\/\" \/>\n<meta property=\"og:site_name\" content=\"VSS\" \/>\n<meta property=\"article:modified_time\" content=\"2025-02-21T08:28:48+00:00\" \/>\n<meta property=\"og:image\" content=\"https:\/\/vss.sk\/wp-content\/uploads\/2024\/10\/rozkroje-block-img-1.png\" \/>\n\t<meta property=\"og:image:width\" content=\"526\" \/>\n\t<meta property=\"og:image:height\" content=\"534\" \/>\n\t<meta property=\"og:image:type\" content=\"image\/png\" \/>\n<meta name=\"twitter:card\" content=\"summary_large_image\" \/>\n<meta name=\"twitter:label1\" content=\"Est. reading time\" \/>\n\t<meta name=\"twitter:data1\" content=\"2 perc\" \/>\n<script type=\"application\/ld+json\" class=\"yoast-schema-graph\">{\"@context\":\"https:\\\/\\\/schema.org\",\"@graph\":[{\"@type\":\"WebPage\",\"@id\":\"https:\\\/\\\/vss.sk\\\/hu\\\/\",\"url\":\"https:\\\/\\\/vss.sk\\\/hu\\\/\",\"name\":\"Strona g\u0142\u00f3wna - VSS\",\"isPartOf\":{\"@id\":\"https:\\\/\\\/vss.sk\\\/#website\"},\"primaryImageOfPage\":{\"@id\":\"https:\\\/\\\/vss.sk\\\/hu\\\/#primaryimage\"},\"image\":{\"@id\":\"https:\\\/\\\/vss.sk\\\/hu\\\/#primaryimage\"},\"thumbnailUrl\":\"https:\\\/\\\/vss.sk\\\/wp-content\\\/uploads\\\/2024\\\/10\\\/rozkroje-block-img-1.png\",\"datePublished\":\"2022-01-12T13:52:23+00:00\",\"dateModified\":\"2025-02-21T08:28:48+00:00\",\"breadcrumb\":{\"@id\":\"https:\\\/\\\/vss.sk\\\/hu\\\/#breadcrumb\"},\"inLanguage\":\"hu\",\"potentialAction\":[{\"@type\":\"ReadAction\",\"target\":[\"https:\\\/\\\/vss.sk\\\/hu\\\/\"]}]},{\"@type\":\"ImageObject\",\"inLanguage\":\"hu\",\"@id\":\"https:\\\/\\\/vss.sk\\\/hu\\\/#primaryimage\",\"url\":\"https:\\\/\\\/vss.sk\\\/wp-content\\\/uploads\\\/2024\\\/10\\\/rozkroje-block-img-1.png\",\"contentUrl\":\"https:\\\/\\\/vss.sk\\\/wp-content\\\/uploads\\\/2024\\\/10\\\/rozkroje-block-img-1.png\"},{\"@type\":\"BreadcrumbList\",\"@id\":\"https:\\\/\\\/vss.sk\\\/hu\\\/#breadcrumb\",\"itemListElement\":[{\"@type\":\"ListItem\",\"position\":1,\"name\":\"Home\",\"item\":\"https:\\\/\\\/vss.sk\\\/hu\\\/\"},{\"@type\":\"ListItem\",\"position\":2,\"name\":\"Strona g\u0142\u00f3wna\"}]},{\"@type\":\"WebSite\",\"@id\":\"https:\\\/\\\/vss.sk\\\/#website\",\"url\":\"https:\\\/\\\/vss.sk\\\/\",\"name\":\"VSS\",\"description\":\"Ac\u00e9lipari Szolg\u00e1ltat\u00f3k\u00f6zpont\",\"potentialAction\":[{\"@type\":\"SearchAction\",\"target\":{\"@type\":\"EntryPoint\",\"urlTemplate\":\"https:\\\/\\\/vss.sk\\\/?s={search_term_string}\"},\"query-input\":{\"@type\":\"PropertyValueSpecification\",\"valueRequired\":true,\"valueName\":\"search_term_string\"}}],\"inLanguage\":\"hu\"}]}<\/script>\n<!-- \/ Yoast SEO plugin. -->","yoast_head_json":{"title":"Strona g\u0142\u00f3wna - VSS","robots":{"index":"index","follow":"follow","max-snippet":"max-snippet:-1","max-image-preview":"max-image-preview:large","max-video-preview":"max-video-preview:-1"},"canonical":"https:\/\/vss.sk\/hu\/","og_locale":"hu_HU","og_type":"article","og_title":"Strona g\u0142\u00f3wna - VSS","og_description":"V\u00c1LASSZA KI AZ \u00d6NT \u00c9RDEKL\u0150 M\u00c1RK\u00c1T, HOGY AZ ERRE A C\u00c9LRA SZOLG\u00c1L\u00d3 OLDALRA L\u00c9PJEN. \u00dcDV\u00d6Z\u00d6LJ\u00dcK A VSS VIL\u00c1G\u00c1BAN Ac\u00e9lszolg\u00e1ltat\u00f3 k\u00f6zpont a k\u00fcl\u00f6nleges tulajdons\u00e1gokkal \u00e9s feldolgoz\u00e1si szintekkel rendelkez\u0151 anyagot keres\u0151 \u00fcgyfelek sz\u00e1m\u00e1ra. Itt gy\u00e1rtjuk az INGURI ereszcsatorna-rendszereket \u00e9s szendvicspaneleket is. TELJES AJ\u00c1NLAT Tekintse meg az egyes term\u00e9kkateg\u00f3ri\u00e1kat.","og_url":"https:\/\/vss.sk\/hu\/","og_site_name":"VSS","article_modified_time":"2025-02-21T08:28:48+00:00","og_image":[{"width":526,"height":534,"url":"https:\/\/vss.sk\/wp-content\/uploads\/2024\/10\/rozkroje-block-img-1.png","type":"image\/png"}],"twitter_card":"summary_large_image","twitter_misc":{"Est. reading time":"2 perc"},"schema":{"@context":"https:\/\/schema.org","@graph":[{"@type":"WebPage","@id":"https:\/\/vss.sk\/hu\/","url":"https:\/\/vss.sk\/hu\/","name":"Strona g\u0142\u00f3wna - VSS","isPartOf":{"@id":"https:\/\/vss.sk\/#website"},"primaryImageOfPage":{"@id":"https:\/\/vss.sk\/hu\/#primaryimage"},"image":{"@id":"https:\/\/vss.sk\/hu\/#primaryimage"},"thumbnailUrl":"https:\/\/vss.sk\/wp-content\/uploads\/2024\/10\/rozkroje-block-img-1.png","datePublished":"2022-01-12T13:52:23+00:00","dateModified":"2025-02-21T08:28:48+00:00","breadcrumb":{"@id":"https:\/\/vss.sk\/hu\/#breadcrumb"},"inLanguage":"hu","potentialAction":[{"@type":"ReadAction","target":["https:\/\/vss.sk\/hu\/"]}]},{"@type":"ImageObject","inLanguage":"hu","@id":"https:\/\/vss.sk\/hu\/#primaryimage","url":"https:\/\/vss.sk\/wp-content\/uploads\/2024\/10\/rozkroje-block-img-1.png","contentUrl":"https:\/\/vss.sk\/wp-content\/uploads\/2024\/10\/rozkroje-block-img-1.png"},{"@type":"BreadcrumbList","@id":"https:\/\/vss.sk\/hu\/#breadcrumb","itemListElement":[{"@type":"ListItem","position":1,"name":"Home","item":"https:\/\/vss.sk\/hu\/"},{"@type":"ListItem","position":2,"name":"Strona g\u0142\u00f3wna"}]},{"@type":"WebSite","@id":"https:\/\/vss.sk\/#website","url":"https:\/\/vss.sk\/","name":"VSS","description":"Ac\u00e9lipari Szolg\u00e1ltat\u00f3k\u00f6zpont","potentialAction":[{"@type":"SearchAction","target":{"@type":"EntryPoint","urlTemplate":"https:\/\/vss.sk\/?s={search_term_string}"},"query-input":{"@type":"PropertyValueSpecification","valueRequired":true,"valueName":"search_term_string"}}],"inLanguage":"hu"}]}},"_links":{"self":[{"href":"https:\/\/vss.sk\/hu\/wp-json\/wp\/v2\/pages\/53361","targetHints":{"allow":["GET"]}}],"collection":[{"href":"https:\/\/vss.sk\/hu\/wp-json\/wp\/v2\/pages"}],"about":[{"href":"https:\/\/vss.sk\/hu\/wp-json\/wp\/v2\/types\/page"}],"author":[{"embeddable":true,"href":"https:\/\/vss.sk\/hu\/wp-json\/wp\/v2\/users\/1"}],"replies":[{"embeddable":true,"href":"https:\/\/vss.sk\/hu\/wp-json\/wp\/v2\/comments?post=53361"}],"version-history":[{"count":8,"href":"https:\/\/vss.sk\/hu\/wp-json\/wp\/v2\/pages\/53361\/revisions"}],"predecessor-version":[{"id":57760,"href":"https:\/\/vss.sk\/hu\/wp-json\/wp\/v2\/pages\/53361\/revisions\/57760"}],"wp:attachment":[{"href":"https:\/\/vss.sk\/hu\/wp-json\/wp\/v2\/media?parent=53361"}],"curies":[{"name":"wp","href":"https:\/\/api.w.org\/{rel}","templated":true}]}}