{"id":50623,"date":"2023-04-12T08:17:54","date_gmt":"2023-04-12T06:17:54","guid":{"rendered":"https:\/\/vss.sk\/?page_id=50623"},"modified":"2023-04-12T08:17:55","modified_gmt":"2023-04-12T06:17:55","slug":"letoltheto-fajlok","status":"publish","type":"page","link":"https:\/\/vss.sk\/hu\/letoltheto-fajlok\/","title":{"rendered":"Letoltheto fajlok"},"content":{"rendered":"","protected":false},"excerpt":{"rendered":"","protected":false},"author":6,"featured_media":0,"parent":0,"menu_order":33,"comment_status":"closed","ping_status":"closed","template":"templates\/download.php","meta":{"_acf_changed":false,"inline_featured_image":false,"footnotes":""},"class_list":["post-50623","page","type-page","status-publish","hentry"],"acf":[],"yoast_head":"<!-- This site is optimized with the Yoast SEO plugin v27.3 - https:\/\/yoast.com\/product\/yoast-seo-wordpress\/ -->\n<title>Letoltheto fajlok - VSS<\/title>\n<meta name=\"robots\" content=\"index, follow, max-snippet:-1, max-image-preview:large, max-video-preview:-1\" \/>\n<link rel=\"canonical\" href=\"https:\/\/vss.sk\/hu\/letoltheto-fajlok\/\" \/>\n<meta property=\"og:locale\" content=\"hu_HU\" \/>\n<meta property=\"og:type\" content=\"article\" \/>\n<meta property=\"og:title\" content=\"Letoltheto fajlok - VSS\" \/>\n<meta property=\"og:url\" content=\"https:\/\/vss.sk\/hu\/letoltheto-fajlok\/\" \/>\n<meta property=\"og:site_name\" content=\"VSS\" \/>\n<meta property=\"article:modified_time\" content=\"2023-04-12T06:17:55+00:00\" \/>\n<meta name=\"twitter:card\" content=\"summary_large_image\" \/>\n<script type=\"application\/ld+json\" class=\"yoast-schema-graph\">{\"@context\":\"https:\\\/\\\/schema.org\",\"@graph\":[{\"@type\":\"WebPage\",\"@id\":\"https:\\\/\\\/vss.sk\\\/hu\\\/letoltheto-fajlok\\\/\",\"url\":\"https:\\\/\\\/vss.sk\\\/hu\\\/letoltheto-fajlok\\\/\",\"name\":\"Letoltheto fajlok - VSS\",\"isPartOf\":{\"@id\":\"https:\\\/\\\/vss.sk\\\/#website\"},\"datePublished\":\"2023-04-12T06:17:54+00:00\",\"dateModified\":\"2023-04-12T06:17:55+00:00\",\"breadcrumb\":{\"@id\":\"https:\\\/\\\/vss.sk\\\/hu\\\/letoltheto-fajlok\\\/#breadcrumb\"},\"inLanguage\":\"hu\",\"potentialAction\":[{\"@type\":\"ReadAction\",\"target\":[\"https:\\\/\\\/vss.sk\\\/hu\\\/letoltheto-fajlok\\\/\"]}]},{\"@type\":\"BreadcrumbList\",\"@id\":\"https:\\\/\\\/vss.sk\\\/hu\\\/letoltheto-fajlok\\\/#breadcrumb\",\"itemListElement\":[{\"@type\":\"ListItem\",\"position\":1,\"name\":\"Home\",\"item\":\"https:\\\/\\\/vss.sk\\\/hu\\\/\"},{\"@type\":\"ListItem\",\"position\":2,\"name\":\"Letoltheto fajlok\"}]},{\"@type\":\"WebSite\",\"@id\":\"https:\\\/\\\/vss.sk\\\/#website\",\"url\":\"https:\\\/\\\/vss.sk\\\/\",\"name\":\"VSS\",\"description\":\"Ac\u00e9lipari Szolg\u00e1ltat\u00f3k\u00f6zpont\",\"potentialAction\":[{\"@type\":\"SearchAction\",\"target\":{\"@type\":\"EntryPoint\",\"urlTemplate\":\"https:\\\/\\\/vss.sk\\\/?s={search_term_string}\"},\"query-input\":{\"@type\":\"PropertyValueSpecification\",\"valueRequired\":true,\"valueName\":\"search_term_string\"}}],\"inLanguage\":\"hu\"}]}<\/script>\n<!-- \/ Yoast SEO plugin. -->","yoast_head_json":{"title":"Letoltheto fajlok - VSS","robots":{"index":"index","follow":"follow","max-snippet":"max-snippet:-1","max-image-preview":"max-image-preview:large","max-video-preview":"max-video-preview:-1"},"canonical":"https:\/\/vss.sk\/hu\/letoltheto-fajlok\/","og_locale":"hu_HU","og_type":"article","og_title":"Letoltheto fajlok - VSS","og_url":"https:\/\/vss.sk\/hu\/letoltheto-fajlok\/","og_site_name":"VSS","article_modified_time":"2023-04-12T06:17:55+00:00","twitter_card":"summary_large_image","schema":{"@context":"https:\/\/schema.org","@graph":[{"@type":"WebPage","@id":"https:\/\/vss.sk\/hu\/letoltheto-fajlok\/","url":"https:\/\/vss.sk\/hu\/letoltheto-fajlok\/","name":"Letoltheto fajlok - VSS","isPartOf":{"@id":"https:\/\/vss.sk\/#website"},"datePublished":"2023-04-12T06:17:54+00:00","dateModified":"2023-04-12T06:17:55+00:00","breadcrumb":{"@id":"https:\/\/vss.sk\/hu\/letoltheto-fajlok\/#breadcrumb"},"inLanguage":"hu","potentialAction":[{"@type":"ReadAction","target":["https:\/\/vss.sk\/hu\/letoltheto-fajlok\/"]}]},{"@type":"BreadcrumbList","@id":"https:\/\/vss.sk\/hu\/letoltheto-fajlok\/#breadcrumb","itemListElement":[{"@type":"ListItem","position":1,"name":"Home","item":"https:\/\/vss.sk\/hu\/"},{"@type":"ListItem","position":2,"name":"Letoltheto fajlok"}]},{"@type":"WebSite","@id":"https:\/\/vss.sk\/#website","url":"https:\/\/vss.sk\/","name":"VSS","description":"Ac\u00e9lipari Szolg\u00e1ltat\u00f3k\u00f6zpont","potentialAction":[{"@type":"SearchAction","target":{"@type":"EntryPoint","urlTemplate":"https:\/\/vss.sk\/?s={search_term_string}"},"query-input":{"@type":"PropertyValueSpecification","valueRequired":true,"valueName":"search_term_string"}}],"inLanguage":"hu"}]}},"_links":{"self":[{"href":"https:\/\/vss.sk\/hu\/wp-json\/wp\/v2\/pages\/50623","targetHints":{"allow":["GET"]}}],"collection":[{"href":"https:\/\/vss.sk\/hu\/wp-json\/wp\/v2\/pages"}],"about":[{"href":"https:\/\/vss.sk\/hu\/wp-json\/wp\/v2\/types\/page"}],"author":[{"embeddable":true,"href":"https:\/\/vss.sk\/hu\/wp-json\/wp\/v2\/users\/6"}],"replies":[{"embeddable":true,"href":"https:\/\/vss.sk\/hu\/wp-json\/wp\/v2\/comments?post=50623"}],"version-history":[{"count":1,"href":"https:\/\/vss.sk\/hu\/wp-json\/wp\/v2\/pages\/50623\/revisions"}],"predecessor-version":[{"id":50624,"href":"https:\/\/vss.sk\/hu\/wp-json\/wp\/v2\/pages\/50623\/revisions\/50624"}],"wp:attachment":[{"href":"https:\/\/vss.sk\/hu\/wp-json\/wp\/v2\/media?parent=50623"}],"curies":[{"name":"wp","href":"https:\/\/api.w.org\/{rel}","templated":true}]}}