{"id":54640,"date":"2024-10-10T11:58:29","date_gmt":"2024-10-10T09:58:29","guid":{"rendered":"https:\/\/vss.sk\/rodzaje-materialu\/"},"modified":"2025-02-17T12:53:50","modified_gmt":"2025-02-17T11:53:50","slug":"materialtypen","status":"publish","type":"page","link":"https:\/\/vss.sk\/de\/materialtypen\/","title":{"rendered":"Materialtypen"},"content":{"rendered":"\n<div class=\"wp-block-group is-style-with-b2-background\"><div class=\"wp-block-group__inner-container is-layout-flow wp-block-group-is-layout-flow\">\n<div style=\"height:100px\" aria-hidden=\"true\" class=\"wp-block-spacer is-style-small-spacer\"><\/div>\n\n\n\n<p class=\"has-text-align-center noMarginBottom has-red-color has-text-color\"><strong>EINIGE DINGE M\u00dcSSEN LANGLEBIG SEIN<\/strong><\/p>\n\n\n\n<h1 class=\"wp-block-heading has-text-align-center is-style-h1 noMarginTop noMarginBottom\"><strong>MATERIALSORTEN<\/strong><\/h1>\n\n\n\n<div style=\"height:100px\" aria-hidden=\"true\" class=\"wp-block-spacer is-style-small-spacer\"><\/div>\n<\/div><\/div>\n\n\n\n<div class=\"wp-block-group is-style-narrower-group\"><div class=\"wp-block-group__inner-container is-layout-flow wp-block-group-is-layout-flow\">\n<p class=\"has-text-align-center\" style=\"font-size:22px\"><strong>Wir gew\u00e4hrleisten die kontinuierliche Verf\u00fcgbarkeit einer breiten Palette von Stahlg\u00fcten und Beschichtungen sowie die M\u00f6glichkeit, individuelle Bestellungen mit beliebigen Parametern zu erf\u00fcllen. <\/strong>Zudem \u00fcbernehmen wir Auftr\u00e4ge mit bauseits gestelltem Material. Die hohe Qualit\u00e4t unserer Produktionsabl\u00e4ufe erm\u00f6glicht deren optimale Nutzung.<\/p>\n<\/div><\/div>\n\n\n\n<div class=\"wp-block-group\"><div class=\"wp-block-group__inner-container is-layout-flow wp-block-group-is-layout-flow\">\r\n<div class=\"section__data\" data-section=\"XCarb\u00ae ArcelorMittal\"><\/div>\n\n\n<h2 class=\"wp-block-heading\">XCarb\u00ae ArcelorMittal<\/h2>\n\n\n\n    <div class=\"variants__wrapper\">\n                        <div class=\"variants__slidesWrapper\">\n            <div class=\"variants__slides sliderGroup\">\n                                                        <div class=\"variants__slide sliderGroup__elem\">\n                        <div class=\"variants__slideInner\">\n                            <div class=\"variants__colorsWrapper\">\n                                                            <\/div>\n                            <div class=\"variants__contentWrapper\">\n                                <figure class=\"variants__image\"><img decoding=\"async\" src=\"https:\/\/vss.sk\/wp-content\/uploads\/2022\/03\/Projekt-bez-nazwy-1.png\" alt=\"XCarb\u00ae ArcelorMittal\"><\/figure>\n                                <div class=\"variants__content\">\n                                    <p data-renderer-start-pos=\"83\"><strong data-renderer-mark=\"true\">XCarb\u00ae-Stahl<\/strong> stammt aus nachhaltigeren Produktionsprozessen, die <strong data-renderer-mark=\"true\">CO2-Emissionen reduzieren<\/strong>, indem moderne Technologien wie Recycling, Energieeinsparung und die Nutzung erneuerbarer Energiequellen eingesetzt werden. <strong data-renderer-mark=\"true\">XCarb\u00ae bietet Stahl mit einem nachhaltigen Profil,<\/strong> ideal f\u00fcr Unternehmen, die ihren CO2-Fu\u00dfabdruck verringern m\u00f6chten.<\/p>\n<p data-renderer-start-pos=\"446\">Niedrigemissionsstahl XCarb\u00ae wird in Elektrolichtbogen\u00f6fen aus Materialien hergestellt, die zu <strong data-renderer-mark=\"true\">75 % recycelt<\/strong> sind, und ausschlie\u00dflich mit erneuerbarem Strom betrieben. Der CO2-Fu\u00dfabdruck bei der Verwendung von XCarb\u00ae-Niedrigemissionsstahl ist <strong data-renderer-mark=\"true\">etwa 62 % geringer<\/strong> als bei herk\u00f6mmlichen L\u00f6sungen, bei denen Blech mit organischen Beschichtungen versehen wird.<\/p>\n<p data-renderer-start-pos=\"805\">Trotz der Reduzierung der CO2-Emissionen beh\u00e4lt der Stahl seine <strong data-renderer-mark=\"true\">ausgezeichneten mechanischen und Festigkeitseigenschaften<\/strong>, vergleichbar mit traditionellen Stahlprodukten.<\/p>\n<div style=\"display: flex; align-items: center; padding-top: 10px;\">\n<p><img loading=\"lazy\" decoding=\"async\" class=\"alignnone wp-image-98599 \" src=\"https:\/\/bp2.eu\/wp-content\/uploads\/2025\/05\/green-steel.png\" alt=\"\" width=\"106\" height=\"105\" \/><\/p>\n<div><strong> Gesch\u00e4tzter CO2-Fu\u00dfabdruck f\u00fcr ein Dach mit 150 m\u00b2 Fl\u00e4che<br \/>\n<\/strong><em> \u2013 F\u00fcr XCarb\u00ae-Niedrigemissionsstahl: 712,5 kg CO2-\u00c4qu.<br \/>\n\u2013 F\u00fcr klassische Bleche mit organischen Beschichtungen: 1879,5 kg CO2-\u00c4qu.<br \/>\n<\/em><\/div>\n<\/div>\n<div>\n<div><a class=\"button button--black uppercase\" href=\"https:\/\/vss.sk\/wp-content\/uploads\/2025\/01\/vss-xcarb-de.pdf\" target=\"_self\">SIEHE TABELLEN<\/a><\/div>\n<\/div>\n                                                                    <\/div>\n                            <\/div>\n                        <\/div>\n\n                    <\/div>\n                            <\/div>\n        <\/div>\n            <\/div>\n\n\n\n<div style=\"height:100px\" aria-hidden=\"true\" class=\"wp-block-spacer is-style-small-spacer\"><\/div>\n<\/div><\/div>\n\n\n\n<div class=\"wp-block-group has-gray-background-color has-background\"><div class=\"wp-block-group__inner-container is-layout-flow wp-block-group-is-layout-flow\">\n<div class=\"wp-block-columns is-layout-flex wp-container-core-columns-is-layout-9d6595d7 wp-block-columns-is-layout-flex\">\n<div class=\"wp-block-column is-layout-flow wp-block-column-is-layout-flow\">\r\n<div class=\"section__data\" data-section=\"Warmgewalzte Bleche\"><\/div>\n\n\n<div style=\"height:100px\" aria-hidden=\"true\" class=\"wp-block-spacer is-style-smaller-spacer\"><\/div>\n\n\n\n<h2 class=\"wp-block-heading\"><strong>Warmgewalzte Bleche<\/strong><\/h2>\n\n\n\n    <div class=\"variants__wrapper\">\n                        <div class=\"variants__slidesWrapper\">\n            <div class=\"variants__slides sliderGroup\">\n                                                        <div class=\"variants__slide sliderGroup__elem\">\n                        <div class=\"variants__slideInner\">\n                            <div class=\"variants__colorsWrapper\">\n                                                            <\/div>\n                            <div class=\"variants__contentWrapper\">\n                                <figure class=\"variants__image\"><img decoding=\"async\" src=\"https:\/\/vss.sk\/wp-content\/uploads\/2024\/10\/rodzaje_materialu_vss-1_kopia.jpg\" alt=\"Warmgewalzte Bleche\"><\/figure>\n                                <div class=\"variants__content\">\n                                    <p data-pm-slice=\"1 1 []\"><strong>Warmgewalzte Bleche<\/strong> werden im Walzverfahren bei Temperaturen oberhalb der Rekristallisationstemperatur von Stahl hergestellt. Sie zeichnen sich durch gute Festigkeit und Plastizit\u00e4t, sowie gute Schwei\u00dfeignung aus. Sie eignen sich optimal f\u00fcr konstruktive Anwendungen in der Baugewerbe, f\u00fcr den Maschinenbau, die Energie- und Automobilindustrie. Sie sind langlebig und leicht zu verarbeiten.<\/p>\n<p><a class=\"button button--black uppercase\" href=\"https:\/\/vss.sk\/wp-content\/uploads\/2025\/01\/vss-blachy-goracowalcowane-de.pdf\" target=\"_self\">SIEHE TABELLEN<\/a><\/p>\n                                                                    <\/div>\n                            <\/div>\n                        <\/div>\n\n                    <\/div>\n                            <\/div>\n        <\/div>\n            <\/div>\n<\/div>\n\n\n\n<div class=\"wp-block-column is-layout-flow wp-block-column-is-layout-flow\">\r\n<div class=\"section__data\" data-section=\"Kaltgewalzte Bleche\"><\/div>\n\n\n<div style=\"height:100px\" aria-hidden=\"true\" class=\"wp-block-spacer is-style-smaller-spacer\"><\/div>\n\n\n\n<h2 class=\"wp-block-heading\"><strong>Kaltgewalzte Bleche<\/strong><\/h2>\n\n\n\n    <div class=\"variants__wrapper\">\n                        <div class=\"variants__slidesWrapper\">\n            <div class=\"variants__slides sliderGroup\">\n                                                        <div class=\"variants__slide sliderGroup__elem\">\n                        <div class=\"variants__slideInner\">\n                            <div class=\"variants__colorsWrapper\">\n                                                            <\/div>\n                            <div class=\"variants__contentWrapper\">\n                                <figure class=\"variants__image\"><img decoding=\"async\" src=\"https:\/\/vss.sk\/wp-content\/uploads\/2024\/10\/rodzaje_materialu_vss-2_kopia.jpg\" alt=\"Kaltgewalzte Bleche\"><\/figure>\n                                <div class=\"variants__content\">\n                                    <p data-pm-slice=\"1 1 []\"><strong>Kaltgewalzte Bleche<\/strong> werden im Kaltwalzenverfahren gefertigt, wodurch ein Material mit hoher Ma\u00dfgenauigkeit und glatter Oberfl\u00e4che entsteht. Der Prozess l\u00e4uft unterhalb der Rekristallisationstemperatur von Stahl ab. Kaltgewalzte Bleche weisen bessere Festigkeitseigenschaften und eine verbesserte Streckgrenze auf. Sie sind h\u00e4rter und haben eine h\u00f6here Zugfestigkeit als warmgewalzte Bleche und eine deutlich glattere Oberfl\u00e4che. Diese Eigenschaften machen kaltgewalzte Bleche ideal f\u00fcr Anwendungen, die Pr\u00e4zision bed\u00fcrfen, wie die Herstellung von Automobilteilen, Haushaltsger\u00e4ten. Sie werden auch in der Elektrotechnik eingesetzt.<\/p>\n<p><a class=\"button button--black uppercase\" href=\"https:\/\/vss.sk\/wp-content\/uploads\/2025\/01\/vss-blachy-zimnowalcowane-de.pdf\" target=\"_self\">SIEHE TABELLEN<\/a><\/p>\n                                                                    <\/div>\n                            <\/div>\n                        <\/div>\n\n                    <\/div>\n                            <\/div>\n        <\/div>\n            <\/div>\n<\/div>\n<\/div>\n<\/div><\/div>\n\n\n\n<div style=\"height:100px\" aria-hidden=\"true\" class=\"wp-block-spacer is-style-smaller-spacer\"><\/div>\n\n\n\n<div class=\"wp-block-group has-gray-background-color has-background\"><div class=\"wp-block-group__inner-container is-layout-flow wp-block-group-is-layout-flow\">\n<div class=\"wp-block-columns is-layout-flex wp-container-core-columns-is-layout-9d6595d7 wp-block-columns-is-layout-flex\">\n<div class=\"wp-block-column is-layout-flow wp-block-column-is-layout-flow\">\r\n<div class=\"section__data\" data-section=\"\"><\/div>\n\n\n<div style=\"height:100px\" aria-hidden=\"true\" class=\"wp-block-spacer is-style-smaller-spacer\"><\/div>\n\n\n\n<h2 class=\"wp-block-heading\"><strong>Elektrolytisch verzinkte Bleche<\/strong><\/h2>\n\n\n\n    <div class=\"variants__wrapper\">\n                        <div class=\"variants__slidesWrapper\">\n            <div class=\"variants__slides sliderGroup\">\n                                                        <div class=\"variants__slide sliderGroup__elem\">\n                        <div class=\"variants__slideInner\">\n                            <div class=\"variants__colorsWrapper\">\n                                                            <\/div>\n                            <div class=\"variants__contentWrapper\">\n                                <figure class=\"variants__image\"><img decoding=\"async\" src=\"https:\/\/vss.sk\/wp-content\/uploads\/2024\/10\/rodzaje_materialu_vss-4_kopia.jpg\" alt=\"Elektrolytisch verzinkte Bleche\"><\/figure>\n                                <div class=\"variants__content\">\n                                    <p data-pm-slice=\"1 1 []\">Elektrolytisch verzinkte Bleche werden elektrochemisch mit einer Zinkschicht beschichtet. Dieser Prozess gew\u00e4hrleistet eine gleichm\u00e4\u00dfige Aufbringung einer d\u00fcnnen Zinkschicht auf einer oder beiden Seiten von Stahlblech. Elektrolytisch verzinkte Bleche haben eine glatte und gleichm\u00e4\u00dfige Oberfl\u00e4che, was sie zur idealen Wahl f\u00fcr alle Anwendungen macht, die eine optisch ansprechende Oberfl\u00e4che und pr\u00e4zise Bearbeitung erfordern. Diese Beschichtung bietet eine hervorragende Haftung f\u00fcr Farben, Lacke und Kaschierfolien. Sie werden in der Automobilindustrie, bei Haushaltsger\u00e4ten und in der Herstellung von Bauteilen eingesetzt, die lackiert oder beschichtet werden m\u00fcssen.<\/p>\n<p><a class=\"button button--black uppercase\" href=\"https:\/\/vss.sk\/wp-content\/uploads\/2025\/01\/vss-blachy-cynkowane-elektrolitycznie-de.pdf\" target=\"_self\">SIEHE TABELLEN<\/a><\/p>\n                                                                    <\/div>\n                            <\/div>\n                        <\/div>\n\n                    <\/div>\n                            <\/div>\n        <\/div>\n            <\/div>\n<\/div>\n\n\n\n<div class=\"wp-block-column is-layout-flow wp-block-column-is-layout-flow\">\r\n<div class=\"section__data\" data-section=\"Feurerverzinkte Bleche\"><\/div>\n\n\n<div style=\"height:100px\" aria-hidden=\"true\" class=\"wp-block-spacer is-style-smaller-spacer\"><\/div>\n\n\n\n<h2 class=\"wp-block-heading\"><strong>Feurerverzinkte Bleche<\/strong><\/h2>\n\n\n\n    <div class=\"variants__wrapper\">\n                        <div class=\"variants__slidesWrapper\">\n            <div class=\"variants__slides sliderGroup\">\n                                                        <div class=\"variants__slide sliderGroup__elem\">\n                        <div class=\"variants__slideInner\">\n                            <div class=\"variants__colorsWrapper\">\n                                                            <\/div>\n                            <div class=\"variants__contentWrapper\">\n                                <figure class=\"variants__image\"><img decoding=\"async\" src=\"https:\/\/vss.sk\/wp-content\/uploads\/2024\/10\/rodzaje_materialu_vss-3_kopia.jpg\" alt=\"Feuerverzinkte Bleche\"><\/figure>\n                                <div class=\"variants__content\">\n                                    <p data-pm-slice=\"1 1 []\">Feuerverzinkte Bleche werden kalt geformt, gereinigt und anschlie\u00dfend im Tauchverfahren mit einer Schicht aus geschmolzenem Zink beschichtet. Sie zeichnen sich durch eine hervorragende Korrosionsbest\u00e4ndigkeit aus, wodurch sie ideal f\u00fcr Anwendungen im Au\u00dfenbereichen sowie Bereichen mit hoher Luftfeuchtigkeit sind. Sie zeichnen sich durch hohe Best\u00e4ndigkeit gegen Kratzer und verschiedene Witterungseinfl\u00fcsse auf. Sie finden breite Anwendung in der Bau-, Automobil- und Maschinenbauindustrie.<\/p>\n<p><a class=\"button button--black uppercase\" href=\"https:\/\/vss.sk\/wp-content\/uploads\/2025\/01\/vss-blachy-cynkowane-ogniowo-de.pdf\" target=\"_self\">SIEHE TABELLEN<\/a><\/p>\n                                                                    <\/div>\n                            <\/div>\n                        <\/div>\n\n                    <\/div>\n                            <\/div>\n        <\/div>\n            <\/div>\n<\/div>\n<\/div>\n<\/div><\/div>\n\n\n\n<div class=\"wp-block-group\"><div class=\"wp-block-group__inner-container is-layout-flow wp-block-group-is-layout-flow\">\r\n<div class=\"section__data\" data-section=\"AUTOMOTIVE Bl\u00e4tter\"><\/div>\n\n\n<h2 class=\"wp-block-heading\"><strong>AUTOMOTIVE Bl\u00e4tter<\/strong><\/h2>\n\n\n\n    <div class=\"variants__wrapper\">\n                        <div class=\"variants__slidesWrapper\">\n            <div class=\"variants__slides sliderGroup\">\n                                                        <div class=\"variants__slide sliderGroup__elem\">\n                        <div class=\"variants__slideInner\">\n                            <div class=\"variants__colorsWrapper\">\n                                                            <\/div>\n                            <div class=\"variants__contentWrapper\">\n                                <figure class=\"variants__image\"><img decoding=\"async\" src=\"https:\/\/vss.sk\/wp-content\/uploads\/2024\/10\/rodzaje_materialu_vss-5_kopia.jpg\" alt=\"AUTOMOTIVE-Bleche\"><\/figure>\n                                <div class=\"variants__content\">\n                                    <p data-pm-slice=\"1 1 []\"><strong>AUTOMOTIVE-Bleche<\/strong> sind speziell f\u00fcr die Anforderungen der Automobilindustrie entwickelt. Sie zeichnen sich durch spezifische mechanische und technologische Eigenschaften auf, die die Herstellung von Bauteilen mit hoher Festigkeit und geringem Gewicht erm\u00f6glichen. <strong>AUTOMOTIVE-Bleche<\/strong> zeichnen sich durch hohe Best\u00e4ndigkeit, gute Plastizit\u00e4t und Korrosionsbest\u00e4ndigkeit aus. Aufgrund dieser Eigenschaften werden sie h\u00e4ufig im Karosseriebau, f\u00fcr tragende Elemente im Fahrzeugbau und Sicherheitssysteme verwendet.<\/p>\n<p><a class=\"button button--black uppercase\" href=\"https:\/\/vss.sk\/wp-content\/uploads\/2025\/01\/vss-blachy-automotive-de.pdf\" target=\"_self\">SIEHE TABELLEN<\/a><\/p>\n                                                                    <\/div>\n                            <\/div>\n                        <\/div>\n\n                    <\/div>\n                            <\/div>\n        <\/div>\n            <\/div>\n\n\n\n<div style=\"height:100px\" aria-hidden=\"true\" class=\"wp-block-spacer is-style-small-spacer\"><\/div>\n<\/div><\/div>\n\n\n\n<div class=\"wp-block-group\"><div class=\"wp-block-group__inner-container is-layout-flow wp-block-group-is-layout-flow\">\r\n<div class=\"section__data\" data-section=\"Verzinkte Bleche und Magnelis\u00ae\"><\/div>\n\n\n<h2 class=\"wp-block-heading\"><strong><strong>Verzinkte Bleche und Magnelis\u00ae<\/strong><\/strong><\/h2>\n\n\n\n    <div class=\"variants__wrapper\">\n                        <div class=\"variants__slidesWrapper\">\n            <div class=\"variants__slides sliderGroup\">\n                                                        <div class=\"variants__slide sliderGroup__elem\">\n                        <div class=\"variants__slideInner\">\n                            <div class=\"variants__colorsWrapper\">\n                                                            <\/div>\n                            <div class=\"variants__contentWrapper\">\n                                <figure class=\"variants__image\"><img decoding=\"async\" src=\"https:\/\/vss.sk\/wp-content\/uploads\/2024\/10\/rodzaje_materialu_vss-6_kopia.jpg\" alt=\"Zink-Aluminium-Magnesium-Bleche\"><\/figure>\n                                <div class=\"variants__content\">\n                                    <p data-pm-slice=\"1 1 []\">Zink-Aluminium-Magnesium-Bleche sind Stahlbleche, die mit einer metallischen Schicht aus einer Zink-, Aluminium- und Magnesiumlegierung beschichtet sind, die einen wesentlich besseren Korrosionsschutz als die herk\u00f6mmliche Zinkbeschichtung bietet. Sie zeichnen sich durch eine gleichm\u00e4\u00dfige Verteilung und eine hervorragende Oberfl\u00e4chen- und Kantenbest\u00e4ndigkeit in anspruchsvollen Umgebungen aus. Mit Zink-Aluminium-Magnesium beschichtete Bleche bieten eine au\u00dfergew\u00f6hnliche Korrosionsbest\u00e4ndigkeit in jeder Umgebung, einschlie\u00dflich industrieller und k\u00fcstennaher Gebiete. Aufgrund ihrer Eigenschaften eignen sie sich ideal f\u00fcr Anwendungen im Baugewerbe, in der Energiebranche und f\u00fcr die Herstellung externer Infrastrukturanlagen. Der g\u00e4ngigste Vertreter dieser Blechgruppe ist <strong>Magnelis\u00ae<\/strong>.<\/p>\n<p><a class=\"button button--black uppercase\" href=\"https:\/\/vss.sk\/wp-content\/uploads\/2025\/01\/vss-magnelis-de.pdf\" target=\"_self\">SIEHE TABELLEN<\/a><\/p>\n                                                                    <\/div>\n                            <\/div>\n                        <\/div>\n\n                    <\/div>\n                            <\/div>\n        <\/div>\n            <\/div>\n\n\n\n<div style=\"height:100px\" aria-hidden=\"true\" class=\"wp-block-spacer is-style-small-spacer\"><\/div>\n<\/div><\/div>\n","protected":false},"excerpt":{"rendered":"<p>EINIGE DINGE M\u00dcSSEN LANGLEBIG SEIN MATERIALSORTEN Wir gew\u00e4hrleisten die kontinuierliche Verf\u00fcgbarkeit einer breiten Palette von Stahlg\u00fcten und Beschichtungen sowie die M\u00f6glichkeit, individuelle Bestellungen mit beliebigen Parametern zu erf\u00fcllen. Zudem \u00fcbernehmen wir Auftr\u00e4ge mit bauseits gestelltem Material. Die hohe Qualit\u00e4t unserer Produktionsabl\u00e4ufe erm\u00f6glicht deren optimale Nutzung. XCarb\u00ae ArcelorMittal Warmgewalzte Bleche Kaltgewalzte Bleche Elektrolytisch verzinkte Bleche Feurerverzinkte [&hellip;]<\/p>\n","protected":false},"author":6,"featured_media":0,"parent":0,"menu_order":5,"comment_status":"closed","ping_status":"closed","template":"","meta":{"_acf_changed":false,"inline_featured_image":false,"footnotes":""},"class_list":["post-54640","page","type-page","status-publish","hentry"],"acf":[],"yoast_head":"<!-- This site is optimized with the Yoast SEO plugin v27.3 - https:\/\/yoast.com\/product\/yoast-seo-wordpress\/ -->\n<title>Materialtypen - VSS<\/title>\n<meta name=\"robots\" content=\"index, follow, max-snippet:-1, max-image-preview:large, max-video-preview:-1\" \/>\n<link rel=\"canonical\" href=\"https:\/\/vss.sk\/de\/materialtypen\/\" \/>\n<meta property=\"og:locale\" content=\"de_DE\" \/>\n<meta property=\"og:type\" content=\"article\" \/>\n<meta property=\"og:title\" content=\"Materialtypen - VSS\" \/>\n<meta property=\"og:description\" content=\"EINIGE DINGE M\u00dcSSEN LANGLEBIG SEIN MATERIALSORTEN Wir gew\u00e4hrleisten die kontinuierliche Verf\u00fcgbarkeit einer breiten Palette von Stahlg\u00fcten und Beschichtungen sowie die M\u00f6glichkeit, individuelle Bestellungen mit beliebigen Parametern zu erf\u00fcllen. Zudem \u00fcbernehmen wir Auftr\u00e4ge mit bauseits gestelltem Material. Die hohe Qualit\u00e4t unserer Produktionsabl\u00e4ufe erm\u00f6glicht deren optimale Nutzung. XCarb\u00ae ArcelorMittal Warmgewalzte Bleche Kaltgewalzte Bleche Elektrolytisch verzinkte Bleche Feurerverzinkte [&hellip;]\" \/>\n<meta property=\"og:url\" content=\"https:\/\/vss.sk\/de\/materialtypen\/\" \/>\n<meta property=\"og:site_name\" content=\"VSS\" \/>\n<meta property=\"article:modified_time\" content=\"2025-02-17T11:53:50+00:00\" \/>\n<meta name=\"twitter:card\" content=\"summary_large_image\" \/>\n<meta name=\"twitter:label1\" content=\"Est. reading time\" \/>\n\t<meta name=\"twitter:data1\" content=\"1 Minute\" \/>\n<script type=\"application\/ld+json\" class=\"yoast-schema-graph\">{\"@context\":\"https:\\\/\\\/schema.org\",\"@graph\":[{\"@type\":\"WebPage\",\"@id\":\"https:\\\/\\\/vss.sk\\\/de\\\/materialtypen\\\/\",\"url\":\"https:\\\/\\\/vss.sk\\\/de\\\/materialtypen\\\/\",\"name\":\"Materialtypen - VSS\",\"isPartOf\":{\"@id\":\"https:\\\/\\\/vss.sk\\\/#website\"},\"datePublished\":\"2024-10-10T09:58:29+00:00\",\"dateModified\":\"2025-02-17T11:53:50+00:00\",\"breadcrumb\":{\"@id\":\"https:\\\/\\\/vss.sk\\\/de\\\/materialtypen\\\/#breadcrumb\"},\"inLanguage\":\"de-DE\",\"potentialAction\":[{\"@type\":\"ReadAction\",\"target\":[\"https:\\\/\\\/vss.sk\\\/de\\\/materialtypen\\\/\"]}]},{\"@type\":\"BreadcrumbList\",\"@id\":\"https:\\\/\\\/vss.sk\\\/de\\\/materialtypen\\\/#breadcrumb\",\"itemListElement\":[{\"@type\":\"ListItem\",\"position\":1,\"name\":\"Home\",\"item\":\"https:\\\/\\\/vss.sk\\\/de\\\/\"},{\"@type\":\"ListItem\",\"position\":2,\"name\":\"Materialtypen\"}]},{\"@type\":\"WebSite\",\"@id\":\"https:\\\/\\\/vss.sk\\\/#website\",\"url\":\"https:\\\/\\\/vss.sk\\\/\",\"name\":\"VSS\",\"description\":\"Stalowe Centrum Serwisowe\",\"potentialAction\":[{\"@type\":\"SearchAction\",\"target\":{\"@type\":\"EntryPoint\",\"urlTemplate\":\"https:\\\/\\\/vss.sk\\\/?s={search_term_string}\"},\"query-input\":{\"@type\":\"PropertyValueSpecification\",\"valueRequired\":true,\"valueName\":\"search_term_string\"}}],\"inLanguage\":\"de-DE\"}]}<\/script>\n<!-- \/ Yoast SEO plugin. -->","yoast_head_json":{"title":"Materialtypen - VSS","robots":{"index":"index","follow":"follow","max-snippet":"max-snippet:-1","max-image-preview":"max-image-preview:large","max-video-preview":"max-video-preview:-1"},"canonical":"https:\/\/vss.sk\/de\/materialtypen\/","og_locale":"de_DE","og_type":"article","og_title":"Materialtypen - VSS","og_description":"EINIGE DINGE M\u00dcSSEN LANGLEBIG SEIN MATERIALSORTEN Wir gew\u00e4hrleisten die kontinuierliche Verf\u00fcgbarkeit einer breiten Palette von Stahlg\u00fcten und Beschichtungen sowie die M\u00f6glichkeit, individuelle Bestellungen mit beliebigen Parametern zu erf\u00fcllen. Zudem \u00fcbernehmen wir Auftr\u00e4ge mit bauseits gestelltem Material. Die hohe Qualit\u00e4t unserer Produktionsabl\u00e4ufe erm\u00f6glicht deren optimale Nutzung. XCarb\u00ae ArcelorMittal Warmgewalzte Bleche Kaltgewalzte Bleche Elektrolytisch verzinkte Bleche Feurerverzinkte [&hellip;]","og_url":"https:\/\/vss.sk\/de\/materialtypen\/","og_site_name":"VSS","article_modified_time":"2025-02-17T11:53:50+00:00","twitter_card":"summary_large_image","twitter_misc":{"Est. reading time":"1 Minute"},"schema":{"@context":"https:\/\/schema.org","@graph":[{"@type":"WebPage","@id":"https:\/\/vss.sk\/de\/materialtypen\/","url":"https:\/\/vss.sk\/de\/materialtypen\/","name":"Materialtypen - VSS","isPartOf":{"@id":"https:\/\/vss.sk\/#website"},"datePublished":"2024-10-10T09:58:29+00:00","dateModified":"2025-02-17T11:53:50+00:00","breadcrumb":{"@id":"https:\/\/vss.sk\/de\/materialtypen\/#breadcrumb"},"inLanguage":"de-DE","potentialAction":[{"@type":"ReadAction","target":["https:\/\/vss.sk\/de\/materialtypen\/"]}]},{"@type":"BreadcrumbList","@id":"https:\/\/vss.sk\/de\/materialtypen\/#breadcrumb","itemListElement":[{"@type":"ListItem","position":1,"name":"Home","item":"https:\/\/vss.sk\/de\/"},{"@type":"ListItem","position":2,"name":"Materialtypen"}]},{"@type":"WebSite","@id":"https:\/\/vss.sk\/#website","url":"https:\/\/vss.sk\/","name":"VSS","description":"Stalowe Centrum Serwisowe","potentialAction":[{"@type":"SearchAction","target":{"@type":"EntryPoint","urlTemplate":"https:\/\/vss.sk\/?s={search_term_string}"},"query-input":{"@type":"PropertyValueSpecification","valueRequired":true,"valueName":"search_term_string"}}],"inLanguage":"de-DE"}]}},"_links":{"self":[{"href":"https:\/\/vss.sk\/de\/wp-json\/wp\/v2\/pages\/54640","targetHints":{"allow":["GET"]}}],"collection":[{"href":"https:\/\/vss.sk\/de\/wp-json\/wp\/v2\/pages"}],"about":[{"href":"https:\/\/vss.sk\/de\/wp-json\/wp\/v2\/types\/page"}],"author":[{"embeddable":true,"href":"https:\/\/vss.sk\/de\/wp-json\/wp\/v2\/users\/6"}],"replies":[{"embeddable":true,"href":"https:\/\/vss.sk\/de\/wp-json\/wp\/v2\/comments?post=54640"}],"version-history":[{"count":2,"href":"https:\/\/vss.sk\/de\/wp-json\/wp\/v2\/pages\/54640\/revisions"}],"predecessor-version":[{"id":57138,"href":"https:\/\/vss.sk\/de\/wp-json\/wp\/v2\/pages\/54640\/revisions\/57138"}],"wp:attachment":[{"href":"https:\/\/vss.sk\/de\/wp-json\/wp\/v2\/media?parent=54640"}],"curies":[{"name":"wp","href":"https:\/\/api.w.org\/{rel}","templated":true}]}}