{"id":53375,"date":"2024-06-27T15:15:19","date_gmt":"2024-06-27T13:15:19","guid":{"rendered":"https:\/\/vss.sk\/produkt\/rozkroje-ciecie-wzdluzne\/"},"modified":"2025-12-18T09:52:52","modified_gmt":"2025-12-18T08:52:52","slug":"podelne-deleni","status":"publish","type":"product","link":"https:\/\/vss.sk\/cs\/produkt\/podelne-deleni\/","title":{"rendered":"Pod\u00e9ln\u00e9 delen\u00ed"},"content":{"rendered":"\n<div class=\"wp-block-group is-style-default\"><div class=\"wp-block-group__inner-container is-layout-flow wp-block-group-is-layout-flow\">\n<h2 class=\"wp-block-heading is-style-h3 has-large-font-size\"><br>P\u00e1sy ulo\u017een\u00e9 vertik\u00e1ln\u011b na nosn\u00edk\u00e1ch<\/h2>\n<\/div><\/div>\n\n\n\n<div class=\"wp-block-group\"><div class=\"wp-block-group__inner-container is-layout-constrained wp-block-group-is-layout-constrained\">\n<div class=\"wp-block-group is-style-narrower-group has-gray-background-color has-background\"><div class=\"wp-block-group__inner-container is-layout-flow wp-block-group-is-layout-flow\">\n<div style=\"height:100px\" aria-hidden=\"true\" class=\"wp-block-spacer is-style-small-spacer\"><\/div>\n\n\n\n<figure class=\"wp-block-gallery aligncenter has-nested-images columns-default is-cropped wp-block-gallery-1 is-layout-flex wp-block-gallery-is-layout-flex\">\n<figure class=\"wp-block-image size-full\"><a href=\"https:\/\/vss.sk\/wp-content\/uploads\/2024\/06\/tasmy-pionowo-legary-820x649-CS.png\"><img loading=\"lazy\" decoding=\"async\" width=\"820\" height=\"649\" data-id=\"53402\" src=\"https:\/\/vss.sk\/wp-content\/uploads\/2024\/06\/tasmy-pionowo-legary-820x649-CS.png\" alt=\"\" class=\"wp-image-53402\" srcset=\"https:\/\/vss.sk\/wp-content\/uploads\/2024\/06\/tasmy-pionowo-legary-820x649-CS.png 820w, https:\/\/vss.sk\/wp-content\/uploads\/2024\/06\/tasmy-pionowo-legary-820x649-CS-768x608.png 768w\" sizes=\"auto, (max-width: 820px) 100vw, 820px\" \/><\/a><\/figure>\n<\/figure>\n\n\n\n<div style=\"height:100px\" aria-hidden=\"true\" class=\"wp-block-spacer is-style-smaller-spacer\"><\/div>\n<\/div><\/div>\n\n\n\n<div class=\"wp-block-group is-style-narrow-group\"><div class=\"wp-block-group__inner-container is-layout-flow wp-block-group-is-layout-flow\">\n<div style=\"height:100px\" aria-hidden=\"true\" class=\"wp-block-spacer is-style-small-spacer\"><\/div>\n\n\n\n<div class=\"wp-block-columns is-layout-flex wp-container-core-columns-is-layout-9d6595d7 wp-block-columns-is-layout-flex\">\n<div class=\"wp-block-column is-layout-flow wp-block-column-is-layout-flow\"><div class=\"wp-block-image\">\n<figure class=\"aligncenter size-full is-resized\"><img loading=\"lazy\" decoding=\"async\" width=\"1000\" height=\"953\" src=\"https:\/\/vss.sk\/wp-content\/uploads\/2024\/07\/3a1ka-img.png\" alt=\"\" class=\"wp-image-51769\" style=\"width:250px\" srcset=\"https:\/\/vss.sk\/wp-content\/uploads\/2024\/07\/3a1ka-img.png 1000w, https:\/\/vss.sk\/wp-content\/uploads\/2024\/07\/3a1ka-img-820x781.png 820w, https:\/\/vss.sk\/wp-content\/uploads\/2024\/07\/3a1ka-img-768x732.png 768w\" sizes=\"auto, (max-width: 1000px) 100vw, 1000px\" \/><\/figure>\n<\/div>\n\n\n<h3 class=\"wp-block-heading has-text-align-center\">3A1KA<\/h3>\n\n\n\n<p class=\"has-text-align-center\">P\u00e1s ulo\u017een\u00fd vertik\u00e1ln\u011b na nosn\u00edk\u00e1ch, po obvodu a radi\u00e1ln\u011b sepnut\u00fd p\u00e1skami.<\/p>\n<\/div>\n\n\n\n<div class=\"wp-block-column is-layout-flow wp-block-column-is-layout-flow\"><div class=\"wp-block-image\">\n<figure class=\"aligncenter size-full is-resized\"><img loading=\"lazy\" decoding=\"async\" width=\"1000\" height=\"980\" src=\"https:\/\/vss.sk\/wp-content\/uploads\/2024\/07\/3a1ki-img.png\" alt=\"\" class=\"wp-image-51775\" style=\"width:250px\" srcset=\"https:\/\/vss.sk\/wp-content\/uploads\/2024\/07\/3a1ki-img.png 1000w, https:\/\/vss.sk\/wp-content\/uploads\/2024\/07\/3a1ki-img-820x804.png 820w, https:\/\/vss.sk\/wp-content\/uploads\/2024\/07\/3a1ki-img-768x753.png 768w\" sizes=\"auto, (max-width: 1000px) 100vw, 1000px\" \/><\/figure>\n<\/div>\n\n\n<h3 class=\"wp-block-heading has-text-align-center\">3A1KI<\/h3>\n\n\n\n<p class=\"has-text-align-center\">P\u00e1sy ulo\u017een\u00e9 vertik\u00e1ln\u011b na nosn\u00edk\u00e1ch, po obvodu a radi\u00e1ln\u011b sepnut\u00e9 p\u00e1skami. Rozd\u011blen\u00fd odd\u011bluj\u00edc\u00edmi li\u0161tami.<\/p>\n<\/div>\n\n\n\n<div class=\"wp-block-column is-layout-flow wp-block-column-is-layout-flow\"><div class=\"wp-block-image\">\n<figure class=\"aligncenter size-full is-resized\"><img loading=\"lazy\" decoding=\"async\" width=\"1000\" height=\"980\" src=\"https:\/\/vss.sk\/wp-content\/uploads\/2024\/07\/3ijki-img.png\" alt=\"\" class=\"wp-image-51781\" style=\"width:250px\" srcset=\"https:\/\/vss.sk\/wp-content\/uploads\/2024\/07\/3ijki-img.png 1000w, https:\/\/vss.sk\/wp-content\/uploads\/2024\/07\/3ijki-img-820x804.png 820w, https:\/\/vss.sk\/wp-content\/uploads\/2024\/07\/3ijki-img-768x753.png 768w\" sizes=\"auto, (max-width: 1000px) 100vw, 1000px\" \/><\/figure>\n<\/div>\n\n\n<h3 class=\"wp-block-heading has-text-align-center\">3I1KI<\/h3>\n\n\n\n<p class=\"has-text-align-center\">P\u00e1sy ulo\u017een\u00e9 vertik\u00e1ln\u011b na nosn\u00edk\u00e1ch, po obvodu a radi\u00e1ln\u011b sepnut\u00e9 p\u00e1skami. Rozd\u011blen\u00fd odd\u011bluj\u00edc\u00edmi li\u0161tami. Zaji\u0161t\u011bn\u00e9 stre\u010dovou f\u00f3li\u00ed.<\/p>\n<\/div>\n<\/div>\n<\/div><\/div>\n<\/div><\/div>\n\n\n\n<div class=\"wp-block-group is-style-default\"><div class=\"wp-block-group__inner-container is-layout-flow wp-block-group-is-layout-flow\">\n<h2 class=\"wp-block-heading is-style-h3 has-large-font-size\">P\u00e1sy ulo\u017een\u00e9 vertik\u00e1ln\u011b na palet\u011b<\/h2>\n<\/div><\/div>\n\n\n\n<div class=\"wp-block-group\"><div class=\"wp-block-group__inner-container is-layout-constrained wp-block-group-is-layout-constrained\">\n<div class=\"wp-block-group is-style-narrower-group has-gray-background-color has-background\"><div class=\"wp-block-group__inner-container is-layout-flow wp-block-group-is-layout-flow\">\n<div style=\"height:100px\" aria-hidden=\"true\" class=\"wp-block-spacer is-style-small-spacer\"><\/div>\n\n\n\n<figure class=\"wp-block-gallery aligncenter has-nested-images columns-default is-cropped wp-block-gallery-2 is-layout-flex wp-block-gallery-is-layout-flex\">\n<figure class=\"wp-block-image size-full\"><a href=\"https:\/\/vss.sk\/wp-content\/uploads\/2024\/06\/tasmy-pionowe-paleta-820x621-CS.png\"><img loading=\"lazy\" decoding=\"async\" width=\"820\" height=\"621\" data-id=\"53409\" src=\"https:\/\/vss.sk\/wp-content\/uploads\/2024\/06\/tasmy-pionowe-paleta-820x621-CS.png\" alt=\"\" class=\"wp-image-53409\" srcset=\"https:\/\/vss.sk\/wp-content\/uploads\/2024\/06\/tasmy-pionowe-paleta-820x621-CS.png 820w, https:\/\/vss.sk\/wp-content\/uploads\/2024\/06\/tasmy-pionowe-paleta-820x621-CS-768x582.png 768w\" sizes=\"auto, (max-width: 820px) 100vw, 820px\" \/><\/a><\/figure>\n<\/figure>\n\n\n\n<div style=\"height:100px\" aria-hidden=\"true\" class=\"wp-block-spacer is-style-smaller-spacer\"><\/div>\n<\/div><\/div>\n\n\n\n<div class=\"wp-block-group is-style-narrow-group\"><div class=\"wp-block-group__inner-container is-layout-flow wp-block-group-is-layout-flow\">\n<div style=\"height:100px\" aria-hidden=\"true\" class=\"wp-block-spacer is-style-small-spacer\"><\/div>\n\n\n\n<div class=\"wp-block-columns is-layout-flex wp-container-core-columns-is-layout-9d6595d7 wp-block-columns-is-layout-flex\">\n<div class=\"wp-block-column is-layout-flow wp-block-column-is-layout-flow\"><div class=\"wp-block-image\">\n<figure class=\"aligncenter size-full is-resized\"><img loading=\"lazy\" decoding=\"async\" width=\"1000\" height=\"1107\" src=\"https:\/\/vss.sk\/wp-content\/uploads\/2024\/07\/2a1la-img.png\" alt=\"\" class=\"wp-image-51793\" style=\"width:250px\" srcset=\"https:\/\/vss.sk\/wp-content\/uploads\/2024\/07\/2a1la-img.png 1000w, https:\/\/vss.sk\/wp-content\/uploads\/2024\/07\/2a1la-img-820x908.png 820w, https:\/\/vss.sk\/wp-content\/uploads\/2024\/07\/2a1la-img-925x1024.png 925w, https:\/\/vss.sk\/wp-content\/uploads\/2024\/07\/2a1la-img-768x850.png 768w\" sizes=\"auto, (max-width: 1000px) 100vw, 1000px\" \/><\/figure>\n<\/div>\n\n\n<h3 class=\"wp-block-heading has-text-align-center\">2A1LA<\/h3>\n\n\n\n<p class=\"has-text-align-center\">P\u00e1sy ulo\u017een\u00e9 vertik\u00e1ln\u011b na palet\u011b, po obvodu a radi\u00e1ln\u011b sepnut\u00fd p\u00e1skami.<\/p>\n<\/div>\n\n\n\n<div class=\"wp-block-column is-layout-flow wp-block-column-is-layout-flow\"><div class=\"wp-block-image\">\n<figure class=\"aligncenter size-full is-resized\"><img loading=\"lazy\" decoding=\"async\" width=\"1000\" height=\"1040\" src=\"https:\/\/vss.sk\/wp-content\/uploads\/2024\/07\/3a1li-img.png\" alt=\"\" class=\"wp-image-51799\" style=\"width:250px\" srcset=\"https:\/\/vss.sk\/wp-content\/uploads\/2024\/07\/3a1li-img.png 1000w, https:\/\/vss.sk\/wp-content\/uploads\/2024\/07\/3a1li-img-820x853.png 820w, https:\/\/vss.sk\/wp-content\/uploads\/2024\/07\/3a1li-img-985x1024.png 985w, https:\/\/vss.sk\/wp-content\/uploads\/2024\/07\/3a1li-img-768x799.png 768w\" sizes=\"auto, (max-width: 1000px) 100vw, 1000px\" \/><\/figure>\n<\/div>\n\n\n<h3 class=\"wp-block-heading has-text-align-center\">3A1LI<\/h3>\n\n\n\n<p class=\"has-text-align-center\">P\u00e1sy ulo\u017een\u00e9 vertik\u00e1ln\u011b na palet\u011b, po obvodu a radi\u00e1ln\u011b sepnut\u00e9 p\u00e1skami s d\u0159ev\u011bn\u00fdmi odd\u011bluj\u00edc\u00edmi li\u0161tami.<\/p>\n<\/div>\n\n\n\n<div class=\"wp-block-column is-layout-flow wp-block-column-is-layout-flow\"><div class=\"wp-block-image\">\n<figure class=\"aligncenter size-full is-resized\"><img loading=\"lazy\" decoding=\"async\" width=\"1000\" height=\"1040\" src=\"https:\/\/vss.sk\/wp-content\/uploads\/2024\/07\/3i1li-img.png\" alt=\"\" class=\"wp-image-51805\" style=\"width:250px\" srcset=\"https:\/\/vss.sk\/wp-content\/uploads\/2024\/07\/3i1li-img.png 1000w, https:\/\/vss.sk\/wp-content\/uploads\/2024\/07\/3i1li-img-820x853.png 820w, https:\/\/vss.sk\/wp-content\/uploads\/2024\/07\/3i1li-img-985x1024.png 985w, https:\/\/vss.sk\/wp-content\/uploads\/2024\/07\/3i1li-img-768x799.png 768w\" sizes=\"auto, (max-width: 1000px) 100vw, 1000px\" \/><\/figure>\n<\/div>\n\n\n<h3 class=\"wp-block-heading has-text-align-center\">3I1LI<\/h3>\n\n\n\n<p class=\"has-text-align-center\">P\u00e1sy ulo\u017een\u00e9 vertik\u00e1ln\u011b na palet\u011b, po obvodu a radi\u00e1ln\u011b sepnut\u00e9 p\u00e1skami s d\u0159ev\u011bn\u00fdmi odd\u011bluj\u00edc\u00edmi li\u0161tami. Zaji\u0161t\u011bn\u00e9 stre\u010dovou f\u00f3li\u00ed.<\/p>\n<\/div>\n<\/div>\n<\/div><\/div>\n<\/div><\/div>\n\n\n\n<div class=\"wp-block-group is-style-narrow-group\"><div class=\"wp-block-group__inner-container is-layout-constrained wp-block-group-is-layout-constrained\">\n<h2 class=\"wp-block-heading is-style-h3 has-large-font-size\"><br>K\u00f3dy balen\u00ed<\/h2>\n\n\n<div class=\"wp-block-image\">\n<figure class=\"aligncenter size-full\"><img loading=\"lazy\" decoding=\"async\" width=\"852\" height=\"1024\" src=\"https:\/\/vss.sk\/wp-content\/uploads\/2024\/06\/legenda-img-852x1024-CS.png\" alt=\"\" class=\"wp-image-53415\" srcset=\"https:\/\/vss.sk\/wp-content\/uploads\/2024\/06\/legenda-img-852x1024-CS.png 852w, https:\/\/vss.sk\/wp-content\/uploads\/2024\/06\/legenda-img-852x1024-CS-799x960.png 799w, https:\/\/vss.sk\/wp-content\/uploads\/2024\/06\/legenda-img-852x1024-CS-768x923.png 768w\" sizes=\"auto, (max-width: 852px) 100vw, 852px\" \/><\/figure>\n<\/div><\/div><\/div>\n","protected":false},"featured_media":51216,"menu_order":2,"template":"","product_category":[1013,1016],"warranty":[],"product_serie":[],"class_list":["post-53375","product","type-product","status-publish","has-post-thumbnail","hentry","product_category-ocelove-servisni-centrum","product_category-rezy"],"acf":[],"yoast_head":"<!-- This site is optimized with the Yoast SEO plugin v27.3 - https:\/\/yoast.com\/product\/yoast-seo-wordpress\/ -->\n<title>Pod\u00e9ln\u00e9 delen\u00ed - Stalowe Centrum Serwisowe (VSS)<\/title>\n<meta name=\"description\" content=\"Dod\u00e1v\u00e1me n\u00edzko a vysoce zpracovan\u00fd ocelov\u00fd materi\u00e1l pou\u017e\u00edvan\u00fd p\u0159i v\u00fdrob\u011b \u0161irok\u00e9 \u0161k\u00e1ly v\u00fdrobk\u016f. Disponujeme linkami na p\u0159\u00ed\u010dn\u00ed i pod\u00e9ln\u00ed delen\u00ed svitk\u016f. Poskytujeme mo\u017enost pokryt\u00ed materi\u00e1lu antikondenza\u010dn\u00edm povlakem nebo ochrannou f\u00f3li\u00ed s individu\u00e1ln\u011b stanoven\u00fdmi parametry a vlastnostmi.\" \/>\n<meta name=\"robots\" content=\"index, follow, max-snippet:-1, max-image-preview:large, max-video-preview:-1\" \/>\n<link rel=\"canonical\" href=\"https:\/\/vss.sk\/cs\/produkt\/podelne-deleni\/\" \/>\n<meta property=\"og:locale\" content=\"cs_CZ\" \/>\n<meta property=\"og:type\" content=\"article\" \/>\n<meta property=\"og:title\" content=\"Pod\u00e9ln\u00e9 delen\u00ed - Stalowe Centrum Serwisowe (VSS)\" \/>\n<meta property=\"og:description\" content=\"Dod\u00e1v\u00e1me n\u00edzko a vysoce zpracovan\u00fd ocelov\u00fd materi\u00e1l pou\u017e\u00edvan\u00fd p\u0159i v\u00fdrob\u011b \u0161irok\u00e9 \u0161k\u00e1ly v\u00fdrobk\u016f. Disponujeme linkami na p\u0159\u00ed\u010dn\u00ed i pod\u00e9ln\u00ed delen\u00ed svitk\u016f. Poskytujeme mo\u017enost pokryt\u00ed materi\u00e1lu antikondenza\u010dn\u00edm povlakem nebo ochrannou f\u00f3li\u00ed s individu\u00e1ln\u011b stanoven\u00fdmi parametry a vlastnostmi.\" \/>\n<meta property=\"og:url\" content=\"https:\/\/vss.sk\/cs\/produkt\/podelne-deleni\/\" \/>\n<meta property=\"og:site_name\" content=\"VSS\" \/>\n<meta property=\"article:modified_time\" content=\"2025-12-18T08:52:52+00:00\" \/>\n<meta property=\"og:image\" content=\"https:\/\/vss.sk\/wp-content\/uploads\/2024\/06\/rozkroje-img-1-f.png\" \/>\n\t<meta property=\"og:image:width\" content=\"820\" \/>\n\t<meta property=\"og:image:height\" content=\"547\" \/>\n\t<meta property=\"og:image:type\" content=\"image\/png\" \/>\n<meta name=\"twitter:card\" content=\"summary_large_image\" \/>\n<meta name=\"twitter:label1\" content=\"Est. reading time\" \/>\n\t<meta name=\"twitter:data1\" content=\"3 minuty\" \/>\n<script type=\"application\/ld+json\" class=\"yoast-schema-graph\">{\"@context\":\"https:\\\/\\\/schema.org\",\"@graph\":[{\"@type\":\"WebPage\",\"@id\":\"https:\\\/\\\/vss.sk\\\/cs\\\/produkt\\\/podelne-deleni\\\/\",\"url\":\"https:\\\/\\\/vss.sk\\\/cs\\\/produkt\\\/podelne-deleni\\\/\",\"name\":\"Pod\u00e9ln\u00e9 delen\u00ed - Stalowe Centrum Serwisowe (VSS)\",\"isPartOf\":{\"@id\":\"https:\\\/\\\/vss.sk\\\/#website\"},\"primaryImageOfPage\":{\"@id\":\"https:\\\/\\\/vss.sk\\\/cs\\\/produkt\\\/podelne-deleni\\\/#primaryimage\"},\"image\":{\"@id\":\"https:\\\/\\\/vss.sk\\\/cs\\\/produkt\\\/podelne-deleni\\\/#primaryimage\"},\"thumbnailUrl\":\"https:\\\/\\\/vss.sk\\\/wp-content\\\/uploads\\\/2024\\\/06\\\/rozkroje-img-1-f.png\",\"datePublished\":\"2024-06-27T13:15:19+00:00\",\"dateModified\":\"2025-12-18T08:52:52+00:00\",\"description\":\"Dod\u00e1v\u00e1me n\u00edzko a vysoce zpracovan\u00fd ocelov\u00fd materi\u00e1l pou\u017e\u00edvan\u00fd p\u0159i v\u00fdrob\u011b \u0161irok\u00e9 \u0161k\u00e1ly v\u00fdrobk\u016f. Disponujeme linkami na p\u0159\u00ed\u010dn\u00ed i pod\u00e9ln\u00ed delen\u00ed svitk\u016f. Poskytujeme mo\u017enost pokryt\u00ed materi\u00e1lu antikondenza\u010dn\u00edm povlakem nebo ochrannou f\u00f3li\u00ed s individu\u00e1ln\u011b stanoven\u00fdmi parametry a vlastnostmi.\",\"breadcrumb\":{\"@id\":\"https:\\\/\\\/vss.sk\\\/cs\\\/produkt\\\/podelne-deleni\\\/#breadcrumb\"},\"inLanguage\":\"cs\",\"potentialAction\":[{\"@type\":\"ReadAction\",\"target\":[\"https:\\\/\\\/vss.sk\\\/cs\\\/produkt\\\/podelne-deleni\\\/\"]}]},{\"@type\":\"ImageObject\",\"inLanguage\":\"cs\",\"@id\":\"https:\\\/\\\/vss.sk\\\/cs\\\/produkt\\\/podelne-deleni\\\/#primaryimage\",\"url\":\"https:\\\/\\\/vss.sk\\\/wp-content\\\/uploads\\\/2024\\\/06\\\/rozkroje-img-1-f.png\",\"contentUrl\":\"https:\\\/\\\/vss.sk\\\/wp-content\\\/uploads\\\/2024\\\/06\\\/rozkroje-img-1-f.png\",\"width\":820,\"height\":547},{\"@type\":\"BreadcrumbList\",\"@id\":\"https:\\\/\\\/vss.sk\\\/cs\\\/produkt\\\/podelne-deleni\\\/#breadcrumb\",\"itemListElement\":[{\"@type\":\"ListItem\",\"position\":1,\"name\":\"Home\",\"item\":\"https:\\\/\\\/vss.sk\\\/cs\\\/\"},{\"@type\":\"ListItem\",\"position\":2,\"name\":\"Pod\u00e9ln\u00e9 delen\u00ed\"}]},{\"@type\":\"WebSite\",\"@id\":\"https:\\\/\\\/vss.sk\\\/#website\",\"url\":\"https:\\\/\\\/vss.sk\\\/\",\"name\":\"VSS\",\"description\":\"Ocelov\u00e9 servisn\u00ed centrum VSS\",\"potentialAction\":[{\"@type\":\"SearchAction\",\"target\":{\"@type\":\"EntryPoint\",\"urlTemplate\":\"https:\\\/\\\/vss.sk\\\/?s={search_term_string}\"},\"query-input\":{\"@type\":\"PropertyValueSpecification\",\"valueRequired\":true,\"valueName\":\"search_term_string\"}}],\"inLanguage\":\"cs\"}]}<\/script>\n<!-- \/ Yoast SEO plugin. -->","yoast_head_json":{"title":"Pod\u00e9ln\u00e9 delen\u00ed - Stalowe Centrum Serwisowe (VSS)","description":"Dod\u00e1v\u00e1me n\u00edzko a vysoce zpracovan\u00fd ocelov\u00fd materi\u00e1l pou\u017e\u00edvan\u00fd p\u0159i v\u00fdrob\u011b \u0161irok\u00e9 \u0161k\u00e1ly v\u00fdrobk\u016f. Disponujeme linkami na p\u0159\u00ed\u010dn\u00ed i pod\u00e9ln\u00ed delen\u00ed svitk\u016f. Poskytujeme mo\u017enost pokryt\u00ed materi\u00e1lu antikondenza\u010dn\u00edm povlakem nebo ochrannou f\u00f3li\u00ed s individu\u00e1ln\u011b stanoven\u00fdmi parametry a vlastnostmi.","robots":{"index":"index","follow":"follow","max-snippet":"max-snippet:-1","max-image-preview":"max-image-preview:large","max-video-preview":"max-video-preview:-1"},"canonical":"https:\/\/vss.sk\/cs\/produkt\/podelne-deleni\/","og_locale":"cs_CZ","og_type":"article","og_title":"Pod\u00e9ln\u00e9 delen\u00ed - Stalowe Centrum Serwisowe (VSS)","og_description":"Dod\u00e1v\u00e1me n\u00edzko a vysoce zpracovan\u00fd ocelov\u00fd materi\u00e1l pou\u017e\u00edvan\u00fd p\u0159i v\u00fdrob\u011b \u0161irok\u00e9 \u0161k\u00e1ly v\u00fdrobk\u016f. Disponujeme linkami na p\u0159\u00ed\u010dn\u00ed i pod\u00e9ln\u00ed delen\u00ed svitk\u016f. Poskytujeme mo\u017enost pokryt\u00ed materi\u00e1lu antikondenza\u010dn\u00edm povlakem nebo ochrannou f\u00f3li\u00ed s individu\u00e1ln\u011b stanoven\u00fdmi parametry a vlastnostmi.","og_url":"https:\/\/vss.sk\/cs\/produkt\/podelne-deleni\/","og_site_name":"VSS","article_modified_time":"2025-12-18T08:52:52+00:00","og_image":[{"width":820,"height":547,"url":"https:\/\/vss.sk\/wp-content\/uploads\/2024\/06\/rozkroje-img-1-f.png","type":"image\/png"}],"twitter_card":"summary_large_image","twitter_misc":{"Est. reading time":"3 minuty"},"schema":{"@context":"https:\/\/schema.org","@graph":[{"@type":"WebPage","@id":"https:\/\/vss.sk\/cs\/produkt\/podelne-deleni\/","url":"https:\/\/vss.sk\/cs\/produkt\/podelne-deleni\/","name":"Pod\u00e9ln\u00e9 delen\u00ed - Stalowe Centrum Serwisowe (VSS)","isPartOf":{"@id":"https:\/\/vss.sk\/#website"},"primaryImageOfPage":{"@id":"https:\/\/vss.sk\/cs\/produkt\/podelne-deleni\/#primaryimage"},"image":{"@id":"https:\/\/vss.sk\/cs\/produkt\/podelne-deleni\/#primaryimage"},"thumbnailUrl":"https:\/\/vss.sk\/wp-content\/uploads\/2024\/06\/rozkroje-img-1-f.png","datePublished":"2024-06-27T13:15:19+00:00","dateModified":"2025-12-18T08:52:52+00:00","description":"Dod\u00e1v\u00e1me n\u00edzko a vysoce zpracovan\u00fd ocelov\u00fd materi\u00e1l pou\u017e\u00edvan\u00fd p\u0159i v\u00fdrob\u011b \u0161irok\u00e9 \u0161k\u00e1ly v\u00fdrobk\u016f. Disponujeme linkami na p\u0159\u00ed\u010dn\u00ed i pod\u00e9ln\u00ed delen\u00ed svitk\u016f. Poskytujeme mo\u017enost pokryt\u00ed materi\u00e1lu antikondenza\u010dn\u00edm povlakem nebo ochrannou f\u00f3li\u00ed s individu\u00e1ln\u011b stanoven\u00fdmi parametry a vlastnostmi.","breadcrumb":{"@id":"https:\/\/vss.sk\/cs\/produkt\/podelne-deleni\/#breadcrumb"},"inLanguage":"cs","potentialAction":[{"@type":"ReadAction","target":["https:\/\/vss.sk\/cs\/produkt\/podelne-deleni\/"]}]},{"@type":"ImageObject","inLanguage":"cs","@id":"https:\/\/vss.sk\/cs\/produkt\/podelne-deleni\/#primaryimage","url":"https:\/\/vss.sk\/wp-content\/uploads\/2024\/06\/rozkroje-img-1-f.png","contentUrl":"https:\/\/vss.sk\/wp-content\/uploads\/2024\/06\/rozkroje-img-1-f.png","width":820,"height":547},{"@type":"BreadcrumbList","@id":"https:\/\/vss.sk\/cs\/produkt\/podelne-deleni\/#breadcrumb","itemListElement":[{"@type":"ListItem","position":1,"name":"Home","item":"https:\/\/vss.sk\/cs\/"},{"@type":"ListItem","position":2,"name":"Pod\u00e9ln\u00e9 delen\u00ed"}]},{"@type":"WebSite","@id":"https:\/\/vss.sk\/#website","url":"https:\/\/vss.sk\/","name":"VSS","description":"Ocelov\u00e9 servisn\u00ed centrum VSS","potentialAction":[{"@type":"SearchAction","target":{"@type":"EntryPoint","urlTemplate":"https:\/\/vss.sk\/?s={search_term_string}"},"query-input":{"@type":"PropertyValueSpecification","valueRequired":true,"valueName":"search_term_string"}}],"inLanguage":"cs"}]}},"_links":{"self":[{"href":"https:\/\/vss.sk\/cs\/wp-json\/wp\/v2\/product\/53375","targetHints":{"allow":["GET"]}}],"collection":[{"href":"https:\/\/vss.sk\/cs\/wp-json\/wp\/v2\/product"}],"about":[{"href":"https:\/\/vss.sk\/cs\/wp-json\/wp\/v2\/types\/product"}],"wp:featuredmedia":[{"embeddable":true,"href":"https:\/\/vss.sk\/cs\/wp-json\/wp\/v2\/media\/51216"}],"wp:attachment":[{"href":"https:\/\/vss.sk\/cs\/wp-json\/wp\/v2\/media?parent=53375"}],"wp:term":[{"taxonomy":"product_category","embeddable":true,"href":"https:\/\/vss.sk\/cs\/wp-json\/wp\/v2\/product_category?post=53375"},{"taxonomy":"warranty","embeddable":true,"href":"https:\/\/vss.sk\/cs\/wp-json\/wp\/v2\/warranty?post=53375"},{"taxonomy":"product_serie","embeddable":true,"href":"https:\/\/vss.sk\/cs\/wp-json\/wp\/v2\/product_serie?post=53375"}],"curies":[{"name":"wp","href":"https:\/\/api.w.org\/{rel}","templated":true}]}}