{"id":49561,"date":"2022-01-05T14:14:44","date_gmt":"2022-01-05T13:14:44","guid":{"rendered":"https:\/\/vss.sk\/oferta\/"},"modified":"2023-01-25T11:42:51","modified_gmt":"2023-01-25T10:42:51","slug":"nabidka","status":"publish","type":"page","link":"https:\/\/vss.sk\/cs\/nabidka\/","title":{"rendered":"Nab\u00eddka"},"content":{"rendered":"\n<h1 class=\"has-text-align-center is-style-h2 wp-block-heading\"><strong><strong>NA\u0160E NAB\u00cdDKA<\/strong><\/strong><\/h1>\n\n\n\n<div class=\"wp-block-group is-style-narrow-group\"><div class=\"wp-block-group__inner-container is-layout-flow wp-block-group-is-layout-flow\">\n<p class=\"has-text-align-center\"> Jeste\u015bmy producentem kompleksowych rozwi\u0105za\u0144 dla budownictwa. Oferujemy ca\u0142\u0105 gam\u0119 produkt\u00f3w dedykowanych budownictwu inwestycyjnemu oraz rodzinnemu tj. pokrycia dachowe, blachy konstrukcyjne, systemy elewacyjne, p\u0142yty warstwowe, kasetony \u015bcienne, systemy rynnowe, a tak\u017ce specjalistyczne us\u0142ugi obr\u00f3bki stali w ramach stalowego centrum us\u0142ugowego. Stale poszerzamy sw\u00f3j asortyment, dostosowuj\u0105c si\u0119 do wymaga\u0144 rynku oraz rozwoju technologicznego. <\/p>\n\n\n\n<div style=\"height:100px\" aria-hidden=\"true\" class=\"wp-block-spacer is-style-small-spacer\"><\/div>\n<\/div><\/div>\n\n\n\n<div class=\"wp-block-group\"><div class=\"wp-block-group__inner-container is-layout-flow wp-block-group-is-layout-flow\">\n<div class=\"wp-block-columns is-style-grid is-layout-flex wp-container-core-columns-is-layout-9d6595d7 wp-block-columns-is-layout-flex\">\n<div class=\"wp-block-column is-layout-flow wp-block-column-is-layout-flow\">\n<div class=\"wp-block-cover is-style-full-height\"><span aria-hidden=\"true\" class=\"wp-block-cover__background has-background-dim-0 has-background-dim\"><\/span><img loading=\"lazy\" decoding=\"async\" width=\"804\" height=\"538\" class=\"wp-block-cover__image-background wp-image-783\" alt=\"\" src=\"https:\/\/vss.sk\/wp-content\/uploads\/2022\/02\/bp2_oferta_1.png\" data-object-fit=\"cover\" srcset=\"https:\/\/vss.sk\/wp-content\/uploads\/2022\/02\/bp2_oferta_1.png 804w, https:\/\/vss.sk\/wp-content\/uploads\/2022\/02\/bp2_oferta_1-768x514.png 768w\" sizes=\"auto, (max-width: 804px) 100vw, 804px\" \/><div class=\"wp-block-cover__inner-container is-layout-flow wp-block-cover-is-layout-flow\">\n<p class=\"has-text-align-center has-large-font-size\"><\/p>\n<\/div><\/div>\n<\/div>\n\n\n\n<div class=\"wp-block-column is-layout-flow wp-block-column-is-layout-flow\">\n<div class=\"wp-block-cover is-light is-style-full-height\"><span aria-hidden=\"true\" class=\"wp-block-cover__background has-dark-gray-background-color has-background-dim-100 has-background-dim\"><\/span><div class=\"wp-block-cover__inner-container is-layout-flow wp-block-cover-is-layout-flow\">\n<h3 class=\"header-with-icon \">\n<span class=\"header-with-icon__icon\"><img decoding=\"async\" src=\"https:\/\/vss.sk\/wp-content\/uploads\/2022\/01\/home-icon.png\" alt=\"BUDOWNICTWO MIESZKANIOWE\"><\/span>\n<span class=\"header-with-icon__content\">BUDOWNICTWO MIESZKANIOWE<\/span>\n<\/h3>\n\n\n<ul class=\"links-list links-list--multiple \">\n                    <li class=\"links-list__item\">\n            <a href=\"http:\/\/bp2.eu\/oferta\/budownictwo-mieszkaniowe\/?type=modular-series-blachodachowki-modulowe\">\n                <span class=\"links-list__smallTitle\">Blachodach\u00f3wki modu\u0142owe<\/span>                <span class=\"links-list__title\">MODULAR SERIES<\/span>            <\/a>\n        <\/li>\n                    <li class=\"links-list__item\">\n            <a href=\"http:\/\/bp2.eu\/oferta\/budownictwo-mieszkaniowe?type=systemy-rynnowe-inguri\">\n                <span class=\"links-list__smallTitle\">Systemy rynnowe<\/span>                <span class=\"links-list__title\">INGURI<\/span>            <\/a>\n        <\/li>\n                    <li class=\"links-list__item\">\n            <a href=\"http:\/\/bp2.eu\/oferta\/budownictwo-mieszkaniowe?type=compact-series-blachodachowki-kompaktowe\">\n                <span class=\"links-list__smallTitle\">Blachodach\u00f3wki komapktowe<\/span>                <span class=\"links-list__title\">Compact SERIES<\/span>            <\/a>\n        <\/li>\n                    <li class=\"links-list__item\">\n            <a href=\"https:\/\/bp2.eu\/oferta\/budownictwo-mieszkaniowe?type=blachy-trapezowe\">\n                                <span class=\"links-list__title\">Blachy trapezowe<\/span>            <\/a>\n        <\/li>\n                    <li class=\"links-list__item\">\n            <a href=\"http:\/\/bp2.eu\/oferta\/budownictwo-mieszkaniowe?type=classic-series-blachodachowki-ciete-na-wymiar\">\n                <span class=\"links-list__smallTitle\">Blach\u00f3wki ci\u0119te na wymiar<\/span>                <span class=\"links-list__title\">CLASSIC SERIES<\/span>            <\/a>\n        <\/li>\n                    <li class=\"links-list__item\">\n            <a href=\"http:\/\/bp2.eu\/oferta\/budownictwo-mieszkaniowe?type=blachy-plaskie\">\n                                <span class=\"links-list__title\">Blachy p\u0142askie<\/span>            <\/a>\n        <\/li>\n                    <li class=\"links-list__item\">\n            <a href=\"https:\/\/bp2.eu\/oferta\/budownictwo-mieszkaniowe?type=panele-dachowe\">\n                <span class=\"links-list__smallTitle\">Panele dachowe<\/span>                <span class=\"links-list__title\">PANEL SERIES<\/span>            <\/a>\n        <\/li>\n                    <li class=\"links-list__item\">\n            <a href=\"http:\/\/bp2.eu\/oferta\/budownictwo-mieszkaniowe?type=obrobki-blacharskie\">\n                                <span class=\"links-list__title\">Obr\u00f3bki blacharskie<\/span>            <\/a>\n        <\/li>\n                    <li class=\"links-list__item\">\n            <a href=\"http:\/\/bp2.eu\/oferta\/budownictwo-mieszkaniowe?type=akcesoria-dachowe\">\n                                <span class=\"links-list__title\">Akcesoria dachowe<\/span>            <\/a>\n        <\/li>\n    <\/ul><\/div><\/div>\n<\/div>\n<\/div>\n\n\n\n<div class=\"wp-block-columns is-style-mobile-reverse is-style-grid fade-in is-layout-flex wp-container-core-columns-is-layout-9d6595d7 wp-block-columns-is-layout-flex\">\n<div class=\"wp-block-column is-layout-flow wp-block-column-is-layout-flow\">\n<div class=\"wp-block-cover is-light is-style-full-height\"><span aria-hidden=\"true\" class=\"wp-block-cover__background has-dark-gray-background-color has-background-dim-100 has-background-dim\"><\/span><div class=\"wp-block-cover__inner-container is-layout-flow wp-block-cover-is-layout-flow\">\n<h3 class=\"header-with-icon \">\n<span class=\"header-with-icon__icon\"><img decoding=\"async\" src=\"https:\/\/vss.sk\/wp-content\/uploads\/2022\/02\/noun_mall_3821276.png\" alt=\"BUDOWNICTWO INWESTYCYJNE\"><\/span>\n<span class=\"header-with-icon__content\">BUDOWNICTWO INWESTYCYJNE<\/span>\n<\/h3>\n\n\n<ul class=\"links-list links-list--multiple \">\n                    <li class=\"links-list__item\">\n            <a href=\"https:\/\/bp2.eu\/produkt\/kasetony-elewacyjne-skrin\/\">\n                <span class=\"links-list__smallTitle\">Kasetony elewacyjne<\/span>                <span class=\"links-list__title\">SKRIN<\/span>            <\/a>\n        <\/li>\n                    <li class=\"links-list__item\">\n            <a href=\"https:\/\/bp2.eu\/oferta\/budownictwo-inwestycyjne\/?type=plyty-warstwowe-scienne\">\n                <span class=\"links-list__smallTitle\">P\u0142yty warstwowe \u015bcienne<\/span>                <span class=\"links-list__title\">CorePIR, CorePUR, CoreWOOL<\/span>            <\/a>\n        <\/li>\n                    <li class=\"links-list__item\">\n            <a href=\"https:\/\/bp2.eu\/produkt\/panele-elewacyjne-linea\/\">\n                <span class=\"links-list__smallTitle\">Panele elewacyjne<\/span>                <span class=\"links-list__title\">LINEA<\/span>            <\/a>\n        <\/li>\n                    <li class=\"links-list__item\">\n            <a href=\"https:\/\/bp2.eu\/oferta\/budownictwo-inwestycyjne\/?type=plyty-warstwowe-dachowe\">\n                <span class=\"links-list__smallTitle\">P\u0142yty warstwowe dachowe<\/span>                <span class=\"links-list__title\">CorePIR, CorePUR, CoreWOOL<\/span>            <\/a>\n        <\/li>\n                    <li class=\"links-list__item\">\n            <a href=\"https:\/\/bp2.eu\/oferta\/budownictwo-inwestycyjne\/?type=kasety-scienne-i-prosystem\">\n                <span class=\"links-list__smallTitle\">Kasety<\/span>                <span class=\"links-list__title\">\u015acienne i PROSYSTEM<\/span>            <\/a>\n        <\/li>\n                    <li class=\"links-list__item\">\n            <a href=\"#\">\n                                <span class=\"links-list__title\">Profile konstrukcyjne Z i C<\/span>            <\/a>\n        <\/li>\n                    <li class=\"links-list__item\">\n            <a href=\"https:\/\/bp2.eu\/oferta\/budownictwo-inwestycyjne\/?type=blachy-trapezowe-inwestycje\">\n                                <span class=\"links-list__title\">Konstrukcyjne blachy trapezowe<\/span>            <\/a>\n        <\/li>\n    <\/ul><\/div><\/div>\n<\/div>\n\n\n\n<div class=\"wp-block-column is-layout-flow wp-block-column-is-layout-flow\">\n<div class=\"wp-block-cover is-light is-style-full-height\"><span aria-hidden=\"true\" class=\"wp-block-cover__background has-background-dim-0 has-background-dim\"><\/span><img loading=\"lazy\" decoding=\"async\" width=\"804\" height=\"487\" class=\"wp-block-cover__image-background wp-image-789\" alt=\"\" src=\"https:\/\/vss.sk\/wp-content\/uploads\/2022\/02\/bp2_oferta_2.png\" data-object-fit=\"cover\" srcset=\"https:\/\/vss.sk\/wp-content\/uploads\/2022\/02\/bp2_oferta_2.png 804w, https:\/\/vss.sk\/wp-content\/uploads\/2022\/02\/bp2_oferta_2-768x465.png 768w\" sizes=\"auto, (max-width: 804px) 100vw, 804px\" \/><div class=\"wp-block-cover__inner-container is-layout-flow wp-block-cover-is-layout-flow\">\n<p class=\"has-text-align-center has-large-font-size\"><\/p>\n<\/div><\/div>\n<\/div>\n<\/div>\n\n\n\n<div class=\"wp-block-columns is-style-grid is-layout-flex wp-container-core-columns-is-layout-9d6595d7 wp-block-columns-is-layout-flex\">\n<div class=\"wp-block-column is-layout-flow wp-block-column-is-layout-flow\">\n<div class=\"wp-block-cover is-style-full-height\"><span aria-hidden=\"true\" class=\"wp-block-cover__background has-background-dim-0 has-background-dim\"><\/span><img loading=\"lazy\" decoding=\"async\" width=\"804\" height=\"393\" class=\"wp-block-cover__image-background wp-image-805\" alt=\"\" src=\"https:\/\/vss.sk\/wp-content\/uploads\/2022\/02\/bp2_oferta_3.png\" data-object-fit=\"cover\" srcset=\"https:\/\/vss.sk\/wp-content\/uploads\/2022\/02\/bp2_oferta_3.png 804w, https:\/\/vss.sk\/wp-content\/uploads\/2022\/02\/bp2_oferta_3-768x375.png 768w\" sizes=\"auto, (max-width: 804px) 100vw, 804px\" \/><div class=\"wp-block-cover__inner-container is-layout-flow wp-block-cover-is-layout-flow\">\n<p class=\"has-text-align-center has-large-font-size\"><\/p>\n<\/div><\/div>\n<\/div>\n\n\n\n<div class=\"wp-block-column is-layout-flow wp-block-column-is-layout-flow\">\n<div class=\"wp-block-cover is-light is-style-full-height\"><span aria-hidden=\"true\" class=\"wp-block-cover__background has-dark-gray-background-color has-background-dim-100 has-background-dim\"><\/span><div class=\"wp-block-cover__inner-container is-layout-flow wp-block-cover-is-layout-flow\">\n<h3 class=\"header-with-icon \">\n<span class=\"header-with-icon__icon\"><img decoding=\"async\" src=\"https:\/\/vss.sk\/wp-content\/uploads\/2022\/02\/Path-99.png\" alt=\"Stalowe Centrum Us\u0142ugowe VSS\"><\/span>\n<span class=\"header-with-icon__content\">Stalowe Centrum Us\u0142ugowe VSS<\/span>\n<\/h3>\n\n\n<ul class=\"links-list links-list--multiple \">\n                    <li class=\"links-list__item\">\n            <a href=\"https:\/\/vss.sk\/pl\/oferta\/stalowe-centrum-serwisowe\/?type=rozkroje\">\n                                <span class=\"links-list__title\">Rozkroje<\/span>            <\/a>\n        <\/li>\n                    <li class=\"links-list__item\">\n            <a href=\"https:\/\/vss.sk\/pl\/oferta\/stalowe-centrum-serwisowe\/?type=formatki\">\n                                <span class=\"links-list__title\">Formatki<\/span>            <\/a>\n        <\/li>\n                    <li class=\"links-list__item\">\n            <a href=\"https:\/\/vss.sk\/pl\/oferta\/stalowe-centrum-serwisowe\/?type=perforacja-blach\">\n                                <span class=\"links-list__title\">Perforacja<\/span>            <\/a>\n        <\/li>\n    <\/ul><\/div><\/div>\n<\/div>\n<\/div>\n\n\n\n<div style=\"height:100px\" aria-hidden=\"true\" class=\"wp-block-spacer is-style-small-spacer\"><\/div>\n<\/div><\/div>\n","protected":false},"excerpt":{"rendered":"<p>NA\u0160E NAB\u00cdDKA Jeste\u015bmy producentem kompleksowych rozwi\u0105za\u0144 dla budownictwa. Oferujemy ca\u0142\u0105 gam\u0119 produkt\u00f3w dedykowanych budownictwu inwestycyjnemu oraz rodzinnemu tj. pokrycia dachowe, blachy konstrukcyjne, systemy elewacyjne, p\u0142yty warstwowe, kasetony \u015bcienne, systemy rynnowe, a tak\u017ce specjalistyczne us\u0142ugi obr\u00f3bki stali w ramach stalowego centrum us\u0142ugowego. Stale poszerzamy sw\u00f3j asortyment, dostosowuj\u0105c si\u0119 do wymaga\u0144 rynku oraz rozwoju technologicznego.<\/p>\n","protected":false},"author":1,"featured_media":0,"parent":0,"menu_order":53,"comment_status":"closed","ping_status":"closed","template":"templates\/offer.php","meta":{"_acf_changed":false,"inline_featured_image":false,"footnotes":""},"class_list":["post-49561","page","type-page","status-publish","hentry"],"acf":[],"yoast_head":"<!-- This site is optimized with the Yoast SEO plugin v27.3 - https:\/\/yoast.com\/product\/yoast-seo-wordpress\/ -->\n<title>Nab\u00eddka - VSS<\/title>\n<meta name=\"robots\" content=\"index, follow, max-snippet:-1, max-image-preview:large, max-video-preview:-1\" \/>\n<link rel=\"canonical\" href=\"https:\/\/vss.sk\/cs\/nabidka\/\" \/>\n<meta property=\"og:locale\" content=\"cs_CZ\" \/>\n<meta property=\"og:type\" content=\"article\" \/>\n<meta property=\"og:title\" content=\"Nab\u00eddka - VSS\" \/>\n<meta property=\"og:description\" content=\"NA\u0160E NAB\u00cdDKA Jeste\u015bmy producentem kompleksowych rozwi\u0105za\u0144 dla budownictwa. Oferujemy ca\u0142\u0105 gam\u0119 produkt\u00f3w dedykowanych budownictwu inwestycyjnemu oraz rodzinnemu tj. pokrycia dachowe, blachy konstrukcyjne, systemy elewacyjne, p\u0142yty warstwowe, kasetony \u015bcienne, systemy rynnowe, a tak\u017ce specjalistyczne us\u0142ugi obr\u00f3bki stali w ramach stalowego centrum us\u0142ugowego. Stale poszerzamy sw\u00f3j asortyment, dostosowuj\u0105c si\u0119 do wymaga\u0144 rynku oraz rozwoju technologicznego.\" \/>\n<meta property=\"og:url\" content=\"https:\/\/vss.sk\/cs\/nabidka\/\" \/>\n<meta property=\"og:site_name\" content=\"VSS\" \/>\n<meta property=\"article:modified_time\" content=\"2023-01-25T10:42:51+00:00\" \/>\n<meta property=\"og:image\" content=\"https:\/\/vss.sk\/wp-content\/uploads\/2022\/02\/bp2_oferta_1.png\" \/>\n<meta name=\"twitter:card\" content=\"summary_large_image\" \/>\n<script type=\"application\/ld+json\" class=\"yoast-schema-graph\">{\"@context\":\"https:\\\/\\\/schema.org\",\"@graph\":[{\"@type\":\"WebPage\",\"@id\":\"https:\\\/\\\/vss.sk\\\/cs\\\/nabidka\\\/\",\"url\":\"https:\\\/\\\/vss.sk\\\/cs\\\/nabidka\\\/\",\"name\":\"Nab\u00eddka - VSS\",\"isPartOf\":{\"@id\":\"https:\\\/\\\/vss.sk\\\/#website\"},\"primaryImageOfPage\":{\"@id\":\"https:\\\/\\\/vss.sk\\\/cs\\\/nabidka\\\/#primaryimage\"},\"image\":{\"@id\":\"https:\\\/\\\/vss.sk\\\/cs\\\/nabidka\\\/#primaryimage\"},\"thumbnailUrl\":\"https:\\\/\\\/vss.sk\\\/wp-content\\\/uploads\\\/2022\\\/02\\\/bp2_oferta_1.png\",\"datePublished\":\"2022-01-05T13:14:44+00:00\",\"dateModified\":\"2023-01-25T10:42:51+00:00\",\"breadcrumb\":{\"@id\":\"https:\\\/\\\/vss.sk\\\/cs\\\/nabidka\\\/#breadcrumb\"},\"inLanguage\":\"cs\",\"potentialAction\":[{\"@type\":\"ReadAction\",\"target\":[\"https:\\\/\\\/vss.sk\\\/cs\\\/nabidka\\\/\"]}]},{\"@type\":\"ImageObject\",\"inLanguage\":\"cs\",\"@id\":\"https:\\\/\\\/vss.sk\\\/cs\\\/nabidka\\\/#primaryimage\",\"url\":\"https:\\\/\\\/vss.sk\\\/wp-content\\\/uploads\\\/2022\\\/02\\\/bp2_oferta_1.png\",\"contentUrl\":\"https:\\\/\\\/vss.sk\\\/wp-content\\\/uploads\\\/2022\\\/02\\\/bp2_oferta_1.png\"},{\"@type\":\"BreadcrumbList\",\"@id\":\"https:\\\/\\\/vss.sk\\\/cs\\\/nabidka\\\/#breadcrumb\",\"itemListElement\":[{\"@type\":\"ListItem\",\"position\":1,\"name\":\"Home\",\"item\":\"https:\\\/\\\/vss.sk\\\/cs\\\/\"},{\"@type\":\"ListItem\",\"position\":2,\"name\":\"Nab\u00eddka\"}]},{\"@type\":\"WebSite\",\"@id\":\"https:\\\/\\\/vss.sk\\\/#website\",\"url\":\"https:\\\/\\\/vss.sk\\\/\",\"name\":\"VSS\",\"description\":\"Ocelov\u00e9 servisn\u00ed centrum VSS\",\"potentialAction\":[{\"@type\":\"SearchAction\",\"target\":{\"@type\":\"EntryPoint\",\"urlTemplate\":\"https:\\\/\\\/vss.sk\\\/?s={search_term_string}\"},\"query-input\":{\"@type\":\"PropertyValueSpecification\",\"valueRequired\":true,\"valueName\":\"search_term_string\"}}],\"inLanguage\":\"cs\"}]}<\/script>\n<!-- \/ Yoast SEO plugin. -->","yoast_head_json":{"title":"Nab\u00eddka - VSS","robots":{"index":"index","follow":"follow","max-snippet":"max-snippet:-1","max-image-preview":"max-image-preview:large","max-video-preview":"max-video-preview:-1"},"canonical":"https:\/\/vss.sk\/cs\/nabidka\/","og_locale":"cs_CZ","og_type":"article","og_title":"Nab\u00eddka - VSS","og_description":"NA\u0160E NAB\u00cdDKA Jeste\u015bmy producentem kompleksowych rozwi\u0105za\u0144 dla budownictwa. Oferujemy ca\u0142\u0105 gam\u0119 produkt\u00f3w dedykowanych budownictwu inwestycyjnemu oraz rodzinnemu tj. pokrycia dachowe, blachy konstrukcyjne, systemy elewacyjne, p\u0142yty warstwowe, kasetony \u015bcienne, systemy rynnowe, a tak\u017ce specjalistyczne us\u0142ugi obr\u00f3bki stali w ramach stalowego centrum us\u0142ugowego. Stale poszerzamy sw\u00f3j asortyment, dostosowuj\u0105c si\u0119 do wymaga\u0144 rynku oraz rozwoju technologicznego.","og_url":"https:\/\/vss.sk\/cs\/nabidka\/","og_site_name":"VSS","article_modified_time":"2023-01-25T10:42:51+00:00","og_image":[{"url":"https:\/\/vss.sk\/wp-content\/uploads\/2022\/02\/bp2_oferta_1.png","type":"","width":"","height":""}],"twitter_card":"summary_large_image","schema":{"@context":"https:\/\/schema.org","@graph":[{"@type":"WebPage","@id":"https:\/\/vss.sk\/cs\/nabidka\/","url":"https:\/\/vss.sk\/cs\/nabidka\/","name":"Nab\u00eddka - VSS","isPartOf":{"@id":"https:\/\/vss.sk\/#website"},"primaryImageOfPage":{"@id":"https:\/\/vss.sk\/cs\/nabidka\/#primaryimage"},"image":{"@id":"https:\/\/vss.sk\/cs\/nabidka\/#primaryimage"},"thumbnailUrl":"https:\/\/vss.sk\/wp-content\/uploads\/2022\/02\/bp2_oferta_1.png","datePublished":"2022-01-05T13:14:44+00:00","dateModified":"2023-01-25T10:42:51+00:00","breadcrumb":{"@id":"https:\/\/vss.sk\/cs\/nabidka\/#breadcrumb"},"inLanguage":"cs","potentialAction":[{"@type":"ReadAction","target":["https:\/\/vss.sk\/cs\/nabidka\/"]}]},{"@type":"ImageObject","inLanguage":"cs","@id":"https:\/\/vss.sk\/cs\/nabidka\/#primaryimage","url":"https:\/\/vss.sk\/wp-content\/uploads\/2022\/02\/bp2_oferta_1.png","contentUrl":"https:\/\/vss.sk\/wp-content\/uploads\/2022\/02\/bp2_oferta_1.png"},{"@type":"BreadcrumbList","@id":"https:\/\/vss.sk\/cs\/nabidka\/#breadcrumb","itemListElement":[{"@type":"ListItem","position":1,"name":"Home","item":"https:\/\/vss.sk\/cs\/"},{"@type":"ListItem","position":2,"name":"Nab\u00eddka"}]},{"@type":"WebSite","@id":"https:\/\/vss.sk\/#website","url":"https:\/\/vss.sk\/","name":"VSS","description":"Ocelov\u00e9 servisn\u00ed centrum VSS","potentialAction":[{"@type":"SearchAction","target":{"@type":"EntryPoint","urlTemplate":"https:\/\/vss.sk\/?s={search_term_string}"},"query-input":{"@type":"PropertyValueSpecification","valueRequired":true,"valueName":"search_term_string"}}],"inLanguage":"cs"}]}},"_links":{"self":[{"href":"https:\/\/vss.sk\/cs\/wp-json\/wp\/v2\/pages\/49561","targetHints":{"allow":["GET"]}}],"collection":[{"href":"https:\/\/vss.sk\/cs\/wp-json\/wp\/v2\/pages"}],"about":[{"href":"https:\/\/vss.sk\/cs\/wp-json\/wp\/v2\/types\/page"}],"author":[{"embeddable":true,"href":"https:\/\/vss.sk\/cs\/wp-json\/wp\/v2\/users\/1"}],"replies":[{"embeddable":true,"href":"https:\/\/vss.sk\/cs\/wp-json\/wp\/v2\/comments?post=49561"}],"version-history":[{"count":1,"href":"https:\/\/vss.sk\/cs\/wp-json\/wp\/v2\/pages\/49561\/revisions"}],"predecessor-version":[{"id":49577,"href":"https:\/\/vss.sk\/cs\/wp-json\/wp\/v2\/pages\/49561\/revisions\/49577"}],"wp:attachment":[{"href":"https:\/\/vss.sk\/cs\/wp-json\/wp\/v2\/media?parent=49561"}],"curies":[{"name":"wp","href":"https:\/\/api.w.org\/{rel}","templated":true}]}}